{"id":223407,"date":"2021-10-07T00:26:31","date_gmt":"2021-10-06T22:26:31","guid":{"rendered":"https:\/\/europeancourt.org\/?page_id=223407"},"modified":"2025-11-29T11:14:12","modified_gmt":"2025-11-29T10:14:12","slug":"sapere-che-fine-ha-fatto-un-ricorso","status":"publish","type":"page","link":"https:\/\/europeancourt.org\/it\/servizi\/cedu\/sapere-che-fine-ha-fatto-un-ricorso\/","title":{"rendered":"Sapere che fine ha fatto un ricorso alla CEDU"},"content":{"rendered":"<div class=\"mywpcf7cf myshow myhide\">Conosce il numero del ricorso in questione?<\/div>\r\n<div class=\"mywpcf7cf myshow myhide\">\r\n  <span class=\"mymultyradiobutton blue\">\r\n    <span class=\"wpcf7-list-item wpcf7\">\r\n      <label><input type=\"radio\"><span class=\"wpcf7-list-item-label\">S\u00ec<\/span><\/label>\r\n    <\/span>\r\n  <\/span>\r\n  <span class=\"mymultyradiobutton blue\">\r\n    <span class=\"wpcf7-list-item wpcf7\">\r\n      <label><input type=\"radio\"><span class=\"wpcf7-list-item-label\">No<\/span><\/label>\r\n    <\/span>\r\n  <\/span>\r\n<\/div>\r\n<div class=\"mywpcf7cf-blueleft myshow myhide\">\r\n  <span class=\"mycustomsummary\">Che cosa s\u2019intende per numero di ricorso?<\/span>\r\n  <span class=\"mycustomdetails\">\r\n    <span class=\"vlist\">\r\n      <span class=\"vitem\">Il numero di ricorso \u00e8 indicato in qualsiasi lettera della CEDU relativa a un ricorso registrato, subito dopo le parole \u00abRicorso n.\u00bb e prima del titolo del ricorso (causa). Nella corrispondenza in inglese si usa \u00abApplication no.\u00bb, in francese si usa \u00abRequ\u00eate n\u00b0\u00bb.<\/span>\r\n      <span class=\"vitem\">Il formato del numero di ricorso: NUMERO\/ANNO, es. 123\/14. Solo cifre e una barra inclinata verso destra: \u00ab\/\u00bb, senza spazi.<\/span>\r\n      <span class=\"vitem\">Un numero dello stesso formato in una lettera della CEDU sull\u2019inosservanza dei requisiti del formulario di ricorso non \u00e8 un numero di ricorso. Tale numero pu\u00f2 diventare un numero di ricorso solo dopo che la CEDU riceve un nuovo formulario di ricorso che soddisfi i requisiti e registra il ricorso. In tale lettera non \u00e8 indicato il titolo del ricorso (causa) perch\u00e9 il ricorso non \u00e8 registrato e, di norma, viene indicato il codice ECHR-Axxx6, dove \u00abxxx\u00bb indica la lingua della lettera.<\/span>\r\n    <\/span>\r\n  <\/span>\r\n<\/div>\r\n<div class=\"mywpcf7cf myshow myhide mywpcf7cf-utility\">\r\n  <div class=\"mybutton red not-in-text-button is-disabled\" aria-disabled=\"true\">Ricomincia<\/div>\r\n  <a class=\"mybutton red not-in-text-button\" href=\"mailto:oleg.anishchik@europeancourt.org?subject=Sapere che fine ha fatto un ricorso alla CEDU: Errore&#038;body=Descrizione dell\u2019errore: \">Segnala un errore<\/a>\r\n<\/div>\r\n<div id=\"ajax_content\"><\/div>","protected":false},"excerpt":{"rendered":"Conosce il numero del ricorso in questione? S\u00ec No Che cosa s\u2019intende per numero di ricorso? Il numero di ricorso \u00e8 indicato in qualsiasi lettera della CEDU relativa a un ricorso registrato, subito dopo&#46;&#46;&#46;","protected":false},"author":1,"featured_media":223408,"parent":222215,"menu_order":0,"comment_status":"closed","ping_status":"closed","template":"","meta":{"footnotes":""},"categories":[],"tags":[],"class_list":["post-223407","page","type-page","status-publish","has-post-thumbnail","hentry"],"_links":{"self":[{"href":"https:\/\/europeancourt.org\/it\/wp-json\/wp\/v2\/pages\/223407","targetHints":{"allow":["GET"]}}],"collection":[{"href":"https:\/\/europeancourt.org\/it\/wp-json\/wp\/v2\/pages"}],"about":[{"href":"https:\/\/europeancourt.org\/it\/wp-json\/wp\/v2\/types\/page"}],"author":[{"embeddable":true,"href":"https:\/\/europeancourt.org\/it\/wp-json\/wp\/v2\/users\/1"}],"replies":[{"embeddable":true,"href":"https:\/\/europeancourt.org\/it\/wp-json\/wp\/v2\/comments?post=223407"}],"version-history":[{"count":1,"href":"https:\/\/europeancourt.org\/it\/wp-json\/wp\/v2\/pages\/223407\/revisions"}],"predecessor-version":[{"id":223409,"href":"https:\/\/europeancourt.org\/it\/wp-json\/wp\/v2\/pages\/223407\/revisions\/223409"}],"up":[{"embeddable":true,"href":"https:\/\/europeancourt.org\/it\/wp-json\/wp\/v2\/pages\/222215"}],"wp:featuredmedia":[{"embeddable":true,"href":"https:\/\/europeancourt.org\/it\/wp-json\/wp\/v2\/media\/223408"}],"wp:attachment":[{"href":"https:\/\/europeancourt.org\/it\/wp-json\/wp\/v2\/media?parent=223407"}],"wp:term":[{"taxonomy":"category","embeddable":true,"href":"https:\/\/europeancourt.org\/it\/wp-json\/wp\/v2\/categories?post=223407"},{"taxonomy":"post_tag","embeddable":true,"href":"https:\/\/europeancourt.org\/it\/wp-json\/wp\/v2\/tags?post=223407"}],"curies":[{"name":"wp","href":"https:\/\/api.w.org\/{rel}","templated":true}]}}