{"id":225353,"date":"2026-04-26T14:47:47","date_gmt":"2026-04-26T12:47:47","guid":{"rendered":"https:\/\/europeancourt.org\/servizi\/cedu\/preparazione-dei-ricorsi-alla-cedu\/"},"modified":"2026-04-26T17:10:19","modified_gmt":"2026-04-26T15:10:19","slug":"preparazione-dei-ricorsi-alla-cedu","status":"publish","type":"page","link":"https:\/\/europeancourt.org\/it\/servizi\/cedu\/preparazione-dei-ricorsi-alla-cedu\/","title":{"rendered":"Preparazione dei ricorsi alla CEDU"},"content":{"rendered":"<div id=\"ec-preparation-page\" class=\"ec-service-page ec-service-preparation\" data-service=\"preparation\">\n<div class=\"ec-service-screen ec-service-screen-1\">\n<div class=\"mywpcf7cf myshow myhide\">Il costo della preparazione di un ricorso alla Corte europea dei Diritti dell\u2019Uomo dipende dal tempo necessario per svolgere il lavoro. La forbice dei costi pu\u00f2 essere molto ampia: da qualche centinaio di euro, quando bastano due o tre ore, fino a 10.000 euro o pi\u00f9, quando servono decine di ore. Questo tempo \u00e8 necessario per studiare i documenti, individuare i fatti essenziali, selezionare e analizzare l\u2019intera giurisprudenza attuale della Corte sul merito e sulla ricevibilit\u00e0 in relazione a ciascuna potenziale doglianza, formulare su questa base le doglianze, motivare ciascuna violazione lamentata e dimostrare, per ciascuna, il rispetto delle condizioni di ricevibilit\u00e0 e infine esporre tutto nel formulario di ricorso in modo sintetico, chiaro e coerente.<\/div>\n<div class=\"mywpcf7cf myshow myhide\">Posso stabilire il tempo necessario nel suo caso e quindi il costo della preparazione del ricorso solo dopo aver esaminato i documenti. Mi invii tutte le decisioni che intende contestare e gli altri documenti dai quali risultano le misure contestate; tutti gli atti presentati alle autorit\u00e0 nazionali, comprese quelle giudiziarie, nei quali tali doglianze sono state sollevate nel merito; e tutte le decisioni adottate su tali atti. Se dispone gi\u00e0 dell\u2019intero fascicolo in formato elettronico, \u00e8 preferibile inviarlo subito. Non si preoccupi se invia documenti in pi\u00f9 o se ne tralascia qualcuno: se, dopo aver esaminato ci\u00f2 che mi avr\u00e0 trasmesso, mi serviranno altri documenti, glieli chieder\u00f2.<\/div>\n<div class=\"mywpcf7cf myshow myhide\">Di norma rispondo a una richiesta di preventivo per la preparazione di un ricorso entro una settimana dalla ricezione di tutti i documenti e di tutte le informazioni necessarie. Se il termine per adire la Corte scade nei prossimi giorni, mi scriva e chieda se posso esaminare la sua richiesta con urgenza. Mi impegno a rispondere a tale email entro 24 ore. Se la mia risposta \u00e8 positiva e lei fornisce subito i documenti e le informazioni necessari, mi impegno a comunicarle l\u2019esito della valutazione nelle successive 48 ore.<\/div>\n<div class=\"mywpcf7cf myshow myhide\">Se ritengo che il ricorso alla Corte presenti ragionevoli prospettive, le comunicher\u00f2 il costo esatto della preparazione, tenendo conto delle doglianze che ha senso sollevare, e le indicher\u00f2 molto brevemente quali doglianze non ha senso sollevare. Allo stesso tempo le invier\u00f2 il contratto per la preparazione del ricorso. Il servizio pu\u00f2 essere pagato mediante bonifico bancario sul mio conto in Svizzera oppure con altri metodi, a seconda del paese da cui viene effettuato il pagamento. Il ricorso sar\u00e0 preparato entro un termine che consentir\u00e0 sempre di inviarlo alla Corte nel rispetto del termine per adire la Corte. Al termine del lavoro ricever\u00e0 via email il formulario di ricorso compilato, gli allegati predisposti e le istruzioni su come stamparli, firmarli e inviarli correttamente alla Corte. La rappresentanza dinanzi alla Corte e qualsiasi altra attivit\u00e0 successiva relativa al caso non sono comprese nel costo della preparazione del ricorso. Se ritengo che il ricorso alla Corte non presenti alcuna ragionevole prospettiva, le comunicher\u00f2 soltanto questa conclusione.<\/div>\n<div class=\"mywpcf7cf myshow myhide\">Questo servizio non fa per lei se anche una sola delle seguenti affermazioni \u00e8 vera nel suo caso:<\/div>\n<ul class=\"myshow myhide ec-service-blocker-list\"><li><label><input type=\"checkbox\" class=\"ec-service-blocker\" \/><span>Ho gi\u00e0 un formulario di ricorso compilato e ho bisogno soltanto di farlo controllare per individuare eventuali errori.<\/span><\/label><\/li>\n<li><label><input type=\"checkbox\" class=\"ec-service-blocker\" \/><span>Non intendo fornire tutti i documenti necessari relativi al caso.<\/span><\/label><\/li>\n<li><label><input type=\"checkbox\" class=\"ec-service-blocker\" \/><span>Mi aspetto spiegazioni dettagliate su ciascuna delle mie doglianze, anche se per una di esse non risultano ragionevoli prospettive di ricorso alla Corte.<\/span><\/label><\/li>\n<li><label><input type=\"checkbox\" class=\"ec-service-blocker\" \/><span>Mi aspetto che il ricorso venga preparato anche se non risultano ragionevoli prospettive di ricorso alla Corte.<\/span><\/label><\/li>\n<li><label><input type=\"checkbox\" class=\"ec-service-blocker\" \/><span>Dal numero delle mie doglianze e dal volume dei documenti relativi al caso mi \u00e8 chiaro che la preparazione del ricorso richieder\u00e0 molto pi\u00f9 tempo di quanto sono disposto a pagare.<\/span><\/label><\/li>\n<li><label><input type=\"checkbox\" class=\"ec-service-blocker\" \/><span>Sono in grado di compilare autonomamente il formulario di ricorso in conformit\u00e0 a tutti i requisiti della Corte, esporvi tutti i fatti essenziali, le violazioni e le informazioni sul rispetto delle condizioni di ricevibilit\u00e0 per ciascuna violazione, in esatta corrispondenza con gli atti del fascicolo e con la giurisprudenza attuale della Corte applicabile al mio caso.<\/span><\/label><\/li><\/ul>\n<div class=\"mywpcf7cf myshow myhide\"><button type=\"button\" class=\"mybutton blue\" id=\"load_ajax_form\" data-ec-service-load=\"preparation\" data-blocked-message=\"Finch\u00e9 resta selezionata anche una sola delle affermazioni, non pu\u00f2 proseguire. Se ha selezionato una casella per errore, la deselezioni.\">Presentare i documenti<\/button><\/div>\n<div class=\"mywpcf7cf myshow myhide\"><a class=\"mybutton blue not-in-text-button\" href=\"mailto:oleg.anishchik@europeancourt.org?subject=Vorrei chiedere chiarimenti sulle condizioni\">Vorrei chiedere chiarimenti sulle condizioni<\/a><\/div>\n<div id=\"ec-service-load-status\" class=\"ec-service-load-status\" aria-live=\"polite\"><\/div>\n<\/div>\n<div id=\"ajax_content\"><\/div>\n<\/div>\n<script>\n(function(){\n  if (window.ecServiceBlockerGuardReady) return;\n  window.ecServiceBlockerGuardReady = true;\n  document.addEventListener('click', function(event) {\n    var button = event.target && event.target.closest ? event.target.closest('[data-ec-service-load]') : null;\n    if (!button) return;\n    var root = button.closest('.ec-service-page');\n    if (!root || !root.querySelector('.ec-service-blocker:checked')) return;\n    event.preventDefault();\n    event.stopPropagation();\n    if (event.stopImmediatePropagation) event.stopImmediatePropagation();\n    var status = root.querySelector('.ec-service-load-status');\n    if (status) status.textContent = button.getAttribute('data-blocked-message') || '';\n  }, true);\n})();\n<\/script>","protected":false},"excerpt":{"rendered":"Il costo della preparazione di un ricorso alla Corte europea dei Diritti dell\u2019Uomo dipende dal tempo necessario per svolgere il lavoro. La forbice dei costi pu\u00f2 essere molto ampia: da qualche centinaio di euro,&#46;&#46;&#46;","protected":false},"author":0,"featured_media":0,"parent":222215,"menu_order":0,"comment_status":"closed","ping_status":"closed","template":"","meta":{"footnotes":""},"categories":[],"tags":[],"class_list":["post-225353","page","type-page","status-publish","hentry"],"_links":{"self":[{"href":"https:\/\/europeancourt.org\/it\/wp-json\/wp\/v2\/pages\/225353","targetHints":{"allow":["GET"]}}],"collection":[{"href":"https:\/\/europeancourt.org\/it\/wp-json\/wp\/v2\/pages"}],"about":[{"href":"https:\/\/europeancourt.org\/it\/wp-json\/wp\/v2\/types\/page"}],"replies":[{"embeddable":true,"href":"https:\/\/europeancourt.org\/it\/wp-json\/wp\/v2\/comments?post=225353"}],"version-history":[{"count":1,"href":"https:\/\/europeancourt.org\/it\/wp-json\/wp\/v2\/pages\/225353\/revisions"}],"predecessor-version":[{"id":225606,"href":"https:\/\/europeancourt.org\/it\/wp-json\/wp\/v2\/pages\/225353\/revisions\/225606"}],"up":[{"embeddable":true,"href":"https:\/\/europeancourt.org\/it\/wp-json\/wp\/v2\/pages\/222215"}],"wp:attachment":[{"href":"https:\/\/europeancourt.org\/it\/wp-json\/wp\/v2\/media?parent=225353"}],"wp:term":[{"taxonomy":"category","embeddable":true,"href":"https:\/\/europeancourt.org\/it\/wp-json\/wp\/v2\/categories?post=225353"},{"taxonomy":"post_tag","embeddable":true,"href":"https:\/\/europeancourt.org\/it\/wp-json\/wp\/v2\/tags?post=225353"}],"curies":[{"name":"wp","href":"https:\/\/api.w.org\/{rel}","templated":true}]}}