{"id":225357,"date":"2026-04-26T14:48:47","date_gmt":"2026-04-26T12:48:47","guid":{"rendered":"https:\/\/europeancourt.org\/servizi\/cedu\/rappresentanza-dei-ricorrenti-presso-la-cedu\/"},"modified":"2026-04-26T17:10:28","modified_gmt":"2026-04-26T15:10:28","slug":"rappresentanza-dei-ricorrenti-presso-la-cedu","status":"publish","type":"page","link":"https:\/\/europeancourt.org\/it\/servizi\/cedu\/rappresentanza-dei-ricorrenti-presso-la-cedu\/","title":{"rendered":"Rappresentanza dei ricorrenti presso la CEDU"},"content":{"rendered":"<div id=\"ec-representation-page\" class=\"ec-service-page ec-service-representation\" data-service=\"representation\">\n<div class=\"ec-service-screen ec-service-screen-1\">\n<div class=\"mywpcf7cf myshow myhide\">Questo servizio \u00e8 disponibile solo per ricorsi gi\u00e0 comunicati al Governo convenuto e per i quali la Corte ha informato il ricorrente della necessit\u00e0 di presentare osservazioni scritte.<\/div>\n<div class=\"mywpcf7cf myshow myhide\">Il costo della rappresentanza dinanzi alla Corte dipende dal tempo necessario per preparare le risposte ai quesiti della Corte, le repliche agli argomenti dello Stato convenuto e, se necessario, le precisazioni sui fatti e le richieste di equa soddisfazione. La forbice dei costi pu\u00f2 essere molto ampia: da qualche centinaio di euro, quando bastano due o tre ore, fino a 10.000 euro o pi\u00f9, quando servono decine di ore.<\/div>\n<div class=\"mywpcf7cf myshow myhide\">Posso stabilire il tempo necessario nel suo caso e quindi il costo della rappresentanza solo dopo aver esaminato i documenti. Mi invii il ricorso con tutti gli allegati, tutto ci\u00f2 che \u00e8 stato successivamente inviato alla Corte in relazione a quel ricorso e tutto ci\u00f2 che ha ricevuto dalla Corte. Se mi serviranno altri documenti, glieli chieder\u00f2.<\/div>\n<div class=\"mywpcf7cf myshow myhide\">Di norma rispondo a una richiesta di preventivo per la rappresentanza dinanzi alla Corte entro una settimana dalla ricezione di tutti i documenti e di tutte le informazioni necessarie. Se il termine fissato dalla Corte per presentare osservazioni o altri materiali scade nei prossimi giorni, mi scriva e chieda se posso esaminare la sua richiesta con urgenza. Mi impegno a rispondere a tale email entro 24 ore. Se la mia risposta \u00e8 positiva e lei fornisce subito i documenti e le informazioni necessari, mi impegno a comunicarle l\u2019esito della valutazione nelle successive 48 ore.<\/div>\n<div class=\"mywpcf7cf myshow myhide\">Insieme all\u2019indicazione del costo del servizio, per non perdere tempo, le invier\u00f2 anche il contratto e il modulo di procura gi\u00e0 compilato per la rappresentanza dinanzi alla Corte. La procura dovr\u00e0 essere stampata, firmata e spedita per posta al mio indirizzo in Francia. Il pagamento pu\u00f2 essere effettuato mediante bonifico bancario sul mio conto in Svizzera oppure con altri metodi, a seconda del paese da cui viene effettuato il pagamento, dopo la preparazione dei documenti per la Corte. \u00c8 per\u00f2 preferibile effettuarlo prima dell\u2019invio alla Corte, cos\u00ec da poter allegare alle richieste di equa soddisfazione il documento che prova il pagamento: in questo modo \u00e8 molto pi\u00f9 semplice motivare la richiesta di rimborso delle spese gi\u00e0 sostenute per la rappresentanza del ricorrente dinanzi alla Corte.<\/div>\n<div class=\"mywpcf7cf myshow myhide\">Questo servizio non fa per lei se anche una sola delle seguenti affermazioni \u00e8 vera nel suo caso:<\/div>\n<ul class=\"myshow myhide ec-service-blocker-list\"><li><label><input type=\"checkbox\" class=\"ec-service-blocker\" \/><span>Il mio ricorso non \u00e8 ancora stato comunicato al Governo convenuto, oppure \u00e8 stato comunicato senza richiesta di osservazioni scritte.<\/span><\/label><\/li>\n<li><label><input type=\"checkbox\" class=\"ec-service-blocker\" \/><span>Non sono disposto a fornire tutti i documenti necessari.<\/span><\/label><\/li>\n<li><label><input type=\"checkbox\" class=\"ec-service-blocker\" \/><span>Non sono disposto a occuparmi della procura n\u00e9 a spedirla per posta.<\/span><\/label><\/li>\n<li><label><input type=\"checkbox\" class=\"ec-service-blocker\" \/><span>Non sono disposto, nel corso del lavoro, a rispondere a domande di chiarimento o a fornire documenti aggiuntivi, se saranno necessari.<\/span><\/label><\/li><\/ul>\n<div class=\"mywpcf7cf myshow myhide\"><button type=\"button\" class=\"mybutton blue\" id=\"load_ajax_form\" data-ec-service-load=\"representation\" data-blocked-message=\"Finch\u00e9 resta selezionata anche una sola delle affermazioni, non pu\u00f2 proseguire. Se ha selezionato una casella per errore, la deselezioni.\">Presentare i documenti<\/button><\/div>\n<div class=\"mywpcf7cf myshow myhide\"><a class=\"mybutton blue not-in-text-button\" href=\"mailto:oleg.anishchik@europeancourt.org?subject=Vorrei chiedere chiarimenti sulle condizioni\">Vorrei chiedere chiarimenti sulle condizioni<\/a><\/div>\n<div id=\"ec-service-load-status\" class=\"ec-service-load-status\" aria-live=\"polite\"><\/div>\n<\/div>\n<div id=\"ajax_content\"><\/div>\n<\/div>\n<script>\n(function(){\n  if (window.ecServiceBlockerGuardReady) return;\n  window.ecServiceBlockerGuardReady = true;\n  document.addEventListener('click', function(event) {\n    var button = event.target && event.target.closest ? event.target.closest('[data-ec-service-load]') : null;\n    if (!button) return;\n    var root = button.closest('.ec-service-page');\n    if (!root || !root.querySelector('.ec-service-blocker:checked')) return;\n    event.preventDefault();\n    event.stopPropagation();\n    if (event.stopImmediatePropagation) event.stopImmediatePropagation();\n    var status = root.querySelector('.ec-service-load-status');\n    if (status) status.textContent = button.getAttribute('data-blocked-message') || '';\n  }, true);\n})();\n<\/script>","protected":false},"excerpt":{"rendered":"Questo servizio \u00e8 disponibile solo per ricorsi gi\u00e0 comunicati al Governo convenuto e per i quali la Corte ha informato il ricorrente della necessit\u00e0 di presentare osservazioni scritte. Il costo della rappresentanza dinanzi alla&#46;&#46;&#46;","protected":false},"author":0,"featured_media":0,"parent":222215,"menu_order":0,"comment_status":"closed","ping_status":"closed","template":"","meta":{"footnotes":""},"categories":[],"tags":[],"class_list":["post-225357","page","type-page","status-publish","hentry"],"_links":{"self":[{"href":"https:\/\/europeancourt.org\/it\/wp-json\/wp\/v2\/pages\/225357","targetHints":{"allow":["GET"]}}],"collection":[{"href":"https:\/\/europeancourt.org\/it\/wp-json\/wp\/v2\/pages"}],"about":[{"href":"https:\/\/europeancourt.org\/it\/wp-json\/wp\/v2\/types\/page"}],"replies":[{"embeddable":true,"href":"https:\/\/europeancourt.org\/it\/wp-json\/wp\/v2\/comments?post=225357"}],"version-history":[{"count":1,"href":"https:\/\/europeancourt.org\/it\/wp-json\/wp\/v2\/pages\/225357\/revisions"}],"predecessor-version":[{"id":225607,"href":"https:\/\/europeancourt.org\/it\/wp-json\/wp\/v2\/pages\/225357\/revisions\/225607"}],"up":[{"embeddable":true,"href":"https:\/\/europeancourt.org\/it\/wp-json\/wp\/v2\/pages\/222215"}],"wp:attachment":[{"href":"https:\/\/europeancourt.org\/it\/wp-json\/wp\/v2\/media?parent=225357"}],"wp:term":[{"taxonomy":"category","embeddable":true,"href":"https:\/\/europeancourt.org\/it\/wp-json\/wp\/v2\/categories?post=225357"},{"taxonomy":"post_tag","embeddable":true,"href":"https:\/\/europeancourt.org\/it\/wp-json\/wp\/v2\/tags?post=225357"}],"curies":[{"name":"wp","href":"https:\/\/api.w.org\/{rel}","templated":true}]}}