{"id":40607,"date":"2022-04-29T20:07:30","date_gmt":"2022-04-29T18:07:30","guid":{"rendered":"https:\/\/europeancourt.org\/cedu\/"},"modified":"2025-10-05T12:00:15","modified_gmt":"2025-10-05T12:00:15","slug":"corte-europea-dei-diritti-delluomo","status":"publish","type":"page","link":"https:\/\/europeancourt.org\/it\/","title":{"rendered":"Oleg Ani\u0161\u010dik, rappresentante presso CEDU, CDU ONU, Interpol-CCF"},"content":{"rendered":"<p>La Corte europea dei Diritti dell\u2019Uomo \u00e8 un tribunale internazionale con sede a Strasburgo, competente ad esaminare unicamente ricorsi presentati da persone fisiche, da organizzazioni e da societ\u00e0 che ritengono di aver subito la violazione di diritti riconosciuti dalla Convenzione europea dei diritti dell\u2019uomo.<\/p> \n<p>La <a title=\"Convenzione per la salvaguardia dei Diritti dell\u2019Uomo e delle Libert\u00e0 fondamentali\" href=\"https:\/\/europeancourt.org\/it\/documenti\/consiglio-deuropa\/convenzione-europea-dei-diritti-delluomo\/\">Convenzione europea dei Diritti dell\u2019Uomo<\/a> \u00e8 un trattato internazionale mediante il quale un gran numero di Stati europei si sono impegnati a proteggere alcuni diritti fondamentali. Tali diritti sono enunciati nella Convenzione e nei suoi Protocolli n. <a title=\"Protocollo addizionale alla Convenzione per la salvaguardia dei Diritti dell\u2019Uomo e delle Libert\u00e0 fondamentali\" href=\"https:\/\/europeancourt.org\/it\/documenti\/consiglio-deuropa\/convenzione-europea-dei-diritti-delluomo\/protocollo-n1\/\">1<\/a>, <a title=\"Protocollo n. 4 alla Convenzione per la salvaguardia dei Diritti dell\u2019Uomo e delle Libert\u00e0 fondamentali\" href=\"https:\/\/europeancourt.org\/it\/documenti\/consiglio-deuropa\/convenzione-europea-dei-diritti-delluomo\/protocollo-n4\/\">4<\/a>, <a title=\"Protocollo n. 6 alla Convenzione per la salvaguardia dei Diritti dell\u2019Uomo e delle Libert\u00e0 fondamentali\" href=\"https:\/\/europeancourt.org\/it\/documenti\/consiglio-deuropa\/convenzione-europea-dei-diritti-delluomo\/protocollo-n6\/\">6<\/a>, <a title=\"Protocollo n. 7 alla Convenzione per la salvaguardia dei Diritti dell\u2019Uomo e delle Libert\u00e0 fondamentali\" href=\"https:\/\/europeancourt.org\/it\/documenti\/consiglio-deuropa\/convenzione-europea-dei-diritti-delluomo\/protocollo-n7\/\">7<\/a>, <a title=\"Protocollo n. 12 alla Convenzione per la salvaguardia dei Diritti dell\u2019Uomo e delle Libert\u00e0 fondamentali\" href=\"https:\/\/europeancourt.org\/it\/documenti\/consiglio-deuropa\/convenzione-europea-dei-diritti-delluomo\/protocollo-n12\/\">12<\/a> e <a title=\"Protocollo n. 13 alla Convenzione per la salvaguardia dei Diritti dell\u2019Uomo e delle Libert\u00e0 fondamentali\" href=\"https:\/\/europeancourt.org\/it\/documenti\/consiglio-deuropa\/convenzione-europea-dei-diritti-delluomo\/protocollo-n13\/\">13<\/a>. Questi protocolli non sono stati ratificati da tutti gli Stati.<\/p>\n<p>La Corte assicura l\u2019applicazione della Convenzione europea dei Diritti dell\u2019Uomo. La sua missione consiste nell\u2019accertare che i diritti e le garanzie previsti dalla Convenzione siano rispettati dagli Stati. Per fare ci\u00f2, occorre che la Corte sia investita dell\u2019esame di un ricorso, introdotto da un individuo e talvolta da uno Stato. Qualora constati una violazione di uno o pi\u00f9 di questi diritti e garanzie, la Corte pronuncia una sentenza. Tale sentenza ha carattere vincolante: lo Stato interessato ha l\u2019obbligo di conformarsi alla decisione.<\/p>\n<p>Non \u00e8 necessario che Lei abbia la cittadinanza di uno degli <a title=\"Stati membri del Consiglio d\u2019Europa\" href=\"https:\/\/europeancourt.org\/it\/documenti\/consiglio-deuropa\/convenzione-europea-dei-diritti-delluomo\/#ratifica\">Stati membri del Consiglio d\u2019Europa<\/a>. Tuttavia la violazione lamentata deve essere stata commessa da uno degli Stati membri nell\u2019ambito della propria giurisdizione che corrisponde generalmente al suo territorio. L\u2019atto o gli atti contestati devono emanare da un\u2019autorit\u00e0 pubblica di questo\/questi Stato\/Stati (ad esempio da un tribunale o da un\u2019amministrazione pubblica). La Corte non pu\u00f2 esaminare le doglianze dirette contro dei singoli o contro delle istituzioni di diritto privato, come le societ\u00e0 commerciali.  Lei deve essere personalmente e direttamente vittima della violazione che denuncia. Non pu\u00f2 lamentarsi di una legge o di un altro atto in termini generali, ad esempio perch\u00e9 lo ritiene ingiusto. Allo stesso modo, non Le \u00e8 consentito introdurre delle doglianze a nome di altre persone (a meno che tali persone non siano chiaramente identificate e Lei non sia il loro rappresentante ufficiale).   Davanti alla Corte, Lei non pu\u00f2 lamentarsi della violazione di uno strumento giuridico diverso dalla Convenzione europea dei Diritti dell\u2019Uomo, quali ad esempio la Dichiarazione universale dei diritti dell\u2019uomo o la Carta dei diritti fondamentali.<\/p>\n<p>\u00c8 fondamentale che Lei abbia esaurito, nello Stato in questione, tutti i ricorsi suscettibili di porre rimedio alla situazione denunciata (si tratta, nella maggior parte dei casi, di un\u2019azione dinanzi al tribunale competente, seguita all\u2019occorrenza da un appello e da un ricorso presso una giurisdizione superiore). L\u2019esercizio di questi ricorsi non \u00e8 di per s\u00e9 sufficiente: \u00e8 necessario anche che Lei abbia puntualmente sollevato le Sue doglianze (cio\u00e8 le allegazioni di una o pi\u00f9 violazione della Convenzione) nell\u2019ambito dei suddetti ricorsi. A partire della data della decisione interna definitiva (in generale il giudizio pronunciato dall\u2019istanza giurisdizionale pi\u00f9 alta in grado), Lei dispone di un termine di quattro mesi per introdurre il suo ricorso.    Il <a title=\"Formulario di ricorso alla Corte europea dei diritti dell\u2019uomo\" href=\"https:\/\/europeancourt.org\/it\/documenti\/consiglio-deuropa\/cedu\/formulario-di-ricorso\/\">formulario di ricorso<\/a>, nonch\u00e9 tutte le informazioni e i documenti richiesti, devono pertanto essere inviati alla Corte al pi\u00f9 tardi entro l\u2019ultimo giorno del termine di quattro mesi. <a title=\"Verifica dei formulario di ricorso \u2013 Corte europea dei diritti dell\u2019uomo\" href=\"https:\/\/europeancourt.org\/en\/services\/echr\/checking-filled-in-applications\/\">Verificare<\/a> che esso contenga tutte le informazioni e tutti i documenti necessari.<\/p>\n<p>La Corte non pu\u00f2 esaminare qualsiasi tipo di doglianza. La sua competenza \u00e8 delimitata dai criteri di ricevibilit\u00e0 enunciati nella Convenzione, che stabiliscono chi pu\u00f2 adire la Corte, quando e in quali casi. Oltre il 90% dei ricorsi esaminati dalla Corte vengono dichiarati irricevibili. \u00c8 quindi importante verificare che le doglianze sollevate rispondano ai criteri di ricevibilit\u00e0. Al fine di ottenere maggiori informazioni su tali criteri, \u00e8 possibile <a title=\"Rivolgersi ad un avvocato \u2013 Corte europea dei diritti dell\u2019uomo\" href=\"https:\/\/europeancourt.org\/en\/legal-advice-and-contacts\/\">rivolgersi ad un avvocato<\/a>.<\/p>\n<p>L\u2019esame della pratica \u00e8 gratuito. Saranno a Suo carico solo le Sue spese (gli onorari dell\u2019avvocato o le spese per la ricerca e la corrispondenza). La Corte non pu\u00f2 aiutarla a pagare un avvocato per la <a title=\"Preparazione dei ricorsi alla Corte europea dei diritti dell\u2019uomo\" href=\"https:\/\/europeancourt.org\/en\/services\/echr\/preparing-applications\/\">redazione del Suo ricorso<\/a>. Bench\u00e9 Lei non sia tenuto a essere <a title=\"Rappresentanza da un avvocato \u2013 Corte europea dei diritti dell\u2019uomo\" href=\"https:\/\/europeancourt.org\/en\/services\/echr\/representing-applicants\/\">rappresentato da un avvocato<\/a> al momento del deposito del ricorso, ci\u00f2 sar\u00e0 necessario dal momento in cui la Corte dovesse decidere di comunicare il Suo ricorso al Governo.<\/p>\n<p>Se la Corte accerta una violazione, essa pu\u00f2 riconoscerle una \u00abequa compensazione\u00bb, che consiste in un risarcimento economico dei pregiudizi sofferti. La Corte pu\u00f2 altres\u00ec esigere che lo Stato condannato le rimborsi le spese che Lei ha anticipato per fare valere i Suoi diritti.<\/p>","protected":false},"excerpt":{"rendered":"La Corte europea dei Diritti dell\u2019Uomo \u00e8 un tribunale internazionale con sede a Strasburgo, competente ad esaminare unicamente ricorsi presentati da persone fisiche, da organizzazioni e da societ\u00e0 che ritengono di aver subito la&#46;&#46;&#46;","protected":false},"author":1,"featured_media":208895,"parent":0,"menu_order":0,"comment_status":"closed","ping_status":"closed","template":"","meta":{"footnotes":""},"categories":[],"tags":[],"class_list":["post-40607","page","type-page","status-publish","has-post-thumbnail","hentry"],"_links":{"self":[{"href":"https:\/\/europeancourt.org\/it\/wp-json\/wp\/v2\/pages\/40607","targetHints":{"allow":["GET"]}}],"collection":[{"href":"https:\/\/europeancourt.org\/it\/wp-json\/wp\/v2\/pages"}],"about":[{"href":"https:\/\/europeancourt.org\/it\/wp-json\/wp\/v2\/types\/page"}],"author":[{"embeddable":true,"href":"https:\/\/europeancourt.org\/it\/wp-json\/wp\/v2\/users\/1"}],"replies":[{"embeddable":true,"href":"https:\/\/europeancourt.org\/it\/wp-json\/wp\/v2\/comments?post=40607"}],"version-history":[{"count":0,"href":"https:\/\/europeancourt.org\/it\/wp-json\/wp\/v2\/pages\/40607\/revisions"}],"wp:featuredmedia":[{"embeddable":true,"href":"https:\/\/europeancourt.org\/it\/wp-json\/wp\/v2\/media\/208895"}],"wp:attachment":[{"href":"https:\/\/europeancourt.org\/it\/wp-json\/wp\/v2\/media?parent=40607"}],"wp:term":[{"taxonomy":"category","embeddable":true,"href":"https:\/\/europeancourt.org\/it\/wp-json\/wp\/v2\/categories?post=40607"},{"taxonomy":"post_tag","embeddable":true,"href":"https:\/\/europeancourt.org\/it\/wp-json\/wp\/v2\/tags?post=40607"}],"curies":[{"name":"wp","href":"https:\/\/api.w.org\/{rel}","templated":true}]}}