{"id":116118,"date":"2022-06-13T12:27:21","date_gmt":"2022-06-13T10:27:21","guid":{"rendered":"https:\/\/europeancourt.org\/dokumentai\/europos-taryba\/"},"modified":"2024-06-25T16:34:14","modified_gmt":"2024-06-25T14:34:14","slug":"europos-taryba","status":"publish","type":"page","link":"https:\/\/europeancourt.org\/lt\/dokumentai\/europos-taryba\/","title":{"rendered":"Europos Taryba"},"content":{"rendered":"<ul> \n<li><a href=\"https:\/\/europeancourt.org\/lt\/dokumentai\/europos-taryba\/europos-%c5%bemogaus-teisi%c5%b3-konvencija\/\" title=\"\u017dmogaus teisi\u0173 ir pagrindini\u0173 laisvi\u0173 apsaugos konvencija\">\u017dmogaus teisi\u0173 ir pagrindini\u0173 laisvi\u0173 apsaugos konvencija<\/a><\/li>\n<ul>\n<li><a href=\"https:\/\/europeancourt.org\/lt\/dokumentai\/europos-taryba\/europos-%c5%bemogaus-teisi%c5%b3-konvencija\/protokolas-nr1\/\" title=\"\u017dmogaus teisi\u0173 ir pagrindini\u0173 laisvi\u0173 apsaugos konvencijos Protokolas\">\u017dmogaus teisi\u0173 ir pagrindini\u0173 laisvi\u0173 apsaugos konvencijos Protokolas<\/a><\/li>\n<li><a href=\"https:\/\/europeancourt.org\/lt\/dokumentai\/europos-taryba\/europos-%c5%bemogaus-teisi%c5%b3-konvencija\/protokolas-nr4\/\" title=\"\u017dmogaus teisi\u0173 ir pagrindini\u0173 laisvi\u0173 apsaugos konvencijos Protokolas Nr. 4\">\u017dmogaus teisi\u0173 ir pagrindini\u0173 laisvi\u0173 apsaugos konvencijos Protokolas Nr. 4<\/a><\/li>\n<li><a href=\"https:\/\/europeancourt.org\/lt\/dokumentai\/europos-taryba\/europos-%c5%bemogaus-teisi%c5%b3-konvencija\/protokolas-nr6\/\" title=\"\u017dmogaus teisi\u0173 ir pagrindini\u0173 laisvi\u0173 apsaugos konvencijos Protokolas Nr. 6\">\u017dmogaus teisi\u0173 ir pagrindini\u0173 laisvi\u0173 apsaugos konvencijos Protokolas Nr. 6<\/a><\/li>\n<li><a href=\"https:\/\/europeancourt.org\/lt\/dokumentai\/europos-taryba\/europos-%c5%bemogaus-teisi%c5%b3-konvencija\/protokolas-nr7\/\" title=\"\u017dmogaus teisi\u0173 ir pagrindini\u0173 laisvi\u0173 apsaugos konvencijos Protokolas Nr. 7\">\u017dmogaus teisi\u0173 ir pagrindini\u0173 laisvi\u0173 apsaugos konvencijos Protokolas Nr. 7<\/a><\/li>\n<li><a href=\"https:\/\/europeancourt.org\/lt\/dokumentai\/europos-taryba\/europos-%c5%bemogaus-teisi%c5%b3-konvencija\/protokolas-nr12\/\" title=\"\u017dmogaus teisi\u0173 ir pagrindini\u0173 laisvi\u0173 apsaugos konvencijos Protokolas Nr. 12\">\u017dmogaus teisi\u0173 ir pagrindini\u0173 laisvi\u0173 apsaugos konvencijos Protokolas Nr. 12<\/a><\/li>\n<li><a href=\"https:\/\/europeancourt.org\/lt\/dokumentai\/europos-taryba\/europos-%c5%bemogaus-teisi%c5%b3-konvencija\/protokolas-nr13\/\" title=\"\u017dmogaus teisi\u0173 ir pagrindini\u0173 laisvi\u0173 apsaugos konvencijos Protokolas Nr. 13\">\u017dmogaus teisi\u0173 ir pagrindini\u0173 laisvi\u0173 apsaugos konvencijos Protokolas Nr. 13<\/a><\/li>\n<li><a href=\"https:\/\/europeancourt.org\/lt\/dokumentai\/europos-taryba\/europos-%c5%bemogaus-teisi%c5%b3-konvencija\/protokolas-nr16\/\" title=\"\u017dmogaus teisi\u0173 ir pagrindini\u0173 laisvi\u0173 apsaugos konvencijos Protokolas Nr. 16\">\u017dmogaus teisi\u0173 ir pagrindini\u0173 laisvi\u0173 apsaugos konvencijos Protokolas Nr. 16<\/a><\/li>\n<\/ul>\n<li><a href=\"https:\/\/europeancourt.org\/lt\/dokumentai\/europos-taryba\/e%c5%bett\/\" title=\"Europos \u017dmogaus Teisi\u0173 Teismas\">Europos \u017dmogaus Teisi\u0173 Teismas<\/a><\/li>\n<ul>\n<li><a href=\"https:\/\/europeancourt.org\/lt\/dokumentai\/europos-taryba\/e%c5%bett\/reglamentas-47-taisykl%c4%97\/\" title=\"Europos \u017dmogaus Teisi\u0173 Teismo Reglamento 47 taisykl\u0117\">Teismo Reglamentas \u2013 47 taisykl\u0117<\/a><\/li>\n<li><a href=\"https:\/\/europeancourt.org\/en\/documents\/council-of-europe\/echr\/practice-directions-institution-of-proceedings\/\" title=\"Parei\u0161kimo pateikimas Teismui \u2013 Praktiniai nurodymai\">Parei\u0161kimo pateikimas Teismui \u2013 Praktiniai nurodymai<\/a><\/li>\n<li><a href=\"https:\/\/europeancourt.org\/lt\/dokumentai\/europos-taryba\/e%c5%bett\/parei%c5%a1kimo-formuliaras\/\" title=\"Parei\u0161kimo formuliaras Europos \u017dmogaus Teisi\u0173 Teismui\">Parei\u0161kimo formuliaras<\/a><\/li>\n<ul>\n<li><a href=\"https:\/\/europeancourt.org\/lt\/dokumentai\/europos-taryba\/e%c5%bett\/parei%c5%a1kimo-formuliaras\/pildymo-atmintin%c4%97\/\" title=\"Parei\u0161kimo formuliaro pildymo atmintin\u0117\">Parei\u0161kimo formuliaro pildymo atmintin\u0117<\/a><\/li>\n<\/ul>\n<li><a href=\"https:\/\/europeancourt.org\/lt\/dokumentai\/europos-taryba\/e%c5%bett\/%c4%afgaliojimas-atstovauti\/\" title=\"Europos \u017dmogaus Teisi\u0173 Teismui \u012egaliojimas atstovauti\">\u012egaliojimas atstovauti<\/a><\/li>\n<li><a href=\"https:\/\/europeancourt.org\/downloads\/en\/Table_setting_out_the_required_identifying_details_for_each_applicant_to_the_ECtHR_ENG.XLSX\" title=\"Lentel\u0119, kurioje b\u016bt\u0173 sura\u0161yta informacija apie kiekvien\u0105 parei\u0161k\u0117j\u0105 Europos \u017dmogaus Teisi\u0173 Teisme (angl\u0173 kalba)\">Priedas pildomas esant daugiau nei 10 parei\u0161k\u0117jams<\/a><\/li>\n<\/ul>\n<\/ul>","protected":false},"excerpt":{"rendered":"\u017dmogaus teisi\u0173 ir pagrindini\u0173 laisvi\u0173 apsaugos konvencija \u017dmogaus teisi\u0173 ir pagrindini\u0173 laisvi\u0173 apsaugos konvencijos Protokolas \u017dmogaus teisi\u0173 ir pagrindini\u0173 laisvi\u0173 apsaugos konvencijos Protokolas Nr. 4 \u017dmogaus teisi\u0173 ir pagrindini\u0173 laisvi\u0173 apsaugos konvencijos Protokolas Nr.&#46;&#46;&#46;","protected":false},"author":1,"featured_media":210072,"parent":116057,"menu_order":0,"comment_status":"closed","ping_status":"closed","template":"","meta":{"footnotes":""},"categories":[],"tags":[],"class_list":["post-116118","page","type-page","status-publish","has-post-thumbnail","hentry"],"_links":{"self":[{"href":"https:\/\/europeancourt.org\/lt\/wp-json\/wp\/v2\/pages\/116118","targetHints":{"allow":["GET"]}}],"collection":[{"href":"https:\/\/europeancourt.org\/lt\/wp-json\/wp\/v2\/pages"}],"about":[{"href":"https:\/\/europeancourt.org\/lt\/wp-json\/wp\/v2\/types\/page"}],"author":[{"embeddable":true,"href":"https:\/\/europeancourt.org\/lt\/wp-json\/wp\/v2\/users\/1"}],"replies":[{"embeddable":true,"href":"https:\/\/europeancourt.org\/lt\/wp-json\/wp\/v2\/comments?post=116118"}],"version-history":[{"count":0,"href":"https:\/\/europeancourt.org\/lt\/wp-json\/wp\/v2\/pages\/116118\/revisions"}],"up":[{"embeddable":true,"href":"https:\/\/europeancourt.org\/lt\/wp-json\/wp\/v2\/pages\/116057"}],"wp:featuredmedia":[{"embeddable":true,"href":"https:\/\/europeancourt.org\/lt\/wp-json\/wp\/v2\/media\/210072"}],"wp:attachment":[{"href":"https:\/\/europeancourt.org\/lt\/wp-json\/wp\/v2\/media?parent=116118"}],"wp:term":[{"taxonomy":"category","embeddable":true,"href":"https:\/\/europeancourt.org\/lt\/wp-json\/wp\/v2\/categories?post=116118"},{"taxonomy":"post_tag","embeddable":true,"href":"https:\/\/europeancourt.org\/lt\/wp-json\/wp\/v2\/tags?post=116118"}],"curies":[{"name":"wp","href":"https:\/\/api.w.org\/{rel}","templated":true}]}}