{"id":176234,"date":"2022-06-28T15:55:16","date_gmt":"2022-06-28T13:55:16","guid":{"rendered":"https:\/\/europeancourt.org\/dokumentai\/europos-taryba\/e%c5%bett\/parei%c5%a1kimo-formuliaras\/"},"modified":"2024-06-10T23:40:52","modified_gmt":"2024-06-10T21:40:52","slug":"parei%c5%a1kimo-formuliaras","status":"publish","type":"page","link":"https:\/\/europeancourt.org\/lt\/dokumentai\/europos-taryba\/e%c5%bett\/parei%c5%a1kimo-formuliaras\/","title":{"rendered":"Parei\u0161kimo formuliaras Europos \u017dmogaus Teisi\u0173 Teismui"},"content":{"rendered":"<p>Formuliar\u0105 galite pildyti naudodami tik Adobe Reader 9 ar naujesne \u0161ios programos versija. \u0160i programa palaikoma tik Windows ir Mac OS X operacini\u0173 sistem\u0173. \u012esitikinkite, kad J\u016bs\u0173 kompiuteryje yra \u012fdiegta Adobe Reader programa (j\u0105 galite <a href=\"https:\/\/get.adobe.com\/reader\/\" title=\"Adobe Reader\" target=\"_blank\" rel=\"noopener\">parsisi\u0173sti i\u0161 www.adobe.com<\/a>).<\/p>\n<ul>\n<li>I\u0161saugokite formuliaro kopij\u0105 pasirinktame aplanke savo kompiuteryje.<\/li>\n<li>Atidarykite kompiuteryje i\u0161saugot\u0105 formuliaro kopij\u0105 Adobe Reader programa.<\/li>\n<li>U\u017epildykite formuliar\u0105 ir j\u012f i\u0161saugokite.<\/li>\n<li>U\u017epild\u0119 formuliar\u0105, j\u012f atspausdinkite, pasira\u0161ykite ir i\u0161si\u0173skite pa\u0161tu \u012f Teism\u0105.<\/li>\n<\/ul>\n<p style=\"text-align:center\"><a title=\"Parei\u0161kimo formuliaras Europos \u017dmogaus Teisi\u0173 Teismui\" href=\"https:\/\/europeancourt.org\/downloads\/lt\/Pareiskimo_formuliaras_Europos_Zmogaus_Teisiu_Teismui_LIT_2022-2.PDF\" class=\"extlinkoff mybrightbutton red\" download=\"\">Parsisi\u0173sti <i class=\"fas fa-download\"><\/i><\/a><\/p>\n<iframe class=\"wonderplugin-pdf-iframe\" src=\"https:\/\/europeancourt.org\/wp-content\/plugins\/wonderplugin-pdf-embed\/pdfjs\/web\/viewer.html?v=2&disabledownload=1&disableprint=1&disabledoc=1&disableopenfile=1&externallinktarget=2&file=https:\/\/europeancourt.org\/noindex\/AppF_LIT_2022-2.pdf\" title=\"Parei\u0161kimo formuliaras Europos \u017dmogaus Teisi\u0173 Teismui\" width=\"100%\" height=\"900px\" style=\"border:0\"><\/iframe>\n","protected":false},"excerpt":{"rendered":"Formuliar\u0105 galite pildyti naudodami tik Adobe Reader 9 ar naujesne \u0161ios programos versija. \u0160i programa palaikoma tik Windows ir Mac OS X operacini\u0173 sistem\u0173. \u012esitikinkite, kad J\u016bs\u0173 kompiuteryje yra \u012fdiegta Adobe Reader programa (j\u0105&#46;&#46;&#46;","protected":false},"author":1,"featured_media":191930,"parent":147375,"menu_order":0,"comment_status":"closed","ping_status":"closed","template":"","meta":{"footnotes":""},"categories":[],"tags":[],"class_list":["post-176234","page","type-page","status-publish","has-post-thumbnail","hentry"],"_links":{"self":[{"href":"https:\/\/europeancourt.org\/lt\/wp-json\/wp\/v2\/pages\/176234","targetHints":{"allow":["GET"]}}],"collection":[{"href":"https:\/\/europeancourt.org\/lt\/wp-json\/wp\/v2\/pages"}],"about":[{"href":"https:\/\/europeancourt.org\/lt\/wp-json\/wp\/v2\/types\/page"}],"author":[{"embeddable":true,"href":"https:\/\/europeancourt.org\/lt\/wp-json\/wp\/v2\/users\/1"}],"replies":[{"embeddable":true,"href":"https:\/\/europeancourt.org\/lt\/wp-json\/wp\/v2\/comments?post=176234"}],"version-history":[{"count":0,"href":"https:\/\/europeancourt.org\/lt\/wp-json\/wp\/v2\/pages\/176234\/revisions"}],"up":[{"embeddable":true,"href":"https:\/\/europeancourt.org\/lt\/wp-json\/wp\/v2\/pages\/147375"}],"wp:featuredmedia":[{"embeddable":true,"href":"https:\/\/europeancourt.org\/lt\/wp-json\/wp\/v2\/media\/191930"}],"wp:attachment":[{"href":"https:\/\/europeancourt.org\/lt\/wp-json\/wp\/v2\/media?parent=176234"}],"wp:term":[{"taxonomy":"category","embeddable":true,"href":"https:\/\/europeancourt.org\/lt\/wp-json\/wp\/v2\/categories?post=176234"},{"taxonomy":"post_tag","embeddable":true,"href":"https:\/\/europeancourt.org\/lt\/wp-json\/wp\/v2\/tags?post=176234"}],"curies":[{"name":"wp","href":"https:\/\/api.w.org\/{rel}","templated":true}]}}