{"id":222228,"date":"2024-01-08T15:08:29","date_gmt":"2024-01-08T14:08:29","guid":{"rendered":"https:\/\/europeancourt.org\/paslaugos\/e%c5%bett\/"},"modified":"2026-04-29T03:21:13","modified_gmt":"2026-04-29T01:21:13","slug":"e%c5%bett","status":"publish","type":"page","link":"https:\/\/europeancourt.org\/lt\/paslaugos\/e%c5%bett\/","title":{"rendered":"E\u017dTT"},"content":{"rendered":"<ul>\r\n\t\t<li><a href=\"https:\/\/europeancourt.org\/lt\/paslaugos\/e%c5%bett\/parei%c5%a1kim%c5%b3-e%c5%bett-rengimas\/\" title=\"Parei\u0161kim\u0173 E\u017dTT rengimas\">Parei\u0161kim\u0173 E\u017dTT rengimas<\/a><\/li>\r\n\r\n\t<li><a href=\"https:\/\/europeancourt.org\/lt\/paslaugos\/e%c5%bett\/u%c5%bepildyt%c5%b3-e%c5%bett-parei%c5%a1kim%c5%b3-formuliar%c5%b3-tikrinimas\/\" title=\"U\u017epildyt\u0173 E\u017dTT parei\u0161kim\u0173 formuliar\u0173 tikrinimas\">U\u017epildyt\u0173 E\u017dTT parei\u0161kim\u0173 formuliar\u0173 tikrinimas<\/a><\/li>\r\n\r\n\t<li><a href=\"https:\/\/europeancourt.org\/lt\/paslaugos\/e%c5%bett\/atstovavimas-parei%c5%a1k%c4%97jams-e%c5%bett\/\" title=\"Atstovavimas parei\u0161k\u0117jams E\u017dTT\">Atstovavimas parei\u0161k\u0117jams E\u017dTT<\/a><\/li>\n<li><a href=\"https:\/\/europeancourt.org\/lt\/paslaugos\/e%c5%bett\/rasti-parei%c5%a1kimo-numer%c4%af-registracij%c4%85-ar-sprendim%c4%85\/\" title=\"Rasti E\u017dTT parei\u0161kimo numer\u012f, registracij\u0105 ar sprendim\u0105\">Rasti E\u017dTT parei\u0161kimo numer\u012f, registracij\u0105 ar sprendim\u0105<\/a><\/li>\r\n\r\n\t<li><a href=\"https:\/\/europeancourt.org\/lt\/teisin%c4%97s-konsultacijos-ir-kontaktai\/\" title=\"Teisin\u0117s konsultacijos ir kontaktai\">Teisin\u0117s konsultacijos ir kontaktai<\/a><\/li>\r\n\r\n<\/ul>\r\n\r\n","protected":false},"excerpt":{"rendered":"Parei\u0161kim\u0173 E\u017dTT rengimas U\u017epildyt\u0173 E\u017dTT parei\u0161kim\u0173 formuliar\u0173 tikrinimas Atstovavimas parei\u0161k\u0117jams E\u017dTT Rasti E\u017dTT parei\u0161kimo numer\u012f, registracij\u0105 ar sprendim\u0105 Teisin\u0117s konsultacijos ir kontaktai","protected":false},"author":1,"featured_media":222491,"parent":222182,"menu_order":0,"comment_status":"closed","ping_status":"closed","template":"","meta":{"footnotes":""},"categories":[],"tags":[],"class_list":["post-222228","page","type-page","status-publish","has-post-thumbnail","hentry"],"_links":{"self":[{"href":"https:\/\/europeancourt.org\/lt\/wp-json\/wp\/v2\/pages\/222228","targetHints":{"allow":["GET"]}}],"collection":[{"href":"https:\/\/europeancourt.org\/lt\/wp-json\/wp\/v2\/pages"}],"about":[{"href":"https:\/\/europeancourt.org\/lt\/wp-json\/wp\/v2\/types\/page"}],"author":[{"embeddable":true,"href":"https:\/\/europeancourt.org\/lt\/wp-json\/wp\/v2\/users\/1"}],"replies":[{"embeddable":true,"href":"https:\/\/europeancourt.org\/lt\/wp-json\/wp\/v2\/comments?post=222228"}],"version-history":[{"count":4,"href":"https:\/\/europeancourt.org\/lt\/wp-json\/wp\/v2\/pages\/222228\/revisions"}],"predecessor-version":[{"id":226388,"href":"https:\/\/europeancourt.org\/lt\/wp-json\/wp\/v2\/pages\/222228\/revisions\/226388"}],"up":[{"embeddable":true,"href":"https:\/\/europeancourt.org\/lt\/wp-json\/wp\/v2\/pages\/222182"}],"wp:featuredmedia":[{"embeddable":true,"href":"https:\/\/europeancourt.org\/lt\/wp-json\/wp\/v2\/media\/222491"}],"wp:attachment":[{"href":"https:\/\/europeancourt.org\/lt\/wp-json\/wp\/v2\/media?parent=222228"}],"wp:term":[{"taxonomy":"category","embeddable":true,"href":"https:\/\/europeancourt.org\/lt\/wp-json\/wp\/v2\/categories?post=222228"},{"taxonomy":"post_tag","embeddable":true,"href":"https:\/\/europeancourt.org\/lt\/wp-json\/wp\/v2\/tags?post=222228"}],"curies":[{"name":"wp","href":"https:\/\/api.w.org\/{rel}","templated":true}]}}