{"id":223413,"date":"2021-10-07T00:26:31","date_gmt":"2021-10-06T22:26:31","guid":{"rendered":"https:\/\/europeancourt.org\/?page_id=223413"},"modified":"2025-11-29T11:16:55","modified_gmt":"2025-11-29T10:16:55","slug":"rasti-parei%c5%a1kimo-numer%c4%af-registracij%c4%85-ar-sprendim%c4%85","status":"publish","type":"page","link":"https:\/\/europeancourt.org\/lt\/paslaugos\/e%c5%bett\/rasti-parei%c5%a1kimo-numer%c4%af-registracij%c4%85-ar-sprendim%c4%85\/","title":{"rendered":"Rasti E\u017dTT parei\u0161kimo numer\u012f, registracij\u0105 ar sprendim\u0105"},"content":{"rendered":"<div class=\"mywpcf7cf myshow myhide\">Ar \u017einote atitinkamo parei\u0161kimo numer\u012f?<\/div>\r\n<div class=\"mywpcf7cf myshow myhide\">\r\n  <span class=\"mymultyradiobutton blue\">\r\n    <span class=\"wpcf7-list-item wpcf7\">\r\n      <label><input type=\"radio\"><span class=\"wpcf7-list-item-label\">Taip<\/span><\/label>\r\n    <\/span>\r\n  <\/span>\r\n  <span class=\"mymultyradiobutton blue\">\r\n    <span class=\"wpcf7-list-item wpcf7\">\r\n      <label><input type=\"radio\"><span class=\"wpcf7-list-item-label\">Ne<\/span><\/label>\r\n    <\/span>\r\n  <\/span>\r\n<\/div>\r\n<div class=\"mywpcf7cf-blueleft myshow myhide\">\r\n  <span class=\"mycustomsummary\">Kas yra parei\u0161kimo numeris?<\/span>\r\n  <span class=\"mycustomdetails\">\r\n    <span class=\"vlist\">\r\n      <span class=\"vitem\">Parei\u0161kimo numeris nurodomas bet kuriame E\u017dTT lai\u0161ke d\u0117l bylos, kuri buvo u\u017eregistruota, i\u0161kart po \u017eod\u017ei\u0173 \u201eParei\u0161kimas nr.\u201c ir prie\u0161 bylos (parei\u0161kimo) pavadinim\u0105. Susira\u0161in\u0117jant angl\u0173 kalba ra\u0161oma \u201eApplication no.\u201c, pranc\u016bz\u0173 kalba \u2013 \u201eRequ\u00eate n\u00b0\u201c.<\/span>\r\n      <span class=\"vitem\">Parei\u0161kimo numerio formatas: NUMERIS\/METAI, pvz. 123\/14. Tik skaitmenys ir \u012f de\u0161in\u0119 pasvirasis br\u016bk\u0161nys \u201e\/\u201c, be tarp\u0173.<\/span>\r\n      <span class=\"vitem\">Tokio pat formato numeris E\u017dTT lai\u0161ke d\u0117l parei\u0161kimo formuliaro reikalavim\u0173 neatitikimo n\u0117ra parei\u0161kimo numeris. Toks numeris taps parei\u0161kimo numeriu tik tada, kai E\u017dTT gaus nauj\u0105 reikalavimus atitinkant\u012f parei\u0161kimo formuliar\u0105 ir u\u017eregistruos byl\u0105. Tokiame lai\u0161ke bylos (parei\u0161kimo) pavadinimas nenurodomas, nes byla neregistruota, o paprastai nurodomas kodas ECHR-Axxx6, kur \u201exxx\u201c \u017eymi lai\u0161ko kalb\u0105.<\/span>\r\n    <\/span>\r\n  <\/span>\r\n<\/div>\r\n<div class=\"mywpcf7cf myshow myhide mywpcf7cf-utility\">\r\n  <div class=\"mybutton red not-in-text-button is-disabled\" aria-disabled=\"true\">Prad\u0117ti i\u0161 naujo<\/div>\r\n  <a class=\"mybutton red not-in-text-button\" href=\"mailto:oleg.anishchik@europeancourt.org?subject=Rasti E\u017dTT parei\u0161kimo numer\u012f, registracij\u0105 ar sprendim\u0105: klaida&#038;body=Klaidos apra\u0161ymas: \">Prane\u0161ti apie klaid\u0105<\/a>\r\n<\/div>\r\n<div id=\"ajax_content\"><\/div>","protected":false},"excerpt":{"rendered":"Ar \u017einote atitinkamo parei\u0161kimo numer\u012f? Taip Ne Kas yra parei\u0161kimo numeris? Parei\u0161kimo numeris nurodomas bet kuriame E\u017dTT lai\u0161ke d\u0117l bylos, kuri buvo u\u017eregistruota, i\u0161kart po \u017eod\u017ei\u0173 \u201eParei\u0161kimas nr.\u201c ir prie\u0161 bylos (parei\u0161kimo) pavadinim\u0105. Susira\u0161in\u0117jant&#46;&#46;&#46;","protected":false},"author":1,"featured_media":223414,"parent":222228,"menu_order":0,"comment_status":"closed","ping_status":"closed","template":"","meta":{"footnotes":""},"categories":[],"tags":[],"class_list":["post-223413","page","type-page","status-publish","has-post-thumbnail","hentry"],"_links":{"self":[{"href":"https:\/\/europeancourt.org\/lt\/wp-json\/wp\/v2\/pages\/223413","targetHints":{"allow":["GET"]}}],"collection":[{"href":"https:\/\/europeancourt.org\/lt\/wp-json\/wp\/v2\/pages"}],"about":[{"href":"https:\/\/europeancourt.org\/lt\/wp-json\/wp\/v2\/types\/page"}],"author":[{"embeddable":true,"href":"https:\/\/europeancourt.org\/lt\/wp-json\/wp\/v2\/users\/1"}],"replies":[{"embeddable":true,"href":"https:\/\/europeancourt.org\/lt\/wp-json\/wp\/v2\/comments?post=223413"}],"version-history":[{"count":1,"href":"https:\/\/europeancourt.org\/lt\/wp-json\/wp\/v2\/pages\/223413\/revisions"}],"predecessor-version":[{"id":223415,"href":"https:\/\/europeancourt.org\/lt\/wp-json\/wp\/v2\/pages\/223413\/revisions\/223415"}],"up":[{"embeddable":true,"href":"https:\/\/europeancourt.org\/lt\/wp-json\/wp\/v2\/pages\/222228"}],"wp:featuredmedia":[{"embeddable":true,"href":"https:\/\/europeancourt.org\/lt\/wp-json\/wp\/v2\/media\/223414"}],"wp:attachment":[{"href":"https:\/\/europeancourt.org\/lt\/wp-json\/wp\/v2\/media?parent=223413"}],"wp:term":[{"taxonomy":"category","embeddable":true,"href":"https:\/\/europeancourt.org\/lt\/wp-json\/wp\/v2\/categories?post=223413"},{"taxonomy":"post_tag","embeddable":true,"href":"https:\/\/europeancourt.org\/lt\/wp-json\/wp\/v2\/tags?post=223413"}],"curies":[{"name":"wp","href":"https:\/\/api.w.org\/{rel}","templated":true}]}}