{"id":225369,"date":"2026-04-26T21:34:04","date_gmt":"2026-04-26T19:34:04","guid":{"rendered":"https:\/\/europeancourt.org\/paslaugos\/e%c5%bett\/parei%c5%a1kim%c5%b3-e%c5%bdtt-rengimas\/"},"modified":"2026-04-26T21:30:48","modified_gmt":"2026-04-26T19:30:48","slug":"parei%c5%a1kim%c5%b3-e%c5%bdtt-rengimas","status":"publish","type":"page","link":"https:\/\/europeancourt.org\/lt\/paslaugos\/e%c5%bett\/parei%c5%a1kim%c5%b3-e%c5%bdtt-rengimas\/","title":{"rendered":"Parei\u0161kim\u0173 E\u017dTT rengimas"},"content":{"rendered":"<div id=\"ec-preparation-page\" class=\"ec-service-page ec-service-preparation\" data-service=\"preparation\"\n  data-ec-service-page-id=\"225369\"\n  data-ec-service-form-id=\"225370\"\n  data-ec-service-lang=\"lt\"\n  data-ec-service-docs-message=\"Prisekite dokumentus arba \u012fklijuokite nuorod\u0105 \u012f juos bet kurioje debesijos saugykloje.\"\n  data-ec-service-submit-message=\"Kad i\u0161si\u0173stum\u0117te u\u017eklaus\u0105, prisekite dokumentus arba \u012fklijuokite nuorod\u0105 \u012f juos, atsakykite \u012f privalomus klausimus ir u\u017epildykite pasirodysian\u010dius laukus.\"\n  data-ec-service-email-message=\"Pra\u0161au u\u017epildyti \u0161\u012f lauk\u0105.\"\n  data-ec-service-invalid-url-message=\"Pra\u0161om i\u0161taisyti nuorod\u0105.\"\n  data-ec-service-load-error=\"Klaida.\">\n<div class=\"ec-service-screen ec-service-screen-1\">\n<div class=\"mywpcf7cf myshow myhide\">Parei\u0161kimo E\u017dTT parengimo kaina priklauso nuo darbo apimties ir tam reikalingo laiko. Diapazonas labai platus: nuo keli\u0173 \u0161imt\u0173 eur\u0173, jei visk\u0105 galima atlikti per dvi-tris valandas, iki 10 t\u016bkst. eur\u0173 ir daugiau, jei prireikia de\u0161im\u010di\u0173 valand\u0173. Tas laikas skiriamas dokumentams i\u0161nagrin\u0117ti, esminiams faktams atrinkti, visai aktualiai E\u017dTT praktikai d\u0117l bylos esm\u0117s ir priimtinumo pagal kiekvien\u0105 galim\u0105 skund\u0105 surasti ir i\u0161analizuoti, patiems skundams suformuluoti, kiekvien\u0105 tariam\u0105 pa\u017eeidim\u0105 ir tai, kad d\u0117l kiekvieno i\u0161 j\u0173 laikytasi priimtinumo s\u0105lyg\u0173, pagr\u012fsti, o galiausiai visa tai trumpai, ai\u0161kiai ir nuosekliai i\u0161d\u0117styti parei\u0161kimo formuliare.<\/div>\n<div class=\"mywpcf7cf myshow myhide\">Kiek laiko reik\u0117s b\u016btent J\u016bs\u0173 atveju ir kiek d\u0117l to kainuos parei\u0161kimo parengimas, galiu \u012fvertinti tik susipa\u017ein\u0119s su dokumentais. Pateikite visus sprendimus, kuriuos norite sk\u0173sti, kitus dokumentus, kuriuose u\u017efiksuotos priemon\u0117s, kurias norite gin\u010dyti, visus kreipimusis \u012f nacionalin\u0117s vald\u017eios institucijas, \u012fskaitant teismus, kuriuose \u0161ie skundai buvo i\u0161 esm\u0117s pareik\u0161ti, taip pat visus sprendimus d\u0117l toki\u0173 kreipim\u0173si. Jei visa bylos med\u017eiaga jau yra elektronin\u0117, geriau atsi\u0173sti j\u0105 vis\u0105 i\u0161 karto. Nebijokite atsi\u0173sti per daug dokument\u0173 ir nesijaudinkite, jei ko nors neprid\u0117site: jei, susipa\u017ein\u0119s su tuo, k\u0105 atsi\u0173site, pamatysiu, kad reikia papildom\u0173 dokument\u0173, papra\u0161ysiu j\u0173 atskirai.<\/div>\n<div class=\"mywpcf7cf myshow myhide\">\u012e u\u017eklaus\u0105 d\u0117l parei\u0161kimo parengimo kainos paprastai atsakau per vien\u0105 savait\u0119 nuo vis\u0173 reikaling\u0173 dokument\u0173 ir informacijos gavimo. Jei terminas kreiptis \u012f E\u017dTT baigiasi artimiausiomis dienomis, para\u0161ykite man ir paklauskite, ar gal\u0117siu J\u016bs\u0173 u\u017eklaus\u0105 per\u017ei\u016br\u0117ti skubos tvarka. \u012e tok\u012f lai\u0161k\u0105 pa\u017eadu atsakyti per 24 valandas. Jei patvirtinsiu, kad tai \u012fmanoma, ir J\u016bs i\u0161 karto pateiksite reikalingus dokumentus bei informacij\u0105, pa\u017eadu per kitas 48 valandas pateikti savo i\u0161vad\u0105 d\u0117l J\u016bs\u0173 u\u017eklausos.<\/div>\n<div class=\"mywpcf7cf myshow myhide\">Jei padarysiu i\u0161vad\u0105, kad kreipimasis \u012f E\u017dTT turi pagr\u012fst\u0173 perspektyv\u0173, nurodysiu tiksli\u0105 parei\u0161kimo parengimo kain\u0105, atsi\u017evelgdamas \u012f tuos skundus, kuriuos verta pareik\u0161ti, ir labai trumpai para\u0161ysiu, d\u0117l kuri\u0173 skund\u0173 to daryti n\u0117ra prasm\u0117s. Kartu atsi\u0173siu Jums sutart\u012f d\u0117l parei\u0161kimo parengimo. U\u017e paslaug\u0105 galima atsiskaityti bankiniu pavedimu \u012f mano s\u0105skait\u0105 \u0160veicarijoje arba kitais b\u016bdais, priklausomai nuo \u0161alies, i\u0161 kurios atliekamas mok\u0117jimas. Parei\u0161kimo parengimo terminas visada bus toks, kad j\u012f b\u016bt\u0173 galima pateikti E\u017dTT nepraleid\u017eiant kreipimosi termino. Baig\u0119s darb\u0105, el. pa\u0161tu atsi\u0173siu u\u017epildyt\u0105 parei\u0161kimo formuliar\u0105, prie jo parengtus priedus ir paai\u0161kinimus, kaip visa tai teisingai atspausdinti, pasira\u0161yti ir i\u0161si\u0173sti \u012f E\u017dTT. Parei\u0161k\u0117jo atstovavimas E\u017dTT ir bet koks kitas darbas byloje \u012f parei\u0161kimo parengimo kain\u0105 ne\u012feina. Jei padarysiu i\u0161vad\u0105, kad pagr\u012fst\u0173 perspektyv\u0173 kreiptis \u012f E\u017dTT n\u0117ra, prane\u0161iu Jums tik tai.<\/div>\n<div class=\"mywpcf7cf myshow myhide\">\u0160i paslauga akivaizd\u017eiai ne Jums, jei galite tvirtai pritarti bent vienam i\u0161 \u0161i\u0173 teigini\u0173:<\/div>\n<ul class=\"myshow myhide ec-service-blocker-list\"><li><label><input type=\"checkbox\" class=\"ec-service-blocker\" \/><span>A\u0161 jau turiu u\u017epildyt\u0105 parei\u0161kimo formuliar\u0105 ir man reikia tik patikrinti, ar jame n\u0117ra klaid\u0173.<\/span><\/label><\/li>\n<li><label><input type=\"checkbox\" class=\"ec-service-blocker\" \/><span>Nesu pasireng\u0119s(-usi) pateikti vis\u0173 bylai reikaling\u0173 dokument\u0173.<\/span><\/label><\/li>\n<li><label><input type=\"checkbox\" class=\"ec-service-blocker\" \/><span>Tikiuosi i\u0161sami\u0173 paai\u0161kinim\u0173 d\u0117l kiekvieno savo skundo, net jei d\u0117l kurio nors i\u0161 j\u0173 nebus matyti pagr\u012fst\u0173 perspektyv\u0173 kreiptis \u012f E\u017dTT.<\/span><\/label><\/li>\n<li><label><input type=\"checkbox\" class=\"ec-service-blocker\" \/><span>Tikiuosi, kad parei\u0161kimas bus parengtas net ir tuo atveju, jei nebus matyti pagr\u012fst\u0173 perspektyv\u0173 kreiptis \u012f E\u017dTT.<\/span><\/label><\/li>\n<li><label><input type=\"checkbox\" class=\"ec-service-blocker\" \/><span>I\u0161 savo skund\u0173 skai\u010diaus ir jau turimos bylos med\u017eiagos apimties matau, kad parei\u0161kimui parengti reik\u0117s gerokai daugiau laiko, negu esu pasireng\u0119s(-usi) apmok\u0117ti.<\/span><\/label><\/li>\n<li><label><input type=\"checkbox\" class=\"ec-service-blocker\" \/><span>Galiu pats(-i) pagal visus E\u017dTT reikalavimus u\u017epildyti parei\u0161kimo formuliar\u0105 ir, tiksliai pagal bylos med\u017eiag\u0105 bei mano bylai aktuali\u0105 E\u017dTT praktik\u0105, jame i\u0161d\u0117styti visus esminius faktus, tariamus pa\u017eeidimus ir informacij\u0105 apie priimtinumo s\u0105lyg\u0173 laikym\u0105si d\u0117l kiekvieno tariamo pa\u017eeidimo.<\/span><\/label><\/li><\/ul>\n<div class=\"checking-load-wrap ec-service-load-wrap\"><div class=\"checking-load-button-row ec-service-load-button-row\"><button type=\"button\" class=\"mybutton blue ec-service-load-button\" id=\"load_ajax_form\" data-ec-service-load=\"preparation\" data-ec-service-form-id=\"225370\" data-blocked-message=\"Kol pa\u017eym\u0117tas bent vienas i\u0161 \u0161i\u0173 teigini\u0173, toliau pereiti negal\u0117site. Jei pa\u017eym\u0117jote per klaid\u0105, nuimkite \u017eym\u0105.\">Pateikti dokumentus<\/button><\/div>\n<div id=\"ec-service-load-status\" class=\"checking-load-status ec-service-load-status\" role=\"status\" aria-live=\"polite\"><\/div><\/div>\n<div class=\"mywpcf7cf myshow myhide\"><a class=\"mybutton blue not-in-text-button\" href=\"mailto:oleg.anishchik@europeancourt.org?subject=Nor%C4%97%C4%8Diau%20pasiteirauti%20d%C4%97l%20s%C4%85lyg%C5%B3\">Nor\u0117\u010diau pasiteirauti d\u0117l s\u0105lyg\u0173<\/a><\/div>\n<div class=\"mywpcf7cf mywpcf7cf-utility ec-service-utility-row\"><div class=\"mybutton red not-in-text-button is-disabled\" aria-disabled=\"true\">Prad\u0117ti i\u0161 naujo<\/div><div class=\"mybutton red not-in-text-button\" onclick=\"window.location.href='mailto:oleg.anishchik@europeancourt.org?subject=Parei%C5%A1kim%C5%B3%20E%C5%BDTT%20rengimas%3A%20klaida&amp;body=Klaidos%20apra%C5%A1ymas%3A';\">Prane\u0161ti apie klaid\u0105<\/div><\/div>\n<\/div>\n<div class=\"ec-service-form-shell\"><div id=\"ajax_content\" class=\"ec-service-ajax-content\" data-loaded=\"0\"><\/div><\/div>\n<\/div>\n<script>\n(function(){\n  if (window.ecServicePageRuntimeReady) return;\n  window.ecServicePageRuntimeReady = true;\n\n  function trim(value) {\n    return String(value || '').replace(\/^\\s+|\\s+$\/g, '');\n  }\n\n  function clearNode(node) {\n    if (!node) return;\n    while (node.firstChild) node.removeChild(node.firstChild);\n  }\n\n  function renderStatus(node, message) {\n    if (!node) return;\n    clearNode(node);\n    if (!message) return;\n    var tip = document.createElement('span');\n    tip.className = 'wpcf7-not-valid-tip';\n    tip.textContent = message;\n    node.appendChild(tip);\n  }\n\n  function ajaxUrl() {\n    if (window.wpcf7cf_global_settings) {\n      if (window.wpcf7cf_global_settings.ajaxurl) {\n        return window.wpcf7cf_global_settings.ajaxurl;\n      }\n    }\n    if (window.ajaxurl) return window.ajaxurl;\n    return '\/wp-admin\/admin-ajax.php';\n  }\n\n  function pageRoot(node) {\n    if (!node) return null;\n    return node.closest ? node.closest('.ec-service-page') : null;\n  }\n\n  function loadStatus(root) {\n    return root ? root.querySelector('.ec-service-load-status') : null;\n  }\n\n  function submitStatus(root) {\n    if (!root) return null;\n    var submit = root.querySelector('#ajax_content .wpcf7-submit');\n    if (!submit) return null;\n    var node = root.querySelector('#ajax_content .ec-service-submit-status');\n    if (!node) {\n      node = document.createElement('div');\n      node.className = 'ec-service-submit-status';\n      node.setAttribute('role', 'status');\n      node.setAttribute('aria-live', 'polite');\n      submit.insertAdjacentElement('afterend', node);\n    }\n    return node;\n  }\n\n  function isLoaded(root) {\n    if (!root) return false;\n    var target = root.querySelector('#ajax_content');\n    if (!target) return false;\n    return target.getAttribute('data-loaded') === '1';\n  }\n\n  function syncBlockers(root) {\n    if (!root || isLoaded(root)) return;\n    var button = root.querySelector('[data-ec-service-load]');\n    if (!button || button.getAttribute('aria-busy') === 'true') return;\n    var blocked = !!root.querySelector('.ec-service-blocker:checked');\n    button.disabled = false;\n    button.setAttribute('data-soft-disabled', blocked ? '1' : '0');\n    button.classList.toggle('is-soft-disabled', blocked);\n    if (!blocked) renderStatus(loadStatus(root), '');\n  }\n\n  function scrollToNode(node) {\n    if (!node || !node.getBoundingClientRect) return;\n    var offset = 50;\n    var adminBar = document.getElementById('wpadminbar');\n    if (adminBar) {\n      if (window.getComputedStyle(adminBar).position === 'fixed') {\n        offset += adminBar.offsetHeight || 0;\n      }\n    }\n    var top = node.getBoundingClientRect().top + window.pageYOffset - offset;\n    window.scrollTo({ top: Math.max(top, 0), behavior: 'smooth' });\n  }\n\n  function initCf7(target) {\n    if (!target) return;\n    var form = target.querySelector('.wpcf7-form');\n    if (!form) return;\n    if (window.wpcf7) {\n      if (typeof window.wpcf7.init === 'function') {\n        try { window.wpcf7.init(form); } catch (error) {}\n      }\n    }\n    if (window.jQuery) {\n      if (window.wpcf7cf) {\n        if (typeof window.wpcf7cf.initForm === 'function') {\n          try { window.wpcf7cf.initForm(window.jQuery(form)); } catch (error) {}\n        }\n      }\n    }\n  }\n\n  function hasFiles(root) {\n    if (!root) return false;\n    var input = root.querySelector('#ajax_content input[name=\"multifile-applicationformfiles[]\"]');\n    if (!input) return false;\n    if (!input.files) return false;\n    return !!input.files.length;\n  }\n\n  function hasDocsLink(root) {\n    if (!root) return false;\n    var input = root.querySelector('#ajax_content input[name=\"url-documents-link\"]');\n    if (!input) return false;\n    var value = trim(input.value);\n    if (!value) return false;\n    if (typeof input.checkValidity === 'function') return input.checkValidity();\n    return true;\n  }\n\n  function docsLinkInvalid(root) {\n    if (!root) return false;\n    var input = root.querySelector('#ajax_content input[name=\"url-documents-link\"]');\n    if (!input) return false;\n    if (!trim(input.value)) return false;\n    if (typeof input.checkValidity !== 'function') return false;\n    return !input.checkValidity();\n  }\n\n  function emailOk(root) {\n    if (!root) return false;\n    var input = root.querySelector('#ajax_content input[name=\"your-email\"]');\n    if (!input) return true;\n    var value = trim(input.value);\n    if (!value) return false;\n    if (typeof input.checkValidity === 'function') return input.checkValidity();\n    return \/^[^\\s@]+@[^\\s@]+\\.[^\\s@]+$\/.test(value);\n  }\n\n  function isVisible(node) {\n    if (!node) return false;\n    var current = node;\n    while (current) {\n      if (current === document.documentElement) break;\n      if (current.nodeType === 1) {\n        if (current.hidden) return false;\n        if (current.classList) {\n          if (current.classList.contains('wpcf7cf-hidden')) return false;\n        }\n        if (current.getAttribute) {\n          if (current.getAttribute('aria-hidden') === 'true') return false;\n        }\n        if (window.getComputedStyle(current).display === 'none') return false;\n      }\n      current = current.parentNode;\n    }\n    return true;\n  }\n\n  function radioGroupOk(root, name) {\n    var items = root ? root.querySelectorAll('#ajax_content input[name=\"' + name + '\"]') : [];\n    if (!items.length) return true;\n    for (var i = 0; i < items.length; i += 1) {\n      if (items[i].checked) return true;\n    }\n    return false;\n  }\n\n  function visibleTextOk(root, name) {\n    if (!root) return true;\n    var node = root.querySelector('#ajax_content [name=\"' + name + '\"]');\n    if (!node || !isVisible(node)) return true;\n    return !!trim(node.value);\n  }\n\n  function answersOk(root) {\n    if (!root || root.getAttribute('data-service') !== 'preparation') return true;\n    if (!radioGroupOk(root, 'prep-claims-scope')) return false;\n    if (!radioGroupOk(root, 'prep-low-chance')) return false;\n    if (!radioGroupOk(root, 'prep-essential-results')) return false;\n    if (!visibleTextOk(root, 'prep-listed-claims-text')) return false;\n    if (!visibleTextOk(root, 'prep-low-chance-claims-text')) return false;\n    if (!visibleTextOk(root, 'prep-essential-results-details')) return false;\n    return true;\n  }\n\n  function markAttention(root, on) {\n    ['input[name=\"multifile-applicationformfiles[]\"]', 'input[name=\"url-documents-link\"]', 'input[name=\"your-email\"]', 'textarea[name=\"prep-listed-claims-text\"]', 'textarea[name=\"prep-low-chance-claims-text\"]', 'textarea[name=\"prep-essential-results-details\"]'].forEach(function(selector) {\n      var node = root ? root.querySelector('#ajax_content ' + selector) : null;\n      if (!node) return;\n      node.classList.toggle('ec-service-needs-attention', !!on);\n      if (on) node.setAttribute('aria-invalid', 'true');\n      else node.removeAttribute('aria-invalid');\n    });\n    ['prep-claims-scope', 'prep-low-chance', 'prep-essential-results'].forEach(function(name) {\n      var wrap = root ? root.querySelector('#ajax_content .wpcf7-form-control-wrap[data-name=\"' + name + '\"]') : null;\n      if (!wrap) return;\n      wrap.classList.toggle('ec-service-needs-attention', !!on);\n    });\n  }\n\n  function formReady(root) {\n    if (!(hasFiles(root) || hasDocsLink(root))) return false;\n    if (!answersOk(root)) return false;\n    return emailOk(root);\n  }\n\n  function syncSubmit(root) {\n    if (!root) return;\n    var submit = root.querySelector('#ajax_content .wpcf7-submit');\n    if (!submit) return;\n    var ready = formReady(root);\n    submit.disabled = false;\n    submit.setAttribute('data-soft-disabled', ready ? '0' : '1');\n    submit.classList.toggle('is-soft-disabled', !ready);\n    if (ready) {\n      renderStatus(submitStatus(root), '');\n      markAttention(root, false);\n    }\n  }\n\n  function missingMessage(root) {\n    if (docsLinkInvalid(root)) {\n      return root.getAttribute('data-ec-service-invalid-url-message') || '';\n    }\n    if (!(hasFiles(root) || hasDocsLink(root)) || !answersOk(root)) {\n      return root.getAttribute('data-ec-service-submit-message') || root.getAttribute('data-ec-service-docs-message') || '';\n    }\n    if (!emailOk(root)) {\n      return root.getAttribute('data-ec-service-email-message') || '';\n    }\n    return '';\n  }\n\n  function blockSubmit(event, root) {\n    if (formReady(root)) return false;\n    event.preventDefault();\n    event.stopPropagation();\n    if (event.stopImmediatePropagation) event.stopImmediatePropagation();\n    markAttention(root, true);\n    renderStatus(submitStatus(root), missingMessage(root));\n    return true;\n  }\n\n  function setupLoadedForm(root) {\n    syncSubmit(root);\n  }\n\n  function loadForm(root, button) {\n    if (!root || !button || root.__ecServiceLoading) return;\n    var target = root.querySelector('#ajax_content');\n    if (!target) return;\n    var formId = root.getAttribute('data-ec-service-form-id') || button.getAttribute('data-ec-service-form-id') || '';\n    var pageId = root.getAttribute('data-ec-service-page-id') || '';\n    var service = root.getAttribute('data-service') || button.getAttribute('data-ec-service-load') || '';\n    var lang = root.getAttribute('data-ec-service-lang') || '';\n    if (!formId || !pageId || !service) {\n      renderStatus(loadStatus(root), root.getAttribute('data-ec-service-load-error') || '');\n      return;\n    }\n    root.__ecServiceLoading = true;\n    root.classList.add('is-form-loading');\n    button.setAttribute('aria-busy', 'true');\n    renderStatus(loadStatus(root), '');\n    var body = new URLSearchParams();\n    body.set('action', 'load_form_ec_service');\n    body.set('service', service);\n    body.set('page_id', pageId);\n    body.set('form_id', formId);\n    body.set('lang', lang);\n    window.fetch(ajaxUrl(), {\n      method: 'POST',\n      credentials: 'same-origin',\n      headers: {'Content-Type': 'application\/x-www-form-urlencoded; charset=UTF-8'},\n      body: body.toString()\n    }).then(function(response) {\n      if (!response.ok) throw new Error('ajax_' + response.status);\n      return response.text();\n    }).then(function(html) {\n      if (!trim(html)) throw new Error('empty_response');\n      target.innerHTML = html;\n      target.setAttribute('data-loaded', '1');\n      root.classList.add('is-form-open');\n      initCf7(target);\n      setupLoadedForm(root);\n      scrollToNode(target);\n    }).catch(function() {\n      renderStatus(loadStatus(root), root.getAttribute('data-ec-service-load-error') || '');\n    }).then(function() {\n      root.__ecServiceLoading = false;\n      root.classList.remove('is-form-loading');\n      button.removeAttribute('aria-busy');\n      syncBlockers(root);\n    });\n  }\n\n  window.ecServiceStartOver = function(event) {\n    var root = pageRoot(event ? event.target : null);\n    if (!root) return;\n    if (event) {\n      event.preventDefault();\n      event.stopPropagation();\n    }\n    var target = root.querySelector('#ajax_content');\n    if (target) {\n      target.innerHTML = '';\n      target.setAttribute('data-loaded', '0');\n    }\n    root.querySelectorAll('.ec-service-blocker').forEach(function(node) { node.checked = false; });\n    root.classList.remove('is-form-open', 'is-form-loading');\n    renderStatus(loadStatus(root), '');\n    syncBlockers(root);\n    scrollToNode(root);\n  };\n\n  document.addEventListener('click', function(event) {\n    var button = null;\n    if (event.target) {\n      if (event.target.closest) {\n        button = event.target.closest('[data-ec-service-load]');\n      }\n    }\n    if (!button) return;\n    var root = pageRoot(button);\n    if (!root) return;\n    event.preventDefault();\n    event.stopPropagation();\n    if (event.stopImmediatePropagation) event.stopImmediatePropagation();\n    if (root.querySelector('.ec-service-blocker:checked')) {\n      renderStatus(loadStatus(root), button.getAttribute('data-blocked-message') || '');\n      syncBlockers(root);\n      return;\n    }\n    loadForm(root, button);\n  }, true);\n\n  document.addEventListener('click', function(event) {\n    var submit = null;\n    if (event.target) {\n      if (event.target.closest) {\n        submit = event.target.closest('.ec-service-page #ajax_content .wpcf7-submit');\n      }\n    }\n    if (!submit) return;\n    blockSubmit(event, pageRoot(submit));\n  }, true);\n\n  document.addEventListener('submit', function(event) {\n    var form = event.target;\n    if (!form || !form.closest) return;\n    var root = form.closest('.ec-service-page');\n    if (root) blockSubmit(event, root);\n  }, true);\n\n  document.addEventListener('change', function(event) {\n    var root = pageRoot(event.target);\n    if (!root) return;\n    if (event.target.matches('.ec-service-blocker')) syncBlockers(root);\n    syncSubmit(root);\n  }, true);\n\n  document.addEventListener('input', function(event) {\n    var root = pageRoot(event.target);\n    if (root) syncSubmit(root);\n  }, true);\n\n  document.querySelectorAll('.ec-service-page').forEach(syncBlockers);\n})();\n<\/script>","protected":false},"excerpt":{"rendered":"Parei\u0161kimo E\u017dTT parengimo kaina priklauso nuo darbo apimties ir tam reikalingo laiko. Diapazonas labai platus: nuo keli\u0173 \u0161imt\u0173 eur\u0173, jei visk\u0105 galima atlikti per dvi-tris valandas, iki 10 t\u016bkst. eur\u0173 ir daugiau, jei prireikia&#46;&#46;&#46;","protected":false},"author":0,"featured_media":0,"parent":222228,"menu_order":0,"comment_status":"closed","ping_status":"closed","template":"","meta":{"footnotes":""},"categories":[],"tags":[],"class_list":["post-225369","page","type-page","status-publish","hentry"],"_links":{"self":[{"href":"https:\/\/europeancourt.org\/lt\/wp-json\/wp\/v2\/pages\/225369","targetHints":{"allow":["GET"]}}],"collection":[{"href":"https:\/\/europeancourt.org\/lt\/wp-json\/wp\/v2\/pages"}],"about":[{"href":"https:\/\/europeancourt.org\/lt\/wp-json\/wp\/v2\/types\/page"}],"replies":[{"embeddable":true,"href":"https:\/\/europeancourt.org\/lt\/wp-json\/wp\/v2\/comments?post=225369"}],"version-history":[{"count":4,"href":"https:\/\/europeancourt.org\/lt\/wp-json\/wp\/v2\/pages\/225369\/revisions"}],"predecessor-version":[{"id":225978,"href":"https:\/\/europeancourt.org\/lt\/wp-json\/wp\/v2\/pages\/225369\/revisions\/225978"}],"up":[{"embeddable":true,"href":"https:\/\/europeancourt.org\/lt\/wp-json\/wp\/v2\/pages\/222228"}],"wp:attachment":[{"href":"https:\/\/europeancourt.org\/lt\/wp-json\/wp\/v2\/media?parent=225369"}],"wp:term":[{"taxonomy":"category","embeddable":true,"href":"https:\/\/europeancourt.org\/lt\/wp-json\/wp\/v2\/categories?post=225369"},{"taxonomy":"post_tag","embeddable":true,"href":"https:\/\/europeancourt.org\/lt\/wp-json\/wp\/v2\/tags?post=225369"}],"curies":[{"name":"wp","href":"https:\/\/api.w.org\/{rel}","templated":true}]}}