{"id":225373,"date":"2026-04-26T14:48:47","date_gmt":"2026-04-26T12:48:47","guid":{"rendered":"https:\/\/europeancourt.org\/paslaugos\/e%c5%bett\/atstovavimas-parei%c5%a1k%c4%97jams-e%c5%bdtt\/"},"modified":"2026-04-26T17:12:08","modified_gmt":"2026-04-26T15:12:08","slug":"atstovavimas-parei%c5%a1k%c4%97jams-e%c5%bdtt","status":"publish","type":"page","link":"https:\/\/europeancourt.org\/lt\/paslaugos\/e%c5%bett\/atstovavimas-parei%c5%a1k%c4%97jams-e%c5%bdtt\/","title":{"rendered":"Atstovavimas parei\u0161k\u0117jams E\u017dTT"},"content":{"rendered":"<div id=\"ec-representation-page\" class=\"ec-service-page ec-service-representation\" data-service=\"representation\">\n<div class=\"ec-service-screen ec-service-screen-1\">\n<div class=\"mywpcf7cf myshow myhide\">\u0160i paslauga teikiama tik bylose, kuriose apie parei\u0161kim\u0105 jau prane\u0161ta Vyriausybei atsakovei ir parei\u0161k\u0117jui nurodyta pateikti ra\u0161ti\u0161kas pastabas.<\/div>\n<div class=\"mywpcf7cf myshow myhide\">Atstovavimo E\u017dTT kaina priklauso nuo laiko, kurio reikia parengti atsakymus \u012f E\u017dTT klausimus, atsakomuosius argumentus \u012f Vyriausyb\u0117s pateiktas pastabas ir, jei reikia, fakt\u0173 patikslinimus bei reikalavimus d\u0117l teisingo atlyginimo. Diapazonas labai platus: nuo keli\u0173 \u0161imt\u0173 eur\u0173, jei visk\u0105 galima atlikti per dvi-tris valandas, iki 10 t\u016bkst. eur\u0173 ir daugiau, jei prireikia de\u0161im\u010di\u0173 valand\u0173.<\/div>\n<div class=\"mywpcf7cf myshow myhide\">Kiek laiko reik\u0117s b\u016btent J\u016bs\u0173 atveju ir kiek d\u0117l to kainuos atstovavimas, galiu \u012fvertinti tik susipa\u017ein\u0119s su dokumentais. Pateikite parei\u0161kim\u0105 su visais priedais, taip pat visk\u0105, kas buvo papildomai siun\u010diama E\u017dTT d\u0117l \u0161ios bylos, ir visk\u0105, kas i\u0161 E\u017dTT buvo gauta. Jei prireiks papildom\u0173 dokument\u0173, papra\u0161ysiu j\u0173 atskirai.<\/div>\n<div class=\"mywpcf7cf myshow myhide\">\u012e u\u017eklaus\u0105 d\u0117l atstovavimo E\u017dTT kainos paprastai atsakau per vien\u0105 savait\u0119 nuo vis\u0173 reikaling\u0173 dokument\u0173 ir informacijos gavimo. Jei E\u017dTT nustatytas terminas pateikti pastabas ar kit\u0105 med\u017eiag\u0105 baigiasi artimiausiomis dienomis, para\u0161ykite man ir paklauskite, ar gal\u0117siu J\u016bs\u0173 u\u017eklaus\u0105 per\u017ei\u016br\u0117ti skubos tvarka. \u012e tok\u012f lai\u0161k\u0105 pa\u017eadu atsakyti per 24 valandas. Jei patvirtinsiu, kad tai \u012fmanoma, ir J\u016bs i\u0161 karto pateiksite reikalingus dokumentus bei informacij\u0105, pa\u017eadu per kitas 48 valandas pateikti savo i\u0161vad\u0105 d\u0117l J\u016bs\u0173 u\u017eklausos.<\/div>\n<div class=\"mywpcf7cf myshow myhide\">Kartu su prane\u0161imu apie paslaugos kain\u0105, kad neprarastume laiko, atsi\u0173siu sutart\u012f ir u\u017epildyt\u0105 \u012fgaliojimo form\u0105 atstovauti E\u017dTT. \u012egaliojim\u0105 reik\u0117s atsispausdinti, pasira\u0161yti ir pa\u0161tu i\u0161si\u0173sti mano adresu Pranc\u016bzijoje. U\u017e paslaug\u0105 galima atsiskaityti po to, kai E\u017dTT skirti dokumentai bus parengti, bankiniu pavedimu \u012f mano s\u0105skait\u0105 \u0160veicarijoje arba kitais b\u016bdais, priklausomai nuo \u0161alies, i\u0161 kurios atliekamas mok\u0117jimas. Vis d\u0117lto geriau atsiskaityti iki dokument\u0173 i\u0161siuntimo \u012f E\u017dTT, kad prie reikalavim\u0173 d\u0117l teisingo atlyginimo b\u016bt\u0173 galima prid\u0117ti mok\u0117jim\u0105 patvirtinant\u012f dokument\u0105. Tada daug lengviau pagr\u012fsti pra\u0161ym\u0105 atlyginti jau patirtas parei\u0161k\u0117jo atstovavimo Teisme i\u0161laidas.<\/div>\n<div class=\"mywpcf7cf myshow myhide\">\u0160i paslauga akivaizd\u017eiai ne Jums, jei galite tvirtai pritarti bent vienam i\u0161 \u0161i\u0173 teigini\u0173:<\/div>\n<ul class=\"myshow myhide ec-service-blocker-list\"><li><label><input type=\"checkbox\" class=\"ec-service-blocker\" \/><span>Apie mano parei\u0161kim\u0105 Vyriausybei atsakovei dar neprane\u0161ta arba, nors apie j\u012f jau prane\u0161ta, man nebuvo nurodyta pateikti ra\u0161ti\u0161k\u0173 pastab\u0173.<\/span><\/label><\/li>\n<li><label><input type=\"checkbox\" class=\"ec-service-blocker\" \/><span>Nesu pasireng\u0119s(-usi) pateikti vis\u0173 reikaling\u0173 dokument\u0173.<\/span><\/label><\/li>\n<li><label><input type=\"checkbox\" class=\"ec-service-blocker\" \/><span>Nesu pasireng\u0119s(-usi) tvarkyti \u012fgaliojimo ir si\u0173sti jo pa\u0161tu.<\/span><\/label><\/li>\n<li><label><input type=\"checkbox\" class=\"ec-service-blocker\" \/><span>Nesu pasireng\u0119s(-usi) darbo metu atsakyti \u012f papildomus klausimus ir pateikti papildom\u0173 dokument\u0173, jei j\u0173 prireikt\u0173.<\/span><\/label><\/li><\/ul>\n<div class=\"mywpcf7cf myshow myhide\"><button type=\"button\" class=\"mybutton blue\" id=\"load_ajax_form\" data-ec-service-load=\"representation\" data-blocked-message=\"Kol pa\u017eym\u0117tas bent vienas i\u0161 \u0161i\u0173 teigini\u0173, toliau pereiti negal\u0117site. Jei pa\u017eym\u0117jote per klaid\u0105, nuimkite \u017eym\u0105.\">Pateikti dokumentus<\/button><\/div>\n<div class=\"mywpcf7cf myshow myhide\"><a class=\"mybutton blue not-in-text-button\" href=\"mailto:oleg.anishchik@europeancourt.org?subject=Nor\u0117\u010diau pasiteirauti d\u0117l s\u0105lyg\u0173\">Nor\u0117\u010diau pasiteirauti d\u0117l s\u0105lyg\u0173<\/a><\/div>\n<div id=\"ec-service-load-status\" class=\"ec-service-load-status\" aria-live=\"polite\"><\/div>\n<\/div>\n<div id=\"ajax_content\"><\/div>\n<\/div>\n<script>\n(function(){\n  if (window.ecServiceBlockerGuardReady) return;\n  window.ecServiceBlockerGuardReady = true;\n  document.addEventListener('click', function(event) {\n    var button = event.target && event.target.closest ? event.target.closest('[data-ec-service-load]') : null;\n    if (!button) return;\n    var root = button.closest('.ec-service-page');\n    if (!root || !root.querySelector('.ec-service-blocker:checked')) return;\n    event.preventDefault();\n    event.stopPropagation();\n    if (event.stopImmediatePropagation) event.stopImmediatePropagation();\n    var status = root.querySelector('.ec-service-load-status');\n    if (status) status.textContent = button.getAttribute('data-blocked-message') || '';\n  }, true);\n})();\n<\/script>","protected":false},"excerpt":{"rendered":"\u0160i paslauga teikiama tik bylose, kuriose apie parei\u0161kim\u0105 jau prane\u0161ta Vyriausybei atsakovei ir parei\u0161k\u0117jui nurodyta pateikti ra\u0161ti\u0161kas pastabas. Atstovavimo E\u017dTT kaina priklauso nuo laiko, kurio reikia parengti atsakymus \u012f E\u017dTT klausimus, atsakomuosius argumentus \u012f&#46;&#46;&#46;","protected":false},"author":0,"featured_media":0,"parent":222228,"menu_order":0,"comment_status":"closed","ping_status":"closed","template":"","meta":{"footnotes":""},"categories":[],"tags":[],"class_list":["post-225373","page","type-page","status-publish","hentry"],"_links":{"self":[{"href":"https:\/\/europeancourt.org\/lt\/wp-json\/wp\/v2\/pages\/225373","targetHints":{"allow":["GET"]}}],"collection":[{"href":"https:\/\/europeancourt.org\/lt\/wp-json\/wp\/v2\/pages"}],"about":[{"href":"https:\/\/europeancourt.org\/lt\/wp-json\/wp\/v2\/types\/page"}],"replies":[{"embeddable":true,"href":"https:\/\/europeancourt.org\/lt\/wp-json\/wp\/v2\/comments?post=225373"}],"version-history":[{"count":1,"href":"https:\/\/europeancourt.org\/lt\/wp-json\/wp\/v2\/pages\/225373\/revisions"}],"predecessor-version":[{"id":225613,"href":"https:\/\/europeancourt.org\/lt\/wp-json\/wp\/v2\/pages\/225373\/revisions\/225613"}],"up":[{"embeddable":true,"href":"https:\/\/europeancourt.org\/lt\/wp-json\/wp\/v2\/pages\/222228"}],"wp:attachment":[{"href":"https:\/\/europeancourt.org\/lt\/wp-json\/wp\/v2\/media?parent=225373"}],"wp:term":[{"taxonomy":"category","embeddable":true,"href":"https:\/\/europeancourt.org\/lt\/wp-json\/wp\/v2\/categories?post=225373"},{"taxonomy":"post_tag","embeddable":true,"href":"https:\/\/europeancourt.org\/lt\/wp-json\/wp\/v2\/tags?post=225373"}],"curies":[{"name":"wp","href":"https:\/\/api.w.org\/{rel}","templated":true}]}}