{"id":225375,"date":"2026-04-26T14:48:59","date_gmt":"2026-04-26T12:48:59","guid":{"rendered":"https:\/\/europeancourt.org\/teisin%c4%97s-konsultacijos-ir-kontaktai\/"},"modified":"2026-04-26T17:15:38","modified_gmt":"2026-04-26T15:15:38","slug":"teisin%c4%97s-konsultacijos-ir-kontaktai","status":"publish","type":"page","link":"https:\/\/europeancourt.org\/lt\/teisin%c4%97s-konsultacijos-ir-kontaktai\/","title":{"rendered":"Teisin\u0117s konsultacijos ir kontaktai"},"content":{"rendered":"<div class=\"mywpcf7cf myshow myhide\">Man reikia:<\/div>\n\n<div class=\"myshow myhide\"><span class=\"wpcf7-radio\"><span class=\"wpcf7-list-item\"><label><span class=\"wpcf7-list-item-label\">parengti parei\u0161kim\u0105 E\u017dTT<\/span><\/label><\/span><\/span><\/div>\n\n<div class=\"myshow myhide\"><span class=\"wpcf7-radio\"><span class=\"wpcf7-list-item\"><label><span class=\"wpcf7-list-item-label\">patikrinti, ar u\u017epildytame parei\u0161kimo formuliare n\u0117ra klaid\u0173, prie\u0161 siun\u010diant j\u012f \u012f E\u017dTT<\/span><\/label><\/span><\/span><\/div>\n\n<div class=\"myshow myhide\"><span class=\"wpcf7-radio\"><span class=\"wpcf7-list-item\"><label><span class=\"wpcf7-list-item-label\">u\u017esakyti parei\u0161k\u0117jo atstovavim\u0105 E\u017dTT po to, kai apie parei\u0161kim\u0105 prane\u0161ta Vyriausybei atsakovei ir parei\u0161k\u0117jui nurodyta pateikti ra\u0161ti\u0161kas pastabas<\/span><\/label><\/span><\/span><\/div>\n\n<div class=\"myshow myhide\"><span class=\"wpcf7-radio\"><span class=\"wpcf7-list-item\"><label><span class=\"wpcf7-list-item-label\">su\u017einoti parei\u0161kimo E\u017dTT b\u016bkl\u0119<\/span><\/label><\/span><\/span><\/div>\n\n<div class=\"myshow myhide\"><span class=\"wpcf7-radio\"><span class=\"wpcf7-list-item\"><label><span class=\"wpcf7-list-item-label\">atsisi\u0173sti E\u017dTT parei\u0161kimo formuliar\u0105<\/span><\/label><\/span><\/span><\/div>\n\n<div class=\"myshow myhide\"><span class=\"wpcf7-radio\"><span class=\"wpcf7-list-item\"><label><span class=\"wpcf7-list-item-label\">pra\u0161yti konsultacijos<\/span><\/label><\/span><\/span><\/div>\n\n<div class=\"myshow myhide\"><span class=\"wpcf7-radio\"><span class=\"wpcf7-list-item\"><label><span class=\"wpcf7-list-item-label\">parodyti kontaktinius duomenis<\/span><\/label><\/span><\/span><\/div>\n<div id=\"ajax_content\"><\/div>","protected":false},"excerpt":{"rendered":"Man reikia: parengti parei\u0161kim\u0105 E\u017dTT patikrinti, ar u\u017epildytame parei\u0161kimo formuliare n\u0117ra klaid\u0173, prie\u0161 siun\u010diant j\u012f \u012f E\u017dTT u\u017esakyti parei\u0161k\u0117jo atstovavim\u0105 E\u017dTT po to, kai apie parei\u0161kim\u0105 prane\u0161ta Vyriausybei atsakovei ir parei\u0161k\u0117jui nurodyta pateikti ra\u0161ti\u0161kas&#46;&#46;&#46;","protected":false},"author":0,"featured_media":0,"parent":0,"menu_order":0,"comment_status":"closed","ping_status":"closed","template":"","meta":{"footnotes":""},"categories":[],"tags":[],"class_list":["post-225375","page","type-page","status-publish","hentry"],"_links":{"self":[{"href":"https:\/\/europeancourt.org\/lt\/wp-json\/wp\/v2\/pages\/225375","targetHints":{"allow":["GET"]}}],"collection":[{"href":"https:\/\/europeancourt.org\/lt\/wp-json\/wp\/v2\/pages"}],"about":[{"href":"https:\/\/europeancourt.org\/lt\/wp-json\/wp\/v2\/types\/page"}],"replies":[{"embeddable":true,"href":"https:\/\/europeancourt.org\/lt\/wp-json\/wp\/v2\/comments?post=225375"}],"version-history":[{"count":1,"href":"https:\/\/europeancourt.org\/lt\/wp-json\/wp\/v2\/pages\/225375\/revisions"}],"predecessor-version":[{"id":225614,"href":"https:\/\/europeancourt.org\/lt\/wp-json\/wp\/v2\/pages\/225375\/revisions\/225614"}],"wp:attachment":[{"href":"https:\/\/europeancourt.org\/lt\/wp-json\/wp\/v2\/media?parent=225375"}],"wp:term":[{"taxonomy":"category","embeddable":true,"href":"https:\/\/europeancourt.org\/lt\/wp-json\/wp\/v2\/categories?post=225375"},{"taxonomy":"post_tag","embeddable":true,"href":"https:\/\/europeancourt.org\/lt\/wp-json\/wp\/v2\/tags?post=225375"}],"curies":[{"name":"wp","href":"https:\/\/api.w.org\/{rel}","templated":true}]}}