{"id":116056,"date":"2022-06-13T12:26:38","date_gmt":"2022-06-13T10:26:38","guid":{"rendered":"https:\/\/europeancourt.org\/dokumenti\/"},"modified":"2024-06-05T23:14:56","modified_gmt":"2024-06-05T21:14:56","slug":"dokumenti","status":"publish","type":"page","link":"https:\/\/europeancourt.org\/lv\/dokumenti\/","title":{"rendered":"Dokumenti"},"content":{"rendered":"<ul>\n<li><a href=\"https:\/\/europeancourt.org\/lv\/dokumenti\/eiropas-padome\/\" title=\"Eiropas Padome\">Eiropas Padome<\/a><\/li>\n<ul>\n<li><a href=\"https:\/\/europeancourt.org\/lv\/dokumenti\/eiropas-padome\/eiropas-cilv%c4%93kties%c4%abbu-konvencija\/\" title=\"Cilv\u0113kties\u012bbu un pamatbr\u012bv\u012bbu aizsardz\u012bbas konvencija\">Cilv\u0113kties\u012bbu un pamatbr\u012bv\u012bbu aizsardz\u012bbas konvencija<\/a><\/li>\n<ul>\n<li><a href=\"https:\/\/europeancourt.org\/lv\/dokumenti\/eiropas-padome\/eiropas-cilv%c4%93kties%c4%abbu-konvencija\/protokols-nr1\/\" title=\"Cilv\u0113kties\u012bbu un pamatbr\u012bv\u012bbu aizsardz\u012bbas konvencijas Papildus protokols\">Cilv\u0113kties\u012bbu un pamatbr\u012bv\u012bbu aizsardz\u012bbas konvencijas Papildus protokols<\/a><\/li>\n<li><a href=\"https:\/\/europeancourt.org\/lv\/dokumenti\/eiropas-padome\/eiropas-cilv%c4%93kties%c4%abbu-konvencija\/protokols-nr4\/\" title=\"Cilv\u0113kties\u012bbu un pamatbr\u012bv\u012bbu aizsardz\u012bbas konvencijas Ceturtais protokols\">Cilv\u0113kties\u012bbu un pamatbr\u012bv\u012bbu aizsardz\u012bbas konvencijas Ceturtais protokols<\/a><\/li>\n<li><a href=\"https:\/\/europeancourt.org\/lv\/dokumenti\/eiropas-padome\/eiropas-cilv%c4%93kties%c4%abbu-konvencija\/protokols-nr6\/\" title=\"Cilv\u0113kties\u012bbu un pamatbr\u012bv\u012bbu aizsardz\u012bbas konvencijas Sestais protokols\">Cilv\u0113kties\u012bbu un pamatbr\u012bv\u012bbu aizsardz\u012bbas konvencijas Sestais protokols<\/a><\/li>\n<li><a href=\"https:\/\/europeancourt.org\/lv\/dokumenti\/eiropas-padome\/eiropas-cilv%c4%93kties%c4%abbu-konvencija\/protokols-nr7\/\" title=\"Cilv\u0113kties\u012bbu un pamatbr\u012bv\u012bbu aizsardz\u012bbas konvencijas Sept\u012btais protokols\">Cilv\u0113kties\u012bbu un pamatbr\u012bv\u012bbu aizsardz\u012bbas konvencijas Sept\u012btais protokols<\/a><\/li>\n<li><a href=\"https:\/\/europeancourt.org\/lv\/dokumenti\/eiropas-padome\/eiropas-cilv%c4%93kties%c4%abbu-konvencija\/protokols-nr12\/\" title=\"Cilv\u0113kties\u012bbu un pamatbr\u012bv\u012bbu aizsardz\u012bbas konvencijas Divpadsmitais protokols\">Cilv\u0113kties\u012bbu un pamatbr\u012bv\u012bbu aizsardz\u012bbas konvencijas Divpadsmitais protokols<\/a><\/li>\n<li><a href=\"https:\/\/europeancourt.org\/lv\/dokumenti\/eiropas-padome\/eiropas-cilv%c4%93kties%c4%abbu-konvencija\/protokols-nr13\/\" title=\"Cilv\u0113kties\u012bbu un pamatbr\u012bv\u012bbu aizsardz\u012bbas konvencijas Tr\u012bspadsmitais protokols\">Cilv\u0113kties\u012bbu un pamatbr\u012bv\u012bbu aizsardz\u012bbas konvencijas Tr\u012bspadsmitais protokols<\/a><\/li>\n<li><a href=\"https:\/\/europeancourt.org\/lv\/dokumenti\/eiropas-padome\/eiropas-cilv%c4%93kties%c4%abbu-konvencija\/protokols-nr16\/\" title=\"Cilv\u0113kties\u012bbu un pamatbr\u012bv\u012bbu aizsardz\u012bbas konvencijas Se\u0161padsmitais protokols\">Cilv\u0113kties\u012bbu un pamatbr\u012bv\u012bbu aizsardz\u012bbas konvencijas Se\u0161padsmitais protokols<\/a><\/li>\n<\/ul>\n<li><a href=\"https:\/\/europeancourt.org\/lv\/dokumenti\/eiropas-padome\/ect\/\" title=\"Eiropas Cilv\u0113kties\u012bbu tiesa\">Eiropas Cilv\u0113kties\u012bbu tiesa<\/a><\/li>\n<ul>\n<li><a href=\"https:\/\/europeancourt.org\/lv\/dokumenti\/eiropas-padome\/ect\/nolikums-47-pants\/\" title=\"Eiropas Cilv\u0113kties\u012bbu tiesas nolikuma 47. pants\">Tiesas nolikums \u2013 47. pants<\/a><\/li>\n<li><a href=\"https:\/\/europeancourt.org\/en\/documents\/council-of-europe\/echr\/practice-directions-institution-of-proceedings\/\" title=\"Tiesved\u012bbas ierosin\u0101\u0161ana \u2013 Praktiskie nor\u0101d\u012bjumi\">Tiesved\u012bbas ierosin\u0101\u0161ana \u2013 Praktiskie nor\u0101d\u012bjumi<\/a><\/li>\n<li><a href=\"https:\/\/europeancourt.org\/lv\/dokumenti\/eiropas-padome\/ect\/s%c5%abdz%c4%abbas-veidlapa\/\" title=\"S\u016bdz\u012bbas veidlapa Eiropas Cilv\u0113kties\u012bbu ties\u0101\">S\u016bdz\u012bbas veidlapa<\/a><\/li>\n<ul>\n<li><a href=\"https:\/\/europeancourt.org\/lv\/dokumenti\/eiropas-padome\/ect\/s%c5%abdz%c4%abbas-veidlapa\/k%c4%81-aizpild%c4%abt\/\" title=\"K\u0101 aizpild\u012bt s\u016bdz\u012bbas veidlapu\">K\u0101 aizpild\u012bt s\u016bdz\u012bbas veidlapu<\/a><\/li>\n<\/ul>\n<li><a href=\"https:\/\/europeancourt.org\/lv\/dokumenti\/eiropas-padome\/ect\/pilnvaras-veidlapa\/\" title=\"Pilnvaras veidlapa Eiropas Cilv\u0113kties\u012bbu tiesai\">Pilnvaras veidlapa<\/a><\/li>\n<li><a href=\"https:\/\/europeancourt.org\/downloads\/en\/Table_setting_out_the_required_identifying_details_for_each_applicant_to_the_ECtHR_ENG.XLSX\" title=\"Tabula ar pras\u012btajiem identific\u0113jo\u0161iem datiem par katru s\u016bdz\u012bbas iesniedz\u0113ju Eiropas Cilv\u0113kties\u012bbu ties\u0101 (ang\u013cu valod\u0101)\">Pielikums s\u016bdz\u012bbai vair\u0101k nek\u0101 10 s\u016bdz\u012bbu iesniedz\u0113ju v\u0101rd\u0101<\/a><\/li>\n<\/ul><\/ul><\/ul> ","protected":false},"excerpt":{"rendered":"Eiropas Padome Cilv\u0113kties\u012bbu un pamatbr\u012bv\u012bbu aizsardz\u012bbas konvencija Cilv\u0113kties\u012bbu un pamatbr\u012bv\u012bbu aizsardz\u012bbas konvencijas Papildus protokols Cilv\u0113kties\u012bbu un pamatbr\u012bv\u012bbu aizsardz\u012bbas konvencijas Ceturtais protokols Cilv\u0113kties\u012bbu un pamatbr\u012bv\u012bbu aizsardz\u012bbas konvencijas Sestais protokols Cilv\u0113kties\u012bbu un pamatbr\u012bv\u012bbu aizsardz\u012bbas konvencijas Sept\u012btais&#46;&#46;&#46;","protected":false},"author":1,"featured_media":210016,"parent":0,"menu_order":0,"comment_status":"closed","ping_status":"closed","template":"","meta":{"footnotes":""},"categories":[],"tags":[],"class_list":["post-116056","page","type-page","status-publish","has-post-thumbnail","hentry"],"_links":{"self":[{"href":"https:\/\/europeancourt.org\/lv\/wp-json\/wp\/v2\/pages\/116056","targetHints":{"allow":["GET"]}}],"collection":[{"href":"https:\/\/europeancourt.org\/lv\/wp-json\/wp\/v2\/pages"}],"about":[{"href":"https:\/\/europeancourt.org\/lv\/wp-json\/wp\/v2\/types\/page"}],"author":[{"embeddable":true,"href":"https:\/\/europeancourt.org\/lv\/wp-json\/wp\/v2\/users\/1"}],"replies":[{"embeddable":true,"href":"https:\/\/europeancourt.org\/lv\/wp-json\/wp\/v2\/comments?post=116056"}],"version-history":[{"count":0,"href":"https:\/\/europeancourt.org\/lv\/wp-json\/wp\/v2\/pages\/116056\/revisions"}],"wp:featuredmedia":[{"embeddable":true,"href":"https:\/\/europeancourt.org\/lv\/wp-json\/wp\/v2\/media\/210016"}],"wp:attachment":[{"href":"https:\/\/europeancourt.org\/lv\/wp-json\/wp\/v2\/media?parent=116056"}],"wp:term":[{"taxonomy":"category","embeddable":true,"href":"https:\/\/europeancourt.org\/lv\/wp-json\/wp\/v2\/categories?post=116056"},{"taxonomy":"post_tag","embeddable":true,"href":"https:\/\/europeancourt.org\/lv\/wp-json\/wp\/v2\/tags?post=116056"}],"curies":[{"name":"wp","href":"https:\/\/api.w.org\/{rel}","templated":true}]}}