{"id":147373,"date":"2022-06-23T10:51:39","date_gmt":"2022-06-23T08:51:39","guid":{"rendered":"https:\/\/europeancourt.org\/dokumenti\/europos-taryba\/ect\/"},"modified":"2024-06-25T16:17:46","modified_gmt":"2024-06-25T14:17:46","slug":"ect","status":"publish","type":"page","link":"https:\/\/europeancourt.org\/lv\/dokumenti\/eiropas-padome\/ect\/","title":{"rendered":"ECT"},"content":{"rendered":"<ul> \n<li><a href=\"https:\/\/europeancourt.org\/lv\/dokumenti\/eiropas-padome\/ect\/nolikums-47-pants\/\" title=\"Eiropas Cilv\u0113kties\u012bbu tiesas nolikuma 47. pants\">Tiesas nolikums \u2013 47. pants<\/a><\/li>\n<li><a href=\"https:\/\/europeancourt.org\/en\/documents\/council-of-europe\/echr\/practice-directions-institution-of-proceedings\/\" title=\"Tiesved\u012bbas ierosin\u0101\u0161ana \u2013 Praktiskie nor\u0101d\u012bjumi\">Tiesved\u012bbas ierosin\u0101\u0161ana \u2013 Praktiskie nor\u0101d\u012bjumi<\/a><\/li>\n<li><a href=\"https:\/\/europeancourt.org\/lv\/dokumenti\/eiropas-padome\/ect\/s%c5%abdz%c4%abbas-veidlapa\/\" title=\"S\u016bdz\u012bbas veidlapa Eiropas Cilv\u0113kties\u012bbu ties\u0101\">S\u016bdz\u012bbas veidlapa<\/a><\/li>\n<ul>\n<li><a href=\"https:\/\/europeancourt.org\/lv\/dokumenti\/eiropas-padome\/ect\/s%c5%abdz%c4%abbas-veidlapa\/k%c4%81-aizpild%c4%abt\/\" title=\"K\u0101 aizpild\u012bt s\u016bdz\u012bbas veidlapu\">K\u0101 aizpild\u012bt s\u016bdz\u012bbas veidlapu<\/a><\/li>\n<\/ul>\n<li><a href=\"https:\/\/europeancourt.org\/lv\/dokumenti\/eiropas-padome\/ect\/pilnvaras-veidlapa\/\" title=\"Pilnvaras veidlapa Eiropas Cilv\u0113kties\u012bbu tiesai\">Pilnvaras veidlapa<\/a><\/li>\n<li><a href=\"https:\/\/europeancourt.org\/downloads\/en\/Table_setting_out_the_required_identifying_details_for_each_applicant_to_the_ECtHR_ENG.XLSX\" title=\"Tabula ar pras\u012btajiem identific\u0113jo\u0161iem datiem par katru s\u016bdz\u012bbas iesniedz\u0113ju Eiropas Cilv\u0113kties\u012bbu ties\u0101 (ang\u013cu valod\u0101)\">Pielikums s\u016bdz\u012bbai vair\u0101k nek\u0101 10 s\u016bdz\u012bbu iesniedz\u0113ju v\u0101rd\u0101<\/a><\/li>\n<\/ul>","protected":false},"excerpt":{"rendered":"Tiesas nolikums \u2013 47. pants Tiesved\u012bbas ierosin\u0101\u0161ana \u2013 Praktiskie nor\u0101d\u012bjumi S\u016bdz\u012bbas veidlapa K\u0101 aizpild\u012bt s\u016bdz\u012bbas veidlapu Pilnvaras veidlapa Pielikums s\u016bdz\u012bbai vair\u0101k nek\u0101 10 s\u016bdz\u012bbu iesniedz\u0113ju v\u0101rd\u0101","protected":false},"author":1,"featured_media":192029,"parent":116110,"menu_order":0,"comment_status":"closed","ping_status":"closed","template":"","meta":{"footnotes":""},"categories":[],"tags":[],"class_list":["post-147373","page","type-page","status-publish","has-post-thumbnail","hentry"],"_links":{"self":[{"href":"https:\/\/europeancourt.org\/lv\/wp-json\/wp\/v2\/pages\/147373","targetHints":{"allow":["GET"]}}],"collection":[{"href":"https:\/\/europeancourt.org\/lv\/wp-json\/wp\/v2\/pages"}],"about":[{"href":"https:\/\/europeancourt.org\/lv\/wp-json\/wp\/v2\/types\/page"}],"author":[{"embeddable":true,"href":"https:\/\/europeancourt.org\/lv\/wp-json\/wp\/v2\/users\/1"}],"replies":[{"embeddable":true,"href":"https:\/\/europeancourt.org\/lv\/wp-json\/wp\/v2\/comments?post=147373"}],"version-history":[{"count":0,"href":"https:\/\/europeancourt.org\/lv\/wp-json\/wp\/v2\/pages\/147373\/revisions"}],"up":[{"embeddable":true,"href":"https:\/\/europeancourt.org\/lv\/wp-json\/wp\/v2\/pages\/116110"}],"wp:featuredmedia":[{"embeddable":true,"href":"https:\/\/europeancourt.org\/lv\/wp-json\/wp\/v2\/media\/192029"}],"wp:attachment":[{"href":"https:\/\/europeancourt.org\/lv\/wp-json\/wp\/v2\/media?parent=147373"}],"wp:term":[{"taxonomy":"category","embeddable":true,"href":"https:\/\/europeancourt.org\/lv\/wp-json\/wp\/v2\/categories?post=147373"},{"taxonomy":"post_tag","embeddable":true,"href":"https:\/\/europeancourt.org\/lv\/wp-json\/wp\/v2\/tags?post=147373"}],"curies":[{"name":"wp","href":"https:\/\/api.w.org\/{rel}","templated":true}]}}