{"id":147445,"date":"2022-07-02T14:27:20","date_gmt":"2022-07-02T12:27:20","guid":{"rendered":"https:\/\/europeancourt.org\/dokumenti\/europos-taryba\/ect\/nolikums-47-pants\/"},"modified":"2025-10-05T12:00:15","modified_gmt":"2025-10-05T12:00:15","slug":"nolikums-47-pants","status":"publish","type":"page","link":"https:\/\/europeancourt.org\/lv\/dokumenti\/eiropas-padome\/ect\/nolikums-47-pants\/","title":{"rendered":"Tiesas nolikums \u2013 47. pants"},"content":{"rendered":"<h2 style=\"text-align: center;\">Tiesas nolikums<\/h2>\n<p><strong>47. pants<a class=\"paddingleft2px\" title=\"Ar groz\u012bjumiem, kurus Tiesa ir veikusi 2002. gada 17. j\u016bnij\u0101 un 8. j\u016blij\u0101, 2007. gada 11. decembr\u012b, 2008. gada 22. septembr\u012b, 2013. gada 6. maij\u0101 un 2015. gada 1. j\u016bnij\u0101 un 5. oktobr\u012b un 2024. gada 18. janv\u0101r\u012b.\" href=\"#fn1\"><sup style=\"cursor:help\">1<\/sup><\/a> \u2013 Individu\u0101l\u0101s s\u016bdz\u012bbas saturs<\/strong><\/p>\n<p>1. S\u016bdz\u012bbai, kas iesniegta saska\u0146\u0101 ar <a title=\"Cilv\u0113kties\u012bbu un pamatbr\u012bv\u012bbu aizsardz\u012bbas konvencijas 34. pants\" href=\"https:\/\/europeancourt.org\/lv\/dokumenti\/eiropas-padome\/eiropas-cilv%c4%93kties%c4%abbu-konvencija\/#34-pants\">Konvencijas 34. pantu<\/a>, ir j\u0101b\u016bt sagatavotai uz Tiesas sekretari\u0101ta izdotas <a href=\"https:\/\/europeancourt.org\/lv\/dokumenti\/eiropas-padome\/ect\/s%c5%abdz%c4%abbas-veidlapa\/\" title=\"S\u016bdz\u012bbas veidlapa Eiropas Cilv\u0113kties\u012bbu ties\u0101\">s\u016bdz\u012bbas veidlapas<\/a>, ja vien Tiesa nelemj cit\u0101di. Taj\u0101 ir j\u0101ietver inform\u0101cija, kas piepras\u012bta attiec\u012bgaj\u0101s s\u016bdz\u012bbas veidlapas da\u013c\u0101s, un j\u0101nor\u0101da:<\/p>\n<p style=\"padding-left: 40px;\">a) s\u016bdz\u012bbas iesniedz\u0113ja v\u0101rds, dzim\u0161anas datums, pilson\u012bba un adrese, un, ja s\u016bdz\u012bbas iesniedz\u0113js ir juridiska persona \u2013 t\u0101s pilns nosaukums, re\u0123istr\u0101cijas datums, re\u0123istr\u0101cijas numurs (ja t\u0101ds ir) un juridisk\u0101 adrese;<\/p>\n<p style=\"padding-left: 40px;\">b) p\u0101rst\u0101vja, ja t\u0101ds ir noz\u012bm\u0113ts, v\u0101rds, adrese, telefona un faksa numuri, k\u0101 ar\u012b e-pasta adrese;<\/p>\n<p style=\"padding-left: 40px;\">c) ja s\u016bdz\u012bbas iesniedz\u0113jam ir p\u0101rst\u0101vis \u2013 dat\u0113ts s\u016bdz\u012bbas iesniedz\u0113ja paraksta ori\u0123in\u0101ls s\u016bdz\u012bbas veidlapas sada\u013c\u0101 \u201cPilnvara\u201d; \u0161aj\u0101 sada\u013c\u0101 ir j\u0101b\u016bt ar\u012b p\u0101rst\u0101vja paraksta ori\u0123in\u0101lam, kas apliecina p\u0101rst\u0101vja piekri\u0161anu p\u0101rst\u0101v\u0113t s\u016bdz\u012bbas iesniedz\u0113ju; Tiesa var pie\u0146emt parakstu kopijas vai ar\u012b citas pilnvaras, kuras ir der\u012bgas saska\u0146\u0101 ar dal\u012bbvalstu ties\u012bbu norm\u0101m, ja tiek sniegti p\u0101rliecino\u0161i iemesli \u0161o pras\u012bbu neiev\u0113ro\u0161anai un ja Tiesas izdot\u0101 Pilnvaras veidlapa ar parakstu ori\u0123in\u0101liem tiek nos\u016bt\u012bta Tiesai sapr\u0101t\u012bg\u0101 termi\u0146\u0101.<\/p>\n<p style=\"padding-left: 40px;\">d) t\u0101s dal\u012bbvalsts(-u) nosaukums(-i), pret kuru(-\u0101m) s\u016bdz\u012bba ir v\u0113rsta;<\/p>\n<p style=\"padding-left: 40px;\">e) \u012bss un skaidri salas\u0101ms lietas faktisko apst\u0101k\u013cu izkl\u0101sts;<\/p>\n<p style=\"padding-left: 40px;\">f) \u012bss un skaidri salas\u0101ms iesp\u0113jam\u0101(-o) Konvencijas p\u0101rk\u0101puma(-u) izkl\u0101sts un attiec\u012bgie argumenti;<\/p>\n<p style=\"padding-left: 40px;\">g) \u012bss un skaidri salas\u0101ms apliecin\u0101jums tam, ka s\u016bdz\u012bbas iesniedz\u0113js ir izpild\u012bjis lietu pie\u0146emam\u012bbas krit\u0113rijus, kas noteikti <a title=\"Cilv\u0113kties\u012bbu un pamatbr\u012bv\u012bbu aizsardz\u012bbas konvencijas 35. pants\" href=\"https:\/\/europeancourt.org\/lv\/dokumenti\/eiropas-padome\/eiropas-cilv%c4%93kties%c4%abbu-konvencija\/#35-pants\">Konvencijas 35. panta<\/a> 1. punkt\u0101.<\/p>\n<p>2.<\/p>\n<p style=\"padding-left: 40px;\">a) Inform\u0101cijai, kas ir piepras\u012bta saska\u0146\u0101 ar \u0161\u0101 panta 1. punkta e) \u2013 g) apak\u0161punktiem un kas ir nor\u0101d\u012bta attiec\u012bgaj\u0101s s\u016bdz\u012bbas veidlapas da\u013c\u0101s, ir j\u0101b\u016bt pietiekamai, lai Tiesa var\u0113tu noteikt s\u016bdz\u012bbas b\u016bt\u012bbu un tv\u0113rumu, neizmantojot nevienu citu dokumentu.<\/p>\n<p style=\"padding-left: 40px;\">b) S\u016bdz\u012bbas iesniedz\u0113js var papildin\u0101t \u0161o inform\u0101ciju, pievienojot s\u016bdz\u012bbas veidlapai s\u012bk\u0101ku inform\u0101ciju par faktiem, iesp\u0113jamajiem Konvencijas p\u0101rk\u0101pumiem un attiec\u012bgajiem argumentiem. \u0160\u012b papildu inform\u0101cija var tikt izkl\u0101st\u012bta uz ne vair\u0101k k\u0101 20 lappus\u0113m.<\/p>\n<p>3.1. S\u016bdz\u012bbas iesniedz\u0113jam vai t\u0101 p\u0101rst\u0101vim ir j\u0101paraksta s\u016bdz\u012bbas veidlapa un tai j\u0101pievieno: <\/p>\n<p style=\"padding-left: 40px;\">a) dokumentu kopijas, kas attiecas uz l\u0113mumiem vai r\u012bc\u012bbu, par ko tiek iesniegta s\u016bdz\u012bba, neatkar\u012bgi no t\u0101, vai tie ir tiesu nol\u0113mumi, vai ar\u012b cita veida dokumenti;<\/p>\n<p style=\"padding-left: 40px;\">b) dokumentu un l\u0113mumu kopijas, kas apliecina to, ka s\u016bdz\u012bbas iesniedz\u0113js ir izpild\u012bjis <a title=\"Cilv\u0113kties\u012bbu un pamatbr\u012bv\u012bbu aizsardz\u012bbas konvencijas 35. pants\" href=\"https:\/\/europeancourt.org\/lv\/dokumenti\/eiropas-padome\/eiropas-cilv%c4%93kties%c4%abbu-konvencija\/#35-pants\">Konvencijas 35. panta<\/a> 1. punkt\u0101 noteikt\u0101s pras\u012bbas izsmelt viet\u0113jos ties\u012bbu aizsardz\u012bbas l\u012bdzek\u013cus un iek\u013cauties noteiktaj\u0101 termi\u0146\u0101;<\/p>\n<p style=\"padding-left: 40px;\">c) ja nepiecie\u0161ams \u2013 dokumentu kopijas, kas attiecas uz citu starptautisku izmekl\u0113\u0161anas vai mierizl\u012bguma proced\u016bru;<\/p>\n<p style=\"padding-left: 40px;\">d) ja s\u016bdz\u012bbas iesniedz\u0113js atbilsto\u0161i Tiesas nolikuma 47. panta 1. punkta a) apak\u0161punktam ir juridiska persona \u2013 dokuments vai dokumenti, kuri apliecina, ka s\u016bdz\u012bbu ir iesniegusi persona, kurai ir ties\u012bbas p\u0101rst\u0101v\u0113t \u0161o s\u016bdz\u012bbas iesniedz\u0113ju.<\/p>\n<p>3.2. Dokumenti, kas ir pievienoti s\u016bdz\u012bbas veidlapai, ir j\u0101uzskaita p\u0113c datumiem, tiem ir j\u0101b\u016bt sec\u012bgi numur\u0113tiem un tie ir skaidri j\u0101nor\u0101da.<\/p>\n<p>4. S\u016bdz\u012bbas iesniedz\u0113ji, kuri nev\u0113las publiski dar\u012bt zin\u0101mu savu identit\u0101ti, to nor\u0101da un min iemeslus, kas attaisno \u0161\u0101du atk\u0101p\u0161anos no visp\u0101r\u012bg\u0101 principa par publisku pieeju inform\u0101cijai Tiesas proces\u0101. Tiesa var pie\u0161\u0137irt anonimit\u0101ti p\u0113c savas iniciat\u012bvas vai p\u0113c s\u016bdz\u012bbas iesniedz\u0113ja l\u016bguma.<\/p>\n<p>5.1. Jebkuras no \u0161\u0101 panta 1.\u20133. punktos min\u0113t\u0101s pras\u012bbas neizpild\u012b\u0161anas gad\u012bjum\u0101 Tiesa neizskat\u012bs s\u016bdz\u012bbu, iz\u0146emot \u0161\u0101dus gad\u012bjumus:<\/p>\n<p style=\"padding-left: 40px;\">a) s\u016bdz\u012bbas iesniedz\u0113js ir pietiekami paskaidrojis pras\u012bbu neizpildi;<\/p>\n<p style=\"padding-left: 40px;\">b) s\u016bdz\u012bba ir saist\u012bta ar piepras\u012bjumu piem\u0113rot pagaidu pas\u0101kumus;<\/p>\n<p style=\"padding-left: 40px;\">c) citos gad\u012bjumos, kurus Tiesa nosaka p\u0113c savas iniciat\u012bvas vai p\u0113c s\u016bdz\u012bbas iesniedz\u0113ja l\u016bguma.<\/p>\n<p>5.2. Tiesa var jebkur\u0101 gad\u012bjum\u0101 pras\u012bt s\u016bdz\u012bbas iesniedz\u0113jam noteikt\u0101 termi\u0146\u0101 sniegt inform\u0101ciju vai dokumentus t\u0101d\u0101 form\u0101t\u0101 vai veid\u0101, k\u0101ds var b\u016bt nepiecie\u0161ams.<\/p>\n<p>6.<\/p>\n<p style=\"padding-left: 40px;\">a) Par s\u016bdz\u012bbas iesnieg\u0161anas datumu <a title=\"Cilv\u0113kties\u012bbu un pamatbr\u012bv\u012bbu aizsardz\u012bbas konvencijas 35. pants\" href=\"https:\/\/europeancourt.org\/lv\/dokumenti\/eiropas-padome\/eiropas-cilv%c4%93kties%c4%abbu-konvencija\/#35-pants\">Konvencijas 35. panta<\/a> 1. punkta noz\u012bm\u0113 tiek uzskat\u012bts datums, kur\u0101 Tiesai ir nos\u016bt\u012bta s\u016bdz\u012bbas veidlapa, kas atbilst \u0161aj\u0101 pant\u0101 noteiktaj\u0101m pras\u012bb\u0101m. Par nos\u016bt\u012b\u0161anas datumu tiek uzskat\u012bts pasta z\u012bmoga datums.<\/p>\n<p style=\"padding-left: 40px;\">b) Pamatotos gad\u012bjumos Tiesa var ar\u012b nolemt, ka par s\u016bdz\u012bbas iesnieg\u0161anas datumu tiek uzskat\u012bts cits datums.<\/p>\n<p>7. S\u016bdz\u012bbas iesniedz\u0113jiem ir j\u0101inform\u0113 Tiesa par savas adreses un jebkuru citu ar s\u016bdz\u012bbu saist\u012bto apst\u0101k\u013cu mai\u0146u.<\/p>\n__________\n<p id=\"fn1\"><sup>1<\/sup> Ar groz\u012bjumiem, kurus Tiesa ir veikusi 2002. gada 17. j\u016bnij\u0101 un 8. j\u016blij\u0101, 2007. gada 11. decembr\u012b, 2008. gada 22. septembr\u012b, 2013. gada 6. maij\u0101 un 2015. gada 1. j\u016bnij\u0101 un 5. oktobr\u012b un 2024. gada 18. janv\u0101r\u012b.<\/p>","protected":false},"excerpt":{"rendered":"Tiesas nolikums 47. pants1 \u2013 Individu\u0101l\u0101s s\u016bdz\u012bbas saturs 1. S\u016bdz\u012bbai, kas iesniegta saska\u0146\u0101 ar Konvencijas 34. pantu, ir j\u0101b\u016bt sagatavotai uz Tiesas sekretari\u0101ta izdotas s\u016bdz\u012bbas veidlapas, ja vien Tiesa nelemj cit\u0101di. Taj\u0101 ir j\u0101ietver&#46;&#46;&#46;","protected":false},"author":1,"featured_media":188915,"parent":147373,"menu_order":0,"comment_status":"closed","ping_status":"closed","template":"","meta":{"footnotes":""},"categories":[],"tags":[],"class_list":["post-147445","page","type-page","status-publish","has-post-thumbnail","hentry"],"_links":{"self":[{"href":"https:\/\/europeancourt.org\/lv\/wp-json\/wp\/v2\/pages\/147445","targetHints":{"allow":["GET"]}}],"collection":[{"href":"https:\/\/europeancourt.org\/lv\/wp-json\/wp\/v2\/pages"}],"about":[{"href":"https:\/\/europeancourt.org\/lv\/wp-json\/wp\/v2\/types\/page"}],"author":[{"embeddable":true,"href":"https:\/\/europeancourt.org\/lv\/wp-json\/wp\/v2\/users\/1"}],"replies":[{"embeddable":true,"href":"https:\/\/europeancourt.org\/lv\/wp-json\/wp\/v2\/comments?post=147445"}],"version-history":[{"count":0,"href":"https:\/\/europeancourt.org\/lv\/wp-json\/wp\/v2\/pages\/147445\/revisions"}],"up":[{"embeddable":true,"href":"https:\/\/europeancourt.org\/lv\/wp-json\/wp\/v2\/pages\/147373"}],"wp:featuredmedia":[{"embeddable":true,"href":"https:\/\/europeancourt.org\/lv\/wp-json\/wp\/v2\/media\/188915"}],"wp:attachment":[{"href":"https:\/\/europeancourt.org\/lv\/wp-json\/wp\/v2\/media?parent=147445"}],"wp:term":[{"taxonomy":"category","embeddable":true,"href":"https:\/\/europeancourt.org\/lv\/wp-json\/wp\/v2\/categories?post=147445"},{"taxonomy":"post_tag","embeddable":true,"href":"https:\/\/europeancourt.org\/lv\/wp-json\/wp\/v2\/tags?post=147445"}],"curies":[{"name":"wp","href":"https:\/\/api.w.org\/{rel}","templated":true}]}}