{"id":177042,"date":"2022-07-03T16:50:48","date_gmt":"2022-07-03T14:50:48","guid":{"rendered":"https:\/\/europeancourt.org\/dokumenti\/europos-taryba\/ect\/pilnvaras-veidlapa\/"},"modified":"2024-06-10T23:56:03","modified_gmt":"2024-06-10T21:56:03","slug":"pilnvaras-veidlapa","status":"publish","type":"page","link":"https:\/\/europeancourt.org\/lv\/dokumenti\/eiropas-padome\/ect\/pilnvaras-veidlapa\/","title":{"rendered":"Pilnvaras veidlapa Eiropas Cilv\u0113kties\u012bbu tiesai"},"content":{"rendered":"<p>\u0160o veidlapu izdosies veiksm\u012bgi lietot tikai izmantojot programmu Adobe Reader 9 vai \u0161\u012bs programmas jaun\u0101ku versiju, un izmantojot Windows vai Mac OS X oper\u0113t\u0101jsist\u0113mu. L\u016bdzam J\u016bs p\u0101rliecin\u0101ties, ka esat instal\u0113jis Adobe Reader programmu sav\u0101 dator\u0101 (programmu iesp\u0113jams <a href=\"https:\/\/get.adobe.com\/reader\/\" title=\"Adobe Reader\" target=\"_blank\" rel=\"noopener\">lejupiel\u0101d\u0113t internet\u0101 www.adobe.com<\/a>).<\/p>\n<ul>\n<li>Saglab\u0101jiet veidlapu J\u016bsu izv\u0113l\u0113taj\u0101 viet\u0101 sav\u0101 dator\u0101.<\/li>\n<li>Atveriet saglab\u0101to veidlapas kopiju Adobe Reader programm\u0101.<\/li>\n<li>Aizpildiet veidlapu un to saglab\u0101jiet.<\/li>\n<li>Aizpild\u012bto veidlapu izdruk\u0101jiet, parakstiet un nos\u016btiet Tiesai pa pastu.<\/li>\n<\/ul>\n<p style=\"text-align: center;\"><a title=\"Pilnvaras veidlapa Eiropas Cilv\u0113kties\u012bbu tiesai\" href=\"https:\/\/europeancourt.org\/downloads\/lv\/Pilnvaras_veidlapa_Eiropas_Cilvektiesibu_tiesai_LAV_2021-1.PDF\" class=\"extlinkoff mybrightbutton red\" download=\"\">Lejupiel\u0101d\u0113t <i class=\"fas fa-download\"><\/i><\/a><\/p>\n<iframe class=\"wonderplugin-pdf-iframe\" src=\"https:\/\/europeancourt.org\/wp-content\/plugins\/wonderplugin-pdf-embed\/pdfjs\/web\/viewer.html?v=2&disabledownload=1&disableprint=1&disabledoc=1&disableopenfile=1&externallinktarget=2&file=https:\/\/europeancourt.org\/noindex\/AuthF_LAV_2021-1.pdf\" title=\"Pilnvaras veidlapa Eiropas Cilv\u0113kties\u012bbu tiesai\" width=\"100%\" height=\"900px\" style=\"border:0;\"><\/iframe>","protected":false},"excerpt":{"rendered":"\u0160o veidlapu izdosies veiksm\u012bgi lietot tikai izmantojot programmu Adobe Reader 9 vai \u0161\u012bs programmas jaun\u0101ku versiju, un izmantojot Windows vai Mac OS X oper\u0113t\u0101jsist\u0113mu. L\u016bdzam J\u016bs p\u0101rliecin\u0101ties, ka esat instal\u0113jis Adobe Reader programmu sav\u0101&#46;&#46;&#46;","protected":false},"author":1,"featured_media":191814,"parent":147373,"menu_order":0,"comment_status":"closed","ping_status":"closed","template":"","meta":{"footnotes":""},"categories":[],"tags":[],"class_list":["post-177042","page","type-page","status-publish","has-post-thumbnail","hentry"],"_links":{"self":[{"href":"https:\/\/europeancourt.org\/lv\/wp-json\/wp\/v2\/pages\/177042","targetHints":{"allow":["GET"]}}],"collection":[{"href":"https:\/\/europeancourt.org\/lv\/wp-json\/wp\/v2\/pages"}],"about":[{"href":"https:\/\/europeancourt.org\/lv\/wp-json\/wp\/v2\/types\/page"}],"author":[{"embeddable":true,"href":"https:\/\/europeancourt.org\/lv\/wp-json\/wp\/v2\/users\/1"}],"replies":[{"embeddable":true,"href":"https:\/\/europeancourt.org\/lv\/wp-json\/wp\/v2\/comments?post=177042"}],"version-history":[{"count":0,"href":"https:\/\/europeancourt.org\/lv\/wp-json\/wp\/v2\/pages\/177042\/revisions"}],"up":[{"embeddable":true,"href":"https:\/\/europeancourt.org\/lv\/wp-json\/wp\/v2\/pages\/147373"}],"wp:featuredmedia":[{"embeddable":true,"href":"https:\/\/europeancourt.org\/lv\/wp-json\/wp\/v2\/media\/191814"}],"wp:attachment":[{"href":"https:\/\/europeancourt.org\/lv\/wp-json\/wp\/v2\/media?parent=177042"}],"wp:term":[{"taxonomy":"category","embeddable":true,"href":"https:\/\/europeancourt.org\/lv\/wp-json\/wp\/v2\/categories?post=177042"},{"taxonomy":"post_tag","embeddable":true,"href":"https:\/\/europeancourt.org\/lv\/wp-json\/wp\/v2\/tags?post=177042"}],"curies":[{"name":"wp","href":"https:\/\/api.w.org\/{rel}","templated":true}]}}