{"id":222181,"date":"2024-01-08T15:08:10","date_gmt":"2024-01-08T14:08:10","guid":{"rendered":"https:\/\/europeancourt.org\/pakalpojumi\/"},"modified":"2025-10-02T23:01:06","modified_gmt":"2025-10-02T23:01:06","slug":"pakalpojumi","status":"publish","type":"page","link":"https:\/\/europeancourt.org\/lv\/pakalpojumi\/","title":{"rendered":"Pakalpojumi"},"content":{"rendered":"<ul>\r\n\t<li><a href=\"https:\/\/europeancourt.org\/lv\/pakalpojumi\/ect\/\" title=\"ECT\">ECT<\/a><\/li>\r\n<ul>\r\n\t\t<li><a href=\"https:\/\/europeancourt.org\/en\/services\/echr\/preparing-applications\/\" title=\"ECT s\u016bdz\u012bbu sagatavo\u0161ana\">ECT s\u016bdz\u012bbu sagatavo\u0161ana<\/a><\/li>\r\n\r\n\t<li><a href=\"https:\/\/europeancourt.org\/en\/services\/echr\/checking-filled-in-applications\/\" title=\"Aizpild\u012bto ECT s\u016bdz\u012bbu veidlapu p\u0101rbaude\">Aizpild\u012bto ECT s\u016bdz\u012bbu veidlapu p\u0101rbaude<\/a><\/li>\r\n\r\n\t<li><a href=\"https:\/\/europeancourt.org\/en\/services\/echr\/representing-applicants\/\" title=\"Iesniedz\u0113ju p\u0101rst\u0101v\u012bba ECT\">Iesniedz\u0113ju p\u0101rst\u0101v\u012bba ECT<\/a><\/li>\r\n\r\n\t<li><a href=\"https:\/\/europeancourt.org\/en\/services\/echr\/translating-applications-into-english\/\" title=\"ECT s\u016bdz\u012bbu tulko\u0161ana ang\u013cu valod\u0101\"> ECT s\u016bdz\u012bbu tulko\u0161ana ang\u013cu valod\u0101<\/a><\/li>\r\n\r\n\t<li><a href=\"https:\/\/europeancourt.org\/lv\/pakalpojumi\/ect\/atrast-s%c5%abdz%c4%abbas-numuru-re%c4%a3istr%c4%81ciju-vai-spriedumu\/\" title=\"Atrast ECT s\u016bdz\u012bbas numuru, re\u0123istr\u0101ciju vai spriedumu\"> Atrast ECT s\u016bdz\u012bbas numuru, re\u0123istr\u0101ciju vai spriedumu <\/a><\/li>\r\n\r\n\t<li><a href=\"https:\/\/europeancourt.org\/en\/legal-advice-and-contacts\/\" title=\"Juridisk\u0101s konsult\u0101cijas un kontakti\">Juridisk\u0101s konsult\u0101cijas un kontakti<\/a><\/li>\r\n<\/ul>\r\n<\/ul>\r\n","protected":false},"excerpt":{"rendered":"ECT ECT s\u016bdz\u012bbu sagatavo\u0161ana Aizpild\u012bto ECT s\u016bdz\u012bbu veidlapu p\u0101rbaude Iesniedz\u0113ju p\u0101rst\u0101v\u012bba ECT ECT s\u016bdz\u012bbu tulko\u0161ana ang\u013cu valod\u0101 Atrast ECT s\u016bdz\u012bbas numuru, re\u0123istr\u0101ciju vai spriedumu Juridisk\u0101s konsult\u0101cijas un kontakti","protected":false},"author":1,"featured_media":222412,"parent":0,"menu_order":0,"comment_status":"closed","ping_status":"closed","template":"","meta":{"footnotes":""},"categories":[],"tags":[],"class_list":["post-222181","page","type-page","status-publish","has-post-thumbnail","hentry"],"_links":{"self":[{"href":"https:\/\/europeancourt.org\/lv\/wp-json\/wp\/v2\/pages\/222181","targetHints":{"allow":["GET"]}}],"collection":[{"href":"https:\/\/europeancourt.org\/lv\/wp-json\/wp\/v2\/pages"}],"about":[{"href":"https:\/\/europeancourt.org\/lv\/wp-json\/wp\/v2\/types\/page"}],"author":[{"embeddable":true,"href":"https:\/\/europeancourt.org\/lv\/wp-json\/wp\/v2\/users\/1"}],"replies":[{"embeddable":true,"href":"https:\/\/europeancourt.org\/lv\/wp-json\/wp\/v2\/comments?post=222181"}],"version-history":[{"count":2,"href":"https:\/\/europeancourt.org\/lv\/wp-json\/wp\/v2\/pages\/222181\/revisions"}],"predecessor-version":[{"id":222357,"href":"https:\/\/europeancourt.org\/lv\/wp-json\/wp\/v2\/pages\/222181\/revisions\/222357"}],"wp:featuredmedia":[{"embeddable":true,"href":"https:\/\/europeancourt.org\/lv\/wp-json\/wp\/v2\/media\/222412"}],"wp:attachment":[{"href":"https:\/\/europeancourt.org\/lv\/wp-json\/wp\/v2\/media?parent=222181"}],"wp:term":[{"taxonomy":"category","embeddable":true,"href":"https:\/\/europeancourt.org\/lv\/wp-json\/wp\/v2\/categories?post=222181"},{"taxonomy":"post_tag","embeddable":true,"href":"https:\/\/europeancourt.org\/lv\/wp-json\/wp\/v2\/tags?post=222181"}],"curies":[{"name":"wp","href":"https:\/\/api.w.org\/{rel}","templated":true}]}}