{"id":223410,"date":"2021-10-07T00:26:31","date_gmt":"2021-10-06T22:26:31","guid":{"rendered":"https:\/\/europeancourt.org\/?page_id=223410"},"modified":"2025-11-29T11:16:00","modified_gmt":"2025-11-29T10:16:00","slug":"atrast-s%c5%abdz%c4%abbas-numuru-re%c4%a3istr%c4%81ciju-vai-spriedumu","status":"publish","type":"page","link":"https:\/\/europeancourt.org\/lv\/pakalpojumi\/ect\/atrast-s%c5%abdz%c4%abbas-numuru-re%c4%a3istr%c4%81ciju-vai-spriedumu\/","title":{"rendered":"Atrast ECT s\u016bdz\u012bbas numuru, re\u0123istr\u0101ciju vai spriedumu"},"content":{"rendered":"<div class=\"mywpcf7cf myshow myhide\">Vai j\u016bs zin\u0101t attiec\u012bg\u0101s s\u016bdz\u012bbas numuru?<\/div>\r\n<div class=\"mywpcf7cf myshow myhide\">\r\n  <span class=\"mymultyradiobutton blue\">\r\n    <span class=\"wpcf7-list-item wpcf7\">\r\n      <label><input type=\"radio\"><span class=\"wpcf7-list-item-label\">J\u0101<\/span><\/label>\r\n    <\/span>\r\n  <\/span>\r\n  <span class=\"mymultyradiobutton blue\">\r\n    <span class=\"wpcf7-list-item wpcf7\">\r\n      <label><input type=\"radio\"><span class=\"wpcf7-list-item-label\">N\u0113<\/span><\/label>\r\n    <\/span>\r\n  <\/span>\r\n<\/div>\r\n<div class=\"mywpcf7cf-blueleft myshow myhide\">\r\n  <span class=\"mycustomsummary\">Kas ir s\u016bdz\u012bbas numurs?<\/span>\r\n  <span class=\"mycustomdetails\">\r\n    <span class=\"vlist\">\r\n      <span class=\"vitem\">S\u016bdz\u012bbas numurs ir nor\u0101d\u012bts jebkur\u0101 ECT v\u0113stul\u0113 par s\u016bdz\u012bbu, kura re\u0123istr\u0113ta, \u2013 t\u016bl\u012bt p\u0113c v\u0101rdiem \u201cLietas nr.\u201d un pirms s\u016bdz\u012bbas (lietas) nosaukuma. Korespondenc\u0113 ang\u013cu valod\u0101 raksta \u201cApplication no.\u201d, fran\u010du valod\u0101 \u2013 \u201cRequ\u00eate n\u00b0\u201d.<\/span>\r\n      <span class=\"vitem\">S\u016bdz\u012bbas numura form\u0101ts: NUMURS\/GADS, piem., 123\/14. Tikai cipari un sl\u012bpsv\u012btra uz labo pusi: \u201c\/\u201d, bez atstarp\u0113m.<\/span>\r\n      <span class=\"vitem\">T\u0101da pa\u0161a form\u0101ta numurs ECT v\u0113stul\u0113 par s\u016bdz\u012bbas veidlapas neatbilst\u012bbu pras\u012bb\u0101m nav s\u016bdz\u012bbas numurs. \u0160is numurs var k\u013c\u016bt par s\u016bdz\u012bbas numuru tikai p\u0113c tam, kad ECT sa\u0146ems jaunu pras\u012bb\u0101m atbilsto\u0161u s\u016bdz\u012bbas veidlapu un re\u0123istr\u0113s s\u016bdz\u012bbu. \u0160\u0101d\u0101 v\u0113stul\u0113 s\u016bdz\u012bbas (lietas) nosaukumu nenor\u0101da, jo s\u016bdz\u012bba nav re\u0123istr\u0113ta, un parasti nor\u0101da kodu ECHR-Axxx6, kur \u201cxxx\u201d apz\u012bm\u0113 v\u0113stules valodu.<\/span>\r\n    <\/span>\r\n  <\/span>\r\n<\/div>\r\n<div class=\"mywpcf7cf myshow myhide mywpcf7cf-utility\">\r\n  <div class=\"mybutton red not-in-text-button is-disabled\" aria-disabled=\"true\">S\u0101kt no jauna<\/div>\r\n  <a class=\"mybutton red not-in-text-button\" href=\"mailto:oleg.anishchik@europeancourt.org?subject=Atrast ECT s\u016bdz\u012bbas numuru, re\u0123istr\u0101ciju vai spriedumu: k\u013c\u016bda&#038;body=K\u013c\u016bdas apraksts: \">Zi\u0146ot par k\u013c\u016bdu<\/a>\r\n<\/div>\r\n<div id=\"ajax_content\"><\/div>","protected":false},"excerpt":{"rendered":"Vai j\u016bs zin\u0101t attiec\u012bg\u0101s s\u016bdz\u012bbas numuru? J\u0101 N\u0113 Kas ir s\u016bdz\u012bbas numurs? S\u016bdz\u012bbas numurs ir nor\u0101d\u012bts jebkur\u0101 ECT v\u0113stul\u0113 par s\u016bdz\u012bbu, kura re\u0123istr\u0113ta, \u2013 t\u016bl\u012bt p\u0113c v\u0101rdiem \u201cLietas nr.\u201d un pirms s\u016bdz\u012bbas (lietas) nosaukuma.&#46;&#46;&#46;","protected":false},"author":1,"featured_media":223411,"parent":222227,"menu_order":0,"comment_status":"closed","ping_status":"closed","template":"","meta":{"footnotes":""},"categories":[],"tags":[],"class_list":["post-223410","page","type-page","status-publish","has-post-thumbnail","hentry"],"_links":{"self":[{"href":"https:\/\/europeancourt.org\/lv\/wp-json\/wp\/v2\/pages\/223410","targetHints":{"allow":["GET"]}}],"collection":[{"href":"https:\/\/europeancourt.org\/lv\/wp-json\/wp\/v2\/pages"}],"about":[{"href":"https:\/\/europeancourt.org\/lv\/wp-json\/wp\/v2\/types\/page"}],"author":[{"embeddable":true,"href":"https:\/\/europeancourt.org\/lv\/wp-json\/wp\/v2\/users\/1"}],"replies":[{"embeddable":true,"href":"https:\/\/europeancourt.org\/lv\/wp-json\/wp\/v2\/comments?post=223410"}],"version-history":[{"count":1,"href":"https:\/\/europeancourt.org\/lv\/wp-json\/wp\/v2\/pages\/223410\/revisions"}],"predecessor-version":[{"id":223412,"href":"https:\/\/europeancourt.org\/lv\/wp-json\/wp\/v2\/pages\/223410\/revisions\/223412"}],"up":[{"embeddable":true,"href":"https:\/\/europeancourt.org\/lv\/wp-json\/wp\/v2\/pages\/222227"}],"wp:featuredmedia":[{"embeddable":true,"href":"https:\/\/europeancourt.org\/lv\/wp-json\/wp\/v2\/media\/223411"}],"wp:attachment":[{"href":"https:\/\/europeancourt.org\/lv\/wp-json\/wp\/v2\/media?parent=223410"}],"wp:term":[{"taxonomy":"category","embeddable":true,"href":"https:\/\/europeancourt.org\/lv\/wp-json\/wp\/v2\/categories?post=223410"},{"taxonomy":"post_tag","embeddable":true,"href":"https:\/\/europeancourt.org\/lv\/wp-json\/wp\/v2\/tags?post=223410"}],"curies":[{"name":"wp","href":"https:\/\/api.w.org\/{rel}","templated":true}]}}