{"id":225377,"date":"2026-04-26T14:47:47","date_gmt":"2026-04-26T12:47:47","guid":{"rendered":"https:\/\/europeancourt.org\/pakalpojumi\/ect\/ect-s%c5%abdz%c4%abbu-sagatavo%c5%a1ana\/"},"modified":"2026-04-26T17:16:47","modified_gmt":"2026-04-26T15:16:47","slug":"ect-s%c5%abdz%c4%abbu-sagatavo%c5%a1ana","status":"publish","type":"page","link":"https:\/\/europeancourt.org\/lv\/pakalpojumi\/ect\/ect-s%c5%abdz%c4%abbu-sagatavo%c5%a1ana\/","title":{"rendered":"ECT s\u016bdz\u012bbu sagatavo\u0161ana"},"content":{"rendered":"<div id=\"ec-preparation-page\" class=\"ec-service-page ec-service-preparation\" data-service=\"preparation\">\n<div class=\"ec-service-screen ec-service-screen-1\">\n<div class=\"mywpcf7cf myshow myhide\">S\u016bdz\u012bbas sagatavo\u0161anas izmaksas ir atkar\u012bgas no t\u0101, cik daudz laika \u0161is darbs pras\u012bs. Izmaksu diapazons ir \u013coti pla\u0161s: no da\u017eiem simtiem euro, ja viss iek\u013caujas div\u0101s vai trij\u0101s stund\u0101s, l\u012bdz 10 000 euro un vair\u0101k, ja nepiecie\u0161amas desmitiem stundu. \u0160is laiks ir nepiecie\u0161ams dokumentu izp\u0113tei, b\u016btisk\u0101ko faktu izdal\u012b\u0161anai, visas aktu\u0101l\u0101s ECT judikat\u016bras atlas\u012b\u0161anai un anal\u012bzei gan p\u0113c b\u016bt\u012bbas, gan pie\u0146emam\u012bbas zi\u0146\u0101 attiec\u012bb\u0101 uz katru iesp\u0113jamo s\u016bdz\u012bbu, pa\u0161u s\u016bdz\u012bbu formul\u0113\u0161anai uz \u0161\u0101 pamata, argumentu izstr\u0101dei par katru iesp\u0113jamo p\u0101rk\u0101pumu un par pie\u0146emam\u012bbas nosac\u012bjumu iev\u0113ro\u0161anu attiec\u012bb\u0101 uz katru iesp\u0113jamo p\u0101rk\u0101pumu, un p\u0113c tam visa t\u0101 izkl\u0101st\u012b\u0161anai s\u016bdz\u012bbas veidlap\u0101 \u012bsi, skaidri un bez pretrun\u0101m.<\/div>\n<div class=\"mywpcf7cf myshow myhide\">Tikai p\u0113c dokumentu izskat\u012b\u0161anas varu noteikt, cik daudz laika tas pras\u012bs tie\u0161i J\u016bsu gad\u012bjum\u0101 un cik attiec\u012bgi izmaks\u0101s s\u016bdz\u012bbas sagatavo\u0161ana. L\u016bdzu, iesniedziet visus nol\u0113mumus, par kuriem Jums ir s\u016bdz\u012bbas, un citus dokumentus, kuros atspogu\u013coti pas\u0101kumi, par kuriem Jums ir s\u016bdz\u012bbas, visas s\u016bdz\u012bbas, pras\u012bbas un citus iesniegumus valsts iest\u0101d\u0113m, tostarp ties\u0101m, kuros \u0161\u012bs s\u016bdz\u012bbas p\u0113c b\u016bt\u012bbas tika izvirz\u012btas, k\u0101 ar\u012b visus nol\u0113mumus par \u0161iem iesniegumiem. Ja visa lietas materi\u0101lu kopa Jums jau ir elektronisk\u0101 veid\u0101, lab\u0101k iesniedziet to uzreiz piln\u012bb\u0101. Nebaidieties iesniegt liekus dokumentus un neuztraucieties, ja kaut ko neesat pievienojis: ja p\u0113c iesniegto dokumentu izskat\u012b\u0161anas man b\u016bs vajadz\u012bgi papildu dokumenti, es l\u016bg\u0161u Jums tos ats\u016bt\u012bt.<\/div>\n<div class=\"mywpcf7cf myshow myhide\">Parasti par s\u016bdz\u012bbas sagatavo\u0161anas izmaks\u0101m atbildu vienas ned\u0113\u013cas laik\u0101 p\u0113c tam, kad esmu sa\u0146\u0113mis visus vajadz\u012bgos dokumentus un inform\u0101ciju. Ja termi\u0146\u0161 v\u0113rsties ECT beidzas jau tuv\u0101ko dienu laik\u0101, uzrakstiet man un pajaut\u0101jiet, vai varu J\u016bsu piepras\u012bjumu izskat\u012bt steidzami. Uz \u0161\u0101du e-pastu apsolu atbild\u0113t 24 stundu laik\u0101. Ja apstiprin\u0101\u0161u, ka to varu izdar\u012bt, un J\u016bs nekav\u0113joties iesniegsiet vajadz\u012bgos dokumentus un inform\u0101ciju, secin\u0101jumu par \u0161\u0101du piepras\u012bjumu apsolu pazi\u0146ot n\u0101kamo 48 stundu laik\u0101.<\/div>\n<div class=\"mywpcf7cf myshow myhide\">Ja secin\u0101\u0161u, ka ir saskat\u0101mas pamatotas izredzes v\u0113rsties ECT, es pazi\u0146o\u0161u Jums prec\u012bzas s\u016bdz\u012bbas sagatavo\u0161anas izmaksas, \u0146emot v\u0113r\u0101 t\u0101s s\u016bdz\u012bbas, kuras ir v\u0113rts izvirz\u012bt, un \u013coti \u012bsi uzrakst\u012b\u0161u, par ko s\u016bdz\u0113ties nav j\u0113gas. Vienlaikus es nos\u016bt\u012b\u0161u Jums ar\u012b l\u012bgumu par s\u016bdz\u012bbas sagatavo\u0161anu. Par pakalpojumu var nor\u0113\u0137in\u0101ties ar bankas p\u0101rskait\u012bjumu uz manu kontu \u0160veic\u0113 vai citos veidos atkar\u012bb\u0101 no maks\u0101juma valsts. S\u016bdz\u012bbas sagatavo\u0161anas termi\u0146\u0161 vienm\u0113r \u013caus to iesniegt ECT, iev\u0113rojot termi\u0146u v\u0113rsties Ties\u0101. Darba rezult\u0101t\u0101 J\u016bs pa e-pastu sa\u0146emsiet aizpild\u012btu s\u016bdz\u012bbas veidlapu, noform\u0113tus pielikumus un paskaidrojumus, k\u0101 to visu pareizi izdruk\u0101t, parakst\u012bt un nos\u016bt\u012bt ECT. P\u0101rst\u0101v\u012bba ECT un jebkur\u0161 cits darbs liet\u0101 s\u016bdz\u012bbas sagatavo\u0161anas cen\u0101 nav iek\u013cauts. Ja secin\u0101\u0161u, ka nav saskat\u0101mas nek\u0101das pamatotas izredzes v\u0113rsties ECT, es Jums pazi\u0146o\u0161u tikai to.<\/div>\n<div class=\"mywpcf7cf myshow myhide\">\u0160is pakalpojums ac\u012bmredzami nav paredz\u0113ts Jums, ja uz Jums attiecas kaut viens no \u0161iem apgalvojumiem:<\/div>\n<ul class=\"myshow myhide ec-service-blocker-list\"><li><label><input type=\"checkbox\" class=\"ec-service-blocker\" \/><span>Man jau ir aizpild\u012bta s\u016bdz\u012bbas veidlapa, un man vajag tikai p\u0101rbaud\u012bt, vai taj\u0101 nav k\u013c\u016bdu.<\/span><\/label><\/li>\n<li><label><input type=\"checkbox\" class=\"ec-service-blocker\" \/><span>Es neesmu gatavs iesniegt visus nepiecie\u0161amos lietas dokumentus.<\/span><\/label><\/li>\n<li><label><input type=\"checkbox\" class=\"ec-service-blocker\" \/><span>Es sagaidu detaliz\u0113tus paskaidrojumus par katru savu s\u016bdz\u012bbu, pat tad, ja ar \u0161o s\u016bdz\u012bbu v\u0113rsties ECT nav saskat\u0101mas pamatotas izredzes.<\/span><\/label><\/li>\n<li><label><input type=\"checkbox\" class=\"ec-service-blocker\" \/><span>Es sagaidu, ka s\u016bdz\u012bba tiks sagatavota ar\u012b tad, ja nav saskat\u0101mas pamatotas izredzes v\u0113rsties ECT.<\/span><\/label><\/li>\n<li><label><input type=\"checkbox\" class=\"ec-service-blocker\" \/><span>\u0145emot v\u0113r\u0101 manu s\u016bdz\u012bbu skaitu un dokumentu apjomu, kas man jau ir \u0161aj\u0101 liet\u0101, man ir skaidrs, ka s\u016bdz\u012bbas sagatavo\u0161anai b\u016bs vajadz\u012bgs iev\u0113rojami vair\u0101k laika, nek\u0101 es esmu gatavs apmaks\u0101t.<\/span><\/label><\/li>\n<li><label><input type=\"checkbox\" class=\"ec-service-blocker\" \/><span>Es pats varu aizpild\u012bt s\u016bdz\u012bbas veidlapu atbilsto\u0161i vis\u0101m ECT pras\u012bb\u0101m un taj\u0101, prec\u012bzi iev\u0113rojot lietas materi\u0101lus un manu lietu skaro\u0161o aktu\u0101lo ECT judikat\u016bru, izkl\u0101st\u012bt visus b\u016btiskos faktus, iesp\u0113jamos p\u0101rk\u0101pumus un inform\u0101ciju par pie\u0146emam\u012bbas nosac\u012bjumu iev\u0113ro\u0161anu attiec\u012bb\u0101 uz katru iesp\u0113jamo p\u0101rk\u0101pumu.<\/span><\/label><\/li><\/ul>\n<div class=\"mywpcf7cf myshow myhide\"><button type=\"button\" class=\"mybutton blue\" id=\"load_ajax_form\" data-ec-service-load=\"preparation\" data-blocked-message=\"Kam\u0113r ir atz\u012bm\u0113ts kaut viens no \u0161iem apgalvojumiem, turpin\u0101t nevar\u0113s. Ja atz\u012bme ir ielikta k\u013c\u016bdas d\u0113\u013c, no\u0146emiet to.\">Iesniegt dokumentus<\/button><\/div>\n<div class=\"mywpcf7cf myshow myhide\"><a class=\"mybutton blue not-in-text-button\" href=\"mailto:oleg.anishchik@europeancourt.org?subject=Es v\u0113l\u0113tos preciz\u0113t nosac\u012bjumus\">Es v\u0113l\u0113tos preciz\u0113t nosac\u012bjumus<\/a><\/div>\n<div id=\"ec-service-load-status\" class=\"ec-service-load-status\" aria-live=\"polite\"><\/div>\n<\/div>\n<div id=\"ajax_content\"><\/div>\n<\/div>\n<script>\n(function(){\n  if (window.ecServiceBlockerGuardReady) return;\n  window.ecServiceBlockerGuardReady = true;\n  document.addEventListener('click', function(event) {\n    var button = event.target && event.target.closest ? event.target.closest('[data-ec-service-load]') : null;\n    if (!button) return;\n    var root = button.closest('.ec-service-page');\n    if (!root || !root.querySelector('.ec-service-blocker:checked')) return;\n    event.preventDefault();\n    event.stopPropagation();\n    if (event.stopImmediatePropagation) event.stopImmediatePropagation();\n    var status = root.querySelector('.ec-service-load-status');\n    if (status) status.textContent = button.getAttribute('data-blocked-message') || '';\n  }, true);\n})();\n<\/script>","protected":false},"excerpt":{"rendered":"S\u016bdz\u012bbas sagatavo\u0161anas izmaksas ir atkar\u012bgas no t\u0101, cik daudz laika \u0161is darbs pras\u012bs. Izmaksu diapazons ir \u013coti pla\u0161s: no da\u017eiem simtiem euro, ja viss iek\u013caujas div\u0101s vai trij\u0101s stund\u0101s, l\u012bdz 10 000 euro un&#46;&#46;&#46;","protected":false},"author":0,"featured_media":0,"parent":222227,"menu_order":0,"comment_status":"closed","ping_status":"closed","template":"","meta":{"footnotes":""},"categories":[],"tags":[],"class_list":["post-225377","page","type-page","status-publish","hentry"],"_links":{"self":[{"href":"https:\/\/europeancourt.org\/lv\/wp-json\/wp\/v2\/pages\/225377","targetHints":{"allow":["GET"]}}],"collection":[{"href":"https:\/\/europeancourt.org\/lv\/wp-json\/wp\/v2\/pages"}],"about":[{"href":"https:\/\/europeancourt.org\/lv\/wp-json\/wp\/v2\/types\/page"}],"replies":[{"embeddable":true,"href":"https:\/\/europeancourt.org\/lv\/wp-json\/wp\/v2\/comments?post=225377"}],"version-history":[{"count":1,"href":"https:\/\/europeancourt.org\/lv\/wp-json\/wp\/v2\/pages\/225377\/revisions"}],"predecessor-version":[{"id":225615,"href":"https:\/\/europeancourt.org\/lv\/wp-json\/wp\/v2\/pages\/225377\/revisions\/225615"}],"up":[{"embeddable":true,"href":"https:\/\/europeancourt.org\/lv\/wp-json\/wp\/v2\/pages\/222227"}],"wp:attachment":[{"href":"https:\/\/europeancourt.org\/lv\/wp-json\/wp\/v2\/media?parent=225377"}],"wp:term":[{"taxonomy":"category","embeddable":true,"href":"https:\/\/europeancourt.org\/lv\/wp-json\/wp\/v2\/categories?post=225377"},{"taxonomy":"post_tag","embeddable":true,"href":"https:\/\/europeancourt.org\/lv\/wp-json\/wp\/v2\/tags?post=225377"}],"curies":[{"name":"wp","href":"https:\/\/api.w.org\/{rel}","templated":true}]}}