{"id":225381,"date":"2026-04-26T14:48:47","date_gmt":"2026-04-26T12:48:47","guid":{"rendered":"https:\/\/europeancourt.org\/pakalpojumi\/ect\/iesniedz%c4%93ju-p%c4%81rst%c4%81v%c4%abba-ect\/"},"modified":"2026-04-26T17:16:58","modified_gmt":"2026-04-26T15:16:58","slug":"iesniedz%c4%93ju-p%c4%81rst%c4%81v%c4%abba-ect","status":"publish","type":"page","link":"https:\/\/europeancourt.org\/lv\/pakalpojumi\/ect\/iesniedz%c4%93ju-p%c4%81rst%c4%81v%c4%abba-ect\/","title":{"rendered":"Iesniedz\u0113ju p\u0101rst\u0101v\u012bba ECT"},"content":{"rendered":"<div id=\"ec-representation-page\" class=\"ec-service-page ec-service-representation\" data-service=\"representation\">\n<div class=\"ec-service-screen ec-service-screen-1\">\n<div class=\"mywpcf7cf myshow myhide\">\u0160is pakalpojums tiek pied\u0101v\u0101ts tikai attiec\u012bb\u0101 uz s\u016bdz\u012bb\u0101m, par kur\u0101m Tiesa jau ir piepras\u012bjusi atbild\u0113t\u0101jvalsts vald\u012bbai sniegt rakstveida paskaidrojumus un ir pazi\u0146ojusi s\u016bdz\u012bbas iesniedz\u0113jam, ka ar\u012b vi\u0146am j\u0101iesniedz rakstveida paskaidrojumi.<\/div>\n<div class=\"mywpcf7cf myshow myhide\">P\u0101rst\u0101v\u012bbas izmaksas ir atkar\u012bgas no t\u0101, cik daudz laika b\u016bs vajadz\u012bgs atbild\u0113m uz ECT jaut\u0101jumiem, atbild\u0113m uz atbild\u0113t\u0101jvalsts vald\u012bbas rakstveida paskaidrojumiem, k\u0101 ar\u012b, ja nepiecie\u0161ams, faktu preciz\u0113jumiem un pras\u012bjumiem par taisn\u012bgu atl\u012bdz\u012bbu. Izmaksu diapazons ir \u013coti pla\u0161s: no da\u017eiem simtiem euro, ja viss iek\u013caujas div\u0101s vai trij\u0101s stund\u0101s, l\u012bdz 10 000 euro un vair\u0101k, ja nepiecie\u0161amas desmitiem stundu.<\/div>\n<div class=\"mywpcf7cf myshow myhide\">Tikai p\u0113c dokumentu izskat\u012b\u0161anas varu noteikt, cik daudz laika tas pras\u012bs tie\u0161i J\u016bsu gad\u012bjum\u0101 un cik attiec\u012bgi izmaks\u0101s p\u0101rst\u0101v\u012bba. L\u016bdzu, iesniedziet s\u016bdz\u012bbu ar visiem pielikumiem, visu, kas par to papildus tika nos\u016bt\u012bts ECT, un visu, kas no ECT tika sa\u0146emts. Ja man b\u016bs vajadz\u012bgi papildu dokumenti, es l\u016bg\u0161u Jums tos ats\u016bt\u012bt.<\/div>\n<div class=\"mywpcf7cf myshow myhide\">Parasti par p\u0101rst\u0101v\u012bbas izmaks\u0101m atbildu vienas ned\u0113\u013cas laik\u0101 p\u0113c tam, kad esmu sa\u0146\u0113mis visus vajadz\u012bgos dokumentus un inform\u0101ciju. Ja ECT noteiktais termi\u0146\u0161 paskaidrojumu vai citu materi\u0101lu iesnieg\u0161anai beidzas jau tuv\u0101ko dienu laik\u0101, uzrakstiet man un pajaut\u0101jiet, vai varu J\u016bsu piepras\u012bjumu izskat\u012bt steidzami. Uz \u0161\u0101du e-pastu apsolu atbild\u0113t 24 stundu laik\u0101. Ja apstiprin\u0101\u0161u, ka to varu izdar\u012bt, un J\u016bs nekav\u0113joties iesniegsiet vajadz\u012bgos dokumentus un inform\u0101ciju, secin\u0101jumu par \u0161\u0101du piepras\u012bjumu apsolu pazi\u0146ot n\u0101kamo 48 stundu laik\u0101.<\/div>\n<div class=\"mywpcf7cf myshow myhide\">Lai nezaud\u0113tu laiku, vienlaikus ar pakalpojuma cenas pazi\u0146o\u0161anu nos\u016bt\u012b\u0161u Jums ar\u012b l\u012bgumu un aizpild\u012btu pilnvaras veidlapu p\u0101rst\u0101v\u012bbai ECT. Pilnvaras veidlapa b\u016bs j\u0101izdruk\u0101, j\u0101paraksta un pa pastu j\u0101nos\u016bta uz manu adresi Francij\u0101. Par pakalpojumu var nor\u0113\u0137in\u0101ties ar bankas p\u0101rskait\u012bjumu uz manu kontu \u0160veic\u0113 vai citos veidos atkar\u012bb\u0101 no maks\u0101juma valsts p\u0113c tam, kad dokumenti ECT b\u016bs sagatavoti. Tom\u0113r lab\u0101k to izdar\u012bt pirms to nos\u016bt\u012b\u0161anas ECT, lai pras\u012bjumiem par taisn\u012bgu atl\u012bdz\u012bbu var\u0113tu pievienot maks\u0101jumu apliecino\u0161u dokumentu: tad ir daudz viegl\u0101k pamatot pras\u012bjumu par jau radu\u0161os ar s\u016bdz\u012bbas iesniedz\u0113ja p\u0101rst\u0101v\u012bbu Ties\u0101 saist\u012bto izmaksu atl\u012bdzin\u0101\u0161anu.<\/div>\n<div class=\"mywpcf7cf myshow myhide\">\u0160is pakalpojums ac\u012bmredzami nav paredz\u0113ts Jums, ja uz Jums attiecas kaut viens no \u0161iem apgalvojumiem:<\/div>\n<ul class=\"myshow myhide ec-service-blocker-list\"><li><label><input type=\"checkbox\" class=\"ec-service-blocker\" \/><span>Tiesa par manu s\u016bdz\u012bbu v\u0113l nav piepras\u012bjusi atbild\u0113t\u0101jvalsts vald\u012bbai sniegt rakstveida paskaidrojumus, vai ar\u012b, lai gan t\u0101 to ir izdar\u012bjusi, man nav pazi\u0146ots, ka ar\u012b man j\u0101iesniedz rakstveida paskaidrojumi.<\/span><\/label><\/li>\n<li><label><input type=\"checkbox\" class=\"ec-service-blocker\" \/><span>Es neesmu gatavs iesniegt visus nepiecie\u0161amos dokumentus.<\/span><\/label><\/li>\n<li><label><input type=\"checkbox\" class=\"ec-service-blocker\" \/><span>Es neesmu gatavs noform\u0113t pilnvaras veidlapu un nos\u016bt\u012bt to pa pastu.<\/span><\/label><\/li>\n<li><label><input type=\"checkbox\" class=\"ec-service-blocker\" \/><span>Es neesmu gatavs darba gait\u0101 atbild\u0113t uz preciz\u0113jo\u0161iem jaut\u0101jumiem un iesniegt papildu dokumentus, ja tie b\u016bs nepiecie\u0161ami.<\/span><\/label><\/li><\/ul>\n<div class=\"mywpcf7cf myshow myhide\"><button type=\"button\" class=\"mybutton blue\" id=\"load_ajax_form\" data-ec-service-load=\"representation\" data-blocked-message=\"Kam\u0113r ir atz\u012bm\u0113ts kaut viens no \u0161iem apgalvojumiem, turpin\u0101t nevar\u0113s. Ja atz\u012bme ir ielikta k\u013c\u016bdas d\u0113\u013c, no\u0146emiet to.\">Iesniegt dokumentus<\/button><\/div>\n<div class=\"mywpcf7cf myshow myhide\"><a class=\"mybutton blue not-in-text-button\" href=\"mailto:oleg.anishchik@europeancourt.org?subject=Es v\u0113l\u0113tos preciz\u0113t nosac\u012bjumus\">Es v\u0113l\u0113tos preciz\u0113t nosac\u012bjumus<\/a><\/div>\n<div id=\"ec-service-load-status\" class=\"ec-service-load-status\" aria-live=\"polite\"><\/div>\n<\/div>\n<div id=\"ajax_content\"><\/div>\n<\/div>\n<script>\n(function(){\n  if (window.ecServiceBlockerGuardReady) return;\n  window.ecServiceBlockerGuardReady = true;\n  document.addEventListener('click', function(event) {\n    var button = event.target && event.target.closest ? event.target.closest('[data-ec-service-load]') : null;\n    if (!button) return;\n    var root = button.closest('.ec-service-page');\n    if (!root || !root.querySelector('.ec-service-blocker:checked')) return;\n    event.preventDefault();\n    event.stopPropagation();\n    if (event.stopImmediatePropagation) event.stopImmediatePropagation();\n    var status = root.querySelector('.ec-service-load-status');\n    if (status) status.textContent = button.getAttribute('data-blocked-message') || '';\n  }, true);\n})();\n<\/script>","protected":false},"excerpt":{"rendered":"\u0160is pakalpojums tiek pied\u0101v\u0101ts tikai attiec\u012bb\u0101 uz s\u016bdz\u012bb\u0101m, par kur\u0101m Tiesa jau ir piepras\u012bjusi atbild\u0113t\u0101jvalsts vald\u012bbai sniegt rakstveida paskaidrojumus un ir pazi\u0146ojusi s\u016bdz\u012bbas iesniedz\u0113jam, ka ar\u012b vi\u0146am j\u0101iesniedz rakstveida paskaidrojumi. P\u0101rst\u0101v\u012bbas izmaksas ir atkar\u012bgas&#46;&#46;&#46;","protected":false},"author":0,"featured_media":0,"parent":222227,"menu_order":0,"comment_status":"closed","ping_status":"closed","template":"","meta":{"footnotes":""},"categories":[],"tags":[],"class_list":["post-225381","page","type-page","status-publish","hentry"],"_links":{"self":[{"href":"https:\/\/europeancourt.org\/lv\/wp-json\/wp\/v2\/pages\/225381","targetHints":{"allow":["GET"]}}],"collection":[{"href":"https:\/\/europeancourt.org\/lv\/wp-json\/wp\/v2\/pages"}],"about":[{"href":"https:\/\/europeancourt.org\/lv\/wp-json\/wp\/v2\/types\/page"}],"replies":[{"embeddable":true,"href":"https:\/\/europeancourt.org\/lv\/wp-json\/wp\/v2\/comments?post=225381"}],"version-history":[{"count":1,"href":"https:\/\/europeancourt.org\/lv\/wp-json\/wp\/v2\/pages\/225381\/revisions"}],"predecessor-version":[{"id":225616,"href":"https:\/\/europeancourt.org\/lv\/wp-json\/wp\/v2\/pages\/225381\/revisions\/225616"}],"up":[{"embeddable":true,"href":"https:\/\/europeancourt.org\/lv\/wp-json\/wp\/v2\/pages\/222227"}],"wp:attachment":[{"href":"https:\/\/europeancourt.org\/lv\/wp-json\/wp\/v2\/media?parent=225381"}],"wp:term":[{"taxonomy":"category","embeddable":true,"href":"https:\/\/europeancourt.org\/lv\/wp-json\/wp\/v2\/categories?post=225381"},{"taxonomy":"post_tag","embeddable":true,"href":"https:\/\/europeancourt.org\/lv\/wp-json\/wp\/v2\/tags?post=225381"}],"curies":[{"name":"wp","href":"https:\/\/api.w.org\/{rel}","templated":true}]}}