{"id":40738,"date":"2022-04-29T20:07:30","date_gmt":"2022-04-29T18:07:30","guid":{"rendered":"https:\/\/europeancourt.org\/eiropas-cilv%c4%93kties%c4%abbu-konvencija\/"},"modified":"2025-10-05T12:00:15","modified_gmt":"2025-10-05T12:00:15","slug":"eiropas-cilv%c4%93kties%c4%abbu-tiesa","status":"publish","type":"page","link":"https:\/\/europeancourt.org\/lv\/","title":{"rendered":"O\u013cegs Ani\u0161\u010diks, p\u0101rst\u0101vis ECT, ANO CTK, Interpol-CCF"},"content":{"rendered":"<p>Eiropas Cilv\u0113kties\u012bbu tiesa (ECT) ir starptautiska tiesa (atrodas Strasb\u016br\u0101) kas var izskat\u012bt vien\u012bgi fizisku personu, organiz\u0101ciju un komercsabiedr\u012bbu s\u016bdz\u012bbas par Eiropas Cilv\u0113kties\u012bbu un pamatbr\u012bv\u012bbu aizsardz\u012bbas konvencij\u0101 noteikto ties\u012bbu p\u0101rk\u0101pumiem.<\/p> \n<p><a title=\"Cilv\u0113kties\u012bbu un pamatbr\u012bv\u012bbu aizsardz\u012bbas konvencija\" href=\"https:\/\/europeancourt.org\/lv\/dokumenti\/eiropas-padome\/eiropas-cilv%c4%93kties%c4%abbu-konvencija\/\">Eiropas Cilv\u0113kties\u012bbu un pamatbr\u012bv\u012bbu aizsardz\u012bbas konvencija<\/a> ir starptautisks l\u012bgums, ar kuru daudzas Eiropas valstis ir ap\u0146\u0113mu\u0161\u0101s nodro\u0161in\u0101t noteiktas pamatties\u012bbas. Garant\u0113t\u0101s ties\u012bbas ir noteiktas pa\u0161\u0101 Konvencij\u0101, k\u0101 ar\u012b t\u0101s protokolos Nr. <a title=\"Cilv\u0113kties\u012bbu un pamatbr\u012bv\u012bbu aizsardz\u012bbas konvencijas Papildus protokols\" href=\"https:\/\/europeancourt.org\/lv\/dokumenti\/eiropas-padome\/eiropas-cilv%c4%93kties%c4%abbu-konvencija\/protokols-nr1\/\">1<\/a>, <a title=\"Cilv\u0113kties\u012bbu un pamatbr\u012bv\u012bbu aizsardz\u012bbas konvencijas Ceturtais protokols\" href=\"https:\/\/europeancourt.org\/lv\/dokumenti\/eiropas-padome\/eiropas-cilv%c4%93kties%c4%abbu-konvencija\/protokols-nr4\/\">4<\/a>, <a title=\"Cilv\u0113kties\u012bbu un pamatbr\u012bv\u012bbu aizsardz\u012bbas konvencijas Sestais protokols\" href=\"https:\/\/europeancourt.org\/lv\/dokumenti\/eiropas-padome\/eiropas-cilv%c4%93kties%c4%abbu-konvencija\/protokols-nr6\/\">6<\/a>, <a title=\"Cilv\u0113kties\u012bbu un pamatbr\u012bv\u012bbu aizsardz\u012bbas konvencijas Sept\u012btais protokols\" href=\"https:\/\/europeancourt.org\/lv\/dokumenti\/eiropas-padome\/eiropas-cilv%c4%93kties%c4%abbu-konvencija\/protokols-nr7\/\">7<\/a>, <a title=\"Cilv\u0113kties\u012bbu un pamatbr\u012bv\u012bbu aizsardz\u012bbas konvencijas Divpadsmitais protokols\" href=\"https:\/\/europeancourt.org\/lv\/dokumenti\/eiropas-padome\/eiropas-cilv%c4%93kties%c4%abbu-konvencija\/protokols-nr12\/\">12<\/a> un <a title=\"Cilv\u0113kties\u012bbu un pamatbr\u012bv\u012bbu aizsardz\u012bbas konvencijas Tr\u012bspadsmitais protokols\" href=\"https:\/\/europeancourt.org\/lv\/dokumenti\/eiropas-padome\/eiropas-cilv%c4%93kties%c4%abbu-konvencija\/protokols-nr13\/\">13<\/a>, kurus gan nav parakst\u012bju\u0161as visas valstis.<\/p>\n<p>Tiesa piem\u0113ro Eiropas Cilv\u0113kties\u012bbu Konvenciju. T\u0101s uzdevums ir nodro\u0161in\u0101t, lai valstis iev\u0113rotu Konvencij\u0101 ietvert\u0101s ties\u012bbas un garantijas. Tiesa to dara, izskatot s\u016bdz\u012bbas, ko iesniedz fiziskas vai juridiskas personas vai, atsevi\u0161\u0137os gad\u012bjumos, valstis. Ja Tiesa konstat\u0113, ka dal\u012bbvalsts ir p\u0101rk\u0101pusi vienu vai vair\u0101kas no \u0161\u012bm ties\u012bb\u0101m un garantij\u0101m, t\u0101 pasludina spriedumu. Spriedumi ir saisto\u0161i: attiec\u012bgaj\u0101m valst\u012bm ir pien\u0101kums tos pild\u012bt.<\/p>\n<p>Jums nav oblig\u0101ti j\u0101b\u016bt pilsonim vien\u0101 no <a title=\"Eiropas Padomes dal\u012bbvalstis\" href=\"https:\/\/europeancourt.org\/lv\/dokumenti\/eiropas-padome\/eiropas-cilv%c4%93kties%c4%abbu-konvencija\/#ratifik%C4%81cija\">Konvencijas dal\u012bbvalst\u012bm<\/a>. Jums nav j\u0101b\u016bt vienas no Konvencijas dal\u012bbvalstu pilsonim\/ P\u0101rk\u0101pumam, par kuru j\u016bs s\u016bdzaties, vienk\u0101r\u0161i j\u0101b\u016bt izdar\u012btam k\u0101das dal\u012bbvalsts \u201cjurisdikcij\u0101\u201d, kas parasti noz\u012bm\u0113 t\u0101s teritorij\u0101. Darb\u012bbu vai bezdarb\u012bbu, par ko j\u016bs s\u016bdzaties, j\u0101b\u016bt veiku\u0161ai vienai vai vair\u0101k\u0101m valsts iest\u0101d\u0113m k\u0101d\u0101 no iesaist\u012btaj\u0101m dal\u012bbvalst\u012bm (piem\u0113ram, tiesai vai valsts p\u0101rvaldes iest\u0101dei). Tiesa nevar pie\u0146emt s\u016bdz\u012bbas, kas v\u0113rstas pret priv\u0101tperson\u0101m vai priv\u0101tiem uz\u0146\u0113mumiem.  Jums j\u0101b\u016bt tie\u0161i un person\u012bgi cietu\u0161am no p\u0101rk\u0101puma, par kuru j\u016bs s\u016bdzaties. J\u016bs nevarat iesniegt visp\u0101r\u012bgu s\u016bdz\u012bbu, par k\u0101du likumu vai aktu, kas, piem\u0113ram, jums \u0161\u0137iet netaisn\u012bgs. T\u0101pat j\u016bs nevarat iesniegt s\u016bdz\u012bbu citu personu viet\u0101 (iz\u0146emot gad\u012bjumus, kad \u0161\u012bs personas ir skaidri identific\u0113tas un ir j\u016bs iec\u0113lu\u0161as par savu pilnvaroto p\u0101rst\u0101vi).   J\u016bs nevarat s\u016bdz\u0113ties par k\u0101du citu ties\u012bbu aizsardz\u012bbas dokumentu, piem\u0113ram, Visp\u0101r\u0113j\u0101s cilv\u0113kties\u012bbu deklar\u0101cijas vai Pamatties\u012bbu hartas, p\u0101rk\u0101pumu.<\/p>\n<p>Jums ir j\u0101izmanto visi valsts iek\u0161\u0113jie ties\u012bbu aizsardz\u012bbas l\u012bdzek\u013ci, kuri var\u0113tu atrisin\u0101t situ\u0101ciju, par kuru j\u016bs s\u016bdzaties (parasti tas noz\u012bm\u0113 iesniegumu atbilsto\u0161ai tiesu instancei, kam seko apel\u0101cija, ja vien iesp\u0113jams, un pat v\u0113l viena apel\u0101cija augst\u0101k\u0101 tiesu instanc\u0113, piem\u0113ram, augst\u0101kaj\u0101 ties\u0101 vai konstitucion\u0101laj\u0101 ties\u0101, ja t\u0101da ir). Nav pietiekami tikai izmantot \u0161os ties\u012bbu aizsardz\u012bbas l\u012bdzek\u013cus. To darot, jums ar\u012b faktiski j\u0101b\u016bt izvirz\u012bju\u0161am savu s\u016bdz\u012bbu (tas noz\u012bm\u0113 Konvencijas normu p\u0101rk\u0101puma b\u016bt\u012bbu, par kuru s\u016bdzaties). Lai iesniegtu s\u016bdz\u012bbu, jums ir tikai \u010detri m\u0113ne\u0161i kop\u0161 gal\u012bg\u0101 iek\u0161\u0113j\u0101 l\u0113muma (kas parasti b\u016bs augst\u0101k\u0101s tiesu instances nol\u0113mums).    <a title=\"S\u016bdz\u012bbas veidlapa Eiropas Cilv\u0113kties\u012bbu ties\u0101\" href=\"https:\/\/europeancourt.org\/lv\/dokumenti\/eiropas-padome\/ect\/s%c5%abdz%c4%abbas-veidlapa\/\">S\u016bdz\u012bbas veidlapa<\/a> l\u012bdz ar visu nepiecie\u0161amo inform\u0101ciju un dokumentiem ir j\u0101nos\u016bta Tiesai l\u012bdz \u010detru m\u0113ne\u0161u termi\u0146a p\u0113d\u0113jai dienai (to ieskaitot). <a title=\"S\u016bdz\u012bbas veidlapas p\u0101rbaude \u2013 Eiropas Cilv\u0113kties\u012bbu tiesa\" href=\"https:\/\/europeancourt.org\/en\/services\/echr\/checking-filled-in-applications\/\">P\u0101rliecinies<\/a>, vai t\u0101 satur visu nepiecie\u0161amo inform\u0101ciju un dokumentus.<\/p>\n<p>Tiesa nevar izskat\u012bt visa veida s\u016bdz\u012bbas. Tiesas pilnvaras ierobe\u017eo Konvencij\u0101 ietvertie lietu pie\u0146emam\u012bbas krit\u0113riji, kuri noteic to, kur\u0161, kad un par ko var s\u016bdz\u0113ties Ties\u0101. Vair\u0101k k\u0101 90% Tiesas izskat\u012bto s\u016bdz\u012bbu tiek atz\u012btas par nepie\u0146emam\u0101m. T\u0101d\u0113\u013c Jums b\u016btu j\u0101p\u0101rliecin\u0101s par to, ka J\u016bsu s\u016bdz\u012bbas atbilst lietu pie\u0146emam\u012bbas krit\u0113rijiem. Lai ieg\u016btu pla\u0161\u0101ku inform\u0101ciju par min\u0113tajiem krit\u0113rijiem, J\u016bs varat <a title=\"Jurista konsult\u0101cijas \u2013 Eiropas Cilv\u0113kties\u012bbu tiesa\" href=\"https:\/\/europeancourt.org\/en\/legal-advice-and-contacts\/\">konsult\u0113ties ar advok\u0101tu<\/a>.<\/p>\n<p>J\u016bsu lieta tiks izskat\u012bta bez maksas. Jums b\u016bs j\u0101sedz tikai savi personiskie izdevumi (t\u0101di k\u0101 maksa par jurista pakalpojumiem vai izdevumi, kas saist\u012bti ar lietas sagatavo\u0161anu un saraksti). Tiesa nepal\u012bdz\u0113s jums neapmaks\u0101s <a title=\"S\u016bdz\u012bbu sagatavo\u0161ana Eiropas Cilv\u0113kties\u012bbu ties\u0101\" href=\"https:\/\/europeancourt.org\/en\/services\/echr\/preparing-applications\/\">juristu pakalpojumus, lai sagatavotu j\u016bsu s\u016bdz\u012bbu<\/a>. Lai gan tiesved\u012bbas s\u0101kotn\u0113j\u0101 stadij\u0101 nav nepiecie\u0161ams, lai j\u016bs p\u0101rst\u0101v\u0113tu jurists, <a title=\"P\u0101rst\u0101v\u012bba ar juristu \u2013 Eiropas Cilv\u0113kties\u012bbu tiesa\" href=\"https:\/\/europeancourt.org\/en\/services\/echr\/representing-applicants\/\">p\u0101rst\u0101vis jums b\u016bs nepiecie\u0161ams<\/a>, kad par j\u016bsu s\u016bdz\u012bbu tiks pazi\u0146ots vald\u012bbai.<\/p>\n<p>Ja Tiesa konstat\u0113 Konvencijas p\u0101rk\u0101pumu, t\u0101 var pie\u0161\u0137irt jums \u201ctaisn\u012bgu atl\u012bdz\u012bbu\u201d \u2014 materi\u0101lu kompens\u0101ciju \u2014 par atsevi\u0161\u0137iem nodar\u012btajiem zaud\u0113jumiem. Tiesa var likt iesaist\u012btajai valstij atmaks\u0101t ar\u012b izdevumus, kas jums radu\u0161ies saist\u012bb\u0101 ar lietas izskat\u012b\u0161anu.<\/p>","protected":false},"excerpt":{"rendered":"Eiropas Cilv\u0113kties\u012bbu tiesa (ECT) ir starptautiska tiesa (atrodas Strasb\u016br\u0101) kas var izskat\u012bt vien\u012bgi fizisku personu, organiz\u0101ciju un komercsabiedr\u012bbu s\u016bdz\u012bbas par Eiropas Cilv\u0113kties\u012bbu un pamatbr\u012bv\u012bbu aizsardz\u012bbas konvencij\u0101 noteikto ties\u012bbu p\u0101rk\u0101pumiem. Eiropas Cilv\u0113kties\u012bbu un pamatbr\u012bv\u012bbu aizsardz\u012bbas&#46;&#46;&#46;","protected":false},"author":1,"featured_media":208873,"parent":0,"menu_order":0,"comment_status":"closed","ping_status":"closed","template":"","meta":{"footnotes":""},"categories":[],"tags":[],"class_list":["post-40738","page","type-page","status-publish","has-post-thumbnail","hentry"],"_links":{"self":[{"href":"https:\/\/europeancourt.org\/lv\/wp-json\/wp\/v2\/pages\/40738","targetHints":{"allow":["GET"]}}],"collection":[{"href":"https:\/\/europeancourt.org\/lv\/wp-json\/wp\/v2\/pages"}],"about":[{"href":"https:\/\/europeancourt.org\/lv\/wp-json\/wp\/v2\/types\/page"}],"author":[{"embeddable":true,"href":"https:\/\/europeancourt.org\/lv\/wp-json\/wp\/v2\/users\/1"}],"replies":[{"embeddable":true,"href":"https:\/\/europeancourt.org\/lv\/wp-json\/wp\/v2\/comments?post=40738"}],"version-history":[{"count":0,"href":"https:\/\/europeancourt.org\/lv\/wp-json\/wp\/v2\/pages\/40738\/revisions"}],"wp:featuredmedia":[{"embeddable":true,"href":"https:\/\/europeancourt.org\/lv\/wp-json\/wp\/v2\/media\/208873"}],"wp:attachment":[{"href":"https:\/\/europeancourt.org\/lv\/wp-json\/wp\/v2\/media?parent=40738"}],"wp:term":[{"taxonomy":"category","embeddable":true,"href":"https:\/\/europeancourt.org\/lv\/wp-json\/wp\/v2\/categories?post=40738"},{"taxonomy":"post_tag","embeddable":true,"href":"https:\/\/europeancourt.org\/lv\/wp-json\/wp\/v2\/tags?post=40738"}],"curies":[{"name":"wp","href":"https:\/\/api.w.org\/{rel}","templated":true}]}}