{"id":177047,"date":"2022-07-03T16:50:48","date_gmt":"2022-07-03T14:50:48","guid":{"rendered":"https:\/\/europeancourt.org\/dokumenti\/savjet-evrope\/esljp\/punomo%c4%87je\/"},"modified":"2024-06-10T23:56:34","modified_gmt":"2024-06-10T21:56:34","slug":"punomo%c4%87je","status":"publish","type":"page","link":"https:\/\/europeancourt.org\/me\/dokumenti\/savjet-evrope\/esljp\/punomo%c4%87je\/","title":{"rendered":"Punomo\u0107je za Evropski sud za ljudska prava"},"content":{"rendered":"<p>Obrazac predstavke mo\u017eete ispravno koristiti samo ukoliko na va\u0161em ra\u010dunaru postoji program Adobe Reader 9 ili njegove novije verzije, podr\u017eane isklju\u010divo Windows i Mac OS X operativnim sistemima. Molimo vas da provjerite da li imate instaliran program Adobe Reader na va\u0161em ra\u010dunaru (preuzimanje je <a href=\"https:\/\/get.adobe.com\/reader\/\" title=\"Adobe Reader\" target=\"_blank\" rel=\"noopener\">dostupno na www.adobe.com<\/a>).<\/p>\n<ul>\n<li>Sa\u010duvajte obrazac na va\u0161em ra\u010dunaru na izabranom mjestu.<\/li>\n<li>Otvorite sa\u010duvanu kopiju obrasca u Adobe Reader verziji.<\/li>\n<li>Popunite obrazac i sa\u010duvajte ga.<\/li>\n<li>Od\u0161tampajte popunjeni obrazac, potpi\u0161ite i po\u0161aljite Sudu putem redovne po\u0161te.<\/li>\n<\/ul>\n<p style=\"text-align: center;\"><a title=\"Punomo\u0107je za Evropski sud za ljudska prava\" href=\"https:\/\/europeancourt.org\/downloads\/me\/Punomocje_za_Evropski_sud_za_ljudska_prava_MNE_2021-1.PDF\" class=\"extlinkoff mybrightbutton red\" download=\"\">Skinuti <i class=\"fas fa-download\"><\/i><\/a><\/p>\n<iframe class=\"wonderplugin-pdf-iframe\" src=\"https:\/\/europeancourt.org\/wp-content\/plugins\/wonderplugin-pdf-embed\/pdfjs\/web\/viewer.html?v=2&disabledownload=1&disableprint=1&disabledoc=1&disableopenfile=1&externallinktarget=2&file=https:\/\/europeancourt.org\/noindex\/AuthF_MNE_2021-1.pdf\" title=\"Punomo\u0107je za Evropski sud za ljudska prava\" width=\"100%\" height=\"900px\" style=\"border:0;\"><\/iframe>","protected":false},"excerpt":{"rendered":"Obrazac predstavke mo\u017eete ispravno koristiti samo ukoliko na va\u0161em ra\u010dunaru postoji program Adobe Reader 9 ili njegove novije verzije, podr\u017eane isklju\u010divo Windows i Mac OS X operativnim sistemima. Molimo vas da provjerite da li&#46;&#46;&#46;","protected":false},"author":1,"featured_media":191818,"parent":147381,"menu_order":0,"comment_status":"closed","ping_status":"closed","template":"","meta":{"footnotes":""},"categories":[],"tags":[],"class_list":["post-177047","page","type-page","status-publish","has-post-thumbnail","hentry"],"_links":{"self":[{"href":"https:\/\/europeancourt.org\/me\/wp-json\/wp\/v2\/pages\/177047","targetHints":{"allow":["GET"]}}],"collection":[{"href":"https:\/\/europeancourt.org\/me\/wp-json\/wp\/v2\/pages"}],"about":[{"href":"https:\/\/europeancourt.org\/me\/wp-json\/wp\/v2\/types\/page"}],"author":[{"embeddable":true,"href":"https:\/\/europeancourt.org\/me\/wp-json\/wp\/v2\/users\/1"}],"replies":[{"embeddable":true,"href":"https:\/\/europeancourt.org\/me\/wp-json\/wp\/v2\/comments?post=177047"}],"version-history":[{"count":0,"href":"https:\/\/europeancourt.org\/me\/wp-json\/wp\/v2\/pages\/177047\/revisions"}],"up":[{"embeddable":true,"href":"https:\/\/europeancourt.org\/me\/wp-json\/wp\/v2\/pages\/147381"}],"wp:featuredmedia":[{"embeddable":true,"href":"https:\/\/europeancourt.org\/me\/wp-json\/wp\/v2\/media\/191818"}],"wp:attachment":[{"href":"https:\/\/europeancourt.org\/me\/wp-json\/wp\/v2\/media?parent=177047"}],"wp:term":[{"taxonomy":"category","embeddable":true,"href":"https:\/\/europeancourt.org\/me\/wp-json\/wp\/v2\/categories?post=177047"},{"taxonomy":"post_tag","embeddable":true,"href":"https:\/\/europeancourt.org\/me\/wp-json\/wp\/v2\/tags?post=177047"}],"curies":[{"name":"wp","href":"https:\/\/api.w.org\/{rel}","templated":true}]}}