{"id":225385,"date":"2026-04-26T14:47:47","date_gmt":"2026-04-26T12:47:47","guid":{"rendered":"https:\/\/europeancourt.org\/usluge\/esljp\/priprema-predstavk%d0%b5-esljp-u\/"},"modified":"2026-04-26T17:20:42","modified_gmt":"2026-04-26T15:20:42","slug":"priprema-predstavk%d0%b5-esljp-u","status":"publish","type":"page","link":"https:\/\/europeancourt.org\/me\/usluge\/esljp\/priprema-predstavk%d0%b5-esljp-u\/","title":{"rendered":"Priprema predstavk\u0435 ESLJP-u"},"content":{"rendered":"<div id=\"ec-preparation-page\" class=\"ec-service-page ec-service-preparation\" data-service=\"preparation\">\n<div class=\"ec-service-screen ec-service-screen-1\">\n<div class=\"mywpcf7cf myshow myhide\">Cijena pripreme predstavke za ESLJP zavisi od vremena potrebnog za tu pripremu. Raspon je vrlo veliki: od nekoliko stotina eura, kada se sve mo\u017ee zavr\u0161iti za dva-tri sata, do 10 hiljada eura i vi\u0161e, kada su potrebne desetine sati. To vrijeme je potrebno za prou\u010davanje dokumenata, izdvajanje klju\u010dnih \u010dinjenica, pronala\u017eenje i analizu cjelokupne aktuelne prakse ESLJP-a o su\u0161tini i prihvatljivosti za svaku potencijalnu pritu\u017ebu, formulisanje pritu\u017ebi na toj osnovi, obrazlaganje svake povrede i ispunjenosti uslova prihvatljivosti za svaku od njih, a zatim za kratko, jasno i neprotivrje\u010dno izlaganje svega toga u obrascu predstavke.<\/div>\n<div class=\"mywpcf7cf myshow myhide\">Koliko \u0107e vremena biti potrebno ba\u0161 u va\u0161em slu\u010daju i, shodno tome, koliko \u0107e ko\u0161tati priprema predstavke, mogu da utvrdim samo na osnovu dokumenata. Dostavite sve odluke koje osporavate i druga dokumenta u kojima su zabilje\u017eene mjere koje osporavate, sve podneske nacionalnim organima vlasti, uklju\u010duju\u0107i sudove, u kojima su te pritu\u017ebe u su\u0161tini iznijete, kao i sve odluke po tim podnescima. Ako ve\u0107 imate sve spise predmeta u elektronskom obliku, najbolje je da ih dostavite odmah. Ne brinite ako po\u0161aljete ne\u0161to suvi\u0161no ili ako ne\u0161to ne prilo\u017eite: ako mi poslije prou\u010davanja poslatog materijala budu potrebna dodatna dokumenta, zatra\u017ei\u0107u ih od vas.<\/div>\n<div class=\"mywpcf7cf myshow myhide\">Na zahtjev za cijenu pripreme predstavke obi\u010dno odgovaram u roku od jedne nedjelje nakon \u0161to dobijem sva potrebna dokumenta i informacije. Ako rok za obra\u0107anje ESLJP-u isti\u010de u narednim danima, pi\u0161ite mi i pitajte da li mogu hitno da razmotrim va\u0161 zahtjev. Obe\u0107avam da \u0107u na takvo pismo odgovoriti u roku od 24 sata. Ako potvrdim da mogu i ako odmah dostavite potrebna dokumenta i informacije, obe\u0107avam da \u0107u vam u narednih 48 sati saop\u0161titi svoj zaklju\u010dak o zahtjevu.<\/div>\n<div class=\"mywpcf7cf myshow myhide\">Ako zaklju\u010dim da postoje razumni izgledi za obra\u0107anje ESLJP-u, saop\u0161ti\u0107u vam ta\u010dnu cijenu pripreme predstavke, uzimaju\u0107i u obzir pritu\u017ebe koje ima smisla iznijeti, i vrlo kratko \u0107u navesti na \u0161ta se nema smisla \u017ealiti. Istovremeno \u0107u vam poslati ugovor za pripremu predstavke. Uslugu mo\u017eete platiti bankovnim transferom na moj ra\u010dun u \u0160vajcarskoj ili na drugi na\u010din, zavisno od zemlje iz koje se pla\u0107a. Rok za pripremu predstavke bi\u0107e takav da se ona mo\u017ee podnijeti ESLJP-u uz po\u0161tovanje roka za obra\u0107anje. Po zavr\u0161etku rada e-po\u0161tom \u0107ete dobiti popunjeni obrazac predstavke, pripremljene priloge uz njega i obja\u0161njenja kako sve to pravilno od\u0161tampati, potpisati i poslati ESLJP-u. Zastupanje pred ESLJP-om i bilo kakav drugi rad na predmetu nijesu uklju\u010deni u cijenu pripreme predstavke. Ako zaklju\u010dim da ne postoje nikakvi razumni izgledi za obra\u0107anje ESLJP-u, saop\u0161ti\u0107u vam samo to.<\/div>\n<div class=\"mywpcf7cf myshow myhide\">Ova usluga nije za vas ako je makar jedna od sljede\u0107ih izjava ta\u010dna za vas:<\/div>\n<ul class=\"myshow myhide ec-service-blocker-list\"><li><label><input type=\"checkbox\" class=\"ec-service-blocker\" \/><span>Ve\u0107 imam popunjen obrazac predstavke i potrebno mi je samo da se provjeri ima li u njemu gre\u0161aka.<\/span><\/label><\/li>\n<li><label><input type=\"checkbox\" class=\"ec-service-blocker\" \/><span>Nijesam spreman\/spremna da dostavim sva potrebna dokumenta u vezi s predmetom.<\/span><\/label><\/li>\n<li><label><input type=\"checkbox\" class=\"ec-service-blocker\" \/><span>O\u010dekujem da dobijem detaljna obja\u0161njenja za svaku svoju pritu\u017ebu, \u010dak i ako za nju ne budu postojali razumni izgledi za obra\u0107anje ESLJP-u.<\/span><\/label><\/li>\n<li><label><input type=\"checkbox\" class=\"ec-service-blocker\" \/><span>Ra\u010dunam da \u0107e predstavka biti pripremljena \u010dak i ako ne budu postojali razumni izgledi za obra\u0107anje ESLJP-u.<\/span><\/label><\/li>\n<li><label><input type=\"checkbox\" class=\"ec-service-blocker\" \/><span>Prema broju svojih pritu\u017ebi i obimu dokumenata koje ve\u0107 imam u vezi s predmetom, jasno mi je da \u0107e za pripremu predstavke biti potrebno znatno vi\u0161e vremena nego \u0161to sam spreman\/spremna da platim.<\/span><\/label><\/li>\n<li><label><input type=\"checkbox\" class=\"ec-service-blocker\" \/><span>Mogu samostalno da popunim obrazac predstavke u skladu sa svim zahtjevima ESLJP-a, da u njemu izlo\u017eim sve klju\u010dne \u010dinjenice, povrede i informacije o ispunjenosti uslova prihvatljivosti za svaku povredu, potpuno u skladu sa spisima predmeta i aktuelnom praksom ESLJP-a koja se primjenjuje na moj predmet.<\/span><\/label><\/li><\/ul>\n<div class=\"mywpcf7cf myshow myhide\"><button type=\"button\" class=\"mybutton blue\" id=\"load_ajax_form\" data-ec-service-load=\"preparation\" data-blocked-message=\"Dok je ozna\u010dena bilo koja od ovih izjava, ne mo\u017eete nastaviti. Ako ste neku ozna\u010dili gre\u0161kom, uklonite oznaku.\">Dostavi dokumenta<\/button><\/div>\n<div class=\"mywpcf7cf myshow myhide\"><a class=\"mybutton blue not-in-text-button\" href=\"mailto:oleg.anishchik@europeancourt.org?subject=\u017delim da razjasnim uslove\">\u017delim da razjasnim uslove<\/a><\/div>\n<div id=\"ec-service-load-status\" class=\"ec-service-load-status\" aria-live=\"polite\"><\/div>\n<\/div>\n<div id=\"ajax_content\"><\/div>\n<\/div>\n<script>\n(function(){\n  if (window.ecServiceBlockerGuardReady) return;\n  window.ecServiceBlockerGuardReady = true;\n  document.addEventListener('click', function(event) {\n    var button = event.target && event.target.closest ? event.target.closest('[data-ec-service-load]') : null;\n    if (!button) return;\n    var root = button.closest('.ec-service-page');\n    if (!root || !root.querySelector('.ec-service-blocker:checked')) return;\n    event.preventDefault();\n    event.stopPropagation();\n    if (event.stopImmediatePropagation) event.stopImmediatePropagation();\n    var status = root.querySelector('.ec-service-load-status');\n    if (status) status.textContent = button.getAttribute('data-blocked-message') || '';\n  }, true);\n})();\n<\/script>","protected":false},"excerpt":{"rendered":"Cijena pripreme predstavke za ESLJP zavisi od vremena potrebnog za tu pripremu. Raspon je vrlo veliki: od nekoliko stotina eura, kada se sve mo\u017ee zavr\u0161iti za dva-tri sata, do 10 hiljada eura i vi\u0161e,&#46;&#46;&#46;","protected":false},"author":0,"featured_media":0,"parent":222217,"menu_order":0,"comment_status":"closed","ping_status":"closed","template":"","meta":{"footnotes":""},"categories":[],"tags":[],"class_list":["post-225385","page","type-page","status-publish","hentry"],"_links":{"self":[{"href":"https:\/\/europeancourt.org\/me\/wp-json\/wp\/v2\/pages\/225385","targetHints":{"allow":["GET"]}}],"collection":[{"href":"https:\/\/europeancourt.org\/me\/wp-json\/wp\/v2\/pages"}],"about":[{"href":"https:\/\/europeancourt.org\/me\/wp-json\/wp\/v2\/types\/page"}],"replies":[{"embeddable":true,"href":"https:\/\/europeancourt.org\/me\/wp-json\/wp\/v2\/comments?post=225385"}],"version-history":[{"count":1,"href":"https:\/\/europeancourt.org\/me\/wp-json\/wp\/v2\/pages\/225385\/revisions"}],"predecessor-version":[{"id":225618,"href":"https:\/\/europeancourt.org\/me\/wp-json\/wp\/v2\/pages\/225385\/revisions\/225618"}],"up":[{"embeddable":true,"href":"https:\/\/europeancourt.org\/me\/wp-json\/wp\/v2\/pages\/222217"}],"wp:attachment":[{"href":"https:\/\/europeancourt.org\/me\/wp-json\/wp\/v2\/media?parent=225385"}],"wp:term":[{"taxonomy":"category","embeddable":true,"href":"https:\/\/europeancourt.org\/me\/wp-json\/wp\/v2\/categories?post=225385"},{"taxonomy":"post_tag","embeddable":true,"href":"https:\/\/europeancourt.org\/me\/wp-json\/wp\/v2\/tags?post=225385"}],"curies":[{"name":"wp","href":"https:\/\/api.w.org\/{rel}","templated":true}]}}