{"id":225389,"date":"2026-04-26T21:34:06","date_gmt":"2026-04-26T19:34:06","guid":{"rendered":"https:\/\/europeancourt.org\/usluge\/esljp\/zastupljenost-podnosilaca-predstavk%d0%b5-pred-esljp\/"},"modified":"2026-04-26T21:31:14","modified_gmt":"2026-04-26T19:31:14","slug":"zastupljenost-podnosilaca-predstavk%d0%b5-pred-esljp","status":"publish","type":"page","link":"https:\/\/europeancourt.org\/me\/usluge\/esljp\/zastupljenost-podnosilaca-predstavk%d0%b5-pred-esljp\/","title":{"rendered":"Zastupljenost podnosilaca predstavk\u0435 pred ESLJP"},"content":{"rendered":"<div id=\"ec-representation-page\" class=\"ec-service-page ec-service-representation\" data-service=\"representation\"\n  data-ec-service-page-id=\"225389\"\n  data-ec-service-form-id=\"225390\"\n  data-ec-service-lang=\"me\"\n  data-ec-service-docs-message=\"Prilo\u017eite fajlove dokumenata ili unesite link do njih u bilo kom servisu za \u010duvanje u oblaku.\"\n  data-ec-service-submit-message=\"Da biste poslali zahtjev, prilo\u017eite dokumenta ili unesite link do njih.\"\n  data-ec-service-email-message=\"Molimo vas da popunite ovo polje.\"\n  data-ec-service-invalid-url-message=\"Molimo vas da ispravite link.\"\n  data-ec-service-load-error=\"Gre\u0161ka.\">\n<div class=\"ec-service-screen ec-service-screen-1\">\n<div class=\"mywpcf7cf myshow myhide\">Ovu uslugu nudim samo ako je ESLJP ve\u0107 obavijestio vladu odgovorne dr\u017eave o predstavci i od podnosioca predstavke zatra\u017eio da podnese pisana zapa\u017eanja.<\/div>\n<div class=\"mywpcf7cf myshow myhide\">Cijena zastupanja pred ESLJP-om zavisi od vremena potrebnog za pripremu odgovora na pitanja ESLJP-a, odgovora na navode vlade odgovorne dr\u017eave, a po potrebi i poja\u0161njenja \u010dinjenica i zahtjeva za pravi\u010dno zadovoljenje. Raspon je i ovdje vrlo veliki: od nekoliko stotina eura, kada se sve mo\u017ee zavr\u0161iti za dva-tri sata, do 10 hiljada eura i vi\u0161e, kada su potrebne desetine sati.<\/div>\n<div class=\"mywpcf7cf myshow myhide\">Koliko \u0107e vremena biti potrebno ba\u0161 u va\u0161em slu\u010daju i, shodno tome, koliko \u0107e ko\u0161tati zastupanje, mogu da utvrdim samo na osnovu dokumenata. Dostavite predstavku sa svim prilozima, kao i sve \u0161to je dodatno poslato ESLJP-u u vezi s njom i sve \u0161to je primljeno od ESLJP-a. Ako mi budu potrebna dodatna dokumenta, zatra\u017ei\u0107u ih od vas.<\/div>\n<div class=\"mywpcf7cf myshow myhide\">Na zahtjev za cijenu zastupanja pred ESLJP-om obi\u010dno odgovaram u roku od jedne nedjelje nakon \u0161to dobijem sva potrebna dokumenta i informacije. Ako rok koji je ESLJP odredio za dostavljanje pisanih zapa\u017eanja ili drugih materijala isti\u010de u narednim danima, pi\u0161ite mi i pitajte da li mogu hitno da razmotrim va\u0161 zahtjev. Obe\u0107avam da \u0107u na takvo pismo odgovoriti u roku od 24 sata. Ako potvrdim da mogu i ako odmah dostavite potrebna dokumenta i informacije, obe\u0107avam da \u0107u vam u narednih 48 sati saop\u0161titi svoj zaklju\u010dak o zahtjevu.<\/div>\n<div class=\"mywpcf7cf myshow myhide\">Uz obavje\u0161tenje o cijeni usluge, da se ne bi gubilo vrijeme, posla\u0107u vam ugovor i popunjen obrazac punomo\u0107ja za zastupanje pred ESLJP-om. Punomo\u0107je \u0107ete morati da od\u0161tampate, potpi\u0161ete i po\u0161aljete redovnom po\u0161tom na moju adresu u Francuskoj. Uslugu mo\u017eete platiti nakon pripreme dokumenata za ESLJP, bankovnim transferom na moj ra\u010dun u \u0160vajcarskoj ili na drugi na\u010din, zavisno od zemlje iz koje se pla\u0107a. Ipak, bolje je da to u\u010dinite prije slanja tih dokumenata ESLJP-u, kako bi se uz zahtjeve za pravi\u010dno zadovoljenje mogao prilo\u017eiti dokument koji potvr\u0111uje pla\u0107anje: tada je mnogo lak\u0161e obrazlo\u017eiti zahtjev za naknadu ve\u0107 nastalih tro\u0161kova zastupanja podnosioca predstavke pred Sudom.<\/div>\n<div class=\"mywpcf7cf myshow myhide\">Ova usluga nije za vas ako je makar jedna od sljede\u0107ih izjava ta\u010dna za vas:<\/div>\n<ul class=\"myshow myhide ec-service-blocker-list\"><li><label><input type=\"checkbox\" class=\"ec-service-blocker\" \/><span>ESLJP jo\u0161 nije obavijestio vladu odgovorne dr\u017eave o mojoj predstavci ili od mene nije zatra\u017eio pisana zapa\u017eanja.<\/span><\/label><\/li>\n<li><label><input type=\"checkbox\" class=\"ec-service-blocker\" \/><span>Nijesam spreman\/spremna da dostavim sva potrebna dokumenta.<\/span><\/label><\/li>\n<li><label><input type=\"checkbox\" class=\"ec-service-blocker\" \/><span>Nijesam spreman\/spremna da od\u0161tampam, potpi\u0161em i po\u0161aljem punomo\u0107je redovnom po\u0161tom.<\/span><\/label><\/li>\n<li><label><input type=\"checkbox\" class=\"ec-service-blocker\" \/><span>Nijesam spreman\/spremna da tokom rada odgovaram na dodatna pitanja i dostavljam dodatna dokumenta ako budu potrebna.<\/span><\/label><\/li><\/ul>\n<div class=\"checking-load-wrap ec-service-load-wrap\"><div class=\"checking-load-button-row ec-service-load-button-row\"><button type=\"button\" class=\"mybutton blue ec-service-load-button\" id=\"load_ajax_form\" data-ec-service-load=\"representation\" data-ec-service-form-id=\"225390\" data-blocked-message=\"Dok je ozna\u010dena bilo koja od ovih izjava, ne mo\u017eete nastaviti. Ako ste neku ozna\u010dili gre\u0161kom, uklonite oznaku.\">Dostavi dokumenta<\/button><\/div>\n<div id=\"ec-service-load-status\" class=\"checking-load-status ec-service-load-status\" role=\"status\" aria-live=\"polite\"><\/div><\/div>\n<div class=\"mywpcf7cf myshow myhide\"><a class=\"mybutton blue not-in-text-button\" href=\"mailto:oleg.anishchik@europeancourt.org?subject=%C5%BDelim%20da%20razjasnim%20uslove\">\u017delim da razjasnim uslove<\/a><\/div>\n<div class=\"mywpcf7cf mywpcf7cf-utility ec-service-utility-row\"><div class=\"mybutton red not-in-text-button is-disabled\" aria-disabled=\"true\">Po\u010dni iznova<\/div><div class=\"mybutton red not-in-text-button\" onclick=\"window.location.href='mailto:oleg.anishchik@europeancourt.org?subject=Zastupljenost%20podnosilaca%20predstavk%D0%B5%20pred%20ESLJP%3A%20gre%C5%A1ka&amp;body=Opis%20gre%C5%A1ke%3A';\">Prijavi gre\u0161ku<\/div><\/div>\n<\/div>\n<div class=\"ec-service-form-shell\"><div id=\"ajax_content\" class=\"ec-service-ajax-content\" data-loaded=\"0\"><\/div><\/div>\n<\/div>\n<script>\n(function(){\n  if (window.ecServicePageRuntimeReady) return;\n  window.ecServicePageRuntimeReady = true;\n\n  function trim(value) {\n    return String(value || '').replace(\/^\\s+|\\s+$\/g, '');\n  }\n\n  function clearNode(node) {\n    if (!node) return;\n    while (node.firstChild) node.removeChild(node.firstChild);\n  }\n\n  function renderStatus(node, message) {\n    if (!node) return;\n    clearNode(node);\n    if (!message) return;\n    var tip = document.createElement('span');\n    tip.className = 'wpcf7-not-valid-tip';\n    tip.textContent = message;\n    node.appendChild(tip);\n  }\n\n  function ajaxUrl() {\n    if (window.wpcf7cf_global_settings) {\n      if (window.wpcf7cf_global_settings.ajaxurl) {\n        return window.wpcf7cf_global_settings.ajaxurl;\n      }\n    }\n    if (window.ajaxurl) return window.ajaxurl;\n    return '\/wp-admin\/admin-ajax.php';\n  }\n\n  function pageRoot(node) {\n    if (!node) return null;\n    return node.closest ? node.closest('.ec-service-page') : null;\n  }\n\n  function loadStatus(root) {\n    return root ? root.querySelector('.ec-service-load-status') : null;\n  }\n\n  function submitStatus(root) {\n    if (!root) return null;\n    var submit = root.querySelector('#ajax_content .wpcf7-submit');\n    if (!submit) return null;\n    var node = root.querySelector('#ajax_content .ec-service-submit-status');\n    if (!node) {\n      node = document.createElement('div');\n      node.className = 'ec-service-submit-status';\n      node.setAttribute('role', 'status');\n      node.setAttribute('aria-live', 'polite');\n      submit.insertAdjacentElement('afterend', node);\n    }\n    return node;\n  }\n\n  function isLoaded(root) {\n    if (!root) return false;\n    var target = root.querySelector('#ajax_content');\n    if (!target) return false;\n    return target.getAttribute('data-loaded') === '1';\n  }\n\n  function syncBlockers(root) {\n    if (!root || isLoaded(root)) return;\n    var button = root.querySelector('[data-ec-service-load]');\n    if (!button || button.getAttribute('aria-busy') === 'true') return;\n    var blocked = !!root.querySelector('.ec-service-blocker:checked');\n    button.disabled = false;\n    button.setAttribute('data-soft-disabled', blocked ? '1' : '0');\n    button.classList.toggle('is-soft-disabled', blocked);\n    if (!blocked) renderStatus(loadStatus(root), '');\n  }\n\n  function scrollToNode(node) {\n    if (!node || !node.getBoundingClientRect) return;\n    var offset = 50;\n    var adminBar = document.getElementById('wpadminbar');\n    if (adminBar) {\n      if (window.getComputedStyle(adminBar).position === 'fixed') {\n        offset += adminBar.offsetHeight || 0;\n      }\n    }\n    var top = node.getBoundingClientRect().top + window.pageYOffset - offset;\n    window.scrollTo({ top: Math.max(top, 0), behavior: 'smooth' });\n  }\n\n  function initCf7(target) {\n    if (!target) return;\n    var form = target.querySelector('.wpcf7-form');\n    if (!form) return;\n    if (window.wpcf7) {\n      if (typeof window.wpcf7.init === 'function') {\n        try { window.wpcf7.init(form); } catch (error) {}\n      }\n    }\n    if (window.jQuery) {\n      if (window.wpcf7cf) {\n        if (typeof window.wpcf7cf.initForm === 'function') {\n          try { window.wpcf7cf.initForm(window.jQuery(form)); } catch (error) {}\n        }\n      }\n    }\n  }\n\n  function hasFiles(root) {\n    if (!root) return false;\n    var input = root.querySelector('#ajax_content input[name=\"multifile-applicationformfiles[]\"]');\n    if (!input) return false;\n    if (!input.files) return false;\n    return !!input.files.length;\n  }\n\n  function hasDocsLink(root) {\n    if (!root) return false;\n    var input = root.querySelector('#ajax_content input[name=\"url-documents-link\"]');\n    if (!input) return false;\n    var value = trim(input.value);\n    if (!value) return false;\n    if (typeof input.checkValidity === 'function') return input.checkValidity();\n    return true;\n  }\n\n  function docsLinkInvalid(root) {\n    if (!root) return false;\n    var input = root.querySelector('#ajax_content input[name=\"url-documents-link\"]');\n    if (!input) return false;\n    if (!trim(input.value)) return false;\n    if (typeof input.checkValidity !== 'function') return false;\n    return !input.checkValidity();\n  }\n\n  function emailOk(root) {\n    if (!root) return false;\n    var input = root.querySelector('#ajax_content input[name=\"your-email\"]');\n    if (!input) return true;\n    var value = trim(input.value);\n    if (!value) return false;\n    if (typeof input.checkValidity === 'function') return input.checkValidity();\n    return \/^[^\\s@]+@[^\\s@]+\\.[^\\s@]+$\/.test(value);\n  }\n\n  function isVisible(node) {\n    if (!node) return false;\n    var current = node;\n    while (current) {\n      if (current === document.documentElement) break;\n      if (current.nodeType === 1) {\n        if (current.hidden) return false;\n        if (current.classList) {\n          if (current.classList.contains('wpcf7cf-hidden')) return false;\n        }\n        if (current.getAttribute) {\n          if (current.getAttribute('aria-hidden') === 'true') return false;\n        }\n        if (window.getComputedStyle(current).display === 'none') return false;\n      }\n      current = current.parentNode;\n    }\n    return true;\n  }\n\n  function radioGroupOk(root, name) {\n    var items = root ? root.querySelectorAll('#ajax_content input[name=\"' + name + '\"]') : [];\n    if (!items.length) return true;\n    for (var i = 0; i < items.length; i += 1) {\n      if (items[i].checked) return true;\n    }\n    return false;\n  }\n\n  function visibleTextOk(root, name) {\n    if (!root) return true;\n    var node = root.querySelector('#ajax_content [name=\"' + name + '\"]');\n    if (!node || !isVisible(node)) return true;\n    return !!trim(node.value);\n  }\n\n  function answersOk(root) {\n    if (!root || root.getAttribute('data-service') !== 'preparation') return true;\n    if (!radioGroupOk(root, 'prep-claims-scope')) return false;\n    if (!radioGroupOk(root, 'prep-low-chance')) return false;\n    if (!radioGroupOk(root, 'prep-essential-results')) return false;\n    if (!visibleTextOk(root, 'prep-listed-claims-text')) return false;\n    if (!visibleTextOk(root, 'prep-low-chance-claims-text')) return false;\n    if (!visibleTextOk(root, 'prep-essential-results-details')) return false;\n    return true;\n  }\n\n  function markAttention(root, on) {\n    ['input[name=\"multifile-applicationformfiles[]\"]', 'input[name=\"url-documents-link\"]', 'input[name=\"your-email\"]', 'textarea[name=\"prep-listed-claims-text\"]', 'textarea[name=\"prep-low-chance-claims-text\"]', 'textarea[name=\"prep-essential-results-details\"]'].forEach(function(selector) {\n      var node = root ? root.querySelector('#ajax_content ' + selector) : null;\n      if (!node) return;\n      node.classList.toggle('ec-service-needs-attention', !!on);\n      if (on) node.setAttribute('aria-invalid', 'true');\n      else node.removeAttribute('aria-invalid');\n    });\n    ['prep-claims-scope', 'prep-low-chance', 'prep-essential-results'].forEach(function(name) {\n      var wrap = root ? root.querySelector('#ajax_content .wpcf7-form-control-wrap[data-name=\"' + name + '\"]') : null;\n      if (!wrap) return;\n      wrap.classList.toggle('ec-service-needs-attention', !!on);\n    });\n  }\n\n  function formReady(root) {\n    if (!(hasFiles(root) || hasDocsLink(root))) return false;\n    if (!answersOk(root)) return false;\n    return emailOk(root);\n  }\n\n  function syncSubmit(root) {\n    if (!root) return;\n    var submit = root.querySelector('#ajax_content .wpcf7-submit');\n    if (!submit) return;\n    var ready = formReady(root);\n    submit.disabled = false;\n    submit.setAttribute('data-soft-disabled', ready ? '0' : '1');\n    submit.classList.toggle('is-soft-disabled', !ready);\n    if (ready) {\n      renderStatus(submitStatus(root), '');\n      markAttention(root, false);\n    }\n  }\n\n  function missingMessage(root) {\n    if (docsLinkInvalid(root)) {\n      return root.getAttribute('data-ec-service-invalid-url-message') || '';\n    }\n    if (!(hasFiles(root) || hasDocsLink(root)) || !answersOk(root)) {\n      return root.getAttribute('data-ec-service-submit-message') || root.getAttribute('data-ec-service-docs-message') || '';\n    }\n    if (!emailOk(root)) {\n      return root.getAttribute('data-ec-service-email-message') || '';\n    }\n    return '';\n  }\n\n  function blockSubmit(event, root) {\n    if (formReady(root)) return false;\n    event.preventDefault();\n    event.stopPropagation();\n    if (event.stopImmediatePropagation) event.stopImmediatePropagation();\n    markAttention(root, true);\n    renderStatus(submitStatus(root), missingMessage(root));\n    return true;\n  }\n\n  function setupLoadedForm(root) {\n    syncSubmit(root);\n  }\n\n  function loadForm(root, button) {\n    if (!root || !button || root.__ecServiceLoading) return;\n    var target = root.querySelector('#ajax_content');\n    if (!target) return;\n    var formId = root.getAttribute('data-ec-service-form-id') || button.getAttribute('data-ec-service-form-id') || '';\n    var pageId = root.getAttribute('data-ec-service-page-id') || '';\n    var service = root.getAttribute('data-service') || button.getAttribute('data-ec-service-load') || '';\n    var lang = root.getAttribute('data-ec-service-lang') || '';\n    if (!formId || !pageId || !service) {\n      renderStatus(loadStatus(root), root.getAttribute('data-ec-service-load-error') || '');\n      return;\n    }\n    root.__ecServiceLoading = true;\n    root.classList.add('is-form-loading');\n    button.setAttribute('aria-busy', 'true');\n    renderStatus(loadStatus(root), '');\n    var body = new URLSearchParams();\n    body.set('action', 'load_form_ec_service');\n    body.set('service', service);\n    body.set('page_id', pageId);\n    body.set('form_id', formId);\n    body.set('lang', lang);\n    window.fetch(ajaxUrl(), {\n      method: 'POST',\n      credentials: 'same-origin',\n      headers: {'Content-Type': 'application\/x-www-form-urlencoded; charset=UTF-8'},\n      body: body.toString()\n    }).then(function(response) {\n      if (!response.ok) throw new Error('ajax_' + response.status);\n      return response.text();\n    }).then(function(html) {\n      if (!trim(html)) throw new Error('empty_response');\n      target.innerHTML = html;\n      target.setAttribute('data-loaded', '1');\n      root.classList.add('is-form-open');\n      initCf7(target);\n      setupLoadedForm(root);\n      scrollToNode(target);\n    }).catch(function() {\n      renderStatus(loadStatus(root), root.getAttribute('data-ec-service-load-error') || '');\n    }).then(function() {\n      root.__ecServiceLoading = false;\n      root.classList.remove('is-form-loading');\n      button.removeAttribute('aria-busy');\n      syncBlockers(root);\n    });\n  }\n\n  window.ecServiceStartOver = function(event) {\n    var root = pageRoot(event ? event.target : null);\n    if (!root) return;\n    if (event) {\n      event.preventDefault();\n      event.stopPropagation();\n    }\n    var target = root.querySelector('#ajax_content');\n    if (target) {\n      target.innerHTML = '';\n      target.setAttribute('data-loaded', '0');\n    }\n    root.querySelectorAll('.ec-service-blocker').forEach(function(node) { node.checked = false; });\n    root.classList.remove('is-form-open', 'is-form-loading');\n    renderStatus(loadStatus(root), '');\n    syncBlockers(root);\n    scrollToNode(root);\n  };\n\n  document.addEventListener('click', function(event) {\n    var button = null;\n    if (event.target) {\n      if (event.target.closest) {\n        button = event.target.closest('[data-ec-service-load]');\n      }\n    }\n    if (!button) return;\n    var root = pageRoot(button);\n    if (!root) return;\n    event.preventDefault();\n    event.stopPropagation();\n    if (event.stopImmediatePropagation) event.stopImmediatePropagation();\n    if (root.querySelector('.ec-service-blocker:checked')) {\n      renderStatus(loadStatus(root), button.getAttribute('data-blocked-message') || '');\n      syncBlockers(root);\n      return;\n    }\n    loadForm(root, button);\n  }, true);\n\n  document.addEventListener('click', function(event) {\n    var submit = null;\n    if (event.target) {\n      if (event.target.closest) {\n        submit = event.target.closest('.ec-service-page #ajax_content .wpcf7-submit');\n      }\n    }\n    if (!submit) return;\n    blockSubmit(event, pageRoot(submit));\n  }, true);\n\n  document.addEventListener('submit', function(event) {\n    var form = event.target;\n    if (!form || !form.closest) return;\n    var root = form.closest('.ec-service-page');\n    if (root) blockSubmit(event, root);\n  }, true);\n\n  document.addEventListener('change', function(event) {\n    var root = pageRoot(event.target);\n    if (!root) return;\n    if (event.target.matches('.ec-service-blocker')) syncBlockers(root);\n    syncSubmit(root);\n  }, true);\n\n  document.addEventListener('input', function(event) {\n    var root = pageRoot(event.target);\n    if (root) syncSubmit(root);\n  }, true);\n\n  document.querySelectorAll('.ec-service-page').forEach(syncBlockers);\n})();\n<\/script>","protected":false},"excerpt":{"rendered":"Ovu uslugu nudim samo ako je ESLJP ve\u0107 obavijestio vladu odgovorne dr\u017eave o predstavci i od podnosioca predstavke zatra\u017eio da podnese pisana zapa\u017eanja. Cijena zastupanja pred ESLJP-om zavisi od vremena potrebnog za pripremu odgovora&#46;&#46;&#46;","protected":false},"author":0,"featured_media":0,"parent":222217,"menu_order":0,"comment_status":"closed","ping_status":"closed","template":"","meta":{"footnotes":""},"categories":[],"tags":[],"class_list":["post-225389","page","type-page","status-publish","hentry"],"_links":{"self":[{"href":"https:\/\/europeancourt.org\/me\/wp-json\/wp\/v2\/pages\/225389","targetHints":{"allow":["GET"]}}],"collection":[{"href":"https:\/\/europeancourt.org\/me\/wp-json\/wp\/v2\/pages"}],"about":[{"href":"https:\/\/europeancourt.org\/me\/wp-json\/wp\/v2\/types\/page"}],"replies":[{"embeddable":true,"href":"https:\/\/europeancourt.org\/me\/wp-json\/wp\/v2\/comments?post=225389"}],"version-history":[{"count":4,"href":"https:\/\/europeancourt.org\/me\/wp-json\/wp\/v2\/pages\/225389\/revisions"}],"predecessor-version":[{"id":225983,"href":"https:\/\/europeancourt.org\/me\/wp-json\/wp\/v2\/pages\/225389\/revisions\/225983"}],"up":[{"embeddable":true,"href":"https:\/\/europeancourt.org\/me\/wp-json\/wp\/v2\/pages\/222217"}],"wp:attachment":[{"href":"https:\/\/europeancourt.org\/me\/wp-json\/wp\/v2\/media?parent=225389"}],"wp:term":[{"taxonomy":"category","embeddable":true,"href":"https:\/\/europeancourt.org\/me\/wp-json\/wp\/v2\/categories?post=225389"},{"taxonomy":"post_tag","embeddable":true,"href":"https:\/\/europeancourt.org\/me\/wp-json\/wp\/v2\/tags?post=225389"}],"curies":[{"name":"wp","href":"https:\/\/api.w.org\/{rel}","templated":true}]}}