{"id":225391,"date":"2026-04-26T14:48:59","date_gmt":"2026-04-26T12:48:59","guid":{"rendered":"https:\/\/europeancourt.org\/pravne-konsultacije-i-kontakti\/"},"modified":"2026-05-01T03:31:24","modified_gmt":"2026-05-01T01:31:24","slug":"pravne-konsultacije-i-kontakti","status":"publish","type":"page","link":"https:\/\/europeancourt.org\/me\/pravne-konsultacije-i-kontakti\/","title":{"rendered":"Pravne konsultacije i kontakti"},"content":{"rendered":"<div id=\"ec-contact-shell\" class=\"ec-service-page ec-service-contacts\" data-service=\"contacts\">\n<div class=\"ec-service-screen-1\">\n<div class=\"wpcf7\">\n<div data-id=\"group-firstpage\">\n<div class=\"mywpcf7cf\">Potrebno mi je:<\/div>\n\n<span class=\"wpcf7-form-control-wrap\" data-name=\"radio-firstpage1\"><span class=\"wpcf7-form-control wpcf7-acceptance optional\"><span class=\"wpcf7-list-item\"><label><input type=\"checkbox\" name=\"radio-firstpage1\" value=\"1\" aria-invalid=\"false\" \/><span class=\"ec-shell-choice-marker\" aria-hidden=\"true\"><\/span><span class=\"wpcf7-list-item-label\"><a title=\"Priprema predstavke ESLJP-u\" href=\"https:\/\/europeancourt.org\/me\/usluge\/esljp\/priprema-predstavke-esljp-u\/\">pripremiti predstavku za ESLJP<\/a><\/span><\/label><\/span><\/span><\/span>\n\n<span class=\"wpcf7-form-control-wrap\" data-name=\"radio-firstpage2\"><span class=\"wpcf7-form-control wpcf7-acceptance optional\"><span class=\"wpcf7-list-item\"><label><input type=\"checkbox\" name=\"radio-firstpage2\" value=\"1\" aria-invalid=\"false\" \/><span class=\"ec-shell-choice-marker\" aria-hidden=\"true\"><\/span><span class=\"wpcf7-list-item-label\"><a title=\"Provjera popunjenih obrazaca predstavke ESLJP-u\" href=\"https:\/\/europeancourt.org\/me\/usluge\/esljp\/provjera-popunjenih-obrazaca-predstavke-esljp-u\/\">provjeriti ima li gre\u0161aka u obrascu predstavke prije slanja ESLJP-u<\/a><\/span><\/label><\/span><\/span><\/span>\n\n<span class=\"wpcf7-form-control-wrap\" data-name=\"radio-firstpage3\"><span class=\"wpcf7-form-control wpcf7-acceptance optional\"><span class=\"wpcf7-list-item\"><label><input type=\"checkbox\" name=\"radio-firstpage3\" value=\"1\" aria-invalid=\"false\" \/><span class=\"ec-shell-choice-marker\" aria-hidden=\"true\"><\/span><span class=\"wpcf7-list-item-label\"><a title=\"Zastupljenost podnosilaca predstavke pred ESLJP\" href=\"https:\/\/europeancourt.org\/me\/usluge\/esljp\/zastupljenost-podnosilaca-predstavke-pred-esljp\/\">zastupanje interesa podnosioca predstavke pred ESLJP-om nakon \u0161to ESLJP obavijesti vladu odgovorne dr\u017eave o predstavci<\/a><\/span><\/label><\/span><\/span><\/span>\n\n<span class=\"wpcf7-form-control-wrap\" data-name=\"radio-firstpage7\"><span class=\"wpcf7-form-control wpcf7-acceptance optional\"><span class=\"wpcf7-list-item\"><label><input type=\"checkbox\" name=\"radio-firstpage7\" value=\"1\" aria-invalid=\"false\" \/><span class=\"ec-shell-choice-marker\" aria-hidden=\"true\"><\/span><span class=\"wpcf7-list-item-label\"><a title=\"Prona\u0107i broj predstavke ESLJP-a, registraciju ili odluku\" href=\"https:\/\/europeancourt.org\/me\/usluge\/esljp\/prona%c4%87i-broj-predstavke-registraciju-ili-odluku\/\">saznati \u0161ta se desilo s predstavkom pred ESLJP-om<\/a><\/span><\/label><\/span><\/span><\/span>\n\n<span class=\"wpcf7-form-control-wrap\" data-name=\"radio-firstpage8\"><span class=\"wpcf7-form-control wpcf7-acceptance optional\"><span class=\"wpcf7-list-item\"><label><input type=\"checkbox\" name=\"radio-firstpage8\" value=\"1\" aria-invalid=\"false\" \/><span class=\"ec-shell-choice-marker\" aria-hidden=\"true\"><\/span><span class=\"wpcf7-list-item-label\"><a title=\"Obrazac predstavke Evropskom sudu za ljudska prava\" href=\"https:\/\/europeancourt.org\/me\/dokumenti\/savjet-evrope\/esljp\/obrazac-predstavke\/\">preuzeti obrazac predstavke za ESLJP<\/a><\/span><\/label><\/span><\/span><\/span>\n\n<span class=\"wpcf7-form-control-wrap\" data-name=\"radio-firstpage22\"><span class=\"wpcf7-form-control wpcf7-acceptance optional\"><span class=\"wpcf7-list-item\"><label><input type=\"checkbox\" name=\"radio-firstpage22\" value=\"1\" aria-invalid=\"false\" \/><span class=\"ec-shell-choice-marker\" aria-hidden=\"true\"><\/span><span class=\"wpcf7-list-item-label\">zatra\u017eiti konsultaciju<\/span><\/label><\/span><\/span><\/span>\n\n<span class=\"wpcf7-form-control-wrap\" data-name=\"radio-firstpage23\"><span class=\"wpcf7-form-control wpcf7-acceptance optional\"><span class=\"wpcf7-list-item\"><label><input type=\"checkbox\" name=\"radio-firstpage23\" value=\"1\" aria-invalid=\"false\" \/><span class=\"ec-shell-choice-marker\" aria-hidden=\"true\"><\/span><span class=\"wpcf7-list-item-label\">prikazati kontakt podatke<\/span><\/label><\/span><\/span><\/span>\n\n<\/div>\n<\/div>\n<\/div>\n<div class=\"ec-service-form-shell\"><div id=\"ajax_content\" data-loaded=\"0\"><\/div><\/div>\n<\/div>\n","protected":false},"excerpt":{"rendered":"Potrebno mi je: pripremiti predstavku za ESLJP provjeriti ima li gre\u0161aka u obrascu predstavke prije slanja ESLJP-u zastupanje interesa podnosioca predstavke pred ESLJP-om nakon \u0161to ESLJP obavijesti vladu odgovorne dr\u017eave o predstavci saznati \u0161ta&#46;&#46;&#46;","protected":false},"author":0,"featured_media":0,"parent":0,"menu_order":0,"comment_status":"closed","ping_status":"closed","template":"","meta":{"footnotes":""},"categories":[],"tags":[],"class_list":["post-225391","page","type-page","status-publish","hentry"],"_links":{"self":[{"href":"https:\/\/europeancourt.org\/me\/wp-json\/wp\/v2\/pages\/225391","targetHints":{"allow":["GET"]}}],"collection":[{"href":"https:\/\/europeancourt.org\/me\/wp-json\/wp\/v2\/pages"}],"about":[{"href":"https:\/\/europeancourt.org\/me\/wp-json\/wp\/v2\/types\/page"}],"replies":[{"embeddable":true,"href":"https:\/\/europeancourt.org\/me\/wp-json\/wp\/v2\/comments?post=225391"}],"version-history":[{"count":3,"href":"https:\/\/europeancourt.org\/me\/wp-json\/wp\/v2\/pages\/225391\/revisions"}],"predecessor-version":[{"id":226720,"href":"https:\/\/europeancourt.org\/me\/wp-json\/wp\/v2\/pages\/225391\/revisions\/226720"}],"wp:attachment":[{"href":"https:\/\/europeancourt.org\/me\/wp-json\/wp\/v2\/media?parent=225391"}],"wp:term":[{"taxonomy":"category","embeddable":true,"href":"https:\/\/europeancourt.org\/me\/wp-json\/wp\/v2\/categories?post=225391"},{"taxonomy":"post_tag","embeddable":true,"href":"https:\/\/europeancourt.org\/me\/wp-json\/wp\/v2\/tags?post=225391"}],"curies":[{"name":"wp","href":"https:\/\/api.w.org\/{rel}","templated":true}]}}