{"id":116079,"date":"2022-06-13T12:26:38","date_gmt":"2022-06-13T10:26:38","guid":{"rendered":"https:\/\/europeancourt.org\/dokumenti\/"},"modified":"2024-06-25T16:43:25","modified_gmt":"2024-06-25T14:43:25","slug":"dokumenti","status":"publish","type":"page","link":"https:\/\/europeancourt.org\/mt\/dokumenti\/","title":{"rendered":"Dokumenti"},"content":{"rendered":"<ul>\n<li><a href=\"https:\/\/europeancourt.org\/mt\/dokumenti\/kunsill-tal-ewropa\/\" title=\"Kunsill tal-Ewropa\">Kunsill tal-Ewropa<\/a><\/li>\n<ul>\n<li><a href=\"https:\/\/europeancourt.org\/mt\/dokumenti\/kunsill-tal-ewropa\/konvenzjoni-ewropea-dwar-id-drittijiet-tal-bniedem\/\" title=\"Il-Konvenzjoni g\u0127all-Protezzjoni tad-Drittijiet tal-Bniedem u l-Libertajiet Fondamentali\">Il-Konvenzjoni g\u0127all-Protezzjoni tad-Drittijiet tal-Bniedem u l-Libertajiet Fondamentali<\/a><\/li>\n<ul>\n<li><a href=\"https:\/\/europeancourt.org\/mt\/dokumenti\/kunsill-tal-ewropa\/konvenzjoni-ewropea-dwar-id-drittijiet-tal-bniedem\/protokoll-nru1\/\" title=\"Protokoll Nru 1 g\u0127all-Konvenzjoni g\u0127all-Protezzjoni tad-Drittijiet tal-Bniedem u l-Libertajiet Fondamentali\">Protokoll Nru 1 g\u0127all-Konvenzjoni g\u0127all-Protezzjoni tad-Drittijiet tal-Bniedem u l-Libertajiet Fondamentali<\/a><\/li>\n<li><a href=\"https:\/\/europeancourt.org\/mt\/dokumenti\/kunsill-tal-ewropa\/konvenzjoni-ewropea-dwar-id-drittijiet-tal-bniedem\/protokoll-nru4\/\" title=\"Protokoll Nru 4 g\u0127all-Konvenzjoni g\u0127all-Protezzjoni tad-Drittijiet tal-Bniedem u l-Libertajiet Fondamentali\">Protokoll Nru 4 g\u0127all-Konvenzjoni g\u0127all-Protezzjoni tad-Drittijiet tal-Bniedem u l-Libertajiet Fondamentali<\/a><\/li>\n<li><a href=\"https:\/\/europeancourt.org\/mt\/dokumenti\/kunsill-tal-ewropa\/konvenzjoni-ewropea-dwar-id-drittijiet-tal-bniedem\/protokoll-nru6\/\" title=\"Protokoll Nru 6 g\u0127all-Konvenzjoni g\u0127all-Protezzjoni tad-Drittijiet tal-Bniedem u l-Libertajiet Fondamentali\">Protokoll Nru 6 g\u0127all-Konvenzjoni g\u0127all-Protezzjoni tad-Drittijiet tal-Bniedem u l-Libertajiet Fondamentali<\/a><\/li>\n<li><a href=\"https:\/\/europeancourt.org\/mt\/dokumenti\/kunsill-tal-ewropa\/konvenzjoni-ewropea-dwar-id-drittijiet-tal-bniedem\/protokoll-nru7\/\" title=\"Protokoll Nru 7 g\u0127all-Konvenzjoni g\u0127all-Protezzjoni tad-Drittijiet tal-Bniedem u l-Libertajiet Fondamentali\">Protokoll Nru 7 g\u0127all-Konvenzjoni g\u0127all-Protezzjoni tad-Drittijiet tal-Bniedem u l-Libertajiet Fondamentali<\/a><\/li>\n<li><a href=\"https:\/\/europeancourt.org\/mt\/dokumenti\/kunsill-tal-ewropa\/konvenzjoni-ewropea-dwar-id-drittijiet-tal-bniedem\/protokoll-nru12\/\" title=\"Protokoll Nru 12 g\u0127all-Konvenzjoni g\u0127all-Protezzjoni tad-Drittijiet tal-Bniedem u l-Libertajiet Fondamentali\">Protokoll Nru 12 g\u0127all-Konvenzjoni g\u0127all-Protezzjoni tad-Drittijiet tal-Bniedem u l-Libertajiet Fondamentali<\/a><\/li>\n<li><a href=\"https:\/\/europeancourt.org\/mt\/dokumenti\/kunsill-tal-ewropa\/konvenzjoni-ewropea-dwar-id-drittijiet-tal-bniedem\/protokoll-nru13\/\" title=\"Protokoll Nru 13 g\u0127all-Konvenzjoni g\u0127all-Protezzjoni tad-Drittijiet tal-Bniedem u l-Libertajiet Fondamentali\">Protokoll Nru 13 g\u0127all-Konvenzjoni g\u0127all-Protezzjoni tad-Drittijiet tal-Bniedem u l-Libertajiet Fondamentali<\/a><\/li>\n<li><a href=\"https:\/\/europeancourt.org\/mt\/dokumenti\/kunsill-tal-ewropa\/konvenzjoni-ewropea-dwar-id-drittijiet-tal-bniedem\/protokoll-nru16\/\" title=\"Protokoll Nru 16 g\u0127all-Konvenzjoni g\u0127all-Protezzjoni tad-Drittijiet tal-Bniedem u l-Libertajiet Fondamentali\">Protokoll Nru 16 g\u0127all-Konvenzjoni g\u0127all-Protezzjoni tad-Drittijiet tal-Bniedem u l-Libertajiet Fondamentali<\/a><\/li>\n<\/ul>\n<li><a href=\"https:\/\/europeancourt.org\/mt\/dokumenti\/kunsill-tal-ewropa\/qedb\/\" title=\"Qorti Ewropea tad-Drittijiet tal-Bniedem\">Qorti Ewropea tad-Drittijiet tal-Bniedem<\/a><\/li>\n<ul>\n<li><a href=\"https:\/\/europeancourt.org\/mt\/dokumenti\/kunsill-tal-ewropa\/qedb\/ir-regoli-regola-47\/\" title=\"Regola 47 tar-Regoli tal-Qorti Ewropea tad-Drittijiet tal-Bniedem\">Ir-Regoli Tal-Qorti \u2013 Regola 47<\/a><\/li>\n<li><a href=\"https:\/\/europeancourt.org\/en\/documents\/council-of-europe\/echr\/practice-directions-institution-of-proceedings\/\" title=\"Istruzzjonijiet fuq il-Prattika dwar il-bidu ta\u2019 Pro\u010beduri\">Istruzzjonijiet fuq il-Prattika dwar il-bidu ta\u2019 Pro\u010beduri<\/a><\/li>\n<li><a href=\"https:\/\/europeancourt.org\/mt\/dokumenti\/kunsill-tal-ewropa\/qedb\/formola-ta-applikazzjoni\/\" title=\"Applikazzjoni lill-Qorti Ewropea tad-Drittijiet tal-Bniedem\">Formola ta\u2019 applikazzjoni<\/a><\/li>\n<ul>\n<li><a href=\"https:\/\/europeancourt.org\/mt\/dokumenti\/kunsill-tal-ewropa\/qedb\/formola-ta-applikazzjoni\/noti-g%c4%a7all-mili\/\" title=\"Noti g\u0127all-mili tal-applikazzjoni\">Noti g\u0127all-mili tal-applikazzjoni<\/a><\/li>\n<\/ul>\n<li><a href=\"https:\/\/europeancourt.org\/mt\/dokumenti\/kunsill-tal-ewropa\/qedb\/formola-ta-prokura\/\" title=\"Prokura g\u0127all-Qorti Ewropea tad-Drittijiet tal-Bniedem\">Formola ta\u2019 Prokura<\/a><\/li>\n<li><a href=\"https:\/\/europeancourt.org\/downloads\/mt\/Tabella_li_tistabbilixxi_d_dettalji_ta_identifikazzjoni_ghal_kull_applikant_lill_QEDB_MLT.XLSX\" title=\"Tabella li tistabbilixxi d-dettalji ta\u2019 identifikazzjoni g\u0127al kull applikant\">Addendum g\u0127al applikazzjonijiet mi\u0121bura flimkien u applikanti multipli<\/a><\/li>\n<\/ul><\/ul><\/ul> ","protected":false},"excerpt":{"rendered":"Kunsill tal-Ewropa Il-Konvenzjoni g\u0127all-Protezzjoni tad-Drittijiet tal-Bniedem u l-Libertajiet Fondamentali Protokoll Nru 1 g\u0127all-Konvenzjoni g\u0127all-Protezzjoni tad-Drittijiet tal-Bniedem u l-Libertajiet Fondamentali Protokoll Nru 4 g\u0127all-Konvenzjoni g\u0127all-Protezzjoni tad-Drittijiet tal-Bniedem u l-Libertajiet Fondamentali Protokoll Nru 6 g\u0127all-Konvenzjoni g\u0127all-Protezzjoni&#46;&#46;&#46;","protected":false},"author":1,"featured_media":210043,"parent":0,"menu_order":0,"comment_status":"closed","ping_status":"closed","template":"","meta":{"footnotes":""},"categories":[],"tags":[],"class_list":["post-116079","page","type-page","status-publish","has-post-thumbnail","hentry"],"_links":{"self":[{"href":"https:\/\/europeancourt.org\/mt\/wp-json\/wp\/v2\/pages\/116079","targetHints":{"allow":["GET"]}}],"collection":[{"href":"https:\/\/europeancourt.org\/mt\/wp-json\/wp\/v2\/pages"}],"about":[{"href":"https:\/\/europeancourt.org\/mt\/wp-json\/wp\/v2\/types\/page"}],"author":[{"embeddable":true,"href":"https:\/\/europeancourt.org\/mt\/wp-json\/wp\/v2\/users\/1"}],"replies":[{"embeddable":true,"href":"https:\/\/europeancourt.org\/mt\/wp-json\/wp\/v2\/comments?post=116079"}],"version-history":[{"count":0,"href":"https:\/\/europeancourt.org\/mt\/wp-json\/wp\/v2\/pages\/116079\/revisions"}],"wp:featuredmedia":[{"embeddable":true,"href":"https:\/\/europeancourt.org\/mt\/wp-json\/wp\/v2\/media\/210043"}],"wp:attachment":[{"href":"https:\/\/europeancourt.org\/mt\/wp-json\/wp\/v2\/media?parent=116079"}],"wp:term":[{"taxonomy":"category","embeddable":true,"href":"https:\/\/europeancourt.org\/mt\/wp-json\/wp\/v2\/categories?post=116079"},{"taxonomy":"post_tag","embeddable":true,"href":"https:\/\/europeancourt.org\/mt\/wp-json\/wp\/v2\/tags?post=116079"}],"curies":[{"name":"wp","href":"https:\/\/api.w.org\/{rel}","templated":true}]}}