{"id":177046,"date":"2022-07-03T16:50:48","date_gmt":"2022-07-03T14:50:48","guid":{"rendered":"https:\/\/europeancourt.org\/dokumenti\/kunsill-tal-ewropa\/qedb\/formola-ta-prokura\/"},"modified":"2024-06-10T23:56:35","modified_gmt":"2024-06-10T21:56:35","slug":"formola-ta-prokura","status":"publish","type":"page","link":"https:\/\/europeancourt.org\/mt\/dokumenti\/kunsill-tal-ewropa\/qedb\/formola-ta-prokura\/","title":{"rendered":"Prokura g\u0127all-Qorti Ewropea tad-Drittijiet tal-Bniedem"},"content":{"rendered":"<p>Il-formola ta\u0127dem tajjeb biss bl-Adobe Reader 9 jew b\u2019ver\u017cjoni iktar re\u010benti u bis-sistemi operattivi ta\u2019 Windows u MAC OS X. Jekk jog\u0127\u0121bok kun \u010bert li g\u0127andek l-Adobe Reader installat fuq il-komputer (tist\u00e0 <a href=\"https:\/\/get.adobe.com\/reader\/\" title=\"Adobe Reader\" target=\"_blank\" rel=\"noopener\">tni\u017c\u017clu minn www.adobe.com<\/a>).<\/p>\n<ul>\n<li>Issejvja l-formola fuq il-komputer fejn tixtieq.<\/li>\n<li>Sib il-kopja issejvjata tal-formola u ifta\u0127ha bl-Adobe Reader.<\/li>\n<li>Imla l-formola u issejvjaha.<\/li>\n<li>Meta tkun imlejt il-formola g\u0127andek tipprintjaha, tiffirmaha u tibg\u0127atha bil-posta lill-Qorti.<\/li>\n<\/ul>\n<p style=\"text-align: center;\"><a title=\"Prokura g\u0127all-Qorti Ewropea tad-Drittijiet tal-Bniedem\" href=\"https:\/\/europeancourt.org\/downloads\/mt\/Prokura_ghall-Qorti_Ewropea_tad-Drittijiet_tal-Bniedem_MLT_2021-1.PDF\" class=\"extlinkoff mybrightbutton red\" download=\"\">Ni\u017c\u017cel <i class=\"fas fa-download\"><\/i><\/a><\/p>\n<iframe class=\"wonderplugin-pdf-iframe\" src=\"https:\/\/europeancourt.org\/wp-content\/plugins\/wonderplugin-pdf-embed\/pdfjs\/web\/viewer.html?v=2&disabledownload=1&disableprint=1&disabledoc=1&disableopenfile=1&externallinktarget=2&file=https:\/\/europeancourt.org\/noindex\/AuthF_MLT_2021-1.pdf\" title=\"Prokura g\u0127all-Qorti Ewropea tad-Drittijiet tal-Bniedem\" width=\"100%\" height=\"900px\" style=\"border:0;\"><\/iframe>","protected":false},"excerpt":{"rendered":"Il-formola ta\u0127dem tajjeb biss bl-Adobe Reader 9 jew b\u2019ver\u017cjoni iktar re\u010benti u bis-sistemi operattivi ta\u2019 Windows u MAC OS X. Jekk jog\u0127\u0121bok kun \u010bert li g\u0127andek l-Adobe Reader installat fuq il-komputer (tist\u00e0 tni\u017c\u017clu minn&#46;&#46;&#46;","protected":false},"author":1,"featured_media":191817,"parent":147379,"menu_order":0,"comment_status":"closed","ping_status":"closed","template":"","meta":{"footnotes":""},"categories":[],"tags":[],"class_list":["post-177046","page","type-page","status-publish","has-post-thumbnail","hentry"],"_links":{"self":[{"href":"https:\/\/europeancourt.org\/mt\/wp-json\/wp\/v2\/pages\/177046","targetHints":{"allow":["GET"]}}],"collection":[{"href":"https:\/\/europeancourt.org\/mt\/wp-json\/wp\/v2\/pages"}],"about":[{"href":"https:\/\/europeancourt.org\/mt\/wp-json\/wp\/v2\/types\/page"}],"author":[{"embeddable":true,"href":"https:\/\/europeancourt.org\/mt\/wp-json\/wp\/v2\/users\/1"}],"replies":[{"embeddable":true,"href":"https:\/\/europeancourt.org\/mt\/wp-json\/wp\/v2\/comments?post=177046"}],"version-history":[{"count":0,"href":"https:\/\/europeancourt.org\/mt\/wp-json\/wp\/v2\/pages\/177046\/revisions"}],"up":[{"embeddable":true,"href":"https:\/\/europeancourt.org\/mt\/wp-json\/wp\/v2\/pages\/147379"}],"wp:featuredmedia":[{"embeddable":true,"href":"https:\/\/europeancourt.org\/mt\/wp-json\/wp\/v2\/media\/191817"}],"wp:attachment":[{"href":"https:\/\/europeancourt.org\/mt\/wp-json\/wp\/v2\/media?parent=177046"}],"wp:term":[{"taxonomy":"category","embeddable":true,"href":"https:\/\/europeancourt.org\/mt\/wp-json\/wp\/v2\/categories?post=177046"},{"taxonomy":"post_tag","embeddable":true,"href":"https:\/\/europeancourt.org\/mt\/wp-json\/wp\/v2\/tags?post=177046"}],"curies":[{"name":"wp","href":"https:\/\/api.w.org\/{rel}","templated":true}]}}