{"id":223419,"date":"2021-10-07T00:26:31","date_gmt":"2021-10-06T22:26:31","guid":{"rendered":"https:\/\/europeancourt.org\/?page_id=223419"},"modified":"2025-11-29T11:19:38","modified_gmt":"2025-11-29T10:19:38","slug":"sib-numru-ta-applikazzjoni-re%c4%a1istrazzjoni-u-sentenza","status":"publish","type":"page","link":"https:\/\/europeancourt.org\/mt\/servizzi\/qedb\/sib-numru-ta-applikazzjoni-re%c4%a1istrazzjoni-u-sentenza\/","title":{"rendered":"Sib numru ta\u2019 applikazzjoni QEDB, re\u0121istrazzjoni u sentenza"},"content":{"rendered":"<div class=\"mywpcf7cf myshow myhide\">Taf in-numru tal-applikazzjoni in kwistjoni?<\/div>\r\n<div class=\"mywpcf7cf myshow myhide\">\r\n  <span class=\"mymultyradiobutton blue\">\r\n    <span class=\"wpcf7-list-item wpcf7\">\r\n      <label><input type=\"radio\"><span class=\"wpcf7-list-item-label\">Iva<\/span><\/label>\r\n    <\/span>\r\n  <\/span>\r\n  <span class=\"mymultyradiobutton blue\">\r\n    <span class=\"wpcf7-list-item wpcf7\">\r\n      <label><input type=\"radio\"><span class=\"wpcf7-list-item-label\">Le<\/span><\/label>\r\n    <\/span>\r\n  <\/span>\r\n<\/div>\r\n<div class=\"mywpcf7cf-blueleft myshow myhide\">\r\n  <span class=\"mycustomsummary\">X\u2019inhu n-numru tal-applikazzjoni?<\/span>\r\n  <span class=\"mycustomdetails\">\r\n    <span class=\"vlist\">\r\n      <span class=\"vitem\">In-numru tal-applikazzjoni jkun indikat f\u2019kull ittra mill-QEDB dwar applikazzjoni li \u0121iet irre\u0121istrata, immedjatament wara l-kliem \u201cApplikazzjoni Nru.\u201d u qabel l-isem tal-applikazzjoni (il-ka\u017c). Fil-korrispondenza bl-Ingli\u017c jinkiteb \u201cApplication no.\u201d, bil-Fran\u010bi\u017c jinkiteb \u201cRequ\u00eate n\u00b0\u201d.<\/span>\r\n      <span class=\"vitem\">Il-format tan-numru tal-applikazzjoni: NUMRU\/SENA, e\u017c. 123\/14. Numri biss u slash lejn il-lemin \u201c\/\u201d, ming\u0127ajr spazji.<\/span>\r\n      <span class=\"vitem\">Numru fl-istess format f\u2019ittra tal-QEDB dwar in-nuqqas ta\u2019 konformit\u00e0 tal-formola tal-applikazzjoni mar-rekwi\u017citi mhuwiex in-numru tal-applikazzjoni. Dak in-numru jista\u2019 jsir in-numru tal-applikazzjoni biss wara li l-QEDB jir\u010bievi formola tal-applikazzjoni li tissodisfa r-rekwi\u017citi u jirre\u0121istra l-applikazzjoni. F\u2019din l-ittra l-isem tal-applikazzjoni (il-ka\u017c) ma jidhirx, peress li l-applikazzjoni mhix irre\u0121istrata, u normalment ikun indikat il-kodi\u010bi ECHR-Axxx6, fejn \u201cxxx\u201d jindika l-lingwa tal-ittra.<\/span>\r\n    <\/span>\r\n  <\/span>\r\n<\/div>\r\n<div class=\"mywpcf7cf myshow myhide mywpcf7cf-utility\">\r\n  <div class=\"mybutton red not-in-text-button is-disabled\" aria-disabled=\"true\">Ibda mill-\u0121did<\/div>\r\n  <a class=\"mybutton red not-in-text-button\" href=\"mailto:oleg.anishchik@europeancourt.org?subject=Sib numru ta\u2019 applikazzjoni QEDB, re\u0121istrazzjoni u sentenza: \u017cball&#038;body=Deskrizzjoni ta\u017c-\u017cball: \">Irrapporta \u017cball<\/a>\r\n<\/div>\r\n<div id=\"ajax_content\"><\/div>","protected":false},"excerpt":{"rendered":"Taf in-numru tal-applikazzjoni in kwistjoni? Iva Le X\u2019inhu n-numru tal-applikazzjoni? In-numru tal-applikazzjoni jkun indikat f\u2019kull ittra mill-QEDB dwar applikazzjoni li \u0121iet irre\u0121istrata, immedjatament wara l-kliem \u201cApplikazzjoni Nru.\u201d u qabel l-isem tal-applikazzjoni (il-ka\u017c). Fil-korrispondenza bl-Ingli\u017c&#46;&#46;&#46;","protected":false},"author":1,"featured_media":223420,"parent":222216,"menu_order":0,"comment_status":"closed","ping_status":"closed","template":"","meta":{"footnotes":""},"categories":[],"tags":[],"class_list":["post-223419","page","type-page","status-publish","has-post-thumbnail","hentry"],"_links":{"self":[{"href":"https:\/\/europeancourt.org\/mt\/wp-json\/wp\/v2\/pages\/223419","targetHints":{"allow":["GET"]}}],"collection":[{"href":"https:\/\/europeancourt.org\/mt\/wp-json\/wp\/v2\/pages"}],"about":[{"href":"https:\/\/europeancourt.org\/mt\/wp-json\/wp\/v2\/types\/page"}],"author":[{"embeddable":true,"href":"https:\/\/europeancourt.org\/mt\/wp-json\/wp\/v2\/users\/1"}],"replies":[{"embeddable":true,"href":"https:\/\/europeancourt.org\/mt\/wp-json\/wp\/v2\/comments?post=223419"}],"version-history":[{"count":1,"href":"https:\/\/europeancourt.org\/mt\/wp-json\/wp\/v2\/pages\/223419\/revisions"}],"predecessor-version":[{"id":223421,"href":"https:\/\/europeancourt.org\/mt\/wp-json\/wp\/v2\/pages\/223419\/revisions\/223421"}],"up":[{"embeddable":true,"href":"https:\/\/europeancourt.org\/mt\/wp-json\/wp\/v2\/pages\/222216"}],"wp:featuredmedia":[{"embeddable":true,"href":"https:\/\/europeancourt.org\/mt\/wp-json\/wp\/v2\/media\/223420"}],"wp:attachment":[{"href":"https:\/\/europeancourt.org\/mt\/wp-json\/wp\/v2\/media?parent=223419"}],"wp:term":[{"taxonomy":"category","embeddable":true,"href":"https:\/\/europeancourt.org\/mt\/wp-json\/wp\/v2\/categories?post=223419"},{"taxonomy":"post_tag","embeddable":true,"href":"https:\/\/europeancourt.org\/mt\/wp-json\/wp\/v2\/tags?post=223419"}],"curies":[{"name":"wp","href":"https:\/\/api.w.org\/{rel}","templated":true}]}}