{"id":225401,"date":"2026-04-26T21:34:04","date_gmt":"2026-04-26T19:34:04","guid":{"rendered":"https:\/\/europeancourt.org\/servizzi\/qedb\/t%c4%a7ejjija-ta-applikazzjonijiet-lill-qedb\/"},"modified":"2026-04-26T21:31:36","modified_gmt":"2026-04-26T19:31:36","slug":"t%c4%a7ejjija-ta-applikazzjonijiet-lill-qedb","status":"publish","type":"page","link":"https:\/\/europeancourt.org\/mt\/servizzi\/qedb\/t%c4%a7ejjija-ta-applikazzjonijiet-lill-qedb\/","title":{"rendered":"T\u0127ejjija ta\u2019 applikazzjonijiet lill-QEDB"},"content":{"rendered":"<div id=\"ec-preparation-page\" class=\"ec-service-page ec-service-preparation\" data-service=\"preparation\"\n  data-ec-service-page-id=\"225401\"\n  data-ec-service-form-id=\"225402\"\n  data-ec-service-lang=\"mt\"\n  data-ec-service-docs-message=\"Ehme\u017c il-fajls tad-dokumenti jew da\u0127\u0127al link g\u0127alihom fi kwalunkwe cloud storage.\"\n  data-ec-service-submit-message=\"Biex tibg\u0127at it-talba, ehme\u017c id-dokumenti jew da\u0127\u0127al link g\u0127alihom, wie\u0121eb g\u0127all-mistoqsijiet obbligatorji u imla l-oqsma li jidhru.\"\n  data-ec-service-email-message=\"Jekk jog\u0127\u0121bok imla dan il-qasam.\"\n  data-ec-service-invalid-url-message=\"Jekk jog\u0127\u0121bok ikkore\u0121i l-link.\"\n  data-ec-service-load-error=\"\u017bball.\">\n<div class=\"ec-service-screen ec-service-screen-1\">\n<div class=\"mywpcf7cf myshow myhide\">L-ispi\u017ca g\u0127at-t\u0127ejjija ta\u2019 applikazzjoni lill-Qorti Ewropea tad-Drittijiet tal-Bniedem tiddependi minn kemm ikun me\u0127tie\u0121 \u0127in g\u0127al din il-\u0127idma. Il-firxa tista\u2019 tkun wiesg\u0127a \u0127afna: minn ftit mijiet ta\u2019 ewro, meta kollox jie\u0127u sag\u0127tejn jew tliet sig\u0127at, sa 10,000 ewro jew aktar, meta jkunu me\u0127tie\u0121a g\u0127exieren ta\u2019 sig\u0127at. Dan il-\u0127in ikun me\u0127tie\u0121 biex ji\u0121u studjati d-dokumenti, jintg\u0127a\u017clu l-fatti ewlenin, tinstab u ti\u0121i analizzata l-\u0121urisprudenza attwali kollha tal-Qorti dwar il-mertu u l-ammissibbilt\u00e0 g\u0127al kull ilment possibbli, ji\u0121u fformulati l-ilmenti fuq dik il-ba\u017ci, ji\u0121u sostnuti l-allegazzjonijiet ta\u2019 ksur u tintwera l-konformit\u00e0 mal-kriterji tal-ammissibbilt\u00e0 g\u0127al kull wie\u0127ed minnhom, u mbag\u0127ad dan kollu ji\u0121i espost fil-formola tal-applikazzjoni b\u2019mod qasir, \u010bar u konsistenti.<\/div>\n<div class=\"mywpcf7cf myshow myhide\">Kemm ikun me\u0127tie\u0121 \u0127in fil-ka\u017c tieg\u0127ek u, g\u0127alhekk, kemm se tiswa t-t\u0127ejjija tal-applikazzjoni, nista\u2019 niddeterminahom biss abba\u017ci tad-dokumenti. Ibg\u0127at id-de\u010bi\u017cjonijiet kollha li dwarhom g\u0127andek ilmenti, dokumenti o\u0127ra li juru l-mi\u017curi li dwarhom g\u0127andek ilmenti, is-sottomissjonijiet kollha lill-awtoritajiet nazzjonali, inklu\u017ci l-qrati, fejn dawk l-ilmenti tqajmu fis-sustanza tag\u0127hom, u d-de\u010bi\u017cjonijiet kollha dwar dawk is-sottomissjonijiet. Jekk di\u0121\u00e0 g\u0127andek il-materjal kollu tal-ka\u017c f\u2019forma elettronika, l-a\u0127jar tibag\u0127tu kollu mill-ewwel. Tib\u017cax tibg\u0127at dokumenti \u017cejda u lanqas tib\u017cax t\u0127alli xi \u0127a\u0121a barra: jekk, wara li nistudja dak li tibg\u0127atli, ikolli b\u017conn dokumenti o\u0127ra, nitlobhomlok.<\/div>\n<div class=\"mywpcf7cf myshow myhide\">Normalment inwie\u0121eb g\u0127al talba dwar l-ispi\u017ca tat-t\u0127ejjija tal-applikazzjoni fi \u017cmien \u0121img\u0127a minn meta nir\u010bievi d-dokumenti u l-informazzjoni kollha me\u0127tie\u0121a. Jekk it-terminu biex tressaq applikazzjoni lill-Qorti jiskadi fil-jiem li \u0121ejjin, iktibli u staqsini jekk nistax nittratta t-talba tieg\u0127ek b\u2019mod ur\u0121enti. Inwieg\u0127ed li nwie\u0121eb g\u0127al email b\u0127al din fi \u017cmien 24 sieg\u0127a. Jekk nikkonferma li nista\u2019 nag\u0127mel dan u inti tibg\u0127at minnufih id-dokumenti u l-informazzjoni me\u0127tie\u0121a, inwieg\u0127ed li ng\u0127arrfek bil-konklu\u017cjoni tieg\u0127i dwar it-talba fi \u017cmien it-48 sieg\u0127a ta\u2019 wara.<\/div>\n<div class=\"mywpcf7cf myshow myhide\">Jekk nasal g\u0127all-konklu\u017cjoni li hemm prospetti ra\u0121onevoli biex titressaq applikazzjoni lill-Qorti, ng\u0127arrfek bl-ispi\u017ca e\u017catta tat-t\u0127ejjija tag\u0127ha, b\u2019kont me\u0127ud tal-ilmenti li jag\u0127mel sens li jitressqu, u ng\u0127idlek fil-qosor \u0127afna liema ilmenti ma jag\u0127milx sens li jitressqu. Fl-istess \u0127in nibg\u0127atlek kuntratt g\u0127at-t\u0127ejjija tal-applikazzjoni. Il-\u0127las jista\u2019 jsir b\u2019trasferiment bankarju fil-kont tieg\u0127i fl-I\u017cvizzera, jew b\u2019mezzi o\u0127ra skont il-pajji\u017c minn fejn isir il-\u0127las. Il-perjodu g\u0127at-t\u0127ejjija tal-applikazzjoni dejjem ikun iffissat b\u2019mod li jkun possibbli li tintbag\u0127at lill-Qorti qabel jiskadi t-terminu biex titressaq. B\u0127ala ri\u017cultat tax-xog\u0127ol tir\u010bievi bl-email il-formola tal-applikazzjoni mimlija, l-annessi m\u0127ejjija g\u0127aliha, u spjegazzjonijiet dwar kif tistampahom, tiffirmahom u tibg\u0127athom lill-Qorti kif suppost. Ir-rappre\u017centanza quddiem il-Qorti u kull xog\u0127ol ie\u0127or fuq il-ka\u017c mhumiex inklu\u017ci fl-ispi\u017ca tat-t\u0127ejjija tal-applikazzjoni. Jekk nasal g\u0127all-konklu\u017cjoni li ma nara l-ebda prospett ra\u0121onevoli biex titressaq applikazzjoni lill-Qorti, ng\u0127arrfek biss b\u2019dan.<\/div>\n<div class=\"mywpcf7cf myshow myhide\">Dan is-servizz \u017cgur mhuwiex g\u0127alik jekk xi wa\u0127da minn dawn id-dikjarazzjonijiet tapplika g\u0127alik:<\/div>\n<ul class=\"myshow myhide ec-service-blocker-list\"><li><label><input type=\"checkbox\" class=\"ec-service-blocker\" \/><span>Di\u0121\u00e0 g\u0127andi formola tal-applikazzjoni mimlija, u g\u0127andi b\u017conn biss ni\u010b\u010bekkjaha g\u0127al \u017cbalji.<\/span><\/label><\/li>\n<li><label><input type=\"checkbox\" class=\"ec-service-blocker\" \/><span>M\u2019iniex lest nippre\u017centa d-dokumenti kollha me\u0127tie\u0121a dwar il-ka\u017c.<\/span><\/label><\/li>\n<li><label><input type=\"checkbox\" class=\"ec-service-blocker\" \/><span>Nistenna li nir\u010bievi spjegazzjonijiet dettaljati dwar kull wie\u0127ed mill-ilmenti tieg\u0127i, anki jekk g\u0127alih ma jkunux jidhru prospetti ra\u0121onevoli biex titressaq applikazzjoni lill-Qorti.<\/span><\/label><\/li>\n<li><label><input type=\"checkbox\" class=\"ec-service-blocker\" \/><span>Nistenna li l-applikazzjoni tit\u0127ejja anki jekk ma jkunux jidhru prospetti ra\u0121onevoli biex titressaq applikazzjoni lill-Qorti.<\/span><\/label><\/li>\n<li><label><input type=\"checkbox\" class=\"ec-service-blocker\" \/><span>Min\u0127abba l-g\u0127add tal-ilmenti tieg\u0127i u l-volum tad-dokumenti li di\u0121\u00e0 g\u0127andi fil-ka\u017c, huwa \u010bar g\u0127alija li t-t\u0127ejjija tal-applikazzjoni se te\u0127tie\u0121 \u0127afna aktar \u0127in milli jien lest in\u0127allas g\u0127alih.<\/span><\/label><\/li>\n<li><label><input type=\"checkbox\" class=\"ec-service-blocker\" \/><span>Nista\u2019 nimla wa\u0127di l-formola tal-applikazzjoni skont ir-rekwi\u017citi kollha tal-Qorti, nesponi fiha l-fatti ewlenin kollha, il-ksur u l-informazzjoni dwar il-konformit\u00e0 mal-kriterji tal-ammissibbilt\u00e0 fir-rigward ta\u2019 kull ksur, b\u2019mod e\u017catt skont il-materjal tal-ka\u017c u l-\u0121urisprudenza attwali tal-Qorti applikabbli g\u0127all-ka\u017c tieg\u0127i.<\/span><\/label><\/li><\/ul>\n<div class=\"checking-load-wrap ec-service-load-wrap\"><div class=\"checking-load-button-row ec-service-load-button-row\"><button type=\"button\" class=\"mybutton blue ec-service-load-button\" id=\"load_ajax_form\" data-ec-service-load=\"preparation\" data-ec-service-form-id=\"225402\" data-blocked-message=\"Sakemm tkun mag\u0127\u017cula xi wa\u0127da minn dawn id-dikjarazzjonijiet, ma tistax tkompli. Jekk g\u0127a\u017ciltha bi \u017cball, ne\u0127\u0127i l-g\u0127a\u017cla.\">Ibg\u0127at id-dokumenti<\/button><\/div>\n<div id=\"ec-service-load-status\" class=\"checking-load-status ec-service-load-status\" role=\"status\" aria-live=\"polite\"><\/div><\/div>\n<div class=\"mywpcf7cf myshow myhide\"><a class=\"mybutton blue not-in-text-button\" href=\"mailto:oleg.anishchik@europeancourt.org?subject=Nixtieq%20ni%C4%8B%C4%8Bara%20l-kundizzjonijiet\">Nixtieq ni\u010b\u010bara l-kundizzjonijiet<\/a><\/div>\n<div class=\"mywpcf7cf mywpcf7cf-utility ec-service-utility-row\"><div class=\"mybutton red not-in-text-button is-disabled\" aria-disabled=\"true\">Ibda mill-\u0121did<\/div><div class=\"mybutton red not-in-text-button\" onclick=\"window.location.href='mailto:oleg.anishchik@europeancourt.org?subject=T%C4%A7ejjija%20ta%E2%80%99%20applikazzjonijiet%20lill-QEDB%3A%20%C5%BCball&amp;body=Deskrizzjoni%20ta%C5%BC-%C5%BCball%3A';\">Irrapporta \u017cball<\/div><\/div>\n<\/div>\n<div class=\"ec-service-form-shell\"><div id=\"ajax_content\" class=\"ec-service-ajax-content\" data-loaded=\"0\"><\/div><\/div>\n<\/div>\n<script>\n(function(){\n  if (window.ecServicePageRuntimeReady) return;\n  window.ecServicePageRuntimeReady = true;\n\n  function trim(value) {\n    return String(value || '').replace(\/^\\s+|\\s+$\/g, '');\n  }\n\n  function clearNode(node) {\n    if (!node) return;\n    while (node.firstChild) node.removeChild(node.firstChild);\n  }\n\n  function renderStatus(node, message) {\n    if (!node) return;\n    clearNode(node);\n    if (!message) return;\n    var tip = document.createElement('span');\n    tip.className = 'wpcf7-not-valid-tip';\n    tip.textContent = message;\n    node.appendChild(tip);\n  }\n\n  function ajaxUrl() {\n    if (window.wpcf7cf_global_settings) {\n      if (window.wpcf7cf_global_settings.ajaxurl) {\n        return window.wpcf7cf_global_settings.ajaxurl;\n      }\n    }\n    if (window.ajaxurl) return window.ajaxurl;\n    return '\/wp-admin\/admin-ajax.php';\n  }\n\n  function pageRoot(node) {\n    if (!node) return null;\n    return node.closest ? node.closest('.ec-service-page') : null;\n  }\n\n  function loadStatus(root) {\n    return root ? root.querySelector('.ec-service-load-status') : null;\n  }\n\n  function submitStatus(root) {\n    if (!root) return null;\n    var submit = root.querySelector('#ajax_content .wpcf7-submit');\n    if (!submit) return null;\n    var node = root.querySelector('#ajax_content .ec-service-submit-status');\n    if (!node) {\n      node = document.createElement('div');\n      node.className = 'ec-service-submit-status';\n      node.setAttribute('role', 'status');\n      node.setAttribute('aria-live', 'polite');\n      submit.insertAdjacentElement('afterend', node);\n    }\n    return node;\n  }\n\n  function isLoaded(root) {\n    if (!root) return false;\n    var target = root.querySelector('#ajax_content');\n    if (!target) return false;\n    return target.getAttribute('data-loaded') === '1';\n  }\n\n  function syncBlockers(root) {\n    if (!root || isLoaded(root)) return;\n    var button = root.querySelector('[data-ec-service-load]');\n    if (!button || button.getAttribute('aria-busy') === 'true') return;\n    var blocked = !!root.querySelector('.ec-service-blocker:checked');\n    button.disabled = false;\n    button.setAttribute('data-soft-disabled', blocked ? '1' : '0');\n    button.classList.toggle('is-soft-disabled', blocked);\n    if (!blocked) renderStatus(loadStatus(root), '');\n  }\n\n  function scrollToNode(node) {\n    if (!node || !node.getBoundingClientRect) return;\n    var offset = 50;\n    var adminBar = document.getElementById('wpadminbar');\n    if (adminBar) {\n      if (window.getComputedStyle(adminBar).position === 'fixed') {\n        offset += adminBar.offsetHeight || 0;\n      }\n    }\n    var top = node.getBoundingClientRect().top + window.pageYOffset - offset;\n    window.scrollTo({ top: Math.max(top, 0), behavior: 'smooth' });\n  }\n\n  function initCf7(target) {\n    if (!target) return;\n    var form = target.querySelector('.wpcf7-form');\n    if (!form) return;\n    if (window.wpcf7) {\n      if (typeof window.wpcf7.init === 'function') {\n        try { window.wpcf7.init(form); } catch (error) {}\n      }\n    }\n    if (window.jQuery) {\n      if (window.wpcf7cf) {\n        if (typeof window.wpcf7cf.initForm === 'function') {\n          try { window.wpcf7cf.initForm(window.jQuery(form)); } catch (error) {}\n        }\n      }\n    }\n  }\n\n  function hasFiles(root) {\n    if (!root) return false;\n    var input = root.querySelector('#ajax_content input[name=\"multifile-applicationformfiles[]\"]');\n    if (!input) return false;\n    if (!input.files) return false;\n    return !!input.files.length;\n  }\n\n  function hasDocsLink(root) {\n    if (!root) return false;\n    var input = root.querySelector('#ajax_content input[name=\"url-documents-link\"]');\n    if (!input) return false;\n    var value = trim(input.value);\n    if (!value) return false;\n    if (typeof input.checkValidity === 'function') return input.checkValidity();\n    return true;\n  }\n\n  function docsLinkInvalid(root) {\n    if (!root) return false;\n    var input = root.querySelector('#ajax_content input[name=\"url-documents-link\"]');\n    if (!input) return false;\n    if (!trim(input.value)) return false;\n    if (typeof input.checkValidity !== 'function') return false;\n    return !input.checkValidity();\n  }\n\n  function emailOk(root) {\n    if (!root) return false;\n    var input = root.querySelector('#ajax_content input[name=\"your-email\"]');\n    if (!input) return true;\n    var value = trim(input.value);\n    if (!value) return false;\n    if (typeof input.checkValidity === 'function') return input.checkValidity();\n    return \/^[^\\s@]+@[^\\s@]+\\.[^\\s@]+$\/.test(value);\n  }\n\n  function isVisible(node) {\n    if (!node) return false;\n    var current = node;\n    while (current) {\n      if (current === document.documentElement) break;\n      if (current.nodeType === 1) {\n        if (current.hidden) return false;\n        if (current.classList) {\n          if (current.classList.contains('wpcf7cf-hidden')) return false;\n        }\n        if (current.getAttribute) {\n          if (current.getAttribute('aria-hidden') === 'true') return false;\n        }\n        if (window.getComputedStyle(current).display === 'none') return false;\n      }\n      current = current.parentNode;\n    }\n    return true;\n  }\n\n  function radioGroupOk(root, name) {\n    var items = root ? root.querySelectorAll('#ajax_content input[name=\"' + name + '\"]') : [];\n    if (!items.length) return true;\n    for (var i = 0; i < items.length; i += 1) {\n      if (items[i].checked) return true;\n    }\n    return false;\n  }\n\n  function visibleTextOk(root, name) {\n    if (!root) return true;\n    var node = root.querySelector('#ajax_content [name=\"' + name + '\"]');\n    if (!node || !isVisible(node)) return true;\n    return !!trim(node.value);\n  }\n\n  function answersOk(root) {\n    if (!root || root.getAttribute('data-service') !== 'preparation') return true;\n    if (!radioGroupOk(root, 'prep-claims-scope')) return false;\n    if (!radioGroupOk(root, 'prep-low-chance')) return false;\n    if (!radioGroupOk(root, 'prep-essential-results')) return false;\n    if (!visibleTextOk(root, 'prep-listed-claims-text')) return false;\n    if (!visibleTextOk(root, 'prep-low-chance-claims-text')) return false;\n    if (!visibleTextOk(root, 'prep-essential-results-details')) return false;\n    return true;\n  }\n\n  function markAttention(root, on) {\n    ['input[name=\"multifile-applicationformfiles[]\"]', 'input[name=\"url-documents-link\"]', 'input[name=\"your-email\"]', 'textarea[name=\"prep-listed-claims-text\"]', 'textarea[name=\"prep-low-chance-claims-text\"]', 'textarea[name=\"prep-essential-results-details\"]'].forEach(function(selector) {\n      var node = root ? root.querySelector('#ajax_content ' + selector) : null;\n      if (!node) return;\n      node.classList.toggle('ec-service-needs-attention', !!on);\n      if (on) node.setAttribute('aria-invalid', 'true');\n      else node.removeAttribute('aria-invalid');\n    });\n    ['prep-claims-scope', 'prep-low-chance', 'prep-essential-results'].forEach(function(name) {\n      var wrap = root ? root.querySelector('#ajax_content .wpcf7-form-control-wrap[data-name=\"' + name + '\"]') : null;\n      if (!wrap) return;\n      wrap.classList.toggle('ec-service-needs-attention', !!on);\n    });\n  }\n\n  function formReady(root) {\n    if (!(hasFiles(root) || hasDocsLink(root))) return false;\n    if (!answersOk(root)) return false;\n    return emailOk(root);\n  }\n\n  function syncSubmit(root) {\n    if (!root) return;\n    var submit = root.querySelector('#ajax_content .wpcf7-submit');\n    if (!submit) return;\n    var ready = formReady(root);\n    submit.disabled = false;\n    submit.setAttribute('data-soft-disabled', ready ? '0' : '1');\n    submit.classList.toggle('is-soft-disabled', !ready);\n    if (ready) {\n      renderStatus(submitStatus(root), '');\n      markAttention(root, false);\n    }\n  }\n\n  function missingMessage(root) {\n    if (docsLinkInvalid(root)) {\n      return root.getAttribute('data-ec-service-invalid-url-message') || '';\n    }\n    if (!(hasFiles(root) || hasDocsLink(root)) || !answersOk(root)) {\n      return root.getAttribute('data-ec-service-submit-message') || root.getAttribute('data-ec-service-docs-message') || '';\n    }\n    if (!emailOk(root)) {\n      return root.getAttribute('data-ec-service-email-message') || '';\n    }\n    return '';\n  }\n\n  function blockSubmit(event, root) {\n    if (formReady(root)) return false;\n    event.preventDefault();\n    event.stopPropagation();\n    if (event.stopImmediatePropagation) event.stopImmediatePropagation();\n    markAttention(root, true);\n    renderStatus(submitStatus(root), missingMessage(root));\n    return true;\n  }\n\n  function setupLoadedForm(root) {\n    syncSubmit(root);\n  }\n\n  function loadForm(root, button) {\n    if (!root || !button || root.__ecServiceLoading) return;\n    var target = root.querySelector('#ajax_content');\n    if (!target) return;\n    var formId = root.getAttribute('data-ec-service-form-id') || button.getAttribute('data-ec-service-form-id') || '';\n    var pageId = root.getAttribute('data-ec-service-page-id') || '';\n    var service = root.getAttribute('data-service') || button.getAttribute('data-ec-service-load') || '';\n    var lang = root.getAttribute('data-ec-service-lang') || '';\n    if (!formId || !pageId || !service) {\n      renderStatus(loadStatus(root), root.getAttribute('data-ec-service-load-error') || '');\n      return;\n    }\n    root.__ecServiceLoading = true;\n    root.classList.add('is-form-loading');\n    button.setAttribute('aria-busy', 'true');\n    renderStatus(loadStatus(root), '');\n    var body = new URLSearchParams();\n    body.set('action', 'load_form_ec_service');\n    body.set('service', service);\n    body.set('page_id', pageId);\n    body.set('form_id', formId);\n    body.set('lang', lang);\n    window.fetch(ajaxUrl(), {\n      method: 'POST',\n      credentials: 'same-origin',\n      headers: {'Content-Type': 'application\/x-www-form-urlencoded; charset=UTF-8'},\n      body: body.toString()\n    }).then(function(response) {\n      if (!response.ok) throw new Error('ajax_' + response.status);\n      return response.text();\n    }).then(function(html) {\n      if (!trim(html)) throw new Error('empty_response');\n      target.innerHTML = html;\n      target.setAttribute('data-loaded', '1');\n      root.classList.add('is-form-open');\n      initCf7(target);\n      setupLoadedForm(root);\n      scrollToNode(target);\n    }).catch(function() {\n      renderStatus(loadStatus(root), root.getAttribute('data-ec-service-load-error') || '');\n    }).then(function() {\n      root.__ecServiceLoading = false;\n      root.classList.remove('is-form-loading');\n      button.removeAttribute('aria-busy');\n      syncBlockers(root);\n    });\n  }\n\n  window.ecServiceStartOver = function(event) {\n    var root = pageRoot(event ? event.target : null);\n    if (!root) return;\n    if (event) {\n      event.preventDefault();\n      event.stopPropagation();\n    }\n    var target = root.querySelector('#ajax_content');\n    if (target) {\n      target.innerHTML = '';\n      target.setAttribute('data-loaded', '0');\n    }\n    root.querySelectorAll('.ec-service-blocker').forEach(function(node) { node.checked = false; });\n    root.classList.remove('is-form-open', 'is-form-loading');\n    renderStatus(loadStatus(root), '');\n    syncBlockers(root);\n    scrollToNode(root);\n  };\n\n  document.addEventListener('click', function(event) {\n    var button = null;\n    if (event.target) {\n      if (event.target.closest) {\n        button = event.target.closest('[data-ec-service-load]');\n      }\n    }\n    if (!button) return;\n    var root = pageRoot(button);\n    if (!root) return;\n    event.preventDefault();\n    event.stopPropagation();\n    if (event.stopImmediatePropagation) event.stopImmediatePropagation();\n    if (root.querySelector('.ec-service-blocker:checked')) {\n      renderStatus(loadStatus(root), button.getAttribute('data-blocked-message') || '');\n      syncBlockers(root);\n      return;\n    }\n    loadForm(root, button);\n  }, true);\n\n  document.addEventListener('click', function(event) {\n    var submit = null;\n    if (event.target) {\n      if (event.target.closest) {\n        submit = event.target.closest('.ec-service-page #ajax_content .wpcf7-submit');\n      }\n    }\n    if (!submit) return;\n    blockSubmit(event, pageRoot(submit));\n  }, true);\n\n  document.addEventListener('submit', function(event) {\n    var form = event.target;\n    if (!form || !form.closest) return;\n    var root = form.closest('.ec-service-page');\n    if (root) blockSubmit(event, root);\n  }, true);\n\n  document.addEventListener('change', function(event) {\n    var root = pageRoot(event.target);\n    if (!root) return;\n    if (event.target.matches('.ec-service-blocker')) syncBlockers(root);\n    syncSubmit(root);\n  }, true);\n\n  document.addEventListener('input', function(event) {\n    var root = pageRoot(event.target);\n    if (root) syncSubmit(root);\n  }, true);\n\n  document.querySelectorAll('.ec-service-page').forEach(syncBlockers);\n})();\n<\/script>","protected":false},"excerpt":{"rendered":"L-ispi\u017ca g\u0127at-t\u0127ejjija ta\u2019 applikazzjoni lill-Qorti Ewropea tad-Drittijiet tal-Bniedem tiddependi minn kemm ikun me\u0127tie\u0121 \u0127in g\u0127al din il-\u0127idma. Il-firxa tista\u2019 tkun wiesg\u0127a \u0127afna: minn ftit mijiet ta\u2019 ewro, meta kollox jie\u0127u sag\u0127tejn jew tliet sig\u0127at,&#46;&#46;&#46;","protected":false},"author":0,"featured_media":0,"parent":222216,"menu_order":0,"comment_status":"closed","ping_status":"closed","template":"","meta":{"footnotes":""},"categories":[],"tags":[],"class_list":["post-225401","page","type-page","status-publish","hentry"],"_links":{"self":[{"href":"https:\/\/europeancourt.org\/mt\/wp-json\/wp\/v2\/pages\/225401","targetHints":{"allow":["GET"]}}],"collection":[{"href":"https:\/\/europeancourt.org\/mt\/wp-json\/wp\/v2\/pages"}],"about":[{"href":"https:\/\/europeancourt.org\/mt\/wp-json\/wp\/v2\/types\/page"}],"replies":[{"embeddable":true,"href":"https:\/\/europeancourt.org\/mt\/wp-json\/wp\/v2\/comments?post=225401"}],"version-history":[{"count":4,"href":"https:\/\/europeancourt.org\/mt\/wp-json\/wp\/v2\/pages\/225401\/revisions"}],"predecessor-version":[{"id":225986,"href":"https:\/\/europeancourt.org\/mt\/wp-json\/wp\/v2\/pages\/225401\/revisions\/225986"}],"up":[{"embeddable":true,"href":"https:\/\/europeancourt.org\/mt\/wp-json\/wp\/v2\/pages\/222216"}],"wp:attachment":[{"href":"https:\/\/europeancourt.org\/mt\/wp-json\/wp\/v2\/media?parent=225401"}],"wp:term":[{"taxonomy":"category","embeddable":true,"href":"https:\/\/europeancourt.org\/mt\/wp-json\/wp\/v2\/categories?post=225401"},{"taxonomy":"post_tag","embeddable":true,"href":"https:\/\/europeancourt.org\/mt\/wp-json\/wp\/v2\/tags?post=225401"}],"curies":[{"name":"wp","href":"https:\/\/api.w.org\/{rel}","templated":true}]}}