{"id":225407,"date":"2026-04-26T14:48:59","date_gmt":"2026-04-26T12:48:59","guid":{"rendered":"https:\/\/europeancourt.org\/pariri-legali-u-kuntatti\/"},"modified":"2026-05-01T03:31:36","modified_gmt":"2026-05-01T01:31:36","slug":"pariri-legali-u-kuntatti","status":"publish","type":"page","link":"https:\/\/europeancourt.org\/mt\/pariri-legali-u-kuntatti\/","title":{"rendered":"Pariri legali u kuntatti"},"content":{"rendered":"<div id=\"ec-contact-shell\" class=\"ec-service-page ec-service-contacts\" data-service=\"contacts\">\n<div class=\"ec-service-screen-1\">\n<div class=\"wpcf7\">\n<div data-id=\"group-firstpage\">\n<div class=\"mywpcf7cf\">G\u0127andi b\u017conn:<\/div>\n\n<span class=\"wpcf7-form-control-wrap\" data-name=\"radio-firstpage1\"><span class=\"wpcf7-form-control wpcf7-acceptance optional\"><span class=\"wpcf7-list-item\"><label><input type=\"checkbox\" name=\"radio-firstpage1\" value=\"1\" aria-invalid=\"false\" \/><span class=\"ec-shell-choice-marker\" aria-hidden=\"true\"><\/span><span class=\"wpcf7-list-item-label\"><a title=\"T\u0127ejjija ta\u2019 applikazzjonijiet lill-QEDB\" href=\"https:\/\/europeancourt.org\/mt\/servizzi\/qedb\/t%c4%a7ejjija-ta-applikazzjonijiet-lill-qedb\/\">t\u0127ejjija ta\u2019 applikazzjoni lill-Qorti Ewropea tad-Drittijiet tal-Bniedem<\/a><\/span><\/label><\/span><\/span><\/span>\n\n<span class=\"wpcf7-form-control-wrap\" data-name=\"radio-firstpage2\"><span class=\"wpcf7-form-control wpcf7-acceptance optional\"><span class=\"wpcf7-list-item\"><label><input type=\"checkbox\" name=\"radio-firstpage2\" value=\"1\" aria-invalid=\"false\" \/><span class=\"ec-shell-choice-marker\" aria-hidden=\"true\"><\/span><span class=\"wpcf7-list-item-label\"><a title=\"Verifika ta\u2019 applikazzjonijiet mimlija lill-QEDB\" href=\"https:\/\/europeancourt.org\/mt\/servizzi\/qedb\/verifika-ta-applikazzjonijiet-mimlija-lill-qedb\/\">verifika tal-formola tal-applikazzjoni g\u0127al \u017cbalji qabel tintbag\u0127at lill-Qorti<\/a><\/span><\/label><\/span><\/span><\/span>\n\n<span class=\"wpcf7-form-control-wrap\" data-name=\"radio-firstpage3\"><span class=\"wpcf7-form-control wpcf7-acceptance optional\"><span class=\"wpcf7-list-item\"><label><input type=\"checkbox\" name=\"radio-firstpage3\" value=\"1\" aria-invalid=\"false\" \/><span class=\"ec-shell-choice-marker\" aria-hidden=\"true\"><\/span><span class=\"wpcf7-list-item-label\"><a title=\"Tirrappre\u017centa lill-applikanti quddiem il-QEDB\" href=\"https:\/\/europeancourt.org\/mt\/servizzi\/qedb\/tirrappre%c5%bcenta-lill-applikanti-quddiem-il-qedb\/\">rappre\u017centanza tal-applikant quddiem il-Qorti wara li l-ka\u017c ji\u0121i kkomunikat lill-Gvern konvenut<\/a><\/span><\/label><\/span><\/span><\/span>\n\n<span class=\"wpcf7-form-control-wrap\" data-name=\"radio-firstpage7\"><span class=\"wpcf7-form-control wpcf7-acceptance optional\"><span class=\"wpcf7-list-item\"><label><input type=\"checkbox\" name=\"radio-firstpage7\" value=\"1\" aria-invalid=\"false\" \/><span class=\"ec-shell-choice-marker\" aria-hidden=\"true\"><\/span><span class=\"wpcf7-list-item-label\"><a title=\"Sib numru ta\u2019 applikazzjoni QEDB, re\u0121istrazzjoni u sentenza\" href=\"https:\/\/europeancourt.org\/mt\/servizzi\/qedb\/sib-numru-ta-applikazzjoni-re%c4%a1istrazzjoni-u-sentenza\/\">insir naf x\u2019sar mill-applikazzjoni lill-Qorti<\/a><\/span><\/label><\/span><\/span><\/span>\n\n<span class=\"wpcf7-form-control-wrap\" data-name=\"radio-firstpage8\"><span class=\"wpcf7-form-control wpcf7-acceptance optional\"><span class=\"wpcf7-list-item\"><label><input type=\"checkbox\" name=\"radio-firstpage8\" value=\"1\" aria-invalid=\"false\" \/><span class=\"ec-shell-choice-marker\" aria-hidden=\"true\"><\/span><span class=\"wpcf7-list-item-label\"><a title=\"Applikazzjoni lill-Qorti Ewropea tad-Drittijiet tal-Bniedem\" href=\"https:\/\/europeancourt.org\/mt\/dokumenti\/kunsill-tal-ewropa\/qedb\/formola-ta-applikazzjoni\/\">inni\u017c\u017cel il-formola tal-applikazzjoni lill-Qorti Ewropea tad-Drittijiet tal-Bniedem<\/a><\/span><\/label><\/span><\/span><\/span>\n\n<span class=\"wpcf7-form-control-wrap\" data-name=\"radio-firstpage22\"><span class=\"wpcf7-form-control wpcf7-acceptance optional\"><span class=\"wpcf7-list-item\"><label><input type=\"checkbox\" name=\"radio-firstpage22\" value=\"1\" aria-invalid=\"false\" \/><span class=\"ec-shell-choice-marker\" aria-hidden=\"true\"><\/span><span class=\"wpcf7-list-item-label\">nitlob konsultazzjoni<\/span><\/label><\/span><\/span><\/span>\n\n<span class=\"wpcf7-form-control-wrap\" data-name=\"radio-firstpage23\"><span class=\"wpcf7-form-control wpcf7-acceptance optional\"><span class=\"wpcf7-list-item\"><label><input type=\"checkbox\" name=\"radio-firstpage23\" value=\"1\" aria-invalid=\"false\" \/><span class=\"ec-shell-choice-marker\" aria-hidden=\"true\"><\/span><span class=\"wpcf7-list-item-label\">nara d-dettalji ta\u2019 kuntatt<\/span><\/label><\/span><\/span><\/span>\n\n<\/div>\n<\/div>\n<\/div>\n<div class=\"ec-service-form-shell\"><div id=\"ajax_content\" data-loaded=\"0\"><\/div><\/div>\n<\/div>\n","protected":false},"excerpt":{"rendered":"G\u0127andi b\u017conn: t\u0127ejjija ta\u2019 applikazzjoni lill-Qorti Ewropea tad-Drittijiet tal-Bniedem verifika tal-formola tal-applikazzjoni g\u0127al \u017cbalji qabel tintbag\u0127at lill-Qorti rappre\u017centanza tal-applikant quddiem il-Qorti wara li l-ka\u017c ji\u0121i kkomunikat lill-Gvern konvenut insir naf x\u2019sar mill-applikazzjoni lill-Qorti inni\u017c\u017cel&#46;&#46;&#46;","protected":false},"author":0,"featured_media":0,"parent":0,"menu_order":0,"comment_status":"closed","ping_status":"closed","template":"","meta":{"footnotes":""},"categories":[],"tags":[],"class_list":["post-225407","page","type-page","status-publish","hentry"],"_links":{"self":[{"href":"https:\/\/europeancourt.org\/mt\/wp-json\/wp\/v2\/pages\/225407","targetHints":{"allow":["GET"]}}],"collection":[{"href":"https:\/\/europeancourt.org\/mt\/wp-json\/wp\/v2\/pages"}],"about":[{"href":"https:\/\/europeancourt.org\/mt\/wp-json\/wp\/v2\/types\/page"}],"replies":[{"embeddable":true,"href":"https:\/\/europeancourt.org\/mt\/wp-json\/wp\/v2\/comments?post=225407"}],"version-history":[{"count":3,"href":"https:\/\/europeancourt.org\/mt\/wp-json\/wp\/v2\/pages\/225407\/revisions"}],"predecessor-version":[{"id":226722,"href":"https:\/\/europeancourt.org\/mt\/wp-json\/wp\/v2\/pages\/225407\/revisions\/226722"}],"wp:attachment":[{"href":"https:\/\/europeancourt.org\/mt\/wp-json\/wp\/v2\/media?parent=225407"}],"wp:term":[{"taxonomy":"category","embeddable":true,"href":"https:\/\/europeancourt.org\/mt\/wp-json\/wp\/v2\/categories?post=225407"},{"taxonomy":"post_tag","embeddable":true,"href":"https:\/\/europeancourt.org\/mt\/wp-json\/wp\/v2\/tags?post=225407"}],"curies":[{"name":"wp","href":"https:\/\/api.w.org\/{rel}","templated":true}]}}