{"id":147479,"date":"2022-07-02T14:27:20","date_gmt":"2022-07-02T12:27:20","guid":{"rendered":"https:\/\/europeancourt.org\/dokumenter\/europar%c3%a5det\/emd\/regelverk-regel-47\/"},"modified":"2025-10-05T12:00:15","modified_gmt":"2025-10-05T12:00:15","slug":"regelverk-regel-47","status":"publish","type":"page","link":"https:\/\/europeancourt.org\/no\/dokumenter\/europar%c3%a5det\/emd\/regelverk-regel-47\/","title":{"rendered":"Domstolens regelverk \u2013 regel 47"},"content":{"rendered":"<h2 style=\"text-align: center;\">Domstolens regelverk<\/h2>\n<p><strong>Regel 47<a class=\"paddingleft2px\" title=\"Endret av Domstolen 17. juni og 8. juli 2002, 11. desember 2007, 22. september 2008, 6. mai 2013, 1. juni og 5. oktober 2015 og 18. januar 2024.\" href=\"#fn1\"><sup style=\"cursor:help\">1<\/sup><\/a> \u2013 Innhold av en individuell klage<\/strong><\/p>\n<p>1. En klage etter <a title=\"Artikkel 34 i Konvensjonen om beskyttelse av menneskerettighetene og de grunnleggende friheter\" href=\"https:\/\/europeancourt.org\/no\/dokumenter\/europar%c3%a5det\/den-europeiske-menneskerettighetskonvensjonen\/#artikkel-34\">konvensjonens artikkel 34<\/a> skal fremmes p\u00e5 sekretariatets <a href=\"https:\/\/europeancourt.org\/no\/dokumenter\/europar%c3%a5det\/emd\/klageskjema\/\" title=\"Klageskjema til Den europeiske menneskerettighetsdomstolen\">klageskjema<\/a>, med mindre annet bestemmes av Domstolen. Klagen skal inneholde de opplysninger som kreves i de relevante delene av klageskjemaet og oppgi<\/p>\n<p style=\"padding-left: 40px;\">(a) klagerens navn, f\u00f8dselsdato, nasjonalitet og adresse, og hvis klageren er en juridisk person, navnet, dato for stiftelsen eller registrering, det offisielle registreringsnummeret (hvis det finnes) og den offisielle adressen;<\/p>\n<p style=\"padding-left: 40px;\">(b) hvis klageren er representert, representantens navn, adresse, telefon og fax-nummer samt e-postadresse;<\/p>\n<p style=\"padding-left: 40px;\">(c) hvis klageren har en representant, klagerens daterte og originale underskrift i fullmaktsdelen i klageskjemaet; representantens originale underskrift, som viser at han eller hun har akseptert \u00e5 handle p\u00e5 vegne av klageren, skal ogs\u00e5 fylles inn i fullmaktsdelen i klageskjemaet; Domstolen kan godta kopier av underskrifter eller andre former for fullmakter som er gyldige i avtalepartenes nasjonale lovgivning, dersom det fremlegges tungtveiende grunner for manglende overholdelse av disse kravene, og Domstolens myndighetsskjema med originale underskrifter meddeles Domstolen innen rimelig tid;<\/p>\n<p style=\"padding-left: 40px;\">(d) navnet p\u00e5 den stat eller de stater klagen er rettet mot;<\/p>\n<p style=\"padding-left: 40px;\">(e) en presis og leselig redegj\u00f8relse for de faktiske forhold;<\/p>\n<p style=\"padding-left: 40px;\">(f) en presis og leselig redegj\u00f8relse for p\u00e5st\u00e5tte krenkelser av konvensjonen og relevante anf\u00f8rsler; og<\/p>\n<p style=\"padding-left: 40px;\">(g) en presis og leselig redegj\u00f8relse som viser at klageren oppfyller betingelsene for \u00e5 f\u00e5 saken antatt til realitetspr\u00f8vning etter <a title=\"Artikkel 35 i Konvensjonen om beskyttelse av menneskerettighetene og de grunnleggende friheter\" href=\"https:\/\/europeancourt.org\/no\/dokumenter\/europar%c3%a5det\/den-europeiske-menneskerettighetskonvensjonen\/#artikkel-35\">konvensjonens artikkel 35<\/a> \u00a7 1.<\/p>\n<p>2.<\/p>\n<p style=\"padding-left: 40px;\">(a) Alle opplysninger som det henvises til i paragraf 1 (e) til (g) i den relevante delen av klageskjemaet b\u00f8r v\u00e6re tilstrekkelig til at Domstolen kan klarlegge innholdet og rekkevidden av klagen uten \u00e5 se hen til annet materiale.<\/p>\n<p style=\"padding-left: 40px;\">(b) En klager kan imidlertid supplere opplysningene ved \u00e5 vedlegge en detaljert redegj\u00f8relse om de faktiske forhold i saken, p\u00e5st\u00e5tte krenkelser av konvensjonen og relevant argumentasjon. Vedlegget m\u00e5 ikke overskride 20 sider.<\/p>\n<p>3.1. Klageskjemaet m\u00e5 underskrives av klageren eller klagerens representant og ha vedlagt <\/p>\n<p style=\"padding-left: 40px;\">(a) kopier av dokumenter om de avgj\u00f8relser eller tiltak klagen retter seg mot, juridiske eller andre;<\/p>\n<p style=\"padding-left: 40px;\">(b) kopier av dokumenter og avgj\u00f8relser som viser at betingelsene om utt\u00f8mming av nasjonale rettsmidler er oppfylt og at tidsfristen i <a title=\"Artikkel 35 i Konvensjonen om beskyttelse av menneskerettighetene og de grunnleggende friheter\" href=\"https:\/\/europeancourt.org\/no\/dokumenter\/europar%c3%a5det\/den-europeiske-menneskerettighetskonvensjonen\/#artikkel-35\">artikkel 35 \u00a7 1 i konvensjonen<\/a> er overholdt;<\/p>\n<p style=\"padding-left: 40px;\">(c) kopier av dokumenter om at klagen er sendt til andre internasjonale instanser til unders\u00f8kelse eller avgj\u00f8relse, dersom det er aktuelt;<\/p>\n<p style=\"padding-left: 40px;\">(d) hvis klageren er en juridisk person som det henvises til i Regel 47 \u00a7 1 (a), et dokument som viser at personen som sender inn klagen p\u00e5 vegne av klageren har kompetanse eller er bemyndiget til \u00e5 representere klageren.<\/p>\n<p>3.2. Alle dokumenter som sendes inn skal f\u00f8res p\u00e5 en liste, nummereres fortl\u00f8pende etter dato og skal lett kunne identifiseres.<\/p>\n<p>4. Klagere som ikke \u00f8nsker sin identitet offentliggjort, m\u00e5 angi dette og oppgi de omstendigheter som kan berettige et slikt unntak fra den alminnelige regelen om offentlighet ved Domstolen. Domstolen kan tillate anonymitet eller selv innvilge det.<\/p>\n<p>5.1. Manglende oppfyllelse av kravene nevnt under punkt 1 til 3 kan f\u00f8re til at klagen ikke behandles av Domstolen, hvis ikke<\/p>\n<p style=\"padding-left: 40px;\">(a) klageren har gitt en tilfredsstillende forklaring p\u00e5 hvorfor det ikke var mulig \u00e5 oppfylle kravene;<\/p>\n<p style=\"padding-left: 40px;\">(b) klagen gjelder en anmodning om midlertidig forf\u00f8yning;<\/p>\n<p style=\"padding-left: 40px;\">(c) Domstolen selv bestemmer annerledes eller fordi klageren begj\u00e6rer det.<\/p>\n<p>5.2. Domstolen kan under alle omstendigheter be en klager om \u00e5 fremlegge opplysninger eller dokumenter, innen en fastsatt tidsfrist, i en form eller ved en fremgangsm\u00e5te som anses hensiktsmessig.<\/p>\n<p>6.<\/p>\n<p style=\"padding-left: 40px;\">(a) Datoen for \u00e5 bringe inn klagen etter <a title=\"Artikkel 35 i Konvensjonen om beskyttelse av menneskerettighetene og de grunnleggende friheter\" href=\"https:\/\/europeancourt.org\/no\/dokumenter\/europar%c3%a5det\/den-europeiske-menneskerettighetskonvensjonen\/#artikkel-35\">artikkel 35 \u00a7 1 i konvensjonen<\/a> er datoen da et korrekt utfylt klageskjema som oppfyller betingelsene i denne Regel ble innsendt til Domstolen. Innsendelse datoen er dagen for poststempelet.<\/p>\n<p style=\"padding-left: 40px;\">(b) Domstolen kan likevel, dersom den finner grunn til det, bestemme at en annen dato skal anses som innsendelse dato.<\/p>\n<p>7. Klageren skal underrette Domstolen om enhver adresseendring og om alle omstendigheter som har relevans for klagen.<\/p>\n__________\n<p id=\"fn1\"><sup>1<\/sup> Endret av Domstolen 17. juni og 8. juli 2002, 11. desember 2007, 22. september 2008, 6. mai 2013, 1. juni og 5. oktober 2015 og 18. januar 2024.<\/p>","protected":false},"excerpt":{"rendered":"Domstolens regelverk Regel 471 \u2013 Innhold av en individuell klage 1. En klage etter konvensjonens artikkel 34 skal fremmes p\u00e5 sekretariatets klageskjema, med mindre annet bestemmes av Domstolen. Klagen skal inneholde de opplysninger som&#46;&#46;&#46;","protected":false},"author":1,"featured_media":188919,"parent":147383,"menu_order":0,"comment_status":"closed","ping_status":"closed","template":"","meta":{"footnotes":""},"categories":[],"tags":[],"class_list":["post-147479","page","type-page","status-publish","has-post-thumbnail","hentry"],"_links":{"self":[{"href":"https:\/\/europeancourt.org\/no\/wp-json\/wp\/v2\/pages\/147479","targetHints":{"allow":["GET"]}}],"collection":[{"href":"https:\/\/europeancourt.org\/no\/wp-json\/wp\/v2\/pages"}],"about":[{"href":"https:\/\/europeancourt.org\/no\/wp-json\/wp\/v2\/types\/page"}],"author":[{"embeddable":true,"href":"https:\/\/europeancourt.org\/no\/wp-json\/wp\/v2\/users\/1"}],"replies":[{"embeddable":true,"href":"https:\/\/europeancourt.org\/no\/wp-json\/wp\/v2\/comments?post=147479"}],"version-history":[{"count":0,"href":"https:\/\/europeancourt.org\/no\/wp-json\/wp\/v2\/pages\/147479\/revisions"}],"up":[{"embeddable":true,"href":"https:\/\/europeancourt.org\/no\/wp-json\/wp\/v2\/pages\/147383"}],"wp:featuredmedia":[{"embeddable":true,"href":"https:\/\/europeancourt.org\/no\/wp-json\/wp\/v2\/media\/188919"}],"wp:attachment":[{"href":"https:\/\/europeancourt.org\/no\/wp-json\/wp\/v2\/media?parent=147479"}],"wp:term":[{"taxonomy":"category","embeddable":true,"href":"https:\/\/europeancourt.org\/no\/wp-json\/wp\/v2\/categories?post=147479"},{"taxonomy":"post_tag","embeddable":true,"href":"https:\/\/europeancourt.org\/no\/wp-json\/wp\/v2\/tags?post=147479"}],"curies":[{"name":"wp","href":"https:\/\/api.w.org\/{rel}","templated":true}]}}