{"id":177048,"date":"2022-07-03T16:50:48","date_gmt":"2022-07-03T14:50:48","guid":{"rendered":"https:\/\/europeancourt.org\/dokumenter\/europar%c3%a5det\/emd\/fullmakt\/"},"modified":"2024-06-10T23:56:03","modified_gmt":"2024-06-10T21:56:03","slug":"fullmakt","status":"publish","type":"page","link":"https:\/\/europeancourt.org\/no\/dokumenter\/europar%c3%a5det\/emd\/fullmakt\/","title":{"rendered":"Fullmakt for Den europeiske menneskerettighetsdomstolen"},"content":{"rendered":"<p>Dette skjemaet virker bare med Adobe Reader 9 og senere utgaver og bare p\u00e5 datamaskiner med Windows og Mac OS X operativsystemer. Vennligst s\u00f8rg for at Adobe Reader er installert p\u00e5 din datamaskin (du kan <a href=\"https:\/\/get.adobe.com\/no\/reader\/\" title=\"Adobe Reader\" target=\"_blank\" rel=\"noopener\">laste den ned fra www.adobe.com<\/a>).<\/p>\n<ul>\n<li>Lagre skjemaet p\u00e5 din datamaskin.<\/li>\n<li>\u00c5pne den lagrede kopien av skjemaet p\u00e5 din datamaskin i Adobe Reader.<\/li>\n<li>Fyll ut skjemaet og lagre det.<\/li>\n<li>N\u00e5r du har fylt ut skjemaet, m\u00e5 du skrive det ut, underskrive det og sende det med post til Domstolen.<\/li>\n<\/ul>\n<p style=\"text-align: center;\"><a title=\"Fullmakt for Den europeiske menneskerettighetsdomstolen\" href=\"https:\/\/europeancourt.org\/downloads\/no\/Fullmakt_for_Den_europeiske_menneskerettighetsdomstolen_NOR_2021-1.PDF\" class=\"extlinkoff mybrightbutton red\" download=\"\">Nedlasting <i class=\"fas fa-download\"><\/i><\/a><\/p>\n<iframe class=\"wonderplugin-pdf-iframe\" src=\"https:\/\/europeancourt.org\/wp-content\/plugins\/wonderplugin-pdf-embed\/pdfjs\/web\/viewer.html?v=2&disabledownload=1&disableprint=1&disabledoc=1&disableopenfile=1&externallinktarget=2&file=https:\/\/europeancourt.org\/noindex\/AuthF_NOR_2021-1.pdf\" title=\"Fullmakt for Den europeiske menneskerettighetsdomstolen\" width=\"100%\" height=\"900px\" style=\"border:0;\"><\/iframe>","protected":false},"excerpt":{"rendered":"Dette skjemaet virker bare med Adobe Reader 9 og senere utgaver og bare p\u00e5 datamaskiner med Windows og Mac OS X operativsystemer. Vennligst s\u00f8rg for at Adobe Reader er installert p\u00e5 din datamaskin (du&#46;&#46;&#46;","protected":false},"author":1,"featured_media":191819,"parent":147383,"menu_order":0,"comment_status":"closed","ping_status":"closed","template":"","meta":{"footnotes":""},"categories":[],"tags":[],"class_list":["post-177048","page","type-page","status-publish","has-post-thumbnail","hentry"],"_links":{"self":[{"href":"https:\/\/europeancourt.org\/no\/wp-json\/wp\/v2\/pages\/177048","targetHints":{"allow":["GET"]}}],"collection":[{"href":"https:\/\/europeancourt.org\/no\/wp-json\/wp\/v2\/pages"}],"about":[{"href":"https:\/\/europeancourt.org\/no\/wp-json\/wp\/v2\/types\/page"}],"author":[{"embeddable":true,"href":"https:\/\/europeancourt.org\/no\/wp-json\/wp\/v2\/users\/1"}],"replies":[{"embeddable":true,"href":"https:\/\/europeancourt.org\/no\/wp-json\/wp\/v2\/comments?post=177048"}],"version-history":[{"count":0,"href":"https:\/\/europeancourt.org\/no\/wp-json\/wp\/v2\/pages\/177048\/revisions"}],"up":[{"embeddable":true,"href":"https:\/\/europeancourt.org\/no\/wp-json\/wp\/v2\/pages\/147383"}],"wp:featuredmedia":[{"embeddable":true,"href":"https:\/\/europeancourt.org\/no\/wp-json\/wp\/v2\/media\/191819"}],"wp:attachment":[{"href":"https:\/\/europeancourt.org\/no\/wp-json\/wp\/v2\/media?parent=177048"}],"wp:term":[{"taxonomy":"category","embeddable":true,"href":"https:\/\/europeancourt.org\/no\/wp-json\/wp\/v2\/categories?post=177048"},{"taxonomy":"post_tag","embeddable":true,"href":"https:\/\/europeancourt.org\/no\/wp-json\/wp\/v2\/tags?post=177048"}],"curies":[{"name":"wp","href":"https:\/\/api.w.org\/{rel}","templated":true}]}}