{"id":223425,"date":"2021-10-07T00:26:31","date_gmt":"2021-10-06T22:26:31","guid":{"rendered":"https:\/\/europeancourt.org\/?page_id=223425"},"modified":"2025-11-29T11:22:28","modified_gmt":"2025-11-29T10:22:28","slug":"finn-saksnummer-registrering-eller-avgj%c3%b8relse","status":"publish","type":"page","link":"https:\/\/europeancourt.org\/no\/tjenester\/emd\/finn-saksnummer-registrering-eller-avgj%c3%b8relse\/","title":{"rendered":"Finn EMD-saksnummer, registrering eller avgj\u00f8relse"},"content":{"rendered":"<div class=\"mywpcf7cf myshow myhide\">Vet du saksnummeret?<\/div>\r\n<div class=\"mywpcf7cf myshow myhide\">\r\n  <span class=\"mymultyradiobutton blue\">\r\n    <span class=\"wpcf7-list-item wpcf7\">\r\n      <label><input type=\"radio\"><span class=\"wpcf7-list-item-label\">Ja<\/span><\/label>\r\n    <\/span>\r\n  <\/span>\r\n  <span class=\"mymultyradiobutton blue\">\r\n    <span class=\"wpcf7-list-item wpcf7\">\r\n      <label><input type=\"radio\"><span class=\"wpcf7-list-item-label\">Nei<\/span><\/label>\r\n    <\/span>\r\n  <\/span>\r\n<\/div>\r\n<div class=\"mywpcf7cf-blueleft myshow myhide\">\r\n  <span class=\"mycustomsummary\">Hva er et saksnummer?<\/span>\r\n  <span class=\"mycustomdetails\">\r\n    <span class=\"vlist\">\r\n      <span class=\"vitem\">Saksnummeret st\u00e5r i ethvert brev fra EMD om en registrert klage, rett etter \u00abKlage no.\u00bb og f\u00f8r navnet p\u00e5 klagen (saken). I korrespondanse p\u00e5 engelsk brukes \u00abApplication no.\u00bb, p\u00e5 fransk \u00abRequ\u00eate n\u00b0\u00bb.<\/span>\r\n      <span class=\"vitem\">Format for saksnummeret: NUMMER\/\u00c5R, for eksempel 123\/14. Bare sifre og en skr\u00e5strek \u00ab\/\u00bb (skr\u00e5 mot h\u00f8yre), uten mellomrom.<\/span>\r\n      <span class=\"vitem\">Et nummer med samme format i et brev fra EMD om at klageskjemaet ikke oppfyller kravene, er ikke et saksnummer. Dette nummeret kan bli et saksnummer f\u00f8rst etter at EMD har mottatt et nytt klageskjema som oppfyller kravene, og har registrert klagen. I et slikt brev st\u00e5r ikke navnet p\u00e5 klagen (saken), fordi klagen ikke er registrert, og vanligvis oppgis koden ECHR-Axxx6, der \u00abxxx\u00bb angir spr\u00e5ket i brevet. Under denne koden st\u00e5r det noen ganger: \u00abV\u00e5r referanse\u00bb.<\/span>\r\n    <\/span>\r\n  <\/span>\r\n<\/div>\r\n<div class=\"mywpcf7cf myshow myhide mywpcf7cf-utility\">\r\n  <div class=\"mybutton red not-in-text-button is-disabled\" aria-disabled=\"true\">Start p\u00e5 nytt<\/div>\r\n  <a class=\"mybutton red not-in-text-button\" href=\"mailto:oleg.anishchik@europeancourt.org?subject=Finn EMD-saksnummer, registrering eller avgj\u00f8relse: feil&#038;body=Feilbeskrivelse: \">Rapporter en feil<\/a>\r\n<\/div>\r\n<div id=\"ajax_content\"><\/div>","protected":false},"excerpt":{"rendered":"Vet du saksnummeret? Ja Nei Hva er et saksnummer? Saksnummeret st\u00e5r i ethvert brev fra EMD om en registrert klage, rett etter \u00abKlage no.\u00bb og f\u00f8r navnet p\u00e5 klagen (saken). I korrespondanse p\u00e5 engelsk&#46;&#46;&#46;","protected":false},"author":1,"featured_media":223426,"parent":222218,"menu_order":0,"comment_status":"closed","ping_status":"closed","template":"","meta":{"footnotes":""},"categories":[],"tags":[],"class_list":["post-223425","page","type-page","status-publish","has-post-thumbnail","hentry"],"_links":{"self":[{"href":"https:\/\/europeancourt.org\/no\/wp-json\/wp\/v2\/pages\/223425","targetHints":{"allow":["GET"]}}],"collection":[{"href":"https:\/\/europeancourt.org\/no\/wp-json\/wp\/v2\/pages"}],"about":[{"href":"https:\/\/europeancourt.org\/no\/wp-json\/wp\/v2\/types\/page"}],"author":[{"embeddable":true,"href":"https:\/\/europeancourt.org\/no\/wp-json\/wp\/v2\/users\/1"}],"replies":[{"embeddable":true,"href":"https:\/\/europeancourt.org\/no\/wp-json\/wp\/v2\/comments?post=223425"}],"version-history":[{"count":1,"href":"https:\/\/europeancourt.org\/no\/wp-json\/wp\/v2\/pages\/223425\/revisions"}],"predecessor-version":[{"id":223427,"href":"https:\/\/europeancourt.org\/no\/wp-json\/wp\/v2\/pages\/223425\/revisions\/223427"}],"up":[{"embeddable":true,"href":"https:\/\/europeancourt.org\/no\/wp-json\/wp\/v2\/pages\/222218"}],"wp:featuredmedia":[{"embeddable":true,"href":"https:\/\/europeancourt.org\/no\/wp-json\/wp\/v2\/media\/223426"}],"wp:attachment":[{"href":"https:\/\/europeancourt.org\/no\/wp-json\/wp\/v2\/media?parent=223425"}],"wp:term":[{"taxonomy":"category","embeddable":true,"href":"https:\/\/europeancourt.org\/no\/wp-json\/wp\/v2\/categories?post=223425"},{"taxonomy":"post_tag","embeddable":true,"href":"https:\/\/europeancourt.org\/no\/wp-json\/wp\/v2\/tags?post=223425"}],"curies":[{"name":"wp","href":"https:\/\/api.w.org\/{rel}","templated":true}]}}