{"id":40698,"date":"2022-04-29T20:07:30","date_gmt":"2022-04-29T18:07:30","guid":{"rendered":"https:\/\/europeancourt.org\/den-europeiske-menneskerettighetskonvensjonen\/"},"modified":"2025-10-05T12:00:15","modified_gmt":"2025-10-05T12:00:15","slug":"den-europeiske-menneskerettsdomstol","status":"publish","type":"page","link":"https:\/\/europeancourt.org\/no\/","title":{"rendered":"Oleg Anissjik, representant for EMD, FNs MRK, Interpol-CCF"},"content":{"rendered":"<p>Den europeiske menneskerettighetsdomstolen er en internasjonal domstol som kan behandle klager fra enkeltpersoner, organisasjoner og selskaper som mener at deres rettigheter i Den europeiske menneskerettighetskonvensjon er blitt krenket.<\/p> \n<p>Den <a title=\"Konvensjon om beskyttelse av menneskerettighetene og de grunnleggende friheter\" href=\"https:\/\/europeancourt.org\/no\/dokumenter\/europar%c3%a5det\/den-europeiske-menneskerettighetskonvensjonen\/\">europeiske menneskerettighetskonvensjonen<\/a> er en internasjonal traktat om visse grunnleggende rettigheter som et stort antall europeiske stater har p\u00e5tatt seg \u00e5 sikre. Disse rettighetene finnes i selve konvensjonen, og i protokoll nr. <a title=\"Tilleggsprotokoll til Konvensjonen om beskyttelse av menneskerettighetene og de grunnleggende friheter\" href=\"https:\/\/europeancourt.org\/no\/dokumenter\/europar%c3%a5det\/den-europeiske-menneskerettighetskonvensjonen\/protokoll-nr1\/\">1<\/a>, <a title=\"Tilleggsprotokoll nr. 4 til Konvensjonen om beskyttelse av menneskerettighetene og de grunnleggende friheter\" href=\"https:\/\/europeancourt.org\/no\/dokumenter\/europar%c3%a5det\/den-europeiske-menneskerettighetskonvensjonen\/protokoll-nr4\/\">4<\/a>, <a title=\"Tilleggsprotokoll nr. 6 til Konvensjonen om beskyttelse av menneskerettighetene og de grunnleggende friheter\" href=\"https:\/\/europeancourt.org\/no\/dokumenter\/europar%c3%a5det\/den-europeiske-menneskerettighetskonvensjonen\/protokoll-nr6\/\">6<\/a>, <a title=\"Tilleggsprotokoll nr. 7 til Konvensjonen om beskyttelse av menneskerettighetene og de grunnleggende friheter\" href=\"https:\/\/europeancourt.org\/no\/dokumenter\/europar%c3%a5det\/den-europeiske-menneskerettighetskonvensjonen\/protokoll-nr7\/\">7<\/a>, <a title=\"Tilleggsprotokoll nr. 12 til Konvensjonen om beskyttelse av menneskerettighetene og de grunnleggende friheter\" href=\"https:\/\/europeancourt.org\/no\/dokumenter\/europar%c3%a5det\/den-europeiske-menneskerettighetskonvensjonen\/protokoll-nr12\/\">12<\/a> og <a title=\"Tilleggsprotokoll nr. 13 til Konvensjonen om beskyttelse av menneskerettighetene og de grunnleggende friheter\" href=\"https:\/\/europeancourt.org\/no\/dokumenter\/europar%c3%a5det\/den-europeiske-menneskerettighetskonvensjonen\/protokoll-nr13\/\">13<\/a> som ikke er ratifisert av alle stater.<\/p>\n<p>Domstolen anvender Den europeiske menneskerettighetskonvensjonen. Dens oppgave er \u00e5 sikre at statene respekterer de rettigheter og garantier som er fastsatt i konvensjonen. Den gj\u00f8r det ved \u00e5 behandle klager fremsatt av enkeltpersoner eller, iblant, av stater. Hvis den finner at en medlemsstat har krenket en eller flere av disse rettighetene og garantiene, avsier domstolen en dom. Dommene er bindende: statene det gjelder er forpliktet til \u00e5 rette seg etter dem.<\/p>\n<p>Du beh\u00f8ver ikke \u00e5 v\u00e6re statsborger i en av <a title=\"Europar\u00e5dets medlemsstater\" href=\"https:\/\/europeancourt.org\/no\/dokumenter\/europar%c3%a5det\/den-europeiske-menneskerettighetskonvensjonen\/#ratifikasjon\">statene som er bundet av konvensjonen<\/a>. Men krenkelsen du klager over m\u00e5 ha v\u00e6rt beg\u00e5tt av en av statene innenfor dens \u00abjurisdiksjon\u00bb, hvilket vanligvis betyr innenfor dens territorium. Handlingen eller unnlatelsen som du klager over m\u00e5 ha v\u00e6rt beg\u00e5tt av en eller flere offentlige myndigheter i staten eller statene det gjelder (f. eks en domstol eller forvaltningsmyndighet). Domstolen kan ikke behandle klager mot enkeltpersoner eller private institusjoner, f. eks. kommersielle bedrifter.  Du m\u00e5 direkte og personlig ha v\u00e6rt offer for den krenkelsen du p\u00e5st\u00e5r har skjedd. Du kan ikke komme med en generell klage p\u00e5 en lov eller et tiltak, f. eks. fordi du mener dette er urettferdig; og du kan heller ikke klage p\u00e5 vegne av andre (med mindre de er tydelig angitt og du er deres offisielle representant).   Du kan ikke klage p\u00e5 krenkelse av noe annet juridisk dokument enn Den europeiske menneskerettskonvensjonen, som f. eks. FNs universelle menneskerettighetserkl\u00e6ring eller EUs Charter for grunnleggende rettigheter.<\/p>\n<p>Du m\u00e5 ha utt\u00f8mt alle rettsmidler i vedkommende stat som kunne ha avhjulpet situasjonen du klager p\u00e5 (det vil vanligvis inneb\u00e6re en begj\u00e6ring til den rette domstol, etterfulgt av en eventuell anke, og kanskje ytterligere anke til en h\u00f8yere domstol, som f. eks. h\u00f8yesterett eller en forfatningsdomstol, hvis den finnes). Det er ikke tilstrekkelig bare \u00e5 benytte disse rettsmidlene. Du m\u00e5 i den sammenheng ogs\u00e5 ha reist de forhold du klager over (dvs. innholdet i konvensjonsbruddene du p\u00e5st\u00e5r har funnet sted). Du har bare fire m\u00e5neder p\u00e5 deg fra datoen da den endelige avgj\u00f8relsen ble tatt i ditt hjemland (vanligvis en dom fra den h\u00f8yeste domstolen) til \u00e5 klage.    Det utfylte <a title=\"Klageskjema til Den europeiske menneskerettighetsdomstolen\" href=\"https:\/\/europeancourt.org\/no\/dokumenter\/europar%c3%a5det\/emd\/klageskjema\/\">klageskjemaet<\/a>, samt all n\u00f8dvendig informasjon og dokumentasjon m\u00e5 sendes til Domstolen p\u00e5 eller f\u00f8r den siste dagen av firem\u00e5nedersperioden. <a title=\"Verifisering av en klage \u2013 Den europeiske menneskerettighetsdomstol\" href=\"https:\/\/europeancourt.org\/en\/services\/echr\/checking-filled-in-applications\/\">Kontroller<\/a> at klageskjemaet inneholder alle n\u00f8dvendige opplysninger og dokumenter.<\/p>\n<p>Domstolen kan ikke behandle alle slags klager. Dens myndighet begrenses av konvensjonens avvisningsvilk\u00e5r som fastsl\u00e5r hvem som kan klage, n\u00e5r og om hva. Over 90 % av klagene som bringes inn for Domstolen blir avvist. Du b\u00f8r derfor unders\u00f8ke om din klage oppfylle kravene. For mer informasjon om disse vilk\u00e5rene, kan du <a title=\"Advokats r\u00e5d \u2013 Den europeiske menneskerettighetsdomstol\" href=\"https:\/\/europeancourt.org\/en\/legal-advice-and-contacts\/\">s\u00f8ke r\u00e5d hos advokat<\/a>.<\/p>\n<p>Domstolsbehandlingen er gratis. Du vil bare m\u00e5tte dekke dine egne kostnader (f. eks. advokathonorar eller utlegg for utredning og korrespondanse). Domstolen vil ikke hjelpe deg med \u00e5 betale for en <a title=\"Forberedelse av klager til Den europeiske menneskerettighetsdomstol\" href=\"https:\/\/europeancourt.org\/en\/services\/echr\/preparing-applications\/\">advokat for \u00e5 utforme klagen<\/a>. Selv om du ikke m\u00e5 v\u00e6re representert av en advokat i begynnelsen av saksbehandlingen, s\u00e5 trenger du <a title=\"Representasjon av en advokat \u2013 Den europeiske menneskerettighetsdomstol\" href=\"https:\/\/europeancourt.org\/en\/services\/echr\/representing-applicants\/\">advokat n\u00e5r klagen er oversendt til regjeringen for kommentar<\/a>.<\/p>\n<p>Dersom domstolen finner at en krenkelse har funnet sted, kan den tilkjenne deg \u00abrimelig erstatning\u00bb, en pengesum som kompensasjon for visse typer av tap. Domstolen kan ogs\u00e5 kreve at den ber\u00f8rte staten erstatter utgifter du har hatt ved rettergangen.<\/p>","protected":false},"excerpt":{"rendered":"Den europeiske menneskerettighetsdomstolen er en internasjonal domstol som kan behandle klager fra enkeltpersoner, organisasjoner og selskaper som mener at deres rettigheter i Den europeiske menneskerettighetskonvensjon er blitt krenket. Den europeiske menneskerettighetskonvensjonen er en internasjonal&#46;&#46;&#46;","protected":false},"author":1,"featured_media":208882,"parent":0,"menu_order":0,"comment_status":"closed","ping_status":"closed","template":"","meta":{"footnotes":""},"categories":[],"tags":[],"class_list":["post-40698","page","type-page","status-publish","has-post-thumbnail","hentry"],"_links":{"self":[{"href":"https:\/\/europeancourt.org\/no\/wp-json\/wp\/v2\/pages\/40698","targetHints":{"allow":["GET"]}}],"collection":[{"href":"https:\/\/europeancourt.org\/no\/wp-json\/wp\/v2\/pages"}],"about":[{"href":"https:\/\/europeancourt.org\/no\/wp-json\/wp\/v2\/types\/page"}],"author":[{"embeddable":true,"href":"https:\/\/europeancourt.org\/no\/wp-json\/wp\/v2\/users\/1"}],"replies":[{"embeddable":true,"href":"https:\/\/europeancourt.org\/no\/wp-json\/wp\/v2\/comments?post=40698"}],"version-history":[{"count":0,"href":"https:\/\/europeancourt.org\/no\/wp-json\/wp\/v2\/pages\/40698\/revisions"}],"wp:featuredmedia":[{"embeddable":true,"href":"https:\/\/europeancourt.org\/no\/wp-json\/wp\/v2\/media\/208882"}],"wp:attachment":[{"href":"https:\/\/europeancourt.org\/no\/wp-json\/wp\/v2\/media?parent=40698"}],"wp:term":[{"taxonomy":"category","embeddable":true,"href":"https:\/\/europeancourt.org\/no\/wp-json\/wp\/v2\/categories?post=40698"},{"taxonomy":"post_tag","embeddable":true,"href":"https:\/\/europeancourt.org\/no\/wp-json\/wp\/v2\/tags?post=40698"}],"curies":[{"name":"wp","href":"https:\/\/api.w.org\/{rel}","templated":true}]}}