{"id":116112,"date":"2022-06-13T12:27:21","date_gmt":"2022-06-13T10:27:21","guid":{"rendered":"https:\/\/europeancourt.org\/dokumenty\/rada-europy\/"},"modified":"2024-06-25T16:34:12","modified_gmt":"2024-06-25T14:34:12","slug":"rada-europy","status":"publish","type":"page","link":"https:\/\/europeancourt.org\/pl\/dokumenty\/rada-europy\/","title":{"rendered":"Rada Europy"},"content":{"rendered":"<ul> \n<li><a href=\"https:\/\/europeancourt.org\/pl\/dokumenty\/rada-europy\/europejska-konwencja-praw-cz%c5%82owieka\/\" title=\"Konwencja o ochronie praw cz\u0142owieka i podstawowych wolno\u015bci\">Konwencja o ochronie praw cz\u0142owieka i podstawowych wolno\u015bci<\/a><\/li>\n<ul>\n<li><a href=\"https:\/\/europeancourt.org\/pl\/dokumenty\/rada-europy\/europejska-konwencja-praw-cz%c5%82owieka\/protok%c3%b3%c5%82-nr1\/\" title=\"Protok\u00f3\u0142 dodatkowy do Konwencji o ochronie praw cz\u0142owieka i podstawowych wolno\u015bci\">Protok\u00f3\u0142 dodatkowy do Konwencji o ochronie praw cz\u0142owieka i podstawowych wolno\u015bci<\/a><\/li>\n<li><a href=\"https:\/\/europeancourt.org\/pl\/dokumenty\/rada-europy\/europejska-konwencja-praw-cz%c5%82owieka\/protok%c3%b3%c5%82-nr4\/\" title=\"Protok\u00f3\u0142 nr 4 do Konwencji o ochronie praw cz\u0142owieka i podstawowych wolno\u015bci\">Protok\u00f3\u0142 nr 4 do Konwencji o ochronie praw cz\u0142owieka i podstawowych wolno\u015bci<\/a><\/li>\n<li><a href=\"https:\/\/europeancourt.org\/pl\/dokumenty\/rada-europy\/europejska-konwencja-praw-cz%c5%82owieka\/protok%c3%b3%c5%82-nr6\/\" title=\"Protok\u00f3\u0142 nr 6 do Konwencji o ochronie praw cz\u0142owieka i podstawowych wolno\u015bci\">Protok\u00f3\u0142 nr 6 do Konwencji o ochronie praw cz\u0142owieka i podstawowych wolno\u015bci<\/a><\/li>\n<li><a href=\"https:\/\/europeancourt.org\/pl\/dokumenty\/rada-europy\/europejska-konwencja-praw-cz%c5%82owieka\/protok%c3%b3%c5%82-nr7\/\" title=\"Protok\u00f3\u0142 nr 7 do Konwencji o ochronie praw cz\u0142owieka i podstawowych wolno\u015bci\">Protok\u00f3\u0142 nr 7 do Konwencji o ochronie praw cz\u0142owieka i podstawowych wolno\u015bci<\/a><\/li>\n<li><a href=\"https:\/\/europeancourt.org\/pl\/dokumenty\/rada-europy\/europejska-konwencja-praw-cz%c5%82owieka\/protok%c3%b3%c5%82-nr12\/\" title=\"Protok\u00f3\u0142 nr 12 do Konwencji o ochronie praw cz\u0142owieka i podstawowych wolno\u015bci\">Protok\u00f3\u0142 nr 12 do Konwencji o ochronie praw cz\u0142owieka i podstawowych wolno\u015bci<\/a><\/li>\n<li><a href=\"https:\/\/europeancourt.org\/pl\/dokumenty\/rada-europy\/europejska-konwencja-praw-cz%c5%82owieka\/protok%c3%b3%c5%82-nr13\/\" title=\"Protok\u00f3\u0142 nr 13 do Konwencji o ochronie praw cz\u0142owieka i podstawowych wolno\u015bci\">Protok\u00f3\u0142 nr 13 do Konwencji o ochronie praw cz\u0142owieka i podstawowych wolno\u015bci<\/a><\/li>\n<li><a href=\"https:\/\/europeancourt.org\/pl\/dokumenty\/rada-europy\/europejska-konwencja-praw-cz%c5%82owieka\/protok%c3%b3%c5%82-nr16\/\" title=\"Protok\u00f3\u0142 nr 16 do Konwencji o ochronie praw cz\u0142owieka i podstawowych wolno\u015bci\">Protok\u00f3\u0142 nr 16 do Konwencji o ochronie praw cz\u0142owieka i podstawowych wolno\u015bci<\/a><\/li>\n<\/ul>\n<li><a href=\"https:\/\/europeancourt.org\/pl\/dokumenty\/rada-europy\/etpc\/\" title=\"Europejski Trybuna\u0142 Praw Cz\u0142owieka\">Europejski Trybuna\u0142 Praw Cz\u0142owieka<\/a><\/li>\n<ul>\n<li><a href=\"https:\/\/europeancourt.org\/pl\/dokumenty\/rada-europy\/etpc\/regulamin-artyku%c5%82-47\/\" title=\"Artyku\u0142 47 Regulaminu Europejskiego Trybuna\u0142u Praw Cz\u0142owieka\">Regulamin Trybuna\u0142u \u2013 Artyku\u0142 47<\/a><\/li>\n<li><a href=\"https:\/\/europeancourt.org\/en\/documents\/council-of-europe\/echr\/practice-directions-institution-of-proceedings\/\" title=\"Wszcz\u0119cie procedury \u2013 Wytyczne dotycz\u0105ce praktyki\">Wszcz\u0119cie procedury \u2013 Wytyczne dotycz\u0105ce praktyki<\/a><\/li>\n<li><a href=\"https:\/\/europeancourt.org\/pl\/dokumenty\/rada-europy\/etpc\/formularz-skargi\/\" title=\"Formularz skargi do Europejskiego Trybuna\u0142u Praw Cz\u0142owieka\">Formularz skargi<\/a><\/li>\n<ul>\n<li><a href=\"https:\/\/europeancourt.org\/pl\/dokumenty\/rada-europy\/etpc\/formularz-skargi\/jak-wype%c5%82ni%c4%87\/\" title=\"Jak wype\u0142ni\u0107 formularz skargi?\">Jak wype\u0142ni\u0107 formularz skargi?<\/a><\/li>\n<\/ul>\n<li><a href=\"https:\/\/europeancourt.org\/pl\/dokumenty\/rada-europy\/etpc\/pe%c5%82nomocnictwo\/\" title=\"Pe\u0142nomocnictwo do Europejskiego Trybuna\u0142u Praw Cz\u0142owieka\">Pe\u0142nomocnictwo<\/a><\/li>\n<li><a href=\"https:\/\/europeancourt.org\/downloads\/pl\/Tabelke_zawierajaca_dane_osobowe_i_kontaktowe_wszystkich_skarzacych_do_ETPC_POL.XLSX\" title=\"Tabelk\u0119 zawieraj\u0105c\u0105 dane osobowe i kontaktowe wszystkich skar\u017c\u0105cych do Europejskiego Trybuna\u0142u Praw Cz\u0142owieka\">Za\u0142\u0105cznik do skarg zbiorowych<\/a><\/li>\n<\/ul>\n<\/ul>","protected":false},"excerpt":{"rendered":"Konwencja o ochronie praw cz\u0142owieka i podstawowych wolno\u015bci Protok\u00f3\u0142 dodatkowy do Konwencji o ochronie praw cz\u0142owieka i podstawowych wolno\u015bci Protok\u00f3\u0142 nr 4 do Konwencji o ochronie praw cz\u0142owieka i podstawowych wolno\u015bci Protok\u00f3\u0142 nr 6&#46;&#46;&#46;","protected":false},"author":1,"featured_media":209989,"parent":116060,"menu_order":0,"comment_status":"closed","ping_status":"closed","template":"","meta":{"footnotes":""},"categories":[],"tags":[],"class_list":["post-116112","page","type-page","status-publish","has-post-thumbnail","hentry"],"_links":{"self":[{"href":"https:\/\/europeancourt.org\/pl\/wp-json\/wp\/v2\/pages\/116112","targetHints":{"allow":["GET"]}}],"collection":[{"href":"https:\/\/europeancourt.org\/pl\/wp-json\/wp\/v2\/pages"}],"about":[{"href":"https:\/\/europeancourt.org\/pl\/wp-json\/wp\/v2\/types\/page"}],"author":[{"embeddable":true,"href":"https:\/\/europeancourt.org\/pl\/wp-json\/wp\/v2\/users\/1"}],"replies":[{"embeddable":true,"href":"https:\/\/europeancourt.org\/pl\/wp-json\/wp\/v2\/comments?post=116112"}],"version-history":[{"count":0,"href":"https:\/\/europeancourt.org\/pl\/wp-json\/wp\/v2\/pages\/116112\/revisions"}],"up":[{"embeddable":true,"href":"https:\/\/europeancourt.org\/pl\/wp-json\/wp\/v2\/pages\/116060"}],"wp:featuredmedia":[{"embeddable":true,"href":"https:\/\/europeancourt.org\/pl\/wp-json\/wp\/v2\/media\/209989"}],"wp:attachment":[{"href":"https:\/\/europeancourt.org\/pl\/wp-json\/wp\/v2\/media?parent=116112"}],"wp:term":[{"taxonomy":"category","embeddable":true,"href":"https:\/\/europeancourt.org\/pl\/wp-json\/wp\/v2\/categories?post=116112"},{"taxonomy":"post_tag","embeddable":true,"href":"https:\/\/europeancourt.org\/pl\/wp-json\/wp\/v2\/tags?post=116112"}],"curies":[{"name":"wp","href":"https:\/\/api.w.org\/{rel}","templated":true}]}}