{"id":147385,"date":"2022-06-23T10:51:39","date_gmt":"2022-06-23T08:51:39","guid":{"rendered":"https:\/\/europeancourt.org\/dokumenty\/rada-europy\/etpc\/"},"modified":"2024-06-25T16:19:38","modified_gmt":"2024-06-25T14:19:38","slug":"etpc","status":"publish","type":"page","link":"https:\/\/europeancourt.org\/pl\/dokumenty\/rada-europy\/etpc\/","title":{"rendered":"ETPC"},"content":{"rendered":"<ul> \n<li><a href=\"https:\/\/europeancourt.org\/pl\/dokumenty\/rada-europy\/etpc\/regulamin-artyku%c5%82-47\/\" title=\"Artyku\u0142 47 Regulaminu Europejskiego Trybuna\u0142u Praw Cz\u0142owieka\">Regulamin Trybuna\u0142u \u2013 Artyku\u0142 47<\/a><\/li>\n<li><a href=\"https:\/\/europeancourt.org\/en\/documents\/council-of-europe\/echr\/practice-directions-institution-of-proceedings\/\" title=\"Wszcz\u0119cie procedury \u2013 Wytyczne dotycz\u0105ce praktyki\">Wszcz\u0119cie procedury \u2013 Wytyczne dotycz\u0105ce praktyki<\/a><\/li>\n<li><a href=\"https:\/\/europeancourt.org\/pl\/dokumenty\/rada-europy\/etpc\/formularz-skargi\/\" title=\"Formularz skargi do Europejskiego Trybuna\u0142u Praw Cz\u0142owieka\">Formularz skargi<\/a><\/li>\n<ul>\n<li><a href=\"https:\/\/europeancourt.org\/pl\/dokumenty\/rada-europy\/etpc\/formularz-skargi\/jak-wype%c5%82ni%c4%87\/\" title=\"Jak wype\u0142ni\u0107 formularz skargi?\">Jak wype\u0142ni\u0107 formularz skargi?<\/a><\/li>\n<\/ul>\n<li><a href=\"https:\/\/europeancourt.org\/pl\/dokumenty\/rada-europy\/etpc\/pe%c5%82nomocnictwo\/\" title=\"Pe\u0142nomocnictwo do Europejskiego Trybuna\u0142u Praw Cz\u0142owieka\">Pe\u0142nomocnictwo<\/a><\/li>\n<li><a href=\"https:\/\/europeancourt.org\/downloads\/pl\/Tabelke_zawierajaca_dane_osobowe_i_kontaktowe_wszystkich_skarzacych_do_ETPC_POL.XLSX\" title=\"Tabelk\u0119 zawieraj\u0105c\u0105 dane osobowe i kontaktowe wszystkich skar\u017c\u0105cych do Europejskiego Trybuna\u0142u Praw Cz\u0142owieka\">Za\u0142\u0105cznik do skarg zbiorowych<\/a><\/li>\n<\/ul>","protected":false},"excerpt":{"rendered":"Regulamin Trybuna\u0142u \u2013 Artyku\u0142 47 Wszcz\u0119cie procedury \u2013 Wytyczne dotycz\u0105ce praktyki Formularz skargi Jak wype\u0142ni\u0107 formularz skargi? Pe\u0142nomocnictwo Za\u0142\u0105cznik do skarg zbiorowych","protected":false},"author":1,"featured_media":192033,"parent":116112,"menu_order":0,"comment_status":"closed","ping_status":"closed","template":"","meta":{"footnotes":""},"categories":[],"tags":[],"class_list":["post-147385","page","type-page","status-publish","has-post-thumbnail","hentry"],"_links":{"self":[{"href":"https:\/\/europeancourt.org\/pl\/wp-json\/wp\/v2\/pages\/147385","targetHints":{"allow":["GET"]}}],"collection":[{"href":"https:\/\/europeancourt.org\/pl\/wp-json\/wp\/v2\/pages"}],"about":[{"href":"https:\/\/europeancourt.org\/pl\/wp-json\/wp\/v2\/types\/page"}],"author":[{"embeddable":true,"href":"https:\/\/europeancourt.org\/pl\/wp-json\/wp\/v2\/users\/1"}],"replies":[{"embeddable":true,"href":"https:\/\/europeancourt.org\/pl\/wp-json\/wp\/v2\/comments?post=147385"}],"version-history":[{"count":0,"href":"https:\/\/europeancourt.org\/pl\/wp-json\/wp\/v2\/pages\/147385\/revisions"}],"up":[{"embeddable":true,"href":"https:\/\/europeancourt.org\/pl\/wp-json\/wp\/v2\/pages\/116112"}],"wp:featuredmedia":[{"embeddable":true,"href":"https:\/\/europeancourt.org\/pl\/wp-json\/wp\/v2\/media\/192033"}],"wp:attachment":[{"href":"https:\/\/europeancourt.org\/pl\/wp-json\/wp\/v2\/media?parent=147385"}],"wp:term":[{"taxonomy":"category","embeddable":true,"href":"https:\/\/europeancourt.org\/pl\/wp-json\/wp\/v2\/categories?post=147385"},{"taxonomy":"post_tag","embeddable":true,"href":"https:\/\/europeancourt.org\/pl\/wp-json\/wp\/v2\/tags?post=147385"}],"curies":[{"name":"wp","href":"https:\/\/api.w.org\/{rel}","templated":true}]}}