{"id":176239,"date":"2022-06-28T15:55:16","date_gmt":"2022-06-28T13:55:16","guid":{"rendered":"https:\/\/europeancourt.org\/dokumenty\/rada-europy\/etpc\/formularz-skargi\/"},"modified":"2024-06-10T23:40:19","modified_gmt":"2024-06-10T21:40:19","slug":"formularz-skargi","status":"publish","type":"page","link":"https:\/\/europeancourt.org\/pl\/dokumenty\/rada-europy\/etpc\/formularz-skargi\/","title":{"rendered":"Formularz skargi do Europejskiego Trybuna\u0142u Praw Cz\u0142owieka"},"content":{"rendered":"<p>Niniejszy formularz prawid\u0142owo funkcjonuje wy\u0142\u0105cznie w programie Adobe Reader 9 lub nowszej wersji oraz w systemie operacyjnym Windows lub Mac OS X. Prosz\u0119 upewni\u0107 si\u0119, \u017ce w Pa\u0144stwa komputerze jest zainstalowany program Adobe Reader (do <a href=\"https:\/\/get.adobe.com\/pl\/reader\/\" title=\"Adobe Reader\" target=\"_blank\" rel=\"noopener\">pobrania na stronie www.adobe.com<\/a>)<\/p>\n<ul>\n<li>Zapisa\u0107 formularz na dysku lokalnym w wybranym miejscu.<\/li>\n<li>Otworzy\u0107 zapisan\u0105 kopi\u0119 formularza w programie Adobe Reader.<\/li>\n<li>Wype\u0142ni\u0107 poszczeg\u00f3lne pola i zapisa\u0107 zmiany.<\/li>\n<li>Wydrukowa\u0107 wype\u0142niony formularz, podpisa\u0107 i wys\u0142a\u0107 poczt\u0105 na adres Trybuna\u0142u.<\/li>\n<\/ul>\n<p style=\"text-align:center\"><a title=\"Formularz skargi do Europejskiego Trybuna\u0142u Praw Cz\u0142owieka\" href=\"https:\/\/europeancourt.org\/downloads\/pl\/Formularz_skargi_do_Europejskiego_Trybunalu_Praw_Czlowieka_POL_2022-2.PDF\" class=\"extlinkoff mybrightbutton red\" download=\"\">\u015aci\u0105gnij <i class=\"fas fa-download\"><\/i><\/a><\/p>\n<iframe class=\"wonderplugin-pdf-iframe\" src=\"https:\/\/europeancourt.org\/wp-content\/plugins\/wonderplugin-pdf-embed\/pdfjs\/web\/viewer.html?v=2&disabledownload=1&disableprint=1&disabledoc=1&disableopenfile=1&externallinktarget=2&file=https:\/\/europeancourt.org\/noindex\/AppF_POL_2022-2.pdf\" title=\"Formularz skargi do Europejskiego Trybuna\u0142u Praw Cz\u0142owieka\" width=\"100%\" height=\"900px\" style=\"border:0\"><\/iframe>\n","protected":false},"excerpt":{"rendered":"Niniejszy formularz prawid\u0142owo funkcjonuje wy\u0142\u0105cznie w programie Adobe Reader 9 lub nowszej wersji oraz w systemie operacyjnym Windows lub Mac OS X. Prosz\u0119 upewni\u0107 si\u0119, \u017ce w Pa\u0144stwa komputerze jest zainstalowany program Adobe Reader&#46;&#46;&#46;","protected":false},"author":1,"featured_media":191934,"parent":147385,"menu_order":0,"comment_status":"closed","ping_status":"closed","template":"","meta":{"footnotes":""},"categories":[],"tags":[],"class_list":["post-176239","page","type-page","status-publish","has-post-thumbnail","hentry"],"_links":{"self":[{"href":"https:\/\/europeancourt.org\/pl\/wp-json\/wp\/v2\/pages\/176239","targetHints":{"allow":["GET"]}}],"collection":[{"href":"https:\/\/europeancourt.org\/pl\/wp-json\/wp\/v2\/pages"}],"about":[{"href":"https:\/\/europeancourt.org\/pl\/wp-json\/wp\/v2\/types\/page"}],"author":[{"embeddable":true,"href":"https:\/\/europeancourt.org\/pl\/wp-json\/wp\/v2\/users\/1"}],"replies":[{"embeddable":true,"href":"https:\/\/europeancourt.org\/pl\/wp-json\/wp\/v2\/comments?post=176239"}],"version-history":[{"count":0,"href":"https:\/\/europeancourt.org\/pl\/wp-json\/wp\/v2\/pages\/176239\/revisions"}],"up":[{"embeddable":true,"href":"https:\/\/europeancourt.org\/pl\/wp-json\/wp\/v2\/pages\/147385"}],"wp:featuredmedia":[{"embeddable":true,"href":"https:\/\/europeancourt.org\/pl\/wp-json\/wp\/v2\/media\/191934"}],"wp:attachment":[{"href":"https:\/\/europeancourt.org\/pl\/wp-json\/wp\/v2\/media?parent=176239"}],"wp:term":[{"taxonomy":"category","embeddable":true,"href":"https:\/\/europeancourt.org\/pl\/wp-json\/wp\/v2\/categories?post=176239"},{"taxonomy":"post_tag","embeddable":true,"href":"https:\/\/europeancourt.org\/pl\/wp-json\/wp\/v2\/tags?post=176239"}],"curies":[{"name":"wp","href":"https:\/\/api.w.org\/{rel}","templated":true}]}}