{"id":222185,"date":"2024-01-08T15:08:10","date_gmt":"2024-01-08T14:08:10","guid":{"rendered":"https:\/\/europeancourt.org\/us%c5%82ugi\/"},"modified":"2026-04-30T13:40:40","modified_gmt":"2026-04-30T11:40:40","slug":"us%c5%82ugi","status":"publish","type":"page","link":"https:\/\/europeancourt.org\/pl\/us%c5%82ugi\/","title":{"rendered":"Us\u0142ugi"},"content":{"rendered":"<ul>\r\n\t<li><a href=\"https:\/\/europeancourt.org\/pl\/us%c5%82ugi\/etpc\/\" title=\"ETPC\">ETPC<\/a><\/li>\r\n<ul>\r\n\t\t<li><a href=\"https:\/\/europeancourt.org\/pl\/us%c5%82ugi\/etpc\/przygotowywanie-skarg-do-etpc\/\" title=\"Przygotowywanie skarg do ETPC\">Przygotowywanie skarg do ETPC<\/a><\/li>\r\n\r\n\t<li><a href=\"https:\/\/europeancourt.org\/pl\/us%c5%82ugi\/etpc\/weryfikacja-wype%c5%82nionych-formularzy-skarg-do-etpc\/\" title=\"Weryfikacja wype\u0142nionych formularzy skarg do ETPC\">Weryfikacja wype\u0142nionych formularzy skarg do ETPC<\/a><\/li>\r\n\r\n\t<li><a href=\"https:\/\/europeancourt.org\/pl\/us%c5%82ugi\/etpc\/reprezentowanie-skar%c5%bc%c4%85cych-przed-etpc\/\" title=\"Reprezentowanie skar\u017c\u0105cych przed ETPC\">Reprezentowanie skar\u017c\u0105cych przed ETPC<\/a><\/li>\n<li><a href=\"https:\/\/europeancourt.org\/pl\/us%c5%82ugi\/etpc\/znajd%c5%ba-numer-skargi-rejestracj%c4%99-wyrok-lub-decyzj%c4%99\/\" title=\"Znajd\u017a numer skargi ETPC, rejestracj\u0119, wyrok lub decyzj\u0119\">Znajd\u017a numer skargi ETPC, rejestracj\u0119, wyrok lub decyzj\u0119<\/a><\/li>\r\n\r\n\t<li><a href=\"https:\/\/europeancourt.org\/pl\/porady-prawne-i-kontakty\/\" title=\"Porady prawne i kontakty\">Porady prawne i kontakty<\/a><\/li>\r\n<\/ul>\r\n<\/ul>\r\n","protected":false},"excerpt":{"rendered":"ETPC Przygotowywanie skarg do ETPC Weryfikacja wype\u0142nionych formularzy skarg do ETPC Reprezentowanie skar\u017c\u0105cych przed ETPC Znajd\u017a numer skargi ETPC, rejestracj\u0119, wyrok lub decyzj\u0119 Porady prawne i kontakty","protected":false},"author":1,"featured_media":222376,"parent":0,"menu_order":0,"comment_status":"closed","ping_status":"closed","template":"","meta":{"footnotes":""},"categories":[],"tags":[],"class_list":["post-222185","page","type-page","status-publish","has-post-thumbnail","hentry"],"_links":{"self":[{"href":"https:\/\/europeancourt.org\/pl\/wp-json\/wp\/v2\/pages\/222185","targetHints":{"allow":["GET"]}}],"collection":[{"href":"https:\/\/europeancourt.org\/pl\/wp-json\/wp\/v2\/pages"}],"about":[{"href":"https:\/\/europeancourt.org\/pl\/wp-json\/wp\/v2\/types\/page"}],"author":[{"embeddable":true,"href":"https:\/\/europeancourt.org\/pl\/wp-json\/wp\/v2\/users\/1"}],"replies":[{"embeddable":true,"href":"https:\/\/europeancourt.org\/pl\/wp-json\/wp\/v2\/comments?post=222185"}],"version-history":[{"count":5,"href":"https:\/\/europeancourt.org\/pl\/wp-json\/wp\/v2\/pages\/222185\/revisions"}],"predecessor-version":[{"id":226648,"href":"https:\/\/europeancourt.org\/pl\/wp-json\/wp\/v2\/pages\/222185\/revisions\/226648"}],"wp:featuredmedia":[{"embeddable":true,"href":"https:\/\/europeancourt.org\/pl\/wp-json\/wp\/v2\/media\/222376"}],"wp:attachment":[{"href":"https:\/\/europeancourt.org\/pl\/wp-json\/wp\/v2\/media?parent=222185"}],"wp:term":[{"taxonomy":"category","embeddable":true,"href":"https:\/\/europeancourt.org\/pl\/wp-json\/wp\/v2\/categories?post=222185"},{"taxonomy":"post_tag","embeddable":true,"href":"https:\/\/europeancourt.org\/pl\/wp-json\/wp\/v2\/tags?post=222185"}],"curies":[{"name":"wp","href":"https:\/\/api.w.org\/{rel}","templated":true}]}}