{"id":222219,"date":"2024-01-08T15:08:29","date_gmt":"2024-01-08T14:08:29","guid":{"rendered":"https:\/\/europeancourt.org\/us%c5%82ugi\/etpc\/"},"modified":"2025-10-02T23:01:15","modified_gmt":"2025-10-02T23:01:15","slug":"etpc","status":"publish","type":"page","link":"https:\/\/europeancourt.org\/pl\/us%c5%82ugi\/etpc\/","title":{"rendered":"ETPC"},"content":{"rendered":"<ul>\r\n\t\t<li><a href=\"https:\/\/europeancourt.org\/en\/services\/echr\/preparing-applications\/\" title=\"Przygotowywanie skarg do ETPC\">Przygotowywanie skarg do ETPC<\/a><\/li>\r\n\r\n\t<li><a href=\"https:\/\/europeancourt.org\/en\/services\/echr\/checking-filled-in-applications\/\" title=\"Weryfikacja wype\u0142nionych formularzy skarg do ETPC\">Weryfikacja wype\u0142nionych formularzy skarg do ETPC<\/a><\/li>\r\n\r\n\t<li><a href=\"https:\/\/europeancourt.org\/en\/services\/echr\/representing-applicants\/\" title=\"Reprezentowanie skar\u017c\u0105cych przed ETPC\">Reprezentowanie skar\u017c\u0105cych przed ETPC<\/a><\/li>\r\n\r\n\t<li><a href=\"https:\/\/europeancourt.org\/en\/services\/echr\/translating-applications-into-english\/\" title=\"T\u0142umaczenie skarg do ETPC na j\u0119zyk angielski\">T\u0142umaczenie skarg do ETPC na j\u0119zyk angielski<\/a><\/li>\r\n\r\n\t<li><a href=\"https:\/\/europeancourt.org\/pl\/us%c5%82ugi\/etpc\/znajd%c5%ba-numer-skargi-rejestracj%c4%99-wyrok-lub-decyzj%c4%99\/\" title=\"Znajd\u017a numer skargi ETPC, rejestracj\u0119, wyrok lub decyzj\u0119\">Znajd\u017a numer skargi ETPC, rejestracj\u0119, wyrok lub decyzj\u0119<\/a><\/li>\r\n\r\n\t<li><a href=\"https:\/\/europeancourt.org\/en\/legal-advice-and-contacts\/\" title=\"Porady prawne i kontakty\">Porady prawne i kontakty<\/a><\/li>\r\n\r\n<\/ul>\r\n\r\n","protected":false},"excerpt":{"rendered":"Przygotowywanie skarg do ETPC Weryfikacja wype\u0142nionych formularzy skarg do ETPC Reprezentowanie skar\u017c\u0105cych przed ETPC T\u0142umaczenie skarg do ETPC na j\u0119zyk angielski Znajd\u017a numer skargi ETPC, rejestracj\u0119, wyrok lub decyzj\u0119 Porady prawne i kontakty","protected":false},"author":1,"featured_media":222480,"parent":222185,"menu_order":0,"comment_status":"closed","ping_status":"closed","template":"","meta":{"footnotes":""},"categories":[],"tags":[],"class_list":["post-222219","page","type-page","status-publish","has-post-thumbnail","hentry"],"_links":{"self":[{"href":"https:\/\/europeancourt.org\/pl\/wp-json\/wp\/v2\/pages\/222219","targetHints":{"allow":["GET"]}}],"collection":[{"href":"https:\/\/europeancourt.org\/pl\/wp-json\/wp\/v2\/pages"}],"about":[{"href":"https:\/\/europeancourt.org\/pl\/wp-json\/wp\/v2\/types\/page"}],"author":[{"embeddable":true,"href":"https:\/\/europeancourt.org\/pl\/wp-json\/wp\/v2\/users\/1"}],"replies":[{"embeddable":true,"href":"https:\/\/europeancourt.org\/pl\/wp-json\/wp\/v2\/comments?post=222219"}],"version-history":[{"count":1,"href":"https:\/\/europeancourt.org\/pl\/wp-json\/wp\/v2\/pages\/222219\/revisions"}],"predecessor-version":[{"id":222297,"href":"https:\/\/europeancourt.org\/pl\/wp-json\/wp\/v2\/pages\/222219\/revisions\/222297"}],"up":[{"embeddable":true,"href":"https:\/\/europeancourt.org\/pl\/wp-json\/wp\/v2\/pages\/222185"}],"wp:featuredmedia":[{"embeddable":true,"href":"https:\/\/europeancourt.org\/pl\/wp-json\/wp\/v2\/media\/222480"}],"wp:attachment":[{"href":"https:\/\/europeancourt.org\/pl\/wp-json\/wp\/v2\/media?parent=222219"}],"wp:term":[{"taxonomy":"category","embeddable":true,"href":"https:\/\/europeancourt.org\/pl\/wp-json\/wp\/v2\/categories?post=222219"},{"taxonomy":"post_tag","embeddable":true,"href":"https:\/\/europeancourt.org\/pl\/wp-json\/wp\/v2\/tags?post=222219"}],"curies":[{"name":"wp","href":"https:\/\/api.w.org\/{rel}","templated":true}]}}