{"id":223428,"date":"2021-10-07T00:26:31","date_gmt":"2021-10-06T22:26:31","guid":{"rendered":"https:\/\/europeancourt.org\/?page_id=223428"},"modified":"2025-11-29T11:23:41","modified_gmt":"2025-11-29T10:23:41","slug":"znajd%c5%ba-numer-skargi-rejestracj%c4%99-wyrok-lub-decyzj%c4%99","status":"publish","type":"page","link":"https:\/\/europeancourt.org\/pl\/us%c5%82ugi\/etpc\/znajd%c5%ba-numer-skargi-rejestracj%c4%99-wyrok-lub-decyzj%c4%99\/","title":{"rendered":"Znajd\u017a numer skargi ETPC, rejestracj\u0119, wyrok lub decyzj\u0119"},"content":{"rendered":"<div class=\"mywpcf7cf myshow myhide\">Czy zna Pan\/Pani numer skargi?<\/div>\r\n<div class=\"mywpcf7cf myshow myhide\">\r\n  <span class=\"mymultyradiobutton blue\">\r\n    <span class=\"wpcf7-list-item wpcf7\">\r\n      <label><input type=\"radio\"><span class=\"wpcf7-list-item-label\">Tak<\/span><\/label>\r\n    <\/span>\r\n  <\/span>\r\n  <span class=\"mymultyradiobutton blue\">\r\n    <span class=\"wpcf7-list-item wpcf7\">\r\n      <label><input type=\"radio\"><span class=\"wpcf7-list-item-label\">Nie<\/span><\/label>\r\n    <\/span>\r\n  <\/span>\r\n<\/div>\r\n<div class=\"mywpcf7cf-blueleft myshow myhide\">\r\n  <span class=\"mycustomsummary\">Co to jest numer skargi?<\/span>\r\n  <span class=\"mycustomdetails\">\r\n    <span class=\"vlist\">\r\n      <span class=\"vitem\">Numer skargi jest wskazany w ka\u017cdym pi\u015bmie z ETPC w sprawie skargi, kt\u00f3ra zosta\u0142a zarejestrowana, zaraz po s\u0142owach \u201eSkarga nr\u201d i przed nazw\u0105 sprawy. W korespondencji po angielsku stosuje si\u0119 \u201eApplication no.\u201d, po francusku \u201eRequ\u00eate n\u00b0\u201d.<\/span>\r\n      <span class=\"vitem\">Format numeru skargi: NUMER\/ROK, np. 123\/14. Wy\u0142\u0105cznie cyfry oraz uko\u015bnik \u201e\/\u201d (pochylony w prawo), bez spacji.<\/span>\r\n      <span class=\"vitem\">Numer w tym samym formacie w pi\u015bmie ETPC o niespe\u0142nieniu wymog\u00f3w formularza skargi nie jest numerem skargi. Ten numer mo\u017ce sta\u0107 si\u0119 numerem skargi dopiero po tym, jak ETPC otrzyma nowy formularz skargi spe\u0142niaj\u0105cy wymogi i zarejestruje skarg\u0119. W takim pi\u015bmie nie podaje si\u0119 nazwy sprawy, poniewa\u017c skarga nie jest zarejestrowana, a zazwyczaj podaje si\u0119 kod ECHR-Axxx6, gdzie \u201exxx\u201d oznacza j\u0119zyk pisma.<\/span>\r\n    <\/span>\r\n  <\/span>\r\n<\/div>\r\n<div class=\"mywpcf7cf myshow myhide mywpcf7cf-utility\">\r\n  <div class=\"mybutton red not-in-text-button is-disabled\" aria-disabled=\"true\">Zacznij od nowa<\/div>\r\n  <a class=\"mybutton red not-in-text-button\" href=\"mailto:oleg.anishchik@europeancourt.org?subject=Znajd\u017a numer skargi ETPC, rejestracj\u0119, wyrok lub decyzj\u0119: b\u0142\u0105d&#038;body=Opis b\u0142\u0119du: \">Zg\u0142o\u015b b\u0142\u0105d<\/a>\r\n<\/div>\r\n<div id=\"ajax_content\"><\/div>","protected":false},"excerpt":{"rendered":"Czy zna Pan\/Pani numer skargi? Tak Nie Co to jest numer skargi? Numer skargi jest wskazany w ka\u017cdym pi\u015bmie z ETPC w sprawie skargi, kt\u00f3ra zosta\u0142a zarejestrowana, zaraz po s\u0142owach \u201eSkarga nr\u201d i przed&#46;&#46;&#46;","protected":false},"author":1,"featured_media":223429,"parent":222219,"menu_order":0,"comment_status":"closed","ping_status":"closed","template":"","meta":{"footnotes":""},"categories":[],"tags":[],"class_list":["post-223428","page","type-page","status-publish","has-post-thumbnail","hentry"],"_links":{"self":[{"href":"https:\/\/europeancourt.org\/pl\/wp-json\/wp\/v2\/pages\/223428","targetHints":{"allow":["GET"]}}],"collection":[{"href":"https:\/\/europeancourt.org\/pl\/wp-json\/wp\/v2\/pages"}],"about":[{"href":"https:\/\/europeancourt.org\/pl\/wp-json\/wp\/v2\/types\/page"}],"author":[{"embeddable":true,"href":"https:\/\/europeancourt.org\/pl\/wp-json\/wp\/v2\/users\/1"}],"replies":[{"embeddable":true,"href":"https:\/\/europeancourt.org\/pl\/wp-json\/wp\/v2\/comments?post=223428"}],"version-history":[{"count":1,"href":"https:\/\/europeancourt.org\/pl\/wp-json\/wp\/v2\/pages\/223428\/revisions"}],"predecessor-version":[{"id":223430,"href":"https:\/\/europeancourt.org\/pl\/wp-json\/wp\/v2\/pages\/223428\/revisions\/223430"}],"up":[{"embeddable":true,"href":"https:\/\/europeancourt.org\/pl\/wp-json\/wp\/v2\/pages\/222219"}],"wp:featuredmedia":[{"embeddable":true,"href":"https:\/\/europeancourt.org\/pl\/wp-json\/wp\/v2\/media\/223429"}],"wp:attachment":[{"href":"https:\/\/europeancourt.org\/pl\/wp-json\/wp\/v2\/media?parent=223428"}],"wp:term":[{"taxonomy":"category","embeddable":true,"href":"https:\/\/europeancourt.org\/pl\/wp-json\/wp\/v2\/categories?post=223428"},{"taxonomy":"post_tag","embeddable":true,"href":"https:\/\/europeancourt.org\/pl\/wp-json\/wp\/v2\/tags?post=223428"}],"curies":[{"name":"wp","href":"https:\/\/api.w.org\/{rel}","templated":true}]}}