{"id":225431,"date":"2026-04-26T14:48:59","date_gmt":"2026-04-26T12:48:59","guid":{"rendered":"https:\/\/europeancourt.org\/porady-prawne-i-kontakty\/"},"modified":"2026-04-26T17:26:26","modified_gmt":"2026-04-26T15:26:26","slug":"porady-prawne-i-kontakty","status":"publish","type":"page","link":"https:\/\/europeancourt.org\/pl\/porady-prawne-i-kontakty\/","title":{"rendered":"Porady prawne i kontakty"},"content":{"rendered":"<div class=\"mywpcf7cf myshow myhide\">Potrzebuj\u0119:<\/div>\n\n<div class=\"myshow myhide\"><span class=\"wpcf7-radio\"><span class=\"wpcf7-list-item\"><label><span class=\"wpcf7-list-item-label\">przygotowania skargi do ETPC<\/span><\/label><\/span><\/span><\/div>\n\n<div class=\"myshow myhide\"><span class=\"wpcf7-radio\"><span class=\"wpcf7-list-item\"><label><span class=\"wpcf7-list-item-label\">sprawdzenia formularza skargi pod k\u0105tem b\u0142\u0119d\u00f3w przed wys\u0142aniem do ETPC<\/span><\/label><\/span><\/span><\/div>\n\n<div class=\"myshow myhide\"><span class=\"wpcf7-radio\"><span class=\"wpcf7-list-item\"><label><span class=\"wpcf7-list-item-label\">reprezentacji skar\u017c\u0105cego przed ETPC po zawiadomieniu Rz\u0105du o wniesieniu skargi<\/span><\/label><\/span><\/span><\/div>\n\n<div class=\"myshow myhide\"><span class=\"wpcf7-radio\"><span class=\"wpcf7-list-item\"><label><span class=\"wpcf7-list-item-label\">ustalenia losu skargi w ETPC<\/span><\/label><\/span><\/span><\/div>\n\n<div class=\"myshow myhide\"><span class=\"wpcf7-radio\"><span class=\"wpcf7-list-item\"><label><span class=\"wpcf7-list-item-label\">pobrania formularza skargi do ETPC<\/span><\/label><\/span><\/span><\/div>\n\n<div class=\"myshow myhide\"><span class=\"wpcf7-radio\"><span class=\"wpcf7-list-item\"><label><span class=\"wpcf7-list-item-label\">konsultacji pisemnej<\/span><\/label><\/span><\/span><\/div>\n\n<div class=\"myshow myhide\"><span class=\"wpcf7-radio\"><span class=\"wpcf7-list-item\"><label><span class=\"wpcf7-list-item-label\">danych kontaktowych<\/span><\/label><\/span><\/span><\/div>\n<div id=\"ajax_content\"><\/div>","protected":false},"excerpt":{"rendered":"Potrzebuj\u0119: przygotowania skargi do ETPC sprawdzenia formularza skargi pod k\u0105tem b\u0142\u0119d\u00f3w przed wys\u0142aniem do ETPC reprezentacji skar\u017c\u0105cego przed ETPC po zawiadomieniu Rz\u0105du o wniesieniu skargi ustalenia losu skargi w ETPC pobrania formularza skargi do&#46;&#46;&#46;","protected":false},"author":0,"featured_media":0,"parent":0,"menu_order":0,"comment_status":"closed","ping_status":"closed","template":"","meta":{"footnotes":""},"categories":[],"tags":[],"class_list":["post-225431","page","type-page","status-publish","hentry"],"_links":{"self":[{"href":"https:\/\/europeancourt.org\/pl\/wp-json\/wp\/v2\/pages\/225431","targetHints":{"allow":["GET"]}}],"collection":[{"href":"https:\/\/europeancourt.org\/pl\/wp-json\/wp\/v2\/pages"}],"about":[{"href":"https:\/\/europeancourt.org\/pl\/wp-json\/wp\/v2\/types\/page"}],"replies":[{"embeddable":true,"href":"https:\/\/europeancourt.org\/pl\/wp-json\/wp\/v2\/comments?post=225431"}],"version-history":[{"count":1,"href":"https:\/\/europeancourt.org\/pl\/wp-json\/wp\/v2\/pages\/225431\/revisions"}],"predecessor-version":[{"id":225635,"href":"https:\/\/europeancourt.org\/pl\/wp-json\/wp\/v2\/pages\/225431\/revisions\/225635"}],"wp:attachment":[{"href":"https:\/\/europeancourt.org\/pl\/wp-json\/wp\/v2\/media?parent=225431"}],"wp:term":[{"taxonomy":"category","embeddable":true,"href":"https:\/\/europeancourt.org\/pl\/wp-json\/wp\/v2\/categories?post=225431"},{"taxonomy":"post_tag","embeddable":true,"href":"https:\/\/europeancourt.org\/pl\/wp-json\/wp\/v2\/tags?post=225431"}],"curies":[{"name":"wp","href":"https:\/\/api.w.org\/{rel}","templated":true}]}}