{"id":116061,"date":"2022-06-13T12:26:38","date_gmt":"2022-06-13T10:26:38","guid":{"rendered":"https:\/\/europeancourt.org\/documentos\/"},"modified":"2024-06-25T16:49:02","modified_gmt":"2024-06-25T14:49:02","slug":"documentos","status":"publish","type":"page","link":"https:\/\/europeancourt.org\/pt\/documentos\/","title":{"rendered":"Documentos"},"content":{"rendered":"<ul>\n<li><a href=\"https:\/\/europeancourt.org\/pt\/documentos\/conselho-da-europa\/\" title=\"Conselho da Europa\">Conselho da Europa<\/a><\/li>\n<ul>\n<li><a href=\"https:\/\/europeancourt.org\/pt\/documentos\/conselho-da-europa\/conven%c3%a7%c3%a3o-europeia-dos-direitos-do-homem\/\" title=\"Conven\u00e7\u00e3o para a Protec\u00e7\u00e3o dos Direitos do Homem e das Liberdades Fundamentais\">Conven\u00e7\u00e3o para a Protec\u00e7\u00e3o dos Direitos do Homem e das Liberdades Fundamentais<\/a><\/li>\n<ul>\n<li><a href=\"https:\/\/europeancourt.org\/pt\/documentos\/conselho-da-europa\/conven%c3%a7%c3%a3o-europeia-dos-direitos-do-homem\/protocolo-n%c2%ba1\/\" title=\"Protocolo adicional \u00e0 Conven\u00e7\u00e3o para a Protec\u00e7\u00e3o dos Direitos do Homem e das Liberdades Fundamentais\">Protocolo adicional \u00e0 Conven\u00e7\u00e3o para a Protec\u00e7\u00e3o dos Direitos do Homem e das Liberdades Fundamentais<\/a><\/li>\n<li><a href=\"https:\/\/europeancourt.org\/pt\/documentos\/conselho-da-europa\/conven%c3%a7%c3%a3o-europeia-dos-direitos-do-homem\/protocolo-n%c2%ba4\/\" title=\"Protocolo n.\u00ba 4 \u00e0 Conven\u00e7\u00e3o para a Protec\u00e7\u00e3o dos Direitos do Homem e das Liberdades Fundamentais\">Protocolo n.\u00ba 4 \u00e0 Conven\u00e7\u00e3o para a Protec\u00e7\u00e3o dos Direitos do Homem e das Liberdades Fundamentais<\/a><\/li>\n<li><a href=\"https:\/\/europeancourt.org\/pt\/documentos\/conselho-da-europa\/conven%c3%a7%c3%a3o-europeia-dos-direitos-do-homem\/protocolo-n%c2%ba6\/\" title=\"Protocolo n.\u00ba 6 \u00e0 Conven\u00e7\u00e3o para a Protec\u00e7\u00e3o dos Direitos do Homem e das Liberdades Fundamentais\">Protocolo n.\u00ba 6 \u00e0 Conven\u00e7\u00e3o para a Protec\u00e7\u00e3o dos Direitos do Homem e das Liberdades Fundamentais<\/a><\/li>\n<li><a href=\"https:\/\/europeancourt.org\/pt\/documentos\/conselho-da-europa\/conven%c3%a7%c3%a3o-europeia-dos-direitos-do-homem\/protocolo-n%c2%ba7\/\" title=\"Protocolo n.\u00ba 7 \u00e0 Conven\u00e7\u00e3o para a Protec\u00e7\u00e3o dos Direitos do Homem e das Liberdades Fundamentais\">Protocolo n.\u00ba 7 \u00e0 Conven\u00e7\u00e3o para a Protec\u00e7\u00e3o dos Direitos do Homem e das Liberdades Fundamentais<\/a><\/li>\n<li><a href=\"https:\/\/europeancourt.org\/pt\/documentos\/conselho-da-europa\/conven%c3%a7%c3%a3o-europeia-dos-direitos-do-homem\/protocolo-n%c2%ba12\/\" title=\"Protocolo n.\u00ba 12 \u00e0 Conven\u00e7\u00e3o para a Protec\u00e7\u00e3o dos Direitos do Homem e das Liberdades Fundamentais\">Protocolo n.\u00ba 12 \u00e0 Conven\u00e7\u00e3o para a Protec\u00e7\u00e3o dos Direitos do Homem e das Liberdades Fundamentais<\/a><\/li>\n<li><a href=\"https:\/\/europeancourt.org\/pt\/documentos\/conselho-da-europa\/conven%c3%a7%c3%a3o-europeia-dos-direitos-do-homem\/protocolo-n%c2%ba13\/\" title=\"Protocolo n.\u00ba 13 \u00e0 Conven\u00e7\u00e3o para a Protec\u00e7\u00e3o dos Direitos do Homem e das Liberdades Fundamentais\">Protocolo n.\u00ba 13 \u00e0 Conven\u00e7\u00e3o para a Protec\u00e7\u00e3o dos Direitos do Homem e das Liberdades Fundamentais<\/a><\/li>\n<li><a href=\"https:\/\/europeancourt.org\/pt\/documentos\/conselho-da-europa\/conven%c3%a7%c3%a3o-europeia-dos-direitos-do-homem\/protocolo-n%c2%ba16\/\" title=\"Protocolo n.\u00ba 16 \u00e0 Conven\u00e7\u00e3o para a Protec\u00e7\u00e3o dos Direitos do Homem e das Liberdades Fundamentais\">Protocolo n.\u00ba 16 \u00e0 Conven\u00e7\u00e3o para a Protec\u00e7\u00e3o dos Direitos do Homem e das Liberdades Fundamentais<\/a><\/li>\n<\/ul>\n<li><a href=\"https:\/\/europeancourt.org\/pt\/documentos\/conselho-da-europa\/tedh\/\" title=\"Tribunal Europeu dos Direitos do Homem\">Tribunal Europeu dos Direitos do Homem<\/a><\/li>\n<ul>\n<li><a href=\"https:\/\/europeancourt.org\/pt\/documentos\/conselho-da-europa\/tedh\/regulamento-artigo-47%c2%ba\/\" title=\"Artigo 47\u00ba do Regulamento do Tribunal Europeu dos Direitos do Homem\">Regulamento do Tribunal Europeu \u2013 Artigo 47\u00ba<\/a><\/li>\n<li><a href=\"https:\/\/europeancourt.org\/en\/documents\/council-of-europe\/echr\/practice-directions-institution-of-proceedings\/\" title=\"Instaura\u00e7\u00e3o do processo \u2013 Instru\u00e7\u00f5es pr\u00e1ticas (somente em ingl\u00eas, franc\u00eas, russo, espanhol, italiano, arm\u00eanio, romeno e turco)\">Instaura\u00e7\u00e3o do processo \u2013 Instru\u00e7\u00f5es pr\u00e1ticas (somente em ingl\u00eas, franc\u00eas, russo, espanhol, italiano, arm\u00eanio, romeno e turco)<\/a><\/li>\n<li><a href=\"https:\/\/europeancourt.org\/pt\/documentos\/conselho-da-europa\/tedh\/formul%c3%a1rio-de-queixa\/\" title=\"Formul\u00e1rio de queixa ao Tribunal Europeu dos Direitos do Homem\">Formul\u00e1rio de queixa<\/a><\/li>\n<ul>\n<li><a href=\"https:\/\/europeancourt.org\/pt\/documentos\/conselho-da-europa\/tedh\/formul%c3%a1rio-de-queixa\/como-preencher\/\" title=\"Como preencher o formul\u00e1rio de queixa\">Como preencher o formul\u00e1rio de queixa<\/a><\/li>\n<\/ul>\n<li><a href=\"https:\/\/europeancourt.org\/pt\/documentos\/conselho-da-europa\/tedh\/procura%c3%a7%c3%a3o\/\" title=\"Procura\u00e7\u00e3o para o Tribunal Europeu dos Direitos do Homem\">Procura\u00e7\u00e3o<\/a><\/li>\n<li><a href=\"https:\/\/europeancourt.org\/downloads\/pt\/Tabela_recapitulativa_com_os_nomes_e_os_elementos_de_identificacao_de_cada_requerente_ao_TEDH_POR.XLSX\" title=\"Tabela recapitulativa com os nomes e os elementos de identifica\u00e7\u00e3o de cada requerente ao Tribunal Europeu dos Direitos Humanos\">Adenda para m\u00faltiplos requerentes<\/a><\/li>\n<\/ul><\/ul><\/ul> ","protected":false},"excerpt":{"rendered":"Conselho da Europa Conven\u00e7\u00e3o para a Protec\u00e7\u00e3o dos Direitos do Homem e das Liberdades Fundamentais Protocolo adicional \u00e0 Conven\u00e7\u00e3o para a Protec\u00e7\u00e3o dos Direitos do Homem e das Liberdades Fundamentais Protocolo n.\u00ba 4 \u00e0&#46;&#46;&#46;","protected":false},"author":1,"featured_media":210047,"parent":0,"menu_order":0,"comment_status":"closed","ping_status":"closed","template":"","meta":{"footnotes":""},"categories":[],"tags":[],"class_list":["post-116061","page","type-page","status-publish","has-post-thumbnail","hentry"],"_links":{"self":[{"href":"https:\/\/europeancourt.org\/pt\/wp-json\/wp\/v2\/pages\/116061","targetHints":{"allow":["GET"]}}],"collection":[{"href":"https:\/\/europeancourt.org\/pt\/wp-json\/wp\/v2\/pages"}],"about":[{"href":"https:\/\/europeancourt.org\/pt\/wp-json\/wp\/v2\/types\/page"}],"author":[{"embeddable":true,"href":"https:\/\/europeancourt.org\/pt\/wp-json\/wp\/v2\/users\/1"}],"replies":[{"embeddable":true,"href":"https:\/\/europeancourt.org\/pt\/wp-json\/wp\/v2\/comments?post=116061"}],"version-history":[{"count":0,"href":"https:\/\/europeancourt.org\/pt\/wp-json\/wp\/v2\/pages\/116061\/revisions"}],"wp:featuredmedia":[{"embeddable":true,"href":"https:\/\/europeancourt.org\/pt\/wp-json\/wp\/v2\/media\/210047"}],"wp:attachment":[{"href":"https:\/\/europeancourt.org\/pt\/wp-json\/wp\/v2\/media?parent=116061"}],"wp:term":[{"taxonomy":"category","embeddable":true,"href":"https:\/\/europeancourt.org\/pt\/wp-json\/wp\/v2\/categories?post=116061"},{"taxonomy":"post_tag","embeddable":true,"href":"https:\/\/europeancourt.org\/pt\/wp-json\/wp\/v2\/tags?post=116061"}],"curies":[{"name":"wp","href":"https:\/\/api.w.org\/{rel}","templated":true}]}}