{"id":147389,"date":"2022-06-23T10:51:39","date_gmt":"2022-06-23T08:51:39","guid":{"rendered":"https:\/\/europeancourt.org\/documentos\/conselho-da-europa\/tedh\/"},"modified":"2024-06-25T16:19:38","modified_gmt":"2024-06-25T14:19:38","slug":"tedh","status":"publish","type":"page","link":"https:\/\/europeancourt.org\/pt\/documentos\/conselho-da-europa\/tedh\/","title":{"rendered":"TEDH"},"content":{"rendered":"<ul> \n<li><a href=\"https:\/\/europeancourt.org\/pt\/documentos\/conselho-da-europa\/tedh\/regulamento-artigo-47%c2%ba\/\" title=\"Artigo 47\u00ba do Regulamento do Tribunal Europeu dos Direitos do Homem\">Regulamento do Tribunal Europeu \u2013 Artigo 47\u00ba<\/a><\/li>\n<li><a href=\"https:\/\/europeancourt.org\/en\/documents\/council-of-europe\/echr\/practice-directions-institution-of-proceedings\/\" title=\"Instaura\u00e7\u00e3o do processo \u2013 Instru\u00e7\u00f5es pr\u00e1ticas (somente em ingl\u00eas, franc\u00eas, russo, espanhol, italiano, arm\u00eanio, romeno e turco)\">Instaura\u00e7\u00e3o do processo \u2013 Instru\u00e7\u00f5es pr\u00e1ticas (somente em ingl\u00eas, franc\u00eas, russo, espanhol, italiano, arm\u00eanio, romeno e turco)<\/a><\/li>\n<li><a href=\"https:\/\/europeancourt.org\/pt\/documentos\/conselho-da-europa\/tedh\/formul%c3%a1rio-de-queixa\/\" title=\"Formul\u00e1rio de queixa ao Tribunal Europeu dos Direitos do Homem\">Formul\u00e1rio de queixa<\/a><\/li>\n<ul>\n<li><a href=\"https:\/\/europeancourt.org\/pt\/documentos\/conselho-da-europa\/tedh\/formul%c3%a1rio-de-queixa\/como-preencher\/\" title=\"Como preencher o formul\u00e1rio de queixa\">Como preencher o formul\u00e1rio de queixa<\/a><\/li>\n<\/ul>\n<li><a href=\"https:\/\/europeancourt.org\/pt\/documentos\/conselho-da-europa\/tedh\/procura%c3%a7%c3%a3o\/\" title=\"Procura\u00e7\u00e3o para o Tribunal Europeu dos Direitos do Homem\">Procura\u00e7\u00e3o<\/a><\/li>\n<li><a href=\"https:\/\/europeancourt.org\/downloads\/pt\/Tabela_recapitulativa_com_os_nomes_e_os_elementos_de_identificacao_de_cada_requerente_ao_TEDH_POR.XLSX\" title=\"Tabela recapitulativa com os nomes e os elementos de identifica\u00e7\u00e3o de cada requerente ao Tribunal Europeu dos Direitos Humanos\">Adenda para m\u00faltiplos requerentes<\/a><\/li>\n<\/ul>","protected":false},"excerpt":{"rendered":"Regulamento do Tribunal Europeu \u2013 Artigo 47\u00ba Instaura\u00e7\u00e3o do processo \u2013 Instru\u00e7\u00f5es pr\u00e1ticas (somente em ingl\u00eas, franc\u00eas, russo, espanhol, italiano, arm\u00eanio, romeno e turco) Formul\u00e1rio de queixa Como preencher o formul\u00e1rio de queixa Procura\u00e7\u00e3o&#46;&#46;&#46;","protected":false},"author":1,"featured_media":192034,"parent":116089,"menu_order":0,"comment_status":"closed","ping_status":"closed","template":"","meta":{"footnotes":""},"categories":[],"tags":[],"class_list":["post-147389","page","type-page","status-publish","has-post-thumbnail","hentry"],"_links":{"self":[{"href":"https:\/\/europeancourt.org\/pt\/wp-json\/wp\/v2\/pages\/147389","targetHints":{"allow":["GET"]}}],"collection":[{"href":"https:\/\/europeancourt.org\/pt\/wp-json\/wp\/v2\/pages"}],"about":[{"href":"https:\/\/europeancourt.org\/pt\/wp-json\/wp\/v2\/types\/page"}],"author":[{"embeddable":true,"href":"https:\/\/europeancourt.org\/pt\/wp-json\/wp\/v2\/users\/1"}],"replies":[{"embeddable":true,"href":"https:\/\/europeancourt.org\/pt\/wp-json\/wp\/v2\/comments?post=147389"}],"version-history":[{"count":0,"href":"https:\/\/europeancourt.org\/pt\/wp-json\/wp\/v2\/pages\/147389\/revisions"}],"up":[{"embeddable":true,"href":"https:\/\/europeancourt.org\/pt\/wp-json\/wp\/v2\/pages\/116089"}],"wp:featuredmedia":[{"embeddable":true,"href":"https:\/\/europeancourt.org\/pt\/wp-json\/wp\/v2\/media\/192034"}],"wp:attachment":[{"href":"https:\/\/europeancourt.org\/pt\/wp-json\/wp\/v2\/media?parent=147389"}],"wp:term":[{"taxonomy":"category","embeddable":true,"href":"https:\/\/europeancourt.org\/pt\/wp-json\/wp\/v2\/categories?post=147389"},{"taxonomy":"post_tag","embeddable":true,"href":"https:\/\/europeancourt.org\/pt\/wp-json\/wp\/v2\/tags?post=147389"}],"curies":[{"name":"wp","href":"https:\/\/api.w.org\/{rel}","templated":true}]}}