{"id":177050,"date":"2022-07-03T16:50:48","date_gmt":"2022-07-03T14:50:48","guid":{"rendered":"https:\/\/europeancourt.org\/documentos\/conselho-da-europa\/tedh\/procura%c3%a7%c3%a3o\/"},"modified":"2024-06-10T23:56:00","modified_gmt":"2024-06-10T21:56:00","slug":"procura%c3%a7%c3%a3o","status":"publish","type":"page","link":"https:\/\/europeancourt.org\/pt\/documentos\/conselho-da-europa\/tedh\/procura%c3%a7%c3%a3o\/","title":{"rendered":"Procura\u00e7\u00e3o para o Tribunal Europeu dos Direitos do Homem"},"content":{"rendered":"<p>O formul\u00e1rio s\u00f3 funcionar\u00e1 corretamente com a vers\u00e3o 9 (ou superior) do Adobe Reader e apenas nos sistemas operativos Windows e Mac OS X. Por favor assegure-se de que tem o Adobe Reader instalado no seu computador (download <a href=\"https:\/\/get.adobe.com\/reader\/\" title=\"Adobe Reader\" target=\"_blank\" rel=\"noopener\">dispon\u00edvel em www.adobe.com<\/a>)<\/p>\n<ul>\n<li>Guarde o formul\u00e1rio no seu computador.<\/li>\n<li>Abra a c\u00f3pia guardada do formul\u00e1rio no Adobe Reader.<\/li>\n<li>Preencha o formul\u00e1rio e guarde-o no computador.<\/li>\n<li>Assim que o formul\u00e1rio estiver completo, dever\u00e1 imprimi-lo, assin\u00e1-lo e envi\u00e1-lo por correio para o Tribunal.<\/li>\n<\/ul>\n<p style=\"text-align: center;\"><a title=\"Procura\u00e7\u00e3o para o Tribunal Europeu dos Direitos do Homem\" href=\"https:\/\/europeancourt.org\/downloads\/pt\/Procuracao_para_o_Tribunal_Europeu_dos_Direitos_do_Homem_POR_2021-1.PDF\" class=\"extlinkoff mybrightbutton red\" download=\"\">Download <i class=\"fas fa-download\"><\/i><\/a><\/p>\n<iframe class=\"wonderplugin-pdf-iframe\" src=\"https:\/\/europeancourt.org\/wp-content\/plugins\/wonderplugin-pdf-embed\/pdfjs\/web\/viewer.html?v=2&disabledownload=1&disableprint=1&disabledoc=1&disableopenfile=1&externallinktarget=2&file=https:\/\/europeancourt.org\/noindex\/AuthF_POR_2021-1.pdf\" title=\"Procura\u00e7\u00e3o para o Tribunal Europeu dos Direitos do Homem\" width=\"100%\" height=\"900px\" style=\"border:0;\"><\/iframe>","protected":false},"excerpt":{"rendered":"O formul\u00e1rio s\u00f3 funcionar\u00e1 corretamente com a vers\u00e3o 9 (ou superior) do Adobe Reader e apenas nos sistemas operativos Windows e Mac OS X. Por favor assegure-se de que tem o Adobe Reader instalado&#46;&#46;&#46;","protected":false},"author":1,"featured_media":191821,"parent":147389,"menu_order":0,"comment_status":"closed","ping_status":"closed","template":"","meta":{"footnotes":""},"categories":[],"tags":[],"class_list":["post-177050","page","type-page","status-publish","has-post-thumbnail","hentry"],"_links":{"self":[{"href":"https:\/\/europeancourt.org\/pt\/wp-json\/wp\/v2\/pages\/177050","targetHints":{"allow":["GET"]}}],"collection":[{"href":"https:\/\/europeancourt.org\/pt\/wp-json\/wp\/v2\/pages"}],"about":[{"href":"https:\/\/europeancourt.org\/pt\/wp-json\/wp\/v2\/types\/page"}],"author":[{"embeddable":true,"href":"https:\/\/europeancourt.org\/pt\/wp-json\/wp\/v2\/users\/1"}],"replies":[{"embeddable":true,"href":"https:\/\/europeancourt.org\/pt\/wp-json\/wp\/v2\/comments?post=177050"}],"version-history":[{"count":0,"href":"https:\/\/europeancourt.org\/pt\/wp-json\/wp\/v2\/pages\/177050\/revisions"}],"up":[{"embeddable":true,"href":"https:\/\/europeancourt.org\/pt\/wp-json\/wp\/v2\/pages\/147389"}],"wp:featuredmedia":[{"embeddable":true,"href":"https:\/\/europeancourt.org\/pt\/wp-json\/wp\/v2\/media\/191821"}],"wp:attachment":[{"href":"https:\/\/europeancourt.org\/pt\/wp-json\/wp\/v2\/media?parent=177050"}],"wp:term":[{"taxonomy":"category","embeddable":true,"href":"https:\/\/europeancourt.org\/pt\/wp-json\/wp\/v2\/categories?post=177050"},{"taxonomy":"post_tag","embeddable":true,"href":"https:\/\/europeancourt.org\/pt\/wp-json\/wp\/v2\/tags?post=177050"}],"curies":[{"name":"wp","href":"https:\/\/api.w.org\/{rel}","templated":true}]}}