{"id":222189,"date":"2024-01-08T15:08:10","date_gmt":"2024-01-08T14:08:10","guid":{"rendered":"https:\/\/europeancourt.org\/servi%c3%a7os\/"},"modified":"2026-04-30T13:40:41","modified_gmt":"2026-04-30T11:40:41","slug":"servi%c3%a7os","status":"publish","type":"page","link":"https:\/\/europeancourt.org\/pt\/servi%c3%a7os\/","title":{"rendered":"Servi\u00e7os"},"content":{"rendered":"<ul>\r\n\t<li><a href=\"https:\/\/europeancourt.org\/pt\/servi%c3%a7os\/tedh\/\" title=\"TEDH\">TEDH<\/a><\/li>\r\n<ul>\r\n\t\t<li><a href=\"https:\/\/europeancourt.org\/pt\/servi%c3%a7os\/tedh\/prepara%c3%a7%c3%a3o-de-queixas-ao-tedh\/\" title=\"Prepara\u00e7\u00e3o de queixas ao TEDH\">Prepara\u00e7\u00e3o de queixas ao TEDH<\/a><\/li>\r\n\r\n\t<li><a href=\"https:\/\/europeancourt.org\/pt\/servi%c3%a7os\/tedh\/verifica%c3%a7%c3%a3o-dos-formul%c3%a1rios-de-queixa-da-tedh-preenchidos\/\" title=\"Verifica\u00e7\u00e3o dos formul\u00e1rios de queixa da TEDH preenchidos\">Verifica\u00e7\u00e3o dos formul\u00e1rios de queixa da TEDH preenchidos<\/a><\/li>\r\n\r\n\t<li><a href=\"https:\/\/europeancourt.org\/pt\/servi%c3%a7os\/tedh\/representa%c3%a7%c3%a3o-de-requerentes-perante-o-tedh\/\" title=\"Representa\u00e7\u00e3o de requerentes perante o TEDH\">Representa\u00e7\u00e3o de requerentes perante o TEDH<\/a><\/li>\n<li><a href=\"https:\/\/europeancourt.org\/pt\/servi%c3%a7os\/tedh\/encontrar-n%c3%bamero-de-queixa-registo-ou-ac%c3%b3rd%c3%a3o\/\" title=\"Encontrar n\u00famero de queixa, registo ou ac\u00f3rd\u00e3o do TEDH\">Encontrar n\u00famero de queixa, registo ou ac\u00f3rd\u00e3o do TEDH<\/a><\/li>\r\n\r\n\t<li><a href=\"https:\/\/europeancourt.org\/pt\/aconselhamento-jur%c3%addico-e-contactos\/\" title=\"Aconselhamento jur\u00eddico e contactos\">Aconselhamento jur\u00eddico e contactos<\/a><\/li>\r\n<\/ul>\r\n<\/ul>\r\n","protected":false},"excerpt":{"rendered":"TEDH Prepara\u00e7\u00e3o de queixas ao TEDH Verifica\u00e7\u00e3o dos formul\u00e1rios de queixa da TEDH preenchidos Representa\u00e7\u00e3o de requerentes perante o TEDH Encontrar n\u00famero de queixa, registo ou ac\u00f3rd\u00e3o do TEDH Aconselhamento jur\u00eddico e contactos","protected":false},"author":1,"featured_media":222379,"parent":0,"menu_order":0,"comment_status":"closed","ping_status":"closed","template":"","meta":{"footnotes":""},"categories":[],"tags":[],"class_list":["post-222189","page","type-page","status-publish","has-post-thumbnail","hentry"],"_links":{"self":[{"href":"https:\/\/europeancourt.org\/pt\/wp-json\/wp\/v2\/pages\/222189","targetHints":{"allow":["GET"]}}],"collection":[{"href":"https:\/\/europeancourt.org\/pt\/wp-json\/wp\/v2\/pages"}],"about":[{"href":"https:\/\/europeancourt.org\/pt\/wp-json\/wp\/v2\/types\/page"}],"author":[{"embeddable":true,"href":"https:\/\/europeancourt.org\/pt\/wp-json\/wp\/v2\/users\/1"}],"replies":[{"embeddable":true,"href":"https:\/\/europeancourt.org\/pt\/wp-json\/wp\/v2\/comments?post=222189"}],"version-history":[{"count":6,"href":"https:\/\/europeancourt.org\/pt\/wp-json\/wp\/v2\/pages\/222189\/revisions"}],"predecessor-version":[{"id":226649,"href":"https:\/\/europeancourt.org\/pt\/wp-json\/wp\/v2\/pages\/222189\/revisions\/226649"}],"wp:featuredmedia":[{"embeddable":true,"href":"https:\/\/europeancourt.org\/pt\/wp-json\/wp\/v2\/media\/222379"}],"wp:attachment":[{"href":"https:\/\/europeancourt.org\/pt\/wp-json\/wp\/v2\/media?parent=222189"}],"wp:term":[{"taxonomy":"category","embeddable":true,"href":"https:\/\/europeancourt.org\/pt\/wp-json\/wp\/v2\/categories?post=222189"},{"taxonomy":"post_tag","embeddable":true,"href":"https:\/\/europeancourt.org\/pt\/wp-json\/wp\/v2\/tags?post=222189"}],"curies":[{"name":"wp","href":"https:\/\/api.w.org\/{rel}","templated":true}]}}