{"id":222220,"date":"2024-01-08T15:08:29","date_gmt":"2024-01-08T14:08:29","guid":{"rendered":"https:\/\/europeancourt.org\/servi%c3%a7os\/tedh\/"},"modified":"2025-10-02T23:01:16","modified_gmt":"2025-10-02T23:01:16","slug":"tedh","status":"publish","type":"page","link":"https:\/\/europeancourt.org\/pt\/servi%c3%a7os\/tedh\/","title":{"rendered":"TEDH"},"content":{"rendered":"<ul>\r\n\t\t<li><a href=\"https:\/\/europeancourt.org\/en\/services\/echr\/preparing-applications\/\" title=\"Prepara\u00e7\u00e3o de queixas ao TEDH\">Prepara\u00e7\u00e3o de queixas ao TEDH<\/a><\/li>\r\n\r\n\t<li><a href=\"https:\/\/europeancourt.org\/en\/services\/echr\/checking-filled-in-applications\/\" title=\"Verifica\u00e7\u00e3o dos formul\u00e1rios de queixa da TEDH preenchidos\">Verifica\u00e7\u00e3o dos formul\u00e1rios de queixa da TEDH preenchidos<\/a><\/li>\r\n\r\n\t<li><a href=\"https:\/\/europeancourt.org\/en\/services\/echr\/representing-applicants\/\" title=\"Representa\u00e7\u00e3o de requerentes perante o TEDH\">Representa\u00e7\u00e3o de requerentes perante o TEDH<\/a><\/li>\r\n\r\n\t<li><a href=\"https:\/\/europeancourt.org\/en\/services\/echr\/translating-applications-into-english\/\" title=\"Tradu\u00e7\u00e3o para ingl\u00eas das queixas ao TEDH\">Tradu\u00e7\u00e3o para ingl\u00eas das queixas ao TEDH<\/a><\/li>\r\n\r\n\t<li><a href=\"https:\/\/europeancourt.org\/pt\/servi%c3%a7os\/tedh\/encontrar-n%c3%bamero-de-queixa-registo-ou-ac%c3%b3rd%c3%a3o\/\" title=\"Encontrar n\u00famero de queixa, registo ou ac\u00f3rd\u00e3o do TEDH\">Encontrar n\u00famero de queixa, registo ou ac\u00f3rd\u00e3o do TEDH<\/a><\/li>\r\n\r\n\t<li><a href=\"https:\/\/europeancourt.org\/en\/legal-advice-and-contacts\/\" title=\"Aconselhamento jur\u00eddico e contactos\">Aconselhamento jur\u00eddico e contactos<\/a><\/li>\r\n\r\n<\/ul>\r\n\r\n","protected":false},"excerpt":{"rendered":"Prepara\u00e7\u00e3o de queixas ao TEDH Verifica\u00e7\u00e3o dos formul\u00e1rios de queixa da TEDH preenchidos Representa\u00e7\u00e3o de requerentes perante o TEDH Tradu\u00e7\u00e3o para ingl\u00eas das queixas ao TEDH Encontrar n\u00famero de queixa, registo ou ac\u00f3rd\u00e3o do&#46;&#46;&#46;","protected":false},"author":1,"featured_media":222494,"parent":222189,"menu_order":0,"comment_status":"closed","ping_status":"closed","template":"","meta":{"footnotes":""},"categories":[],"tags":[],"class_list":["post-222220","page","type-page","status-publish","has-post-thumbnail","hentry"],"_links":{"self":[{"href":"https:\/\/europeancourt.org\/pt\/wp-json\/wp\/v2\/pages\/222220","targetHints":{"allow":["GET"]}}],"collection":[{"href":"https:\/\/europeancourt.org\/pt\/wp-json\/wp\/v2\/pages"}],"about":[{"href":"https:\/\/europeancourt.org\/pt\/wp-json\/wp\/v2\/types\/page"}],"author":[{"embeddable":true,"href":"https:\/\/europeancourt.org\/pt\/wp-json\/wp\/v2\/users\/1"}],"replies":[{"embeddable":true,"href":"https:\/\/europeancourt.org\/pt\/wp-json\/wp\/v2\/comments?post=222220"}],"version-history":[{"count":1,"href":"https:\/\/europeancourt.org\/pt\/wp-json\/wp\/v2\/pages\/222220\/revisions"}],"predecessor-version":[{"id":222298,"href":"https:\/\/europeancourt.org\/pt\/wp-json\/wp\/v2\/pages\/222220\/revisions\/222298"}],"up":[{"embeddable":true,"href":"https:\/\/europeancourt.org\/pt\/wp-json\/wp\/v2\/pages\/222189"}],"wp:featuredmedia":[{"embeddable":true,"href":"https:\/\/europeancourt.org\/pt\/wp-json\/wp\/v2\/media\/222494"}],"wp:attachment":[{"href":"https:\/\/europeancourt.org\/pt\/wp-json\/wp\/v2\/media?parent=222220"}],"wp:term":[{"taxonomy":"category","embeddable":true,"href":"https:\/\/europeancourt.org\/pt\/wp-json\/wp\/v2\/categories?post=222220"},{"taxonomy":"post_tag","embeddable":true,"href":"https:\/\/europeancourt.org\/pt\/wp-json\/wp\/v2\/tags?post=222220"}],"curies":[{"name":"wp","href":"https:\/\/api.w.org\/{rel}","templated":true}]}}