{"id":223431,"date":"2021-10-07T00:26:31","date_gmt":"2021-10-06T22:26:31","guid":{"rendered":"https:\/\/europeancourt.org\/?page_id=223431"},"modified":"2025-11-29T11:24:35","modified_gmt":"2025-11-29T10:24:35","slug":"encontrar-n%c3%bamero-de-queixa-registo-ou-ac%c3%b3rd%c3%a3o","status":"publish","type":"page","link":"https:\/\/europeancourt.org\/pt\/servi%c3%a7os\/tedh\/encontrar-n%c3%bamero-de-queixa-registo-ou-ac%c3%b3rd%c3%a3o\/","title":{"rendered":"Encontrar n\u00famero de queixa, registo ou ac\u00f3rd\u00e3o do TEDH"},"content":{"rendered":"<div class=\"mywpcf7cf myshow myhide\">Sabe o n\u00famero da queixa em causa?<\/div>\r\n<div class=\"mywpcf7cf myshow myhide\">\r\n  <span class=\"mymultyradiobutton blue\">\r\n    <span class=\"wpcf7-list-item wpcf7\">\r\n      <label><input type=\"radio\"><span class=\"wpcf7-list-item-label\">Sim<\/span><\/label>\r\n    <\/span>\r\n  <\/span>\r\n  <span class=\"mymultyradiobutton blue\">\r\n    <span class=\"wpcf7-list-item wpcf7\">\r\n      <label><input type=\"radio\"><span class=\"wpcf7-list-item-label\">N\u00e3o<\/span><\/label>\r\n    <\/span>\r\n  <\/span>\r\n<\/div>\r\n<div class=\"mywpcf7cf-blueleft myshow myhide\">\r\n  <span class=\"mycustomsummary\">O que \u00e9 o n\u00famero de queixa?<\/span>\r\n  <span class=\"mycustomdetails\">\r\n    <span class=\"vlist\">\r\n      <span class=\"vitem\">O n\u00famero de queixa consta de qualquer carta do TEDH relativa a uma queixa que tenha sido registada, imediatamente a seguir \u00e0s palavras \u00abQueixa n\u00ba\u00bb e antes do nome da queixa. Na correspond\u00eancia em ingl\u00eas escreve-se \u00abApplication no.\u00bb, em franc\u00eas escreve-se \u00abRequ\u00eate n\u00b0\u00bb.<\/span>\r\n      <span class=\"vitem\">O formato do n\u00famero da queixa: N\u00daMERO\/ANO, p. ex. 123\/14. Apenas algarismos e uma barra inclinada para a direita \u00ab\/\u00bb, sem espa\u00e7os.<\/span>\r\n      <span class=\"vitem\">Um n\u00famero com o mesmo formato numa carta do TEDH sobre a n\u00e3o conformidade do formul\u00e1rio de queixa com os requisitos n\u00e3o \u00e9 um n\u00famero de queixa. Esse n\u00famero s\u00f3 poder\u00e1 tornar-se um n\u00famero de queixa depois de o TEDH receber um novo formul\u00e1rio de queixa que cumpra os requisitos e registar a queixa. Numa carta desse tipo n\u00e3o \u00e9 indicado o nome da queixa porque a queixa n\u00e3o est\u00e1 registada e costuma indicar-se o c\u00f3digo ECHR-Axxx6, em que \u00abxxx\u00bb indica a l\u00edngua da carta.<\/span>\r\n    <\/span>\r\n  <\/span>\r\n<\/div>\r\n<div class=\"mywpcf7cf myshow myhide mywpcf7cf-utility\">\r\n  <div class=\"mybutton red not-in-text-button is-disabled\" aria-disabled=\"true\">Recome\u00e7ar<\/div>\r\n  <a class=\"mybutton red not-in-text-button\" href=\"mailto:oleg.anishchik@europeancourt.org?subject=Encontrar n\u00famero de queixa, registo ou ac\u00f3rd\u00e3o do TEDH: erro&#038;body=Descri\u00e7\u00e3o do erro: \">Comunicar um erro<\/a>\r\n<\/div>\r\n<div id=\"ajax_content\"><\/div>","protected":false},"excerpt":{"rendered":"Sabe o n\u00famero da queixa em causa? Sim N\u00e3o O que \u00e9 o n\u00famero de queixa? O n\u00famero de queixa consta de qualquer carta do TEDH relativa a uma queixa que tenha sido registada,&#46;&#46;&#46;","protected":false},"author":1,"featured_media":223432,"parent":222220,"menu_order":0,"comment_status":"closed","ping_status":"closed","template":"","meta":{"footnotes":""},"categories":[],"tags":[],"class_list":["post-223431","page","type-page","status-publish","has-post-thumbnail","hentry"],"_links":{"self":[{"href":"https:\/\/europeancourt.org\/pt\/wp-json\/wp\/v2\/pages\/223431","targetHints":{"allow":["GET"]}}],"collection":[{"href":"https:\/\/europeancourt.org\/pt\/wp-json\/wp\/v2\/pages"}],"about":[{"href":"https:\/\/europeancourt.org\/pt\/wp-json\/wp\/v2\/types\/page"}],"author":[{"embeddable":true,"href":"https:\/\/europeancourt.org\/pt\/wp-json\/wp\/v2\/users\/1"}],"replies":[{"embeddable":true,"href":"https:\/\/europeancourt.org\/pt\/wp-json\/wp\/v2\/comments?post=223431"}],"version-history":[{"count":1,"href":"https:\/\/europeancourt.org\/pt\/wp-json\/wp\/v2\/pages\/223431\/revisions"}],"predecessor-version":[{"id":223433,"href":"https:\/\/europeancourt.org\/pt\/wp-json\/wp\/v2\/pages\/223431\/revisions\/223433"}],"up":[{"embeddable":true,"href":"https:\/\/europeancourt.org\/pt\/wp-json\/wp\/v2\/pages\/222220"}],"wp:featuredmedia":[{"embeddable":true,"href":"https:\/\/europeancourt.org\/pt\/wp-json\/wp\/v2\/media\/223432"}],"wp:attachment":[{"href":"https:\/\/europeancourt.org\/pt\/wp-json\/wp\/v2\/media?parent=223431"}],"wp:term":[{"taxonomy":"category","embeddable":true,"href":"https:\/\/europeancourt.org\/pt\/wp-json\/wp\/v2\/categories?post=223431"},{"taxonomy":"post_tag","embeddable":true,"href":"https:\/\/europeancourt.org\/pt\/wp-json\/wp\/v2\/tags?post=223431"}],"curies":[{"name":"wp","href":"https:\/\/api.w.org\/{rel}","templated":true}]}}