{"id":225433,"date":"2026-04-26T14:47:47","date_gmt":"2026-04-26T12:47:47","guid":{"rendered":"https:\/\/europeancourt.org\/servi%c3%a7os\/tedh\/prepara%c3%a7%c3%a3o-de-queixas-ao-tedh\/"},"modified":"2026-04-26T17:26:36","modified_gmt":"2026-04-26T15:26:36","slug":"prepara%c3%a7%c3%a3o-de-queixas-ao-tedh","status":"publish","type":"page","link":"https:\/\/europeancourt.org\/pt\/servi%c3%a7os\/tedh\/prepara%c3%a7%c3%a3o-de-queixas-ao-tedh\/","title":{"rendered":"Prepara\u00e7\u00e3o de queixas ao TEDH"},"content":{"rendered":"<div id=\"ec-preparation-page\" class=\"ec-service-page ec-service-preparation\" data-service=\"preparation\">\n<div class=\"ec-service-screen ec-service-screen-1\">\n<div class=\"mywpcf7cf myshow myhide\">O custo da prepara\u00e7\u00e3o de uma queixa para o Tribunal Europeu depende do tempo que esse trabalho exigir. A varia\u00e7\u00e3o pode ser muito grande: de algumas centenas de euros, quando bastam duas ou tr\u00eas horas, at\u00e9 10 mil euros ou mais, quando s\u00e3o necess\u00e1rias dezenas de horas. Esse tempo \u00e9 necess\u00e1rio para estudar os documentos, identificar os factos essenciais, selecionar e analisar toda a jurisprud\u00eancia atual do Tribunal Europeu quanto ao fundo e \u00e0 admissibilidade de cada eventual alega\u00e7\u00e3o, formular as alega\u00e7\u00f5es com base nessa an\u00e1lise, fundamentar cada viola\u00e7\u00e3o alegada e demonstrar o cumprimento das condi\u00e7\u00f5es de admissibilidade relativamente a cada uma delas e, depois, expor tudo isso no formul\u00e1rio de queixa de forma breve, clara e coerente.<\/div>\n<div class=\"mywpcf7cf myshow myhide\">S\u00f3 a partir dos documentos consigo determinar quanto tempo ser\u00e1 necess\u00e1rio no seu caso e, por conseguinte, quanto custar\u00e1 a prepara\u00e7\u00e3o da queixa. Envie todas as decis\u00f5es que pretende contestar, bem como outros documentos que mostrem as medidas que pretende contestar, todos os requerimentos, queixas ou recursos em que essas alega\u00e7\u00f5es tenham sido suscitadas no essencial e que tenham sido apresentados \u00e0s autoridades nacionais, incluindo os tribunais, e todas as decis\u00f5es proferidas sobre esses requerimentos, queixas ou recursos. Se j\u00e1 tiver todos os elementos do processo em formato eletr\u00f3nico, \u00e9 prefer\u00edvel envi\u00e1-los todos de uma vez. N\u00e3o se preocupe se enviar documentos a mais ou se deixar algum documento por anexar: se, depois de analisar o que me foi enviado, eu precisar de documentos adicionais, pedi-los-ei.<\/div>\n<div class=\"mywpcf7cf myshow myhide\">Normalmente respondo a pedidos de informa\u00e7\u00e3o sobre o custo da prepara\u00e7\u00e3o de uma queixa no prazo de uma semana ap\u00f3s receber todos os documentos e informa\u00e7\u00f5es necess\u00e1rios. Se o prazo para recorrer ao Tribunal Europeu expirar nos pr\u00f3ximos dias, escreva-me e pergunte se posso analisar o seu pedido com urg\u00eancia. Comprometo-me a responder a essa mensagem no prazo de 24 horas. Se eu confirmar que posso faz\u00ea-lo e se me enviar de imediato os documentos e informa\u00e7\u00f5es necess\u00e1rios, comunicar-lhe-ei a minha conclus\u00e3o sobre o custo nas 48 horas seguintes.<\/div>\n<div class=\"mywpcf7cf myshow myhide\">Se concluir que existem perspetivas razo\u00e1veis de recorrer ao Tribunal Europeu, comunicarei o custo exato da prepara\u00e7\u00e3o da queixa, tendo em conta as alega\u00e7\u00f5es que faz sentido apresentar, e indicarei, de forma muito breve, os pontos em rela\u00e7\u00e3o aos quais n\u00e3o faz sentido apresentar queixa. Ao mesmo tempo, enviarei o contrato para a prepara\u00e7\u00e3o da queixa. O servi\u00e7o pode ser pago por transfer\u00eancia banc\u00e1ria para a minha conta na Su\u00ed\u00e7a ou por outros meios, consoante o pa\u00eds de onde for efetuado o pagamento. O prazo de prepara\u00e7\u00e3o da queixa ser\u00e1 sempre fixado de modo a permitir apresent\u00e1-la ao Tribunal Europeu dentro do prazo para recorrer. Conclu\u00eddo o trabalho, receber\u00e1 por e-mail o formul\u00e1rio de queixa preenchido, os anexos organizados e as instru\u00e7\u00f5es sobre como imprimir, assinar e enviar corretamente tudo ao Tribunal Europeu. A representa\u00e7\u00e3o perante o Tribunal Europeu e qualquer outro trabalho posterior no processo n\u00e3o est\u00e3o inclu\u00eddos no custo da prepara\u00e7\u00e3o da queixa. Se eu concluir que n\u00e3o existem perspetivas razo\u00e1veis de recorrer ao Tribunal Europeu, comunicar-lhe-ei apenas isso.<\/div>\n<div class=\"mywpcf7cf myshow myhide\">Este servi\u00e7o n\u00e3o \u00e9 adequado para si se puder confirmar com seguran\u00e7a qualquer uma das afirma\u00e7\u00f5es seguintes:<\/div>\n<ul class=\"myshow myhide ec-service-blocker-list\"><li><label><input type=\"checkbox\" class=\"ec-service-blocker\" \/><span>J\u00e1 tenho um formul\u00e1rio de queixa preenchido e preciso apenas de o verificar quanto a erros.<\/span><\/label><\/li>\n<li><label><input type=\"checkbox\" class=\"ec-service-blocker\" \/><span>N\u00e3o estou disposto a apresentar todos os documentos necess\u00e1rios do processo.<\/span><\/label><\/li>\n<li><label><input type=\"checkbox\" class=\"ec-service-blocker\" \/><span>Espero receber explica\u00e7\u00f5es pormenorizadas sobre cada uma das minhas alega\u00e7\u00f5es, mesmo que, em rela\u00e7\u00e3o a alguma delas, n\u00e3o haja perspetivas razo\u00e1veis de recorrer ao Tribunal Europeu.<\/span><\/label><\/li>\n<li><label><input type=\"checkbox\" class=\"ec-service-blocker\" \/><span>Espero que a queixa seja preparada mesmo que n\u00e3o haja perspetivas razo\u00e1veis de recorrer ao Tribunal Europeu.<\/span><\/label><\/li>\n<li><label><input type=\"checkbox\" class=\"ec-service-blocker\" \/><span>Tendo em conta o n\u00famero das minhas alega\u00e7\u00f5es e o volume de documentos que j\u00e1 tenho no processo, \u00e9 evidente para mim que a prepara\u00e7\u00e3o da queixa exigir\u00e1 muito mais tempo do que estou disposto a pagar.<\/span><\/label><\/li>\n<li><label><input type=\"checkbox\" class=\"ec-service-blocker\" \/><span>Consigo preencher autonomamente o formul\u00e1rio de queixa de acordo com todos os requisitos do Tribunal Europeu, expor nele todos os factos essenciais, as viola\u00e7\u00f5es alegadas e a informa\u00e7\u00e3o sobre o cumprimento das condi\u00e7\u00f5es de admissibilidade relativamente a cada viola\u00e7\u00e3o alegada, em estrita conformidade com os elementos do processo e com a jurisprud\u00eancia atual do Tribunal Europeu aplic\u00e1vel ao meu caso.<\/span><\/label><\/li><\/ul>\n<div class=\"mywpcf7cf myshow myhide\"><button type=\"button\" class=\"mybutton blue\" id=\"load_ajax_form\" data-ec-service-load=\"preparation\" data-blocked-message=\"Enquanto alguma das afirma\u00e7\u00f5es estiver assinalada, n\u00e3o ser\u00e1 poss\u00edvel avan\u00e7ar. Se a tiver assinalado por engano, desmarque-a.\">Enviar documentos<\/button><\/div>\n<div class=\"mywpcf7cf myshow myhide\"><a class=\"mybutton blue not-in-text-button\" href=\"mailto:oleg.anishchik@europeancourt.org?subject=Gostaria de esclarecer as condi\u00e7\u00f5es\">Gostaria de esclarecer as condi\u00e7\u00f5es<\/a><\/div>\n<div id=\"ec-service-load-status\" class=\"ec-service-load-status\" aria-live=\"polite\"><\/div>\n<\/div>\n<div id=\"ajax_content\"><\/div>\n<\/div>\n<script>\n(function(){\n  if (window.ecServiceBlockerGuardReady) return;\n  window.ecServiceBlockerGuardReady = true;\n  document.addEventListener('click', function(event) {\n    var button = event.target && event.target.closest ? event.target.closest('[data-ec-service-load]') : null;\n    if (!button) return;\n    var root = button.closest('.ec-service-page');\n    if (!root || !root.querySelector('.ec-service-blocker:checked')) return;\n    event.preventDefault();\n    event.stopPropagation();\n    if (event.stopImmediatePropagation) event.stopImmediatePropagation();\n    var status = root.querySelector('.ec-service-load-status');\n    if (status) status.textContent = button.getAttribute('data-blocked-message') || '';\n  }, true);\n})();\n<\/script>","protected":false},"excerpt":{"rendered":"O custo da prepara\u00e7\u00e3o de uma queixa para o Tribunal Europeu depende do tempo que esse trabalho exigir. A varia\u00e7\u00e3o pode ser muito grande: de algumas centenas de euros, quando bastam duas ou tr\u00eas&#46;&#46;&#46;","protected":false},"author":0,"featured_media":0,"parent":222220,"menu_order":0,"comment_status":"closed","ping_status":"closed","template":"","meta":{"footnotes":""},"categories":[],"tags":[],"class_list":["post-225433","page","type-page","status-publish","hentry"],"_links":{"self":[{"href":"https:\/\/europeancourt.org\/pt\/wp-json\/wp\/v2\/pages\/225433","targetHints":{"allow":["GET"]}}],"collection":[{"href":"https:\/\/europeancourt.org\/pt\/wp-json\/wp\/v2\/pages"}],"about":[{"href":"https:\/\/europeancourt.org\/pt\/wp-json\/wp\/v2\/types\/page"}],"replies":[{"embeddable":true,"href":"https:\/\/europeancourt.org\/pt\/wp-json\/wp\/v2\/comments?post=225433"}],"version-history":[{"count":1,"href":"https:\/\/europeancourt.org\/pt\/wp-json\/wp\/v2\/pages\/225433\/revisions"}],"predecessor-version":[{"id":225636,"href":"https:\/\/europeancourt.org\/pt\/wp-json\/wp\/v2\/pages\/225433\/revisions\/225636"}],"up":[{"embeddable":true,"href":"https:\/\/europeancourt.org\/pt\/wp-json\/wp\/v2\/pages\/222220"}],"wp:attachment":[{"href":"https:\/\/europeancourt.org\/pt\/wp-json\/wp\/v2\/media?parent=225433"}],"wp:term":[{"taxonomy":"category","embeddable":true,"href":"https:\/\/europeancourt.org\/pt\/wp-json\/wp\/v2\/categories?post=225433"},{"taxonomy":"post_tag","embeddable":true,"href":"https:\/\/europeancourt.org\/pt\/wp-json\/wp\/v2\/tags?post=225433"}],"curies":[{"name":"wp","href":"https:\/\/api.w.org\/{rel}","templated":true}]}}