{"id":225439,"date":"2026-04-26T14:48:59","date_gmt":"2026-04-26T12:48:59","guid":{"rendered":"https:\/\/europeancourt.org\/aconselhamento-jur%c3%addico-e-contactos\/"},"modified":"2026-05-01T03:32:35","modified_gmt":"2026-05-01T01:32:35","slug":"aconselhamento-jur%c3%addico-e-contactos","status":"publish","type":"page","link":"https:\/\/europeancourt.org\/pt\/aconselhamento-jur%c3%addico-e-contactos\/","title":{"rendered":"Aconselhamento jur\u00eddico e contactos"},"content":{"rendered":"<div id=\"ec-contact-shell\" class=\"ec-service-page ec-service-contacts\" data-service=\"contacts\">\n<div class=\"ec-service-screen-1\">\n<div class=\"wpcf7\">\n<div data-id=\"group-firstpage\">\n<div class=\"mywpcf7cf\">Preciso de:<\/div>\n\n<span class=\"wpcf7-form-control-wrap\" data-name=\"radio-firstpage1\"><span class=\"wpcf7-form-control wpcf7-acceptance optional\"><span class=\"wpcf7-list-item\"><label><input type=\"checkbox\" name=\"radio-firstpage1\" value=\"1\" aria-invalid=\"false\" \/><span class=\"ec-shell-choice-marker\" aria-hidden=\"true\"><\/span><span class=\"wpcf7-list-item-label\"><a title=\"Prepara\u00e7\u00e3o de queixas ao TEDH\" href=\"https:\/\/europeancourt.org\/pt\/servi%c3%a7os\/tedh\/prepara%c3%a7%c3%a3o-de-queixas-ao-tedh\/\">preparar uma queixa para o Tribunal Europeu<\/a><\/span><\/label><\/span><\/span><\/span>\n\n<span class=\"wpcf7-form-control-wrap\" data-name=\"radio-firstpage2\"><span class=\"wpcf7-form-control wpcf7-acceptance optional\"><span class=\"wpcf7-list-item\"><label><input type=\"checkbox\" name=\"radio-firstpage2\" value=\"1\" aria-invalid=\"false\" \/><span class=\"ec-shell-choice-marker\" aria-hidden=\"true\"><\/span><span class=\"wpcf7-list-item-label\"><a title=\"Verifica\u00e7\u00e3o dos formul\u00e1rios de queixa da TEDH preenchidos\" href=\"https:\/\/europeancourt.org\/pt\/servi%c3%a7os\/tedh\/verifica%c3%a7%c3%a3o-dos-formul%c3%a1rios-de-queixa-da-tedh-preenchidos\/\">verificar o formul\u00e1rio de queixa quanto a erros antes de o enviar ao Tribunal Europeu<\/a><\/span><\/label><\/span><\/span><\/span>\n\n<span class=\"wpcf7-form-control-wrap\" data-name=\"radio-firstpage3\"><span class=\"wpcf7-form-control wpcf7-acceptance optional\"><span class=\"wpcf7-list-item\"><label><input type=\"checkbox\" name=\"radio-firstpage3\" value=\"1\" aria-invalid=\"false\" \/><span class=\"ec-shell-choice-marker\" aria-hidden=\"true\"><\/span><span class=\"wpcf7-list-item-label\"><a title=\"Representa\u00e7\u00e3o de requerentes perante o TEDH\" href=\"https:\/\/europeancourt.org\/pt\/servi%c3%a7os\/tedh\/representa%c3%a7%c3%a3o-de-requerentes-perante-o-tedh\/\">representa\u00e7\u00e3o do requerente perante o Tribunal Europeu depois de a queixa ser comunicada ao Governo respondente<\/a><\/span><\/label><\/span><\/span><\/span>\n\n<span class=\"wpcf7-form-control-wrap\" data-name=\"radio-firstpage7\"><span class=\"wpcf7-form-control wpcf7-acceptance optional\"><span class=\"wpcf7-list-item\"><label><input type=\"checkbox\" name=\"radio-firstpage7\" value=\"1\" aria-invalid=\"false\" \/><span class=\"ec-shell-choice-marker\" aria-hidden=\"true\"><\/span><span class=\"wpcf7-list-item-label\"><a title=\"Encontrar n\u00famero de queixa, registo ou ac\u00f3rd\u00e3o do TEDH\" href=\"https:\/\/europeancourt.org\/pt\/servi%c3%a7os\/tedh\/encontrar-n%c3%bamero-de-queixa-registo-ou-ac%c3%b3rd%c3%a3o\/\">saber o estado de uma queixa no Tribunal Europeu<\/a><\/span><\/label><\/span><\/span><\/span>\n\n<span class=\"wpcf7-form-control-wrap\" data-name=\"radio-firstpage8\"><span class=\"wpcf7-form-control wpcf7-acceptance optional\"><span class=\"wpcf7-list-item\"><label><input type=\"checkbox\" name=\"radio-firstpage8\" value=\"1\" aria-invalid=\"false\" \/><span class=\"ec-shell-choice-marker\" aria-hidden=\"true\"><\/span><span class=\"wpcf7-list-item-label\"><a title=\"Formul\u00e1rio de queixa ao Tribunal Europeu dos Direitos do Homem\" href=\"https:\/\/europeancourt.org\/pt\/documentos\/conselho-da-europa\/tedh\/formul%c3%a1rio-de-queixa\/\">descarregar o formul\u00e1rio de queixa para o Tribunal Europeu<\/a><\/span><\/label><\/span><\/span><\/span>\n\n<span class=\"wpcf7-form-control-wrap\" data-name=\"radio-firstpage22\"><span class=\"wpcf7-form-control wpcf7-acceptance optional\"><span class=\"wpcf7-list-item\"><label><input type=\"checkbox\" name=\"radio-firstpage22\" value=\"1\" aria-invalid=\"false\" \/><span class=\"ec-shell-choice-marker\" aria-hidden=\"true\"><\/span><span class=\"wpcf7-list-item-label\">pedir uma consulta<\/span><\/label><\/span><\/span><\/span>\n\n<span class=\"wpcf7-form-control-wrap\" data-name=\"radio-firstpage23\"><span class=\"wpcf7-form-control wpcf7-acceptance optional\"><span class=\"wpcf7-list-item\"><label><input type=\"checkbox\" name=\"radio-firstpage23\" value=\"1\" aria-invalid=\"false\" \/><span class=\"ec-shell-choice-marker\" aria-hidden=\"true\"><\/span><span class=\"wpcf7-list-item-label\">mostrar dados de contacto<\/span><\/label><\/span><\/span><\/span>\n\n<\/div>\n<\/div>\n<\/div>\n<div class=\"ec-service-form-shell\"><div id=\"ajax_content\" data-loaded=\"0\"><\/div><\/div>\n<\/div>\n","protected":false},"excerpt":{"rendered":"Preciso de: preparar uma queixa para o Tribunal Europeu verificar o formul\u00e1rio de queixa quanto a erros antes de o enviar ao Tribunal Europeu representa\u00e7\u00e3o do requerente perante o Tribunal Europeu depois de a&#46;&#46;&#46;","protected":false},"author":0,"featured_media":0,"parent":0,"menu_order":0,"comment_status":"closed","ping_status":"closed","template":"","meta":{"footnotes":""},"categories":[],"tags":[],"class_list":["post-225439","page","type-page","status-publish","hentry"],"_links":{"self":[{"href":"https:\/\/europeancourt.org\/pt\/wp-json\/wp\/v2\/pages\/225439","targetHints":{"allow":["GET"]}}],"collection":[{"href":"https:\/\/europeancourt.org\/pt\/wp-json\/wp\/v2\/pages"}],"about":[{"href":"https:\/\/europeancourt.org\/pt\/wp-json\/wp\/v2\/types\/page"}],"replies":[{"embeddable":true,"href":"https:\/\/europeancourt.org\/pt\/wp-json\/wp\/v2\/comments?post=225439"}],"version-history":[{"count":3,"href":"https:\/\/europeancourt.org\/pt\/wp-json\/wp\/v2\/pages\/225439\/revisions"}],"predecessor-version":[{"id":226726,"href":"https:\/\/europeancourt.org\/pt\/wp-json\/wp\/v2\/pages\/225439\/revisions\/226726"}],"wp:attachment":[{"href":"https:\/\/europeancourt.org\/pt\/wp-json\/wp\/v2\/media?parent=225439"}],"wp:term":[{"taxonomy":"category","embeddable":true,"href":"https:\/\/europeancourt.org\/pt\/wp-json\/wp\/v2\/categories?post=225439"},{"taxonomy":"post_tag","embeddable":true,"href":"https:\/\/europeancourt.org\/pt\/wp-json\/wp\/v2\/tags?post=225439"}],"curies":[{"name":"wp","href":"https:\/\/api.w.org\/{rel}","templated":true}]}}