{"id":116062,"date":"2022-06-13T12:26:38","date_gmt":"2022-06-13T10:26:38","guid":{"rendered":"https:\/\/europeancourt.org\/documente\/"},"modified":"2024-06-05T23:12:39","modified_gmt":"2024-06-05T21:12:39","slug":"documente","status":"publish","type":"page","link":"https:\/\/europeancourt.org\/ro\/documente\/","title":{"rendered":"Documente"},"content":{"rendered":"<ul>\n<li><a href=\"https:\/\/europeancourt.org\/ro\/documente\/consiliul-europei\/\" title=\"Consiliul Europei\">Consiliul Europei<\/a><\/li>\n<ul>\n<li><a href=\"https:\/\/europeancourt.org\/ro\/documente\/consiliul-europei\/conven%c5%a3ia-european%c4%83-a-drepturilor-omului\/\" title=\"Conven\u0163ia pentru ap\u0103rarea Drepturilor Omului \u015fi a Libert\u0103\u0163ilor fundamentale\">Conven\u0163ia pentru ap\u0103rarea Drepturilor Omului \u015fi a Libert\u0103\u0163ilor fundamentale<\/a><\/li>\n<ul>\n<li><a href=\"https:\/\/europeancourt.org\/ro\/documente\/consiliul-europei\/conven%c5%a3ia-european%c4%83-a-drepturilor-omului\/protocolul-nr1\/\" title=\"Protocolul adi\u0163ional la Conven\u0163ia pentru ap\u0103rarea Drepturilor Omului \u015fi a Libert\u0103\u0163ilor fundamentale\">Protocolul adi\u0163ional la Conven\u0163ia pentru ap\u0103rarea Drepturilor Omului \u015fi a Libert\u0103\u0163ilor fundamentale<\/a><\/li>\n<li><a href=\"https:\/\/europeancourt.org\/ro\/documente\/consiliul-europei\/conven%c5%a3ia-european%c4%83-a-drepturilor-omului\/protocolul-nr4\/\" title=\"Protocolul nr. 4 la Conven\u0163ia pentru ap\u0103rarea Drepturilor Omului \u015fi a Libert\u0103\u0163ilor fundamentale\">Protocolul nr. 4 la Conven\u0163ia pentru ap\u0103rarea Drepturilor Omului \u015fi a Libert\u0103\u0163ilor fundamentale<\/a><\/li>\n<li><a href=\"https:\/\/europeancourt.org\/ro\/documente\/consiliul-europei\/conven%c5%a3ia-european%c4%83-a-drepturilor-omului\/protocolul-nr6\/\" title=\"Protocolul nr. 6 la Conven\u0163ia pentru ap\u0103rarea Drepturilor Omului \u015fi a Libert\u0103\u0163ilor fundamentale\">Protocolul nr. 6 la Conven\u0163ia pentru ap\u0103rarea Drepturilor Omului \u015fi a Libert\u0103\u0163ilor fundamentale<\/a><\/li>\n<li><a href=\"https:\/\/europeancourt.org\/ro\/documente\/consiliul-europei\/conven%c5%a3ia-european%c4%83-a-drepturilor-omului\/protocolul-nr7\/\" title=\"Protocolul nr. 7 la Conven\u0163ia pentru ap\u0103rarea Drepturilor Omului \u015fi a Libert\u0103\u0163ilor fundamentale\">Protocolul nr. 7 la Conven\u0163ia pentru ap\u0103rarea Drepturilor Omului \u015fi a Libert\u0103\u0163ilor fundamentale<\/a><\/li>\n<li><a href=\"https:\/\/europeancourt.org\/ro\/documente\/consiliul-europei\/conven%c5%a3ia-european%c4%83-a-drepturilor-omului\/protocolul-nr12\/\" title=\"Protocolul nr. 12 la Conven\u0163ia pentru ap\u0103rarea Drepturilor Omului \u015fi a Libert\u0103\u0163ilor fundamentale\">Protocolul nr. 12 la Conven\u0163ia pentru ap\u0103rarea Drepturilor Omului \u015fi a Libert\u0103\u0163ilor fundamentale<\/a><\/li>\n<li><a href=\"https:\/\/europeancourt.org\/ro\/documente\/consiliul-europei\/conven%c5%a3ia-european%c4%83-a-drepturilor-omului\/protocolul-nr13\/\" title=\"Protocolul nr. 13 la Conven\u0163ia pentru ap\u0103rarea Drepturilor Omului \u015fi a Libert\u0103\u0163ilor fundamentale\">Protocolul nr. 13 la Conven\u0163ia pentru ap\u0103rarea Drepturilor Omului \u015fi a Libert\u0103\u0163ilor fundamentale<\/a><\/li>\n<li><a href=\"https:\/\/europeancourt.org\/ro\/documente\/consiliul-europei\/conven%c5%a3ia-european%c4%83-a-drepturilor-omului\/protocolul-nr16\/\" title=\"Protocolul nr. 16 la Conven\u0163ia pentru ap\u0103rarea Drepturilor Omului \u015fi a Libert\u0103\u0163ilor fundamentale\">Protocolul nr. 16 la Conven\u0163ia pentru ap\u0103rarea Drepturilor Omului \u015fi a Libert\u0103\u0163ilor fundamentale<\/a><\/li>\n<\/ul>\n<li><a href=\"https:\/\/europeancourt.org\/ro\/documente\/consiliul-europei\/cedo\/\" title=\"Curtea European\u0103 a Drepturilor Omului\">Curtea European\u0103 a Drepturilor Omului<\/a><\/li>\n<ul>\n<li><a href=\"https:\/\/europeancourt.org\/ro\/documente\/consiliul-europei\/cedo\/regulamentul-articolul-47\/\" title=\"Articolul 47 din Regulamentul Cur\u021bii Europene a Drepturilor Omului\">Regulamentul Cur\u021bii \u2013 Articolul 47<\/a><\/li>\n<li><a href=\"https:\/\/europeancourt.org\/ro\/documente\/consiliul-europei\/cedo\/instruc%c8%9biune-introducerea-ac%c8%9biunii\/\" title=\"Introducerea ac\u021biunii \u2013 Instruc\u021biune practic\u0103\">Introducerea ac\u021biunii \u2013 Instruc\u021biune practic\u0103<\/a><\/li>\n<li><a href=\"https:\/\/europeancourt.org\/ro\/documente\/consiliul-europei\/cedo\/formular-de-cerere\/\" title=\"Formular de cerere la Curtea European\u0103 a Drepturilor Omului\">Formular de cerere<\/a><\/li>\n<ul>\n<li><a href=\"https:\/\/europeancourt.org\/ro\/documente\/consiliul-europei\/cedo\/formular-de-cerere\/cum-se-completeaz%c4%83\/\" title=\"Cum se completeaz\u0103 formularul de cerere\">Cum se completeaz\u0103 formularul de cerere<\/a><\/li>\n<\/ul>\n<li><a href=\"https:\/\/europeancourt.org\/ro\/documente\/consiliul-europei\/cedo\/procura\/\" title=\"Formular de procur\u0103 pentru Curtea European\u0103 a Drepturilor Omului\">Procura<\/a><\/li>\n<li><a href=\"https:\/\/europeancourt.org\/downloads\/ro\/Tabel_recapitulativ_care_contine_informatiile_cu_caracter_personal_necesare_pentru_fiecare_reclamant_la_CEDO_RON.XLSX\" title=\"Tabel recapitulativ care con\u021bine informa\u021biile cu caracter personal necesare pentru fiecare reclamant la Curtea European\u0103 a Drepturilor Omului\">Tabel pentru cereri grupate \u0219i mai mul\u0163i reclaman\u021bi<\/a><\/li>\n<\/ul><\/ul><\/ul> ","protected":false},"excerpt":{"rendered":"Consiliul Europei Conven\u0163ia pentru ap\u0103rarea Drepturilor Omului \u015fi a Libert\u0103\u0163ilor fundamentale Protocolul adi\u0163ional la Conven\u0163ia pentru ap\u0103rarea Drepturilor Omului \u015fi a Libert\u0103\u0163ilor fundamentale Protocolul nr. 4 la Conven\u0163ia pentru ap\u0103rarea Drepturilor Omului \u015fi a&#46;&#46;&#46;","protected":false},"author":1,"featured_media":210048,"parent":0,"menu_order":0,"comment_status":"closed","ping_status":"closed","template":"","meta":{"footnotes":""},"categories":[],"tags":[],"class_list":["post-116062","page","type-page","status-publish","has-post-thumbnail","hentry"],"_links":{"self":[{"href":"https:\/\/europeancourt.org\/ro\/wp-json\/wp\/v2\/pages\/116062","targetHints":{"allow":["GET"]}}],"collection":[{"href":"https:\/\/europeancourt.org\/ro\/wp-json\/wp\/v2\/pages"}],"about":[{"href":"https:\/\/europeancourt.org\/ro\/wp-json\/wp\/v2\/types\/page"}],"author":[{"embeddable":true,"href":"https:\/\/europeancourt.org\/ro\/wp-json\/wp\/v2\/users\/1"}],"replies":[{"embeddable":true,"href":"https:\/\/europeancourt.org\/ro\/wp-json\/wp\/v2\/comments?post=116062"}],"version-history":[{"count":0,"href":"https:\/\/europeancourt.org\/ro\/wp-json\/wp\/v2\/pages\/116062\/revisions"}],"wp:featuredmedia":[{"embeddable":true,"href":"https:\/\/europeancourt.org\/ro\/wp-json\/wp\/v2\/media\/210048"}],"wp:attachment":[{"href":"https:\/\/europeancourt.org\/ro\/wp-json\/wp\/v2\/media?parent=116062"}],"wp:term":[{"taxonomy":"category","embeddable":true,"href":"https:\/\/europeancourt.org\/ro\/wp-json\/wp\/v2\/categories?post=116062"},{"taxonomy":"post_tag","embeddable":true,"href":"https:\/\/europeancourt.org\/ro\/wp-json\/wp\/v2\/tags?post=116062"}],"curies":[{"name":"wp","href":"https:\/\/api.w.org\/{rel}","templated":true}]}}