{"id":147483,"date":"2022-07-02T14:27:20","date_gmt":"2022-07-02T12:27:20","guid":{"rendered":"https:\/\/europeancourt.org\/documente\/consiliul-europei\/cedo\/regulamentul-articolul-47\/"},"modified":"2025-10-05T12:00:15","modified_gmt":"2025-10-05T12:00:15","slug":"regulamentul-articolul-47","status":"publish","type":"page","link":"https:\/\/europeancourt.org\/ro\/documente\/consiliul-europei\/cedo\/regulamentul-articolul-47\/","title":{"rendered":"Regulamentul Cur\u021bii \u2013 Articolul 47"},"content":{"rendered":"<h2 style=\"text-align: center;\">Regulamentul Cur\u021bii<\/h2>\n<p><strong>Articolul 47<a class=\"paddingleft2px\" title=\"A\u0219a cum a fost modificat de Curte \u00een datele de 17 iunie \u0219i 8 iulie 2002, 11 decembrie 2007, 22 septembrie 2008, 6 mai 2013, 1 iunie \u0219i 5 octombrie 2015 \u0219i 18 ianuarie 2024.\" href=\"#fn1\"><sup style=\"cursor:help\">1<\/sup><\/a> \u2013 Con\u0163inutul unei cereri individuale<\/strong><\/p>\n<p>1. Fiecare cerere introdus\u0103 \u00een baza <a title=\"Articolul 34 din Conven\u0163ia pentru ap\u0103rarea Drepturilor Omului \u015fi a Libert\u0103\u0163ilor fundamentale\" href=\"https:\/\/europeancourt.org\/ro\/documente\/consiliul-europei\/conven%c5%a3ia-european%c4%83-a-drepturilor-omului\/#articolul-34\">articolului 34 din Conven\u0163ie<\/a> trebuie prezentat\u0103 pe <a href=\"https:\/\/europeancourt.org\/ro\/documente\/consiliul-europei\/cedo\/formular-de-cerere\/\" title=\"Formular de cerere la Curtea European\u0103 a Drepturilor Omului\">formularul<\/a> pus la dispozi\u0163ie de gref\u0103, cu excep\u0163ia cazului \u00een care Curtea decide altfel. Cererea trebuie s\u0103 con\u021bin\u0103 toate informa\u021biile cerute \u00een p\u0103r\u021bile pertinente ale formularului \u0219i trebuie s\u0103 indice:<\/p>\n<p style=\"padding-left: 40px;\">(a) numele, data na\u015fterii, na\u0163ionalitatea \u015fi adresa reclamantului; \u00een cazul \u00een care reclamantul este o persoan\u0103 juridic\u0103: numele complet, data constituirii sau a \u00eenregistr\u0103rii, num\u0103rul oficial de \u00eenregistrare (dac\u0103 exist\u0103) \u0219i adresa oficial\u0103;<\/p>\n<p style=\"padding-left: 40px;\">(b) dac\u0103 este cazul, numele, adresa, numerele de telefon \u0219i fax \u0219i adresa electronic\u0103 a reprezentantului s\u0103u;<\/p>\n<p style=\"padding-left: 40px;\">(c) dac\u0103 reclamantul este reprezentat, data \u0219i semn\u0103tura original\u0103 a reclamantului \u00een chenarul prev\u0103zut pe pagina rezervat\u0103 procurii; semn\u0103tura original\u0103 a reprezentantului trebuie s\u0103 figureze, de asemenea, ca dovad\u0103 de acceptare a reprezent\u0103rii; Curtea poate accepta copii ale semn\u0103turilor sau alte formulare de \u00eemputernicire valabile \u00een dreptul intern al p\u0103r\u021bilor contractante, \u00een cazul \u00een care sunt prezentate motive conving\u0103toare pentru nerespectarea acestor cerin\u021be \u0219i dac\u0103 formularul de \u00eemputernicire cu semn\u0103turile originale este comunicat Cur\u021bii \u00eentr-un termen rezonabil;<\/p>\n<p style=\"padding-left: 40px;\">(d) Partea sau P\u0103r\u0163ile contractante \u00eempotriva c\u0103reia sau c\u0103rora este \u00eendreptat\u0103 cererea;<\/p>\n<p style=\"padding-left: 40px;\">(e) o expunere concis\u0103 \u0219i lizibil\u0103 a faptelor;<\/p>\n<p style=\"padding-left: 40px;\">(f) o expunere concis\u0103 \u0219i lizibil\u0103 a \u00eenc\u0103lc\u0103rii sau a \u00eenc\u0103lc\u0103rilor pretinse ale Conven\u0163iei precum \u015fi a argumentelor pertinente; \u015fi<\/p>\n<p style=\"padding-left: 40px;\">(g) o expunere concis\u0103 \u0219i lizibil\u0103 referitoare la respectarea de c\u0103tre reclamant a criteriilor de admisibilitate prev\u0103zute de <a title=\"Articolul 35 din Conven\u0163ia pentru ap\u0103rarea Drepturilor Omului \u015fi a Libert\u0103\u0163ilor fundamentale\" href=\"https:\/\/europeancourt.org\/ro\/documente\/consiliul-europei\/conven%c5%a3ia-european%c4%83-a-drepturilor-omului\/#articolul-35\">art. 35 paragraful 1 din Conven\u0163ie<\/a>;<\/p>\n<p>2.<\/p>\n<p style=\"padding-left: 40px;\">a) Toate informa\u021biile men\u021bionate la alineatele de la e) la g) ale paragrafului 1 de mai sus trebuie expuse \u00een p\u0103r\u021bile corespunz\u0103toare ale formularului de cerere \u0219i trebuie s\u0103 fie suficiente pentru a permite Cur\u021bii s\u0103 identifice, f\u0103r\u0103 ca aceasta s\u0103 consulte alte documente, natura \u0219i obiectul cererii.<\/p>\n<p style=\"padding-left: 40px;\">b) Reclamantul poate \u00eens\u0103 completa aceste informa\u021bii anex\u00e2nd la formularul de cerere un document separat de maxim 20 de pagini care s\u0103 con\u021bin\u0103 o expunere detaliat\u0103 a faptelor, a pretinselor \u00eenc\u0103lc\u0103ri ale Conven\u021biei \u0219i a argumentelor pertinente.<\/p>\n<p>3.1. Formularul de cerere trebuie semnat de c\u0103tre reclamant sau de c\u0103tre reprezentantul s\u0103u \u0219i trebuie \u00eenso\u021bit de: <\/p>\n<p style=\"padding-left: 40px;\">a) copii ale documentelor aferente deciziilor sau m\u0103surilor contestate, fie ele de natur\u0103 judiciar\u0103 sau de alt\u0103 natur\u0103;<\/p>\n<p style=\"padding-left: 40px;\">b) copii ale documentelor \u0219i deciziilor care demonstreaz\u0103 c\u0103 reclamantul a epuizat c\u0103ile de recurs interne \u0219i c\u0103 a respectat termenul stabilit de <a title=\"Articolul 35 din Conven\u0163ia pentru ap\u0103rarea Drepturilor Omului \u015fi a Libert\u0103\u0163ilor fundamentale\" href=\"https:\/\/europeancourt.org\/ro\/documente\/consiliul-europei\/conven%c5%a3ia-european%c4%83-a-drepturilor-omului\/#articolul-35\">art. 35 paragraful 1 din Conven\u021bie<\/a>;<\/p>\n<p style=\"padding-left: 40px;\">c) dac\u0103 este cazul, copii ale documentelor referitoare la alte proceduri interna\u021bionale de anchet\u0103 sau de reglementare;<\/p>\n<p style=\"padding-left: 40px;\">d) dac\u0103 reclamantul este o persoan\u0103 juridic\u0103, dup\u0103 cum prevede paragraful 1 a) din prezentul articol, documentul sau documentele care s\u0103 ateste c\u0103 persoana care introduce cererea are calitatea de reprezentant al reclamantului sau de\u0163ine o procur\u0103 \u00een acest sens.<\/p>\n<p>3.2. Documentele prezentate \u00een sprijinul cererii trebuie s\u0103 figureze pe o list\u0103 \u00een ordine cronologic\u0103, s\u0103 fie numerotate consecutiv \u0219i s\u0103 fie clar identificate.<\/p>\n<p>4. Reclamantul care nu dore\u015fte ca identitatea sa s\u0103 fie f\u0103cut\u0103 public\u0103 trebuie s\u0103 precizeze aceasta \u015fi s\u0103 prezinte o expunere a motivelor care justific\u0103 derogarea de la regula publicit\u0103\u0163ii procedurii \u00een fa\u021ba Cur\u021bii. Aceasta din urm\u0103 poate autoriza anonimatul sau poate decide s\u0103-l acorde din oficiu.<\/p>\n<p>5.1. \u00cen cazul nerespect\u0103rii obliga\u021biilor prev\u0103zute la paragrafele 1 \u0219i 3 ale prezentului articol, cererea nu va fi examinat\u0103 de c\u0103tre Curte, cu excep\u0163ia cazurilor \u00een care:<\/p>\n<p style=\"padding-left: 40px;\">a) reclamantul a furnizat o explica\u021bie satisf\u0103c\u0103toare cu privire la nerespectarea respectivei obliga\u021bii;<\/p>\n<p style=\"padding-left: 40px;\">b) cererea prive\u0219te solicitarea unei m\u0103suri provizorii;<\/p>\n<p style=\"padding-left: 40px;\">c) Curtea decide altfel, la cererea reclamantului sau din oficiu.<\/p>\n<p>5.2. Curtea poate \u00een orice moment s\u0103 solicite unui reclamant s\u0103 transmit\u0103 \u00een termenul care \u00eei va fi special acordat orice informa\u021bie sau document utile \u00een forma sau maniera considerate adecvate.<\/p>\n<p>6.<\/p>\n<p style=\"padding-left: 40px;\">a) \u00cen sensul <a title=\"Articolul 35 din Conven\u0163ia pentru ap\u0103rarea Drepturilor Omului \u015fi a Libert\u0103\u0163ilor fundamentale\" href=\"https:\/\/europeancourt.org\/ro\/documente\/consiliul-europei\/conven%c5%a3ia-european%c4%83-a-drepturilor-omului\/#articolul-35\">articolului 35 paragraful 1 din Conven\u0163ie<\/a>, cererea este considerat\u0103 introdus\u0103 la data la care formularul de cerere care satisface exigen\u021bele impuse de prezentul articol de fa\u021b\u0103 este expediat Cur\u021bii. Data expedierii este considerat\u0103 data \u0219tampilei po\u0219tei.<\/p>\n<p style=\"padding-left: 40px;\">b) Dac\u0103 consider\u0103 justificat, Curtea poate decide s\u0103 re\u021bin\u0103 o alt\u0103 dat\u0103 ca dat\u0103 a introducerii cererii.<\/p>\n<p>7. Reclamantul trebuie s\u0103 informeze Curtea cu privire la schimbarea adresei sale \u0219i \u00een leg\u0103tur\u0103 cu orice fapt pertinent \u00een examinarea cererii sale.<\/p>\n__________\n<p id=\"fn1\"><sup>1<\/sup> A\u0219a cum a fost modificat de Curte \u00een datele de 17 iunie \u0219i 8 iulie 2002, 11 decembrie 2007, 22 septembrie 2008, 6 mai 2013, 1 iunie \u0219i 5 octombrie 2015 \u0219i 18 ianuarie 2024.<\/p>","protected":false},"excerpt":{"rendered":"Regulamentul Cur\u021bii Articolul 471 \u2013 Con\u0163inutul unei cereri individuale 1. Fiecare cerere introdus\u0103 \u00een baza articolului 34 din Conven\u0163ie trebuie prezentat\u0103 pe formularul pus la dispozi\u0163ie de gref\u0103, cu excep\u0163ia cazului \u00een care Curtea&#46;&#46;&#46;","protected":false},"author":1,"featured_media":188922,"parent":147391,"menu_order":0,"comment_status":"closed","ping_status":"closed","template":"","meta":{"footnotes":""},"categories":[],"tags":[],"class_list":["post-147483","page","type-page","status-publish","has-post-thumbnail","hentry"],"_links":{"self":[{"href":"https:\/\/europeancourt.org\/ro\/wp-json\/wp\/v2\/pages\/147483","targetHints":{"allow":["GET"]}}],"collection":[{"href":"https:\/\/europeancourt.org\/ro\/wp-json\/wp\/v2\/pages"}],"about":[{"href":"https:\/\/europeancourt.org\/ro\/wp-json\/wp\/v2\/types\/page"}],"author":[{"embeddable":true,"href":"https:\/\/europeancourt.org\/ro\/wp-json\/wp\/v2\/users\/1"}],"replies":[{"embeddable":true,"href":"https:\/\/europeancourt.org\/ro\/wp-json\/wp\/v2\/comments?post=147483"}],"version-history":[{"count":0,"href":"https:\/\/europeancourt.org\/ro\/wp-json\/wp\/v2\/pages\/147483\/revisions"}],"up":[{"embeddable":true,"href":"https:\/\/europeancourt.org\/ro\/wp-json\/wp\/v2\/pages\/147391"}],"wp:featuredmedia":[{"embeddable":true,"href":"https:\/\/europeancourt.org\/ro\/wp-json\/wp\/v2\/media\/188922"}],"wp:attachment":[{"href":"https:\/\/europeancourt.org\/ro\/wp-json\/wp\/v2\/media?parent=147483"}],"wp:term":[{"taxonomy":"category","embeddable":true,"href":"https:\/\/europeancourt.org\/ro\/wp-json\/wp\/v2\/categories?post=147483"},{"taxonomy":"post_tag","embeddable":true,"href":"https:\/\/europeancourt.org\/ro\/wp-json\/wp\/v2\/tags?post=147483"}],"curies":[{"name":"wp","href":"https:\/\/api.w.org\/{rel}","templated":true}]}}